{"id":42,"date":"2015-03-13T08:40:47","date_gmt":"2015-03-13T08:40:47","guid":{"rendered":"http:\/\/blogsaverroes.juntadeandalucia.es\/pre\/ceip\/?page_id=42"},"modified":"2025-10-31T11:32:05","modified_gmt":"2025-10-31T09:32:05","slug":"equipo-directivo","status":"publish","type":"page","link":"https:\/\/blogsaverroes.juntadeandalucia.es\/iestriana\/equipo-directivo\/","title":{"rendered":"Equipo Directivo"},"content":{"rendered":"<p>El Equipo directivo del IES TRIANA est\u00e1 formado por:<\/p>\n<table class=\" alignleft\" style=\"height: 111px;width: 95%;border-collapse: collapse\">\n<tbody>\n<tr style=\"height: 15px\">\n<td style=\"width: 33.3333%;text-align: left;height: 15px\"><strong>Direcci\u00f3n<\/strong><\/td>\n<td style=\"width: 33.3333%;text-align: left;height: 15px\">D. Emilio Jos\u00e9 D\u00edaz Borrego (Profesor de Econom\u00eda)<\/td>\n<td style=\"width: 33.3333%;text-align: left;height: 15px\"><a href=\"mailto:director@iestriana.com\">director@iestriana.com<\/a><\/td>\n<\/tr>\n<tr style=\"height: 24px\">\n<td style=\"width: 33.3333%;text-align: left;height: 24px\"><strong>Vicedirecci\u00f3n<\/strong><\/td>\n<td style=\"width: 33.3333%;text-align: left;height: 24px\">D\u00aa &nbsp;Azucena P\u00e9rez Rodr\u00edguez (Profesora de Franc\u00e9s)<\/td>\n<td style=\"width: 33.3333%;text-align: left;height: 24px\"><a href=\"mailto:vicedireccion@iestriana.com\">vicedireccion@iestriana.com<\/a><\/td>\n<\/tr>\n<tr style=\"height: 24px\">\n<td style=\"width: 33.3333%;text-align: left;height: 24px\"><strong>Jefatura de Estudios<\/strong><\/td>\n<td style=\"width: 33.3333%;text-align: left;height: 24px\">D\u00aa Aroa Ramos Contioso (Profesora de Matem\u00e1ticas)<\/td>\n<td style=\"width: 33.3333%;text-align: left;height: 24px\"><a href=\"mailto:jefaturadeestudios@iestriana.com\">jefaturadeestudios@iestriana.com<\/a><\/td>\n<\/tr>\n<tr style=\"height: 24px\">\n<td style=\"width: 33.3333%;text-align: left;height: 24px\"><strong>Jefatura de Estudios Adjunta<\/strong><\/td>\n<td style=\"width: 33.3333%;text-align: left;height: 24px\">D\u00aa. Dunia Lozano M\u00e9ndez (Profesora de Matem\u00e1ticas)<\/td>\n<td style=\"width: 33.3333%;text-align: left;height: 24px\"><a href=\"mailto:jefaturadeestudiosadjunta@iestriana.com\">jefaturadeestudiosadjunta@iestriana.com<\/a><\/td>\n<\/tr>\n<tr style=\"height: 24px\">\n<td style=\"width: 33.3333%;text-align: left;height: 24px\"><strong>Secretar\u00eda<\/strong><\/td>\n<td style=\"width: 33.3333%;text-align: left;height: 24px\">D. Ricardo Blanco Mart\u00ednez (Profesor de Econom\u00eda)<\/td>\n<td style=\"width: 33.3333%;text-align: left;height: 24px\"><a href=\"mailto:secretaria@iestriana.com\">secretaria@iestriana.com<\/a><\/td>\n<\/tr>\n<\/tbody>\n<\/table>\n<p>&nbsp;<\/p>\n","protected":false},"excerpt":{"rendered":"<p>El Equipo directivo del IES TRIANA est\u00e1 formado por: Direcci\u00f3n D. Emilio Jos\u00e9 D\u00edaz Borrego (Profesor de Econom\u00eda) director@iestriana.com Vicedirecci\u00f3n D\u00aa &nbsp;Azucena P\u00e9rez Rodr\u00edguez (Profesora de Franc\u00e9s) vicedireccion@iestriana.com Jefatura de Estudios D\u00aa Aroa Ramos Contioso (Profesora de Matem\u00e1ticas) jefaturadeestudios@iestriana.com Jefatura de Estudios Adjunta D\u00aa. Dunia Lozano M\u00e9ndez (Profesora de Matem\u00e1ticas) jefaturadeestudiosadjunta@iestriana.com Secretar\u00eda D. Ricardo Blanco Mart\u00ednez (Profesor de Econom\u00eda) secretaria@iestriana.com&#46;&#46;&#46;<\/p>\n","protected":false},"author":1,"featured_media":0,"parent":0,"menu_order":0,"comment_status":"open","ping_status":"open","template":"","meta":{"ngg_post_thumbnail":0,"footnotes":"","_mc_calendar":[]},"aioseo_notices":[],"_links":{"self":[{"href":"https:\/\/blogsaverroes.juntadeandalucia.es\/iestriana\/wp-json\/wp\/v2\/pages\/42"}],"collection":[{"href":"https:\/\/blogsaverroes.juntadeandalucia.es\/iestriana\/wp-json\/wp\/v2\/pages"}],"about":[{"href":"https:\/\/blogsaverroes.juntadeandalucia.es\/iestriana\/wp-json\/wp\/v2\/types\/page"}],"author":[{"embeddable":true,"href":"https:\/\/blogsaverroes.juntadeandalucia.es\/iestriana\/wp-json\/wp\/v2\/users\/1"}],"replies":[{"embeddable":true,"href":"https:\/\/blogsaverroes.juntadeandalucia.es\/iestriana\/wp-json\/wp\/v2\/comments?post=42"}],"version-history":[{"count":33,"href":"https:\/\/blogsaverroes.juntadeandalucia.es\/iestriana\/wp-json\/wp\/v2\/pages\/42\/revisions"}],"predecessor-version":[{"id":6489,"href":"https:\/\/blogsaverroes.juntadeandalucia.es\/iestriana\/wp-json\/wp\/v2\/pages\/42\/revisions\/6489"}],"wp:attachment":[{"href":"https:\/\/blogsaverroes.juntadeandalucia.es\/iestriana\/wp-json\/wp\/v2\/media?parent=42"}],"curies":[{"name":"wp","href":"https:\/\/api.w.org\/{rel}","templated":true}]}}