{"id":44,"date":"2019-02-01T08:42:15","date_gmt":"2019-02-01T08:42:15","guid":{"rendered":"http:\/\/blogsaverroes.juntadeandalucia.es\/pre\/ceip\/?page_id=44"},"modified":"2023-12-05T11:57:32","modified_gmt":"2023-12-05T11:57:32","slug":"planes-y-proyectos","status":"publish","type":"page","link":"https:\/\/blogsaverroes.juntadeandalucia.es\/iestriana\/planes-y-proyectos\/","title":{"rendered":"Planes y Programas"},"content":{"rendered":"<blockquote><p><strong>PLANES Y PROGRAMAS IES TRIANA<br \/>\n<\/strong><\/p><\/blockquote>\n<ul>\n<li><a href=\"https:\/\/blogsaverroes.juntadeandalucia.es\/iestriana\/bachibac\/\" target=\"_blank\" rel=\"noopener noreferrer\"><strong>PROGRAMA BACHIBAC<\/strong> (<strong>doble titulaci\u00f3n Bachillerato-Baccalaur\u00e9at)<\/strong><\/a><\/li>\n<li><a href=\"https:\/\/blogsaverroes.juntadeandalucia.es\/iestriana\/plurilinguismo\/\" target=\"_blank\" rel=\"noopener noreferrer\"><strong>PROYECTO PLURILING\u00dcISMO (Franc\u00e9s e Ingl\u00e9s)<\/strong><\/a><\/li>\n<li><strong>ERASMUS+<\/strong><\/li>\n<li><strong>AULAS CONFUCIO DE LENGUA Y CULTURA CHINA (Horario de Tarde)<\/strong><\/li>\n<li><a href=\"http:\/\/www.juntadeandalucia.es\/educacion\/webportal\/web\/convivencia-escolar\/eep\"><strong>RED ANDALUZA ESPACIO DE PAZ<\/strong><\/a><\/li>\n<li><a href=\"https:\/\/www.juntadeandalucia.es\/educacion\/webportal\/web\/portal-de-igualdad\/plan-de-igualdad\"> PLAN DE IGUALDAD DE G\u00c9NERO<\/a><\/li>\n<li>PLAN DE CONVIVENCIA ESCOLAR<\/li>\n<li>PLAN DE ACTUALIZACI\u00d3N DIGITAL<\/li>\n<li>PLAN DE SALUD LABORAL Y PRL<\/li>\n<li>PROGRAMA PROFUNDIZA<\/li>\n<li>PROGRAMA IMPULSA: M\u00c1S EQUIDAD<\/li>\n<li>PROGRAMA DE MEDIACI\u00d3N ENTRE IGUALES<\/li>\n<\/ul>\n<blockquote><p><strong>Portales de la Junta de Andaluc\u00eda<\/strong><\/p><\/blockquote>\n<ul style=\"list-style-type: disc\">\n<li><a href=\"http:\/\/www.juntadeandalucia.es\/educacion\/webportal\/web\/lecturas-y-bibliotecas-escolares\/comunica\">ComunicA <\/a><\/li>\n<li><a href=\"http:\/\/www.juntadeandalucia.es\/educacion\/webportal\/web\/vida-saludable\/formajoven\">Forma Joven<\/a><\/li>\n<\/ul>\n<p>&nbsp;<\/p>\n","protected":false},"excerpt":{"rendered":"<p>PLANES Y PROGRAMAS IES TRIANA PROGRAMA BACHIBAC (doble titulaci\u00f3n Bachillerato-Baccalaur\u00e9at) PROYECTO PLURILING\u00dcISMO (Franc\u00e9s e Ingl\u00e9s) ERASMUS+ AULAS CONFUCIO DE LENGUA Y CULTURA CHINA (Horario de Tarde) RED ANDALUZA ESPACIO DE PAZ PLAN DE IGUALDAD DE G\u00c9NERO PLAN DE CONVIVENCIA ESCOLAR PLAN DE ACTUALIZACI\u00d3N DIGITAL PLAN DE SALUD LABORAL Y PRL PROGRAMA PROFUNDIZA PROGRAMA IMPULSA: M\u00c1S EQUIDAD PROGRAMA DE MEDIACI\u00d3N ENTRE&#46;&#46;&#46;<\/p>\n","protected":false},"author":1,"featured_media":0,"parent":0,"menu_order":0,"comment_status":"open","ping_status":"closed","template":"","meta":{"ngg_post_thumbnail":0,"footnotes":"","_mc_calendar":[]},"aioseo_notices":[],"_links":{"self":[{"href":"https:\/\/blogsaverroes.juntadeandalucia.es\/iestriana\/wp-json\/wp\/v2\/pages\/44"}],"collection":[{"href":"https:\/\/blogsaverroes.juntadeandalucia.es\/iestriana\/wp-json\/wp\/v2\/pages"}],"about":[{"href":"https:\/\/blogsaverroes.juntadeandalucia.es\/iestriana\/wp-json\/wp\/v2\/types\/page"}],"author":[{"embeddable":true,"href":"https:\/\/blogsaverroes.juntadeandalucia.es\/iestriana\/wp-json\/wp\/v2\/users\/1"}],"replies":[{"embeddable":true,"href":"https:\/\/blogsaverroes.juntadeandalucia.es\/iestriana\/wp-json\/wp\/v2\/comments?post=44"}],"version-history":[{"count":42,"href":"https:\/\/blogsaverroes.juntadeandalucia.es\/iestriana\/wp-json\/wp\/v2\/pages\/44\/revisions"}],"predecessor-version":[{"id":6145,"href":"https:\/\/blogsaverroes.juntadeandalucia.es\/iestriana\/wp-json\/wp\/v2\/pages\/44\/revisions\/6145"}],"wp:attachment":[{"href":"https:\/\/blogsaverroes.juntadeandalucia.es\/iestriana\/wp-json\/wp\/v2\/media?parent=44"}],"curies":[{"name":"wp","href":"https:\/\/api.w.org\/{rel}","templated":true}]}}