{"id":4802,"date":"2020-11-22T20:18:46","date_gmt":"2020-11-22T20:18:46","guid":{"rendered":"https:\/\/blogsaverroes.juntadeandalucia.es\/iestriana\/?page_id=4802"},"modified":"2026-01-13T11:56:48","modified_gmt":"2026-01-13T09:56:48","slug":"titulos","status":"publish","type":"page","link":"https:\/\/blogsaverroes.juntadeandalucia.es\/iestriana\/secretaria\/titulos\/","title":{"rendered":"T\u00edtulos"},"content":{"rendered":"<p style=\"text-align: justify\">Los t\u00edtulos obtenidos en cursos anteriores se pueden recoger en la Secretar\u00eda del centro en horario de 10 a 13:30h&nbsp; (excepto los mi\u00e9rcoles) una vez que los hayamos recibido en el centro.<\/p>\n<p style=\"text-align: justify\">Para saber si ya los tenemos en el instituto, puedes consultarnos escribiendo a <strong>administracion@iestriana.com<\/strong><\/p>\n<p style=\"text-align: justify\"><strong><span style=\"color: #993300\">Se recuerda que para recoger un t\u00edtulo debe venir la persona solicitante con su DNI o una persona en representaci\u00f3n, con una autorizaci\u00f3n firmada y copia del DNI de la persona solicitante.<\/span><\/strong><\/p>\n<p style=\"text-align: justify\"><strong>\u00bfC\u00f3mo solicitar un t\u00edtulo?&nbsp;<\/strong><\/p>\n<ul style=\"list-style-type: circle;text-align: justify\">\n<li>Se puede realizar solicitando informaci\u00f3n en la ventanilla del centro<\/li>\n<li>Se puede realizar y pagar de manera telem\u00e1tica en el enlace: <a href=\"https:\/\/www.juntadeandalucia.es\/educacion\/secretariavirtual\/accesoTramite\/302\/\">https:\/\/www.juntadeandalucia.es\/educacion\/secretariavirtual\/accesoTramite\/302\/<\/a><\/li>\n<\/ul>\n<p style=\"text-align: justify\"><strong>\u00bfCu\u00e1l es el precio del t\u00edtulo?<\/strong><\/p>\n<ul style=\"list-style-type: circle;text-align: justify\">\n<li>El t\u00edtulo en ESO es <strong>gratuito<\/strong><\/li>\n<li>El t\u00edtulo de Bachillerato o Ciclo Superior de FP: <a href=\"https:\/\/blogsaverroes.juntadeandalucia.es\/iestriana\/files\/2026\/01\/Tasas-Titulos-2026.pdf\" target=\"_blank\" rel=\"noopener\">Tasas T\u00edtulos 2026<\/a><\/li>\n<\/ul>\n<p style=\"text-align: justify\">Las familias numerosas tienen una bonificaci\u00f3n del <em><strong>50%<\/strong><\/em><\/p>\n<p style=\"text-align: justify\">Exenciones de pago:<\/p>\n<ul style=\"list-style-type: circle\">\n<li style=\"text-align: justify\">V\u00edctimas de terrorismo (Ley 10\/2010, de 15 de Noviembre, relativa a medidas para la asistencia y atenci\u00f3n a las v\u00edctimas del terrorismo de la Comunidad Aut\u00f3noma de Andaluc\u00eda. (B.O.J.A. del 24\/11\/2010)<\/li>\n<li style=\"text-align: justify\">Familias numerosas de categor\u00eda especial. (Categor\u00eda establecida en la Ley 40\/2003 de 18 de noviembre de Protecci\u00f3n a las Familias Numerosas (B.O.E. del 19\/10\/2003).<\/li>\n<li style=\"text-align: justify\">La expedici\u00f3n de t\u00edtulos duplicados por causa imputable a la Administraci\u00f3n.<\/li>\n<li style=\"text-align: justify\">Reexpedici\u00f3n de t\u00edtulos o documentos. Ley 3\/2007, de 15 de marzo, reguladora de la rectificaci\u00f3n registral de la menci\u00f3n relativa al sexo de las personas. (B.O.E. del 16\/03\/2007). Disposici\u00f3n adicional segunda: A efectos de abono de tasas por reexpedici\u00f3n de los t\u00edtulos o documentos, la rectificaci\u00f3n de la menci\u00f3n del sexo en el Registro Civil no se considera causa atribuible a la persona interesada.<\/li>\n<\/ul>\n","protected":false},"excerpt":{"rendered":"<p>Los t\u00edtulos obtenidos en cursos anteriores se pueden recoger en la Secretar\u00eda del centro en horario de 10 a 13:30h&nbsp; (excepto los mi\u00e9rcoles) una vez que los hayamos recibido en el centro. Para saber si ya los tenemos en el instituto, puedes consultarnos escribiendo a administracion@iestriana.com Se recuerda que para recoger un t\u00edtulo debe venir la persona solicitante con su&#46;&#46;&#46;<\/p>\n","protected":false},"author":2000,"featured_media":0,"parent":77,"menu_order":2,"comment_status":"closed","ping_status":"closed","template":"","meta":{"ngg_post_thumbnail":0,"footnotes":"","_mc_calendar":[]},"aioseo_notices":[],"_links":{"self":[{"href":"https:\/\/blogsaverroes.juntadeandalucia.es\/iestriana\/wp-json\/wp\/v2\/pages\/4802"}],"collection":[{"href":"https:\/\/blogsaverroes.juntadeandalucia.es\/iestriana\/wp-json\/wp\/v2\/pages"}],"about":[{"href":"https:\/\/blogsaverroes.juntadeandalucia.es\/iestriana\/wp-json\/wp\/v2\/types\/page"}],"author":[{"embeddable":true,"href":"https:\/\/blogsaverroes.juntadeandalucia.es\/iestriana\/wp-json\/wp\/v2\/users\/2000"}],"replies":[{"embeddable":true,"href":"https:\/\/blogsaverroes.juntadeandalucia.es\/iestriana\/wp-json\/wp\/v2\/comments?post=4802"}],"version-history":[{"count":11,"href":"https:\/\/blogsaverroes.juntadeandalucia.es\/iestriana\/wp-json\/wp\/v2\/pages\/4802\/revisions"}],"predecessor-version":[{"id":6522,"href":"https:\/\/blogsaverroes.juntadeandalucia.es\/iestriana\/wp-json\/wp\/v2\/pages\/4802\/revisions\/6522"}],"up":[{"embeddable":true,"href":"https:\/\/blogsaverroes.juntadeandalucia.es\/iestriana\/wp-json\/wp\/v2\/pages\/77"}],"wp:attachment":[{"href":"https:\/\/blogsaverroes.juntadeandalucia.es\/iestriana\/wp-json\/wp\/v2\/media?parent=4802"}],"curies":[{"name":"wp","href":"https:\/\/api.w.org\/{rel}","templated":true}]}}