{"id":4806,"date":"2020-11-22T20:24:01","date_gmt":"2020-11-22T20:24:01","guid":{"rendered":"https:\/\/blogsaverroes.juntadeandalucia.es\/iestriana\/?page_id=4806"},"modified":"2023-03-08T18:08:04","modified_gmt":"2023-03-08T18:08:04","slug":"seguro-escolar-3","status":"publish","type":"page","link":"https:\/\/blogsaverroes.juntadeandalucia.es\/iestriana\/secretaria\/seguro-escolar-3\/","title":{"rendered":"Seguro escolar"},"content":{"rendered":"<p style=\"text-align: justify\">Es <strong>OBLIGATORIO<\/strong> para todos los alumnos escolarizados desde 3\u00ba de ESO y hasta los 28 a\u00f1os de edad.<\/p>\n<p style=\"text-align: justify\">El precio del seguro escolar es de <em><strong>1,12\u20ac<\/strong><\/em><\/p>\n<p style=\"text-align: justify\">El seguro escolar se debe abonar en el momento de la matriculaci\u00f3n, bien f\u00edsicamente en la ventanilla del centro o en la web de la secretar\u00eda virtual de la Junta de Andaluc\u00eda :<\/p>\n<p style=\"text-align: justify\"><a href=\"https:\/\/www.juntadeandalucia.es\/educacion\/secretariavirtual\/seguroEscolar\/pagoSeguroEscolar\/\">https:\/\/www.juntadeandalucia.es\/educacion\/secretariavirtual\/seguroEscolar\/pagoSeguroEscolar\/<\/a><\/p>\n<p style=\"text-align: justify\"><a href=\"http:\/\/blogsaverroes.juntadeandalucia.es\/iestriana\/files\/2015\/03\/SEGURO-ESCOLAR.pdf\">\u00bfQu\u00e9 Cubre el Seguro Escolar Obligatorio?<\/a><\/p>\n","protected":false},"excerpt":{"rendered":"<p>Es OBLIGATORIO para todos los alumnos escolarizados desde 3\u00ba de ESO y hasta los 28 a\u00f1os de edad. El precio del seguro escolar es de 1,12\u20ac El seguro escolar se debe abonar en el momento de la matriculaci\u00f3n, bien f\u00edsicamente en la ventanilla del centro o en la web de la secretar\u00eda virtual de la Junta de Andaluc\u00eda : https:\/\/www.juntadeandalucia.es\/educacion\/secretariavirtual\/seguroEscolar\/pagoSeguroEscolar\/&#46;&#46;&#46;<\/p>\n","protected":false},"author":2000,"featured_media":0,"parent":77,"menu_order":1,"comment_status":"closed","ping_status":"closed","template":"","meta":{"ngg_post_thumbnail":0,"footnotes":"","_mc_calendar":[]},"aioseo_notices":[],"_links":{"self":[{"href":"https:\/\/blogsaverroes.juntadeandalucia.es\/iestriana\/wp-json\/wp\/v2\/pages\/4806"}],"collection":[{"href":"https:\/\/blogsaverroes.juntadeandalucia.es\/iestriana\/wp-json\/wp\/v2\/pages"}],"about":[{"href":"https:\/\/blogsaverroes.juntadeandalucia.es\/iestriana\/wp-json\/wp\/v2\/types\/page"}],"author":[{"embeddable":true,"href":"https:\/\/blogsaverroes.juntadeandalucia.es\/iestriana\/wp-json\/wp\/v2\/users\/2000"}],"replies":[{"embeddable":true,"href":"https:\/\/blogsaverroes.juntadeandalucia.es\/iestriana\/wp-json\/wp\/v2\/comments?post=4806"}],"version-history":[{"count":8,"href":"https:\/\/blogsaverroes.juntadeandalucia.es\/iestriana\/wp-json\/wp\/v2\/pages\/4806\/revisions"}],"predecessor-version":[{"id":5976,"href":"https:\/\/blogsaverroes.juntadeandalucia.es\/iestriana\/wp-json\/wp\/v2\/pages\/4806\/revisions\/5976"}],"up":[{"embeddable":true,"href":"https:\/\/blogsaverroes.juntadeandalucia.es\/iestriana\/wp-json\/wp\/v2\/pages\/77"}],"wp:attachment":[{"href":"https:\/\/blogsaverroes.juntadeandalucia.es\/iestriana\/wp-json\/wp\/v2\/media?parent=4806"}],"curies":[{"name":"wp","href":"https:\/\/api.w.org\/{rel}","templated":true}]}}