{"id":4817,"date":"2020-11-22T20:50:21","date_gmt":"2020-11-22T20:50:21","guid":{"rendered":"https:\/\/blogsaverroes.juntadeandalucia.es\/iestriana\/?page_id=4817"},"modified":"2024-02-19T09:31:08","modified_gmt":"2024-02-19T09:31:08","slug":"clave-ipasen","status":"publish","type":"page","link":"https:\/\/blogsaverroes.juntadeandalucia.es\/iestriana\/secretaria\/clave-ipasen\/","title":{"rendered":"Clave ipasen"},"content":{"rendered":"<p style=\"text-align: justify\"><a href=\"https:\/\/blogsaverroes.juntadeandalucia.es\/iestriana\/files\/2024\/02\/pasen.png\"><img loading=\"lazy\" decoding=\"async\" class=\"alignleft wp-image-6156\" src=\"https:\/\/blogsaverroes.juntadeandalucia.es\/iestriana\/files\/2024\/02\/pasen-300x300.png\" alt=\"App iPasen\" width=\"251\" height=\"251\" srcset=\"https:\/\/blogsaverroes.juntadeandalucia.es\/iestriana\/files\/2024\/02\/pasen-300x300.png 300w, https:\/\/blogsaverroes.juntadeandalucia.es\/iestriana\/files\/2024\/02\/pasen-150x150.png 150w, https:\/\/blogsaverroes.juntadeandalucia.es\/iestriana\/files\/2024\/02\/pasen.png 448w\" sizes=\"(max-width: 251px) 100vw, 251px\" \/><\/a>La clave ipasen le permite el acceso a la aplicaci\u00f3n iPasen, tanto en un ordenador&nbsp; (<a href=\"https:\/\/seneca.juntadeandalucia.es\/seneca\/jsp\/portalpasen\/\" target=\"_blank\" rel=\"noopener noreferrer\">Web Pasen<\/a>) como en el m\u00f3vil, descargando la app iPasen desde Google Play Store o Apple Store.<\/p>\n<p style=\"text-align: justify\">S\u00ed no dispone de un usuario y una clave, solic\u00edtela escribiendo al correo <a href=\"mailto:secretaria@iestriana.com\">secretaria@iestriana.com<\/a>, indicando el nombre del alumno\/a y el curso.<\/p>\n<p style=\"text-align: justify\">S\u00ed ya tiene un usuario pero tiene problemas de acceso puede probar a recuperar la clave mediante la app m\u00f3vil siguiendo las siguientes instrucciones: Recuperaci\u00f3n de clave <a href=\"https:\/\/blogsaverroes.juntadeandalucia.es\/iestriana\/files\/2020\/11\/Ipasen.pdf\">Ipasen<\/a><\/p>\n<p style=\"text-align: justify\">S\u00ed sigue teniendo problemas de acceso escriba a <a href=\"mailto:secretaria@iestriana.com\">secretaria@iestriana.com<\/a> indicando el nombre y curso del alumno\/a.<\/p>\n<p><a href=\"https:\/\/www.youtube.com\/watch?v=cHLova48ULE\" target=\"_blank\" rel=\"noopener noreferrer\">SOLUCI\u00d3N DE PROBLEMAS CON EL ACCESO A PASEN: AUTOLOGIN<\/a><\/p>\n","protected":false},"excerpt":{"rendered":"<p>La clave ipasen le permite el acceso a la aplicaci\u00f3n iPasen, tanto en un ordenador&nbsp; (Web Pasen) como en el m\u00f3vil, descargando la app iPasen desde Google Play Store o Apple Store. S\u00ed no dispone de un usuario y una clave, solic\u00edtela escribiendo al correo secretaria@iestriana.com, indicando el nombre del alumno\/a y el curso. S\u00ed ya tiene un usuario pero&#46;&#46;&#46;<\/p>\n","protected":false},"author":2000,"featured_media":0,"parent":77,"menu_order":3,"comment_status":"closed","ping_status":"closed","template":"","meta":{"ngg_post_thumbnail":0,"footnotes":"","_mc_calendar":[]},"aioseo_notices":[],"_links":{"self":[{"href":"https:\/\/blogsaverroes.juntadeandalucia.es\/iestriana\/wp-json\/wp\/v2\/pages\/4817"}],"collection":[{"href":"https:\/\/blogsaverroes.juntadeandalucia.es\/iestriana\/wp-json\/wp\/v2\/pages"}],"about":[{"href":"https:\/\/blogsaverroes.juntadeandalucia.es\/iestriana\/wp-json\/wp\/v2\/types\/page"}],"author":[{"embeddable":true,"href":"https:\/\/blogsaverroes.juntadeandalucia.es\/iestriana\/wp-json\/wp\/v2\/users\/2000"}],"replies":[{"embeddable":true,"href":"https:\/\/blogsaverroes.juntadeandalucia.es\/iestriana\/wp-json\/wp\/v2\/comments?post=4817"}],"version-history":[{"count":8,"href":"https:\/\/blogsaverroes.juntadeandalucia.es\/iestriana\/wp-json\/wp\/v2\/pages\/4817\/revisions"}],"predecessor-version":[{"id":6159,"href":"https:\/\/blogsaverroes.juntadeandalucia.es\/iestriana\/wp-json\/wp\/v2\/pages\/4817\/revisions\/6159"}],"up":[{"embeddable":true,"href":"https:\/\/blogsaverroes.juntadeandalucia.es\/iestriana\/wp-json\/wp\/v2\/pages\/77"}],"wp:attachment":[{"href":"https:\/\/blogsaverroes.juntadeandalucia.es\/iestriana\/wp-json\/wp\/v2\/media?parent=4817"}],"curies":[{"name":"wp","href":"https:\/\/api.w.org\/{rel}","templated":true}]}}