{"id":4836,"date":"2020-11-23T20:36:13","date_gmt":"2020-11-23T20:36:13","guid":{"rendered":"https:\/\/blogsaverroes.juntadeandalucia.es\/iestriana\/?page_id=4836"},"modified":"2024-02-19T09:35:54","modified_gmt":"2024-02-19T09:35:54","slug":"clave-iande","status":"publish","type":"page","link":"https:\/\/blogsaverroes.juntadeandalucia.es\/iestriana\/secretaria\/clave-iande\/","title":{"rendered":"Clave iANDE"},"content":{"rendered":"<p><img loading=\"lazy\" decoding=\"async\" class=\" wp-image-4837 alignleft\" src=\"https:\/\/blogsaverroes.juntadeandalucia.es\/iestriana\/files\/2020\/11\/Captura-de-pantalla-2020-11-23-a-las-21.34.27.png\" alt=\"\" width=\"107\" height=\"86\" srcset=\"https:\/\/blogsaverroes.juntadeandalucia.es\/iestriana\/files\/2020\/11\/Captura-de-pantalla-2020-11-23-a-las-21.34.27.png 83w, https:\/\/blogsaverroes.juntadeandalucia.es\/iestriana\/files\/2020\/11\/Captura-de-pantalla-2020-11-23-a-las-21.34.27-24x19.png 24w, https:\/\/blogsaverroes.juntadeandalucia.es\/iestriana\/files\/2020\/11\/Captura-de-pantalla-2020-11-23-a-las-21.34.27-36x29.png 36w, https:\/\/blogsaverroes.juntadeandalucia.es\/iestriana\/files\/2020\/11\/Captura-de-pantalla-2020-11-23-a-las-21.34.27-48x39.png 48w\" sizes=\"(max-width: 107px) 100vw, 107px\" \/><\/p>\n<p>La clave iANDE sirve para la realizaci\u00f3n de tr\u00e1mites on line en la secretar\u00eda virtual de la Junta de Andaluc\u00eda como tramitaci\u00f3n de matriculas, pago de seguro escolar, solicitud de t\u00edtulos, certificados, becas y ayudas, etc.<\/p>\n<p style=\"text-align: justify\">Si es alumno del sistema educativo andaluz se puede obtener a trev\u00e9s de iPasen o solicit\u00e1ndola en su centro.<\/p>\n<p style=\"text-align: justify\">Si no es alumno puede solicitarla en: <a href=\"https:\/\/www.juntadeandalucia.es\/educacion\/secretariavirtual\/autenticacion\/registroUsuarioIANDE\/\">https:\/\/www.juntadeandalucia.es\/educacion\/secretariavirtual\/autenticacion\/registroUsuarioIANDE\/<\/a><\/p>\n<p><a href=\"https:\/\/blogsaverroes.juntadeandalucia.es\/iestriana\/files\/2024\/02\/iande.png\"><img loading=\"lazy\" decoding=\"async\" class=\"alignleft wp-image-6160\" src=\"https:\/\/blogsaverroes.juntadeandalucia.es\/iestriana\/files\/2024\/02\/iande-300x193.png\" alt=\"\" width=\"622\" height=\"400\" srcset=\"https:\/\/blogsaverroes.juntadeandalucia.es\/iestriana\/files\/2024\/02\/iande-300x193.png 300w, https:\/\/blogsaverroes.juntadeandalucia.es\/iestriana\/files\/2024\/02\/iande-768x494.png 768w, https:\/\/blogsaverroes.juntadeandalucia.es\/iestriana\/files\/2024\/02\/iande.png 1022w\" sizes=\"(max-width: 622px) 100vw, 622px\" \/><\/a><\/p>\n","protected":false},"excerpt":{"rendered":"<p>La clave iANDE sirve para la realizaci\u00f3n de tr\u00e1mites on line en la secretar\u00eda virtual de la Junta de Andaluc\u00eda como tramitaci\u00f3n de matriculas, pago de seguro escolar, solicitud de t\u00edtulos, certificados, becas y ayudas, etc. Si es alumno del sistema educativo andaluz se puede obtener a trev\u00e9s de iPasen o solicit\u00e1ndola en su centro. Si no es alumno puede&#46;&#46;&#46;<\/p>\n","protected":false},"author":2000,"featured_media":0,"parent":77,"menu_order":4,"comment_status":"closed","ping_status":"closed","template":"","meta":{"ngg_post_thumbnail":0,"footnotes":"","_mc_calendar":[]},"aioseo_notices":[],"_links":{"self":[{"href":"https:\/\/blogsaverroes.juntadeandalucia.es\/iestriana\/wp-json\/wp\/v2\/pages\/4836"}],"collection":[{"href":"https:\/\/blogsaverroes.juntadeandalucia.es\/iestriana\/wp-json\/wp\/v2\/pages"}],"about":[{"href":"https:\/\/blogsaverroes.juntadeandalucia.es\/iestriana\/wp-json\/wp\/v2\/types\/page"}],"author":[{"embeddable":true,"href":"https:\/\/blogsaverroes.juntadeandalucia.es\/iestriana\/wp-json\/wp\/v2\/users\/2000"}],"replies":[{"embeddable":true,"href":"https:\/\/blogsaverroes.juntadeandalucia.es\/iestriana\/wp-json\/wp\/v2\/comments?post=4836"}],"version-history":[{"count":5,"href":"https:\/\/blogsaverroes.juntadeandalucia.es\/iestriana\/wp-json\/wp\/v2\/pages\/4836\/revisions"}],"predecessor-version":[{"id":6163,"href":"https:\/\/blogsaverroes.juntadeandalucia.es\/iestriana\/wp-json\/wp\/v2\/pages\/4836\/revisions\/6163"}],"up":[{"embeddable":true,"href":"https:\/\/blogsaverroes.juntadeandalucia.es\/iestriana\/wp-json\/wp\/v2\/pages\/77"}],"wp:attachment":[{"href":"https:\/\/blogsaverroes.juntadeandalucia.es\/iestriana\/wp-json\/wp\/v2\/media?parent=4836"}],"curies":[{"name":"wp","href":"https:\/\/api.w.org\/{rel}","templated":true}]}}