{"id":4841,"date":"2020-11-25T19:17:26","date_gmt":"2020-11-25T19:17:26","guid":{"rendered":"https:\/\/blogsaverroes.juntadeandalucia.es\/iestriana\/?page_id=4841"},"modified":"2020-11-25T21:15:00","modified_gmt":"2020-11-25T21:15:00","slug":"programaciones-curso-2020-21","status":"publish","type":"page","link":"https:\/\/blogsaverroes.juntadeandalucia.es\/iestriana\/programaciones-curso-2020-21\/","title":{"rendered":"Programaciones Curso 2020-21"},"content":{"rendered":"<blockquote><p>PROGRAMACIONES CURSO 2020-21<\/p><\/blockquote>\n<p><a href=\"https:\/\/blogsaverroes.juntadeandalucia.es\/iestriana\/files\/2020\/11\/PROGRAMACI\u00d3N-PROYECTO-PLURILINGU\u0308E-2020-21.pdf\">PROGRAMACI\u00d3N PROYECTO PLURILINGU\u0308E 2020-21<\/a><\/p>\n<p><a href=\"https:\/\/blogsaverroes.juntadeandalucia.es\/iestriana\/files\/2020\/11\/PROGRAMACI\u00d3N-M\u00d3DULO-DE-COMUNICACI\u00d3N-Y-SOCIEDAD-I-FPB-2020-21.pdf\">PROGRAMACI\u00d3N M\u00d3DULO DE COMUNICACI\u00d3N Y SOCIEDAD I FPB 2020-21<\/a><\/p>\n<p><a href=\"https:\/\/blogsaverroes.juntadeandalucia.es\/iestriana\/files\/2020\/11\/PROGRAMACI\u00d3N-MU\u0301SICA-ESO-2020-21.pdf\">PROGRAMACI\u00d3N MU\u0301SICA ESO 2020-21<\/a><\/p>\n<p><a href=\"https:\/\/blogsaverroes.juntadeandalucia.es\/iestriana\/files\/2020\/11\/PROGRAMACI\u00d3N-EDUCACI\u00d3N-PL\u00c1STICA-VISUAL-Y-AUDIOVISUAL-ESO-2020-21.pdf\">PROGRAMACI\u00d3N EDUCACI\u00d3N PL\u00c1STICA VISUAL Y AUDIOVISUAL ESO 2020-21<\/a><\/p>\n<p><a href=\"https:\/\/blogsaverroes.juntadeandalucia.es\/iestriana\/files\/2020\/11\/PROGRAMACI\u00d3N-DIBUJO-T\u00c9CNICO-BACHILLERATO-2020-21.pdf\">PROGRAMACI\u00d3N DIBUJO T\u00c9CNICO BACHILLERATO 2020-21<\/a><\/p>\n<p><a href=\"https:\/\/blogsaverroes.juntadeandalucia.es\/iestriana\/files\/2020\/11\/PROGRAMACI\u00d3N-DEL-\u00c1REA-DE-RELIGI\u00d3N-Y-MORAL-CAT\u00d3LICA-2020-21.pdf\">PROGRAMACI\u00d3N DEL \u00c1REA DE RELIGI\u00d3N Y MORAL CAT\u00d3LICA 2020-21<\/a><\/p>\n<p><a href=\"https:\/\/blogsaverroes.juntadeandalucia.es\/iestriana\/files\/2020\/11\/PROGRAMACI\u00d3N-DEL-DEPARTAMENTO-DE-TECNOLOGI\u0301A.pdf\">PROGRAMACI\u00d3N DEL DEPARTAMENTO DE TECNOLOGI\u0301A<\/a><\/p>\n<p><a href=\"https:\/\/blogsaverroes.juntadeandalucia.es\/iestriana\/files\/2020\/11\/PROGRAMACI\u00d3N-DEL-DEPARTAMENTO-DE-MATEM\u00c1TICAS-2020-21.pdf\">PROGRAMACI\u00d3N DEL DEPARTAMENTO DE MATEM\u00c1TICAS 2020-21<\/a><\/p>\n<p><a href=\"https:\/\/blogsaverroes.juntadeandalucia.es\/iestriana\/files\/2020\/11\/PROGRAMACI\u00d3N-DEL-DEPARTAMENTO-DE-GEOGRAF\u00cdA-E-HISTORIA-2020-21.pdf\">PROGRAMACI\u00d3N DEL DEPARTAMENTO DE GEOGRAF\u00cdA E HISTORIA 2020-21<\/a><\/p>\n<p><a href=\"https:\/\/blogsaverroes.juntadeandalucia.es\/iestriana\/files\/2020\/11\/PROGRAMACI\u00d3N-DEL-DEPARTAMENTO-DE-FRANCE\u0301S-2020-21.pdf\">PROGRAMACI\u00d3N DEL DEPARTAMENTO DE FRANCE\u0301S 2020-21<\/a><\/p>\n<p><a href=\"https:\/\/blogsaverroes.juntadeandalucia.es\/iestriana\/files\/2020\/11\/PROGRAMACI\u00d3N-DEL-DEPARTAMENTO-DE-FI\u0301SICA-Y-QUI\u0301MICA-2020-21.pdf\">PROGRAMACI\u00d3N DEL DEPARTAMENTO DE FI\u0301SICA Y QUI\u0301MICA 2020-21<\/a><\/p>\n<p><a href=\"https:\/\/blogsaverroes.juntadeandalucia.es\/iestriana\/files\/2020\/11\/PROGRAMACI\u00d3N-DEL-DEPARTAMENTO-DE-FILOSOFI\u0301A-2020-21.pdf\">PROGRAMACI\u00d3N DEL DEPARTAMENTO DE FILOSOFI\u0301A 2020-21<\/a><\/p>\n<p><a href=\"https:\/\/blogsaverroes.juntadeandalucia.es\/iestriana\/files\/2020\/11\/PROGRAMACI\u00d3N-DEL-DEPARTAMENTO-DE-EDUCACIO\u0301N-FI\u0301SICA-2020-21.pdf\">PROGRAMACI\u00d3N DEL DEPARTAMENTO DE EDUCACIO\u0301N FI\u0301SICA 2020-21<\/a><\/p>\n<p><a href=\"https:\/\/blogsaverroes.juntadeandalucia.es\/iestriana\/files\/2020\/11\/PLAN-DE-IGUALDAD-2020-21.pdf\">PLAN DE IGUALDAD 2020-21<\/a><\/p>\n<p><a href=\"https:\/\/blogsaverroes.juntadeandalucia.es\/iestriana\/files\/2020\/11\/PLAN-DE-ACTUACI\u00d3N-DEPARTAMENTO-DE-ORIENTACI\u00d3N-2020-21.pdf\">PLAN DE ACTUACI\u00d3N DEPARTAMENTO DE ORIENTACI\u00d3N 2020-21<\/a><\/p>\n<blockquote><p>BIOLOG\u00cdA<\/p><\/blockquote>\n<p><a href=\"https:\/\/blogsaverroes.juntadeandalucia.es\/iestriana\/files\/2020\/11\/PROGRAMACI\u00d3N-DEPARTAMENTO-BIOLOG\u00cdA-Y-GEOLOG\u00cdA.-GENERALIDADES-2020-21.pdf\">PROGRAMACI\u00d3N DEPARTAMENTO BIOLOG\u00cdA Y GEOLOG\u00cdA. GENERALIDADES 2020-21<\/a><\/p>\n<p><a href=\"https:\/\/blogsaverroes.juntadeandalucia.es\/iestriana\/files\/2020\/11\/UNIDADES-DIDA\u0301CTICAS-1\u00ba-BCH-BIOLOGI\u0301A-Y-GEOLOGI\u0301A-2020-21.pdf\">UNIDADES DIDA\u0301CTICAS 1\u00ba BCH BIOLOGI\u0301A Y GEOLOGI\u0301A 2020-21<\/a><\/p>\n<p><a href=\"https:\/\/blogsaverroes.juntadeandalucia.es\/iestriana\/files\/2020\/11\/UNIDADES-DIDA\u0301CTICAS-1\u00ba-ESO-BIOLOG\u00cdA-Y-GEOLOG\u00cdA-2020-21.pdf\">UNIDADES DIDA\u0301CTICAS 1\u00ba ESO BIOLOG\u00cdA Y GEOLOG\u00cdA 2020-21<\/a><\/p>\n<p><a href=\"https:\/\/blogsaverroes.juntadeandalucia.es\/iestriana\/files\/2020\/11\/UNIDADES-DIDA\u0301CTICAS-2\u00ba-BCH-BIOLOGI\u0301A-2020-21.pdf\">UNIDADES DIDA\u0301CTICAS 2\u00ba BCH BIOLOGI\u0301A 2020-21<\/a><\/p>\n<p><a href=\"https:\/\/blogsaverroes.juntadeandalucia.es\/iestriana\/files\/2020\/11\/UNIDADES-DIDA\u0301CTICAS-2\u00ba-BCH-GEOLOGI\u0301A-2020-21.pdf\">UNIDADES DIDA\u0301CTICAS 2\u00ba BCH GEOLOGI\u0301A 2020-21<\/a><\/p>\n<p><a href=\"https:\/\/blogsaverroes.juntadeandalucia.es\/iestriana\/files\/2020\/11\/UNIDADES-DIDA\u0301CTICAS-3\u00ba-ESO-BIOLOG\u00cdA-Y-GEOLOG\u00cdA-2020-21.pdf\">UNIDADES DIDA\u0301CTICAS 3\u00ba ESO BIOLOG\u00cdA Y GEOLOG\u00cdA 2020-21<\/a><\/p>\n<p><a href=\"https:\/\/blogsaverroes.juntadeandalucia.es\/iestriana\/files\/2020\/11\/UNIDADES-DIDA\u0301CTICAS-4\u00ba-ESO-BIOLOG\u00cdA-Y-GEOLOG\u00cdA-2020-21.pdf\">UNIDADES DIDA\u0301CTICAS 4\u00ba ESO BIOLOG\u00cdA Y GEOLOG\u00cdA 2020-21<\/a><\/p>\n<p><a href=\"https:\/\/blogsaverroes.juntadeandalucia.es\/iestriana\/files\/2020\/11\/UNIDADES-DIDA\u0301CTICAS-1\u00ba-BCH-ANATOMI\u0301A-2020-21.pdf\">UNIDADES DIDA\u0301CTICAS 1\u00ba BCH ANATOMI\u0301A 2020-21<\/a><\/p>\n<blockquote><p>CL\u00c1SICAS<\/p><\/blockquote>\n<p><a href=\"https:\/\/blogsaverroes.juntadeandalucia.es\/iestriana\/files\/2020\/11\/PROGRAMACI\u00d3N-DEL-DEPARTAMENTO-DE-LATI\u0301N-Y-GRIEGO-2020-21.pdf\">PROGRAMACI\u00d3N DEL DEPARTAMENTO DE LATI\u0301N Y GRIEGO 2020-21<\/a><\/p>\n<p><a href=\"https:\/\/blogsaverroes.juntadeandalucia.es\/iestriana\/files\/2020\/11\/ANEXO-A-LA-PROGRAMACI\u00d3N-DEL-DEPARTAMENTO-DE-LAT\u00cdN-Y-GRIEGO-2020-21.pdf\">ANEXO A LA PROGRAMACI\u00d3N DEL DEPARTAMENTO DE LAT\u00cdN Y GRIEGO 2020-21<\/a><\/p>\n<blockquote><p>ECONOM\u00cdA<\/p><\/blockquote>\n<p><a href=\"https:\/\/blogsaverroes.juntadeandalucia.es\/iestriana\/files\/2020\/11\/DPTO-DE-ECONOM\u00cdA-2020-21.pdf\">DPTO DE ECONOM\u00cdA 2020-21<\/a><\/p>\n<p><a href=\"https:\/\/blogsaverroes.juntadeandalucia.es\/iestriana\/files\/2020\/11\/PROGRAMACI\u00d3N-ECONOMIA-4\u00ba-ESO-2020-21.pdf\">PROGRAMACI\u00d3N ECONOMIA 4\u00ba ESO 2020-21<\/a><\/p>\n<p><a href=\"https:\/\/blogsaverroes.juntadeandalucia.es\/iestriana\/files\/2020\/11\/PROGRAMACIO\u0301N-ECONOM\u00cdA-DE-LA-EMPRESA-2\u00ba-BACH-2020-21.pdf\">PROGRAMACIO\u0301N ECONOM\u00cdA DE LA EMPRESA 2\u00ba BACH 2020-21<\/a><\/p>\n<p><a href=\"https:\/\/blogsaverroes.juntadeandalucia.es\/iestriana\/files\/2020\/11\/PROGRAMACI\u00d3N-EMPRESA-E-INICIATIVA-EMPRENDEDORA-2\u00ba-ASIR-2020-21.pdf\">PROGRAMACI\u00d3N EMPRESA E INICIATIVA EMPRENDEDORA 2\u00ba ASIR 2020-21<\/a><\/p>\n<p><a href=\"https:\/\/blogsaverroes.juntadeandalucia.es\/iestriana\/files\/2020\/11\/PROGRAMACI\u00d3N-FORMACI\u00d3N-Y-ORIENTACI\u00d3N-LABORAL-1\u00ba-ASIR-2020-21.pdf\">PROGRAMACI\u00d3N FORMACI\u00d3N Y ORIENTACI\u00d3N LABORAL 1\u00ba ASIR 2020-21<\/a><\/p>\n<p><a href=\"https:\/\/blogsaverroes.juntadeandalucia.es\/iestriana\/files\/2020\/11\/PROGRAMACI\u00d3N-INICIACI\u00d3N-ACTIVIDAD-EMPRENDEDORA-4\u00ba-ESO-D-APLICADAS-2020-21.pdf\">PROGRAMACI\u00d3N INICIACI\u00d3N ACTIVIDAD EMPRENDEDORA 4\u00ba ESO D APLICADAS 2020-21<\/a><\/p>\n<p><a href=\"https:\/\/blogsaverroes.juntadeandalucia.es\/iestriana\/files\/2020\/11\/PROGRAMACI\u00d3N-M\u00d3DULO-CIENCIAS-APLICADAS-1-2020-21.pdf\">PROGRAMACI\u00d3N M\u00d3DULO CIENCIAS APLICADAS 1 2020-21<\/a><\/p>\n<p><a href=\"https:\/\/blogsaverroes.juntadeandalucia.es\/iestriana\/files\/2020\/11\/PROGRAMACI\u00d3N-CULTURA-EMPRENDEDORA-Y-EMPRESARIAL-1\u00ba-BACH-2020-21.pdf\">PROGRAMACI\u00d3N CULTURA EMPRENDEDORA Y EMPRESARIAL 1\u00ba BACH 2020-21<\/a><\/p>\n<p><a href=\"https:\/\/blogsaverroes.juntadeandalucia.es\/iestriana\/files\/2020\/11\/PROGRAMACI\u00d3N-ECONOMI\u0301A-1\u00ba-BACH-2020-21.pdf\">PROGRAMACI\u00d3N ECONOMI\u0301A 1\u00ba BACH 2020-21<\/a><\/p>\n<blockquote><p>INFORM\u00c1TICA<\/p><\/blockquote>\n<p><a href=\"https:\/\/blogsaverroes.juntadeandalucia.es\/iestriana\/files\/2020\/11\/PROGRAMACION-TIC-4\u00ba-ESO-2020-21.pdf\">PROGRAMACION TIC 4\u00ba ESO 2020-21<\/a><\/p>\n<p><a href=\"https:\/\/blogsaverroes.juntadeandalucia.es\/iestriana\/files\/2020\/11\/PROGRAMACI\u00d3N-TIC-I-1\u00ba-BACH-2020-21.pdf\">PROGRAMACI\u00d3N TIC I 1\u00ba BACH 2020-21<\/a><\/p>\n<p><a href=\"https:\/\/blogsaverroes.juntadeandalucia.es\/iestriana\/files\/2020\/11\/PROGRAMACI\u00d3N-TIC-II-2\u00ba-BACH-2020-21.pdf\">PROGRAMACI\u00d3N TIC II 2\u00ba BACH 2020-21<\/a><\/p>\n<p><a href=\"https:\/\/blogsaverroes.juntadeandalucia.es\/iestriana\/files\/2020\/11\/PROGRAMACION-M\u00d3DULO-LENGUAJES-DE-MARCAS-Y-SISTEMAS-DE-GESTI\u00d3N-DE-INFORMACI\u00d3N-1\u00ba-ASIR-2020-21.pdf\">PROGRAMACION M\u00d3DULO LENGUAJES DE MARCAS Y SISTEMAS DE GESTI\u00d3N DE INFORMACI\u00d3N 1\u00ba ASIR 2020-21<\/a><\/p>\n<p><a href=\"https:\/\/blogsaverroes.juntadeandalucia.es\/iestriana\/files\/2020\/11\/PROGRAMACI\u00d3N-M\u00d3DULO-PLANIFICACI\u00d3N-Y-ADMINISTRACI\u00d3N-DE-REDES-1\u00ba-ASIR-2020-21.pdf\">PROGRAMACI\u00d3N M\u00d3DULO PLANIFICACI\u00d3N Y ADMINISTRACI\u00d3N DE REDES 1\u00ba ASIR 2020-21<\/a><\/p>\n<p><a href=\"https:\/\/blogsaverroes.juntadeandalucia.es\/iestriana\/files\/2020\/11\/PROGRAMACI\u00d3N-M\u00d3DULO-PROYECTO-INTEGRADO-2\u00ba-ASIR-2020-21.pdf\">PROGRAMACI\u00d3N M\u00d3DULO PROYECTO INTEGRADO 2\u00ba ASIR 2020-21<\/a><\/p>\n<p><a href=\"https:\/\/blogsaverroes.juntadeandalucia.es\/iestriana\/files\/2020\/11\/PROGRAMACI\u00d3N-M\u00d3DULO-SEGURIDAD-Y-ALTA-DISPONIBILIDAD-2\u00ba-ASIR-2020-21.pdf\">PROGRAMACI\u00d3N M\u00d3DULO SEGURIDAD Y ALTA DISPONIBILIDAD 2\u00ba ASIR 2020-21<\/a><\/p>\n<p><a href=\"https:\/\/blogsaverroes.juntadeandalucia.es\/iestriana\/files\/2020\/11\/PROGRAMACI\u00d3N-M\u00d3DULO-SERVICIOS-DE-RED-E-INTERNET-2\u00ba-ASIR-2020-21.pdf\">PROGRAMACI\u00d3N M\u00d3DULO SERVICIOS DE RED E INTERNET 2\u00ba ASIR 2020-21<\/a><\/p>\n<p><a href=\"https:\/\/blogsaverroes.juntadeandalucia.es\/iestriana\/files\/2020\/11\/PROGRAMACI\u00d3N-FORMACI\u00d3N-EN-CENTROS-DE-TRABAJO-2020-21.pdf\">PROGRAMACI\u00d3N FORMACI\u00d3N EN CENTROS DE TRABAJO 2020-21<\/a><\/p>\n<p><a href=\"https:\/\/blogsaverroes.juntadeandalucia.es\/iestriana\/files\/2020\/11\/PROGRAMACIO\u0301N-GENERAL-DEPARTAMENTO-INFORM\u00c1TICA-2020-21.pdf\">PROGRAMACIO\u0301N GENERAL DEPARTAMENTO INFORM\u00c1TICA 2020-21<\/a><\/p>\n<p><a href=\"https:\/\/blogsaverroes.juntadeandalucia.es\/iestriana\/files\/2020\/11\/PROGRAMACI\u00d3N-M\u00d3DULO-ADMINISTRACIO\u0301N-DE-SISTEMAS-GESTORES-DE-BASES-DE-DATOS-HLC-2\u00ba-ASIR-2020-21.pdf\">PROGRAMACI\u00d3N M\u00d3DULO ADMINISTRACIO\u0301N DE SISTEMAS GESTORES DE BASES DE DATOS + HLC 2\u00ba ASIR 2020 21<\/a><\/p>\n<p><a href=\"https:\/\/blogsaverroes.juntadeandalucia.es\/iestriana\/files\/2020\/11\/PROGRAMACI\u00d3N-M\u00d3DULO-ADMINISTRACI\u00d3N-DE-SISTEMAS-OPERATIVOS-2\u00ba-ASIR-2020-21.pdf\">PROGRAMACI\u00d3N M\u00d3DULO ADMINISTRACI\u00d3N DE SISTEMAS OPERATIVOS 2\u00ba ASIR 2020-21<\/a><\/p>\n<p><a href=\"https:\/\/blogsaverroes.juntadeandalucia.es\/iestriana\/files\/2020\/11\/PROGRAMACI\u00d3N-M\u00d3DULO-FUNDAMENTOS-DEL-HARDWARE-1\u00ba-ASIR-2020-21.pdf\">PROGRAMACI\u00d3N M\u00d3DULO FUNDAMENTOS DEL HARDWARE 1\u00ba ASIR 2020-21<\/a><\/p>\n<p><a href=\"https:\/\/blogsaverroes.juntadeandalucia.es\/iestriana\/files\/2020\/11\/PROGRAMACI\u00d3N-M\u00d3DULO-GESTI\u00d3N-DE-BASES-DE-DATOS-1\u00ba-ASIR-2020-21.pdf\">PROGRAMACI\u00d3N M\u00d3DULO GESTI\u00d3N DE BASES DE DATOS 1\u00ba ASIR 2020-21<\/a><\/p>\n<p><a href=\"https:\/\/blogsaverroes.juntadeandalucia.es\/iestriana\/files\/2020\/11\/PROGRAMACION-M\u00d3DULO-IMPLANTACI\u00d3N-DE-APLICACIONES-WEB-2\u00ba-ASIR-2020-21.pdf\">PROGRAMACION M\u00d3DULO IMPLANTACI\u00d3N DE APLICACIONES WEB 2\u00ba ASIR 2020-21<\/a><\/p>\n<p><a href=\"https:\/\/blogsaverroes.juntadeandalucia.es\/iestriana\/files\/2020\/11\/PROGRAMACI\u00d3N-M\u00d3DULO-IMPLANTACI\u00d3N-DE-SISTEMAS-OPERATIVOS-2\u00ba-ASIR-2020-21.pdf\">PROGRAMACI\u00d3N M\u00d3DULO IMPLANTACI\u00d3N DE SISTEMAS OPERATIVOS 2\u00ba ASIR 2020-21<\/a><\/p>\n<p><a href=\"https:\/\/blogsaverroes.juntadeandalucia.es\/iestriana\/files\/2020\/11\/ANEXO-PROGRAMACI\u00d3N-M\u00d3DULO-PROYECTO-INTEGRADO-2\u00ba-ASIR-2020-21.pdf\">ANEXO PROGRAMACI\u00d3N M\u00d3DULO PROYECTO INTEGRADO 2\u00ba ASIR 2020-21<\/a><\/p>\n<p><a href=\"https:\/\/blogsaverroes.juntadeandalucia.es\/iestriana\/files\/2020\/11\/ANEXO-PROGRAMACI\u00d3N-TIC-II-2\u00ba-BACH-2020-21.pdf\">ANEXO PROGRAMACI\u00d3N TIC II 2\u00ba BACH 2020-21<\/a><\/p>\n<p><a href=\"https:\/\/blogsaverroes.juntadeandalucia.es\/iestriana\/files\/2020\/11\/ANEXO-PROGRAMACI\u00d3N-M\u00d3DULO-ADMINISTRACIO\u0301N-DE-SISTEMAS-GESTORES-DE-BASES-DE-DATOS-HLC-2\u00ba-ASIR-2020-21.pdf\">ANEXO PROGRAMACI\u00d3N M\u00d3DULO ADMINISTRACIO\u0301N DE SISTEMAS GESTORES DE BASES DE DATOS + HLC 2\u00ba ASIR 2020 21<\/a><\/p>\n<blockquote><p>INGL\u00c9S<\/p><\/blockquote>\n<p><a href=\"https:\/\/blogsaverroes.juntadeandalucia.es\/iestriana\/files\/2020\/11\/PROGRAMACI\u00d3N-DEPARTAMENTO-DE-INGL\u00c9S-2020-21.pdf\">PROGRAMACI\u00d3N DEPARTAMENTO DE INGL\u00c9S 2020-21<\/a><\/p>\n<p><a href=\"https:\/\/blogsaverroes.juntadeandalucia.es\/iestriana\/files\/2020\/11\/ANEXO-I-PROGRAMACI\u00d3N-DEPARTAMENTO-DE-INGL\u00c9S-2020-21.pdf\">ANEXO I PROGRAMACI\u00d3N DEPARTAMENTO DE INGL\u00c9S 2020-21<\/a><\/p>\n","protected":false},"excerpt":{"rendered":"<p>PROGRAMACIONES CURSO 2020-21 PROGRAMACI\u00d3N PROYECTO PLURILINGU\u0308E 2020-21 PROGRAMACI\u00d3N M\u00d3DULO DE COMUNICACI\u00d3N Y SOCIEDAD I FPB 2020-21 PROGRAMACI\u00d3N MU\u0301SICA ESO 2020-21 PROGRAMACI\u00d3N EDUCACI\u00d3N PL\u00c1STICA VISUAL Y AUDIOVISUAL ESO 2020-21 PROGRAMACI\u00d3N DIBUJO T\u00c9CNICO BACHILLERATO 2020-21 PROGRAMACI\u00d3N DEL \u00c1REA DE RELIGI\u00d3N Y MORAL CAT\u00d3LICA 2020-21 PROGRAMACI\u00d3N DEL DEPARTAMENTO DE TECNOLOGI\u0301A PROGRAMACI\u00d3N DEL DEPARTAMENTO DE MATEM\u00c1TICAS 2020-21 PROGRAMACI\u00d3N DEL DEPARTAMENTO DE GEOGRAF\u00cdA E HISTORIA&#46;&#46;&#46;<\/p>\n","protected":false},"author":2000,"featured_media":0,"parent":0,"menu_order":0,"comment_status":"closed","ping_status":"closed","template":"","meta":{"ngg_post_thumbnail":0,"footnotes":"","_mc_calendar":[]},"aioseo_notices":[],"_links":{"self":[{"href":"https:\/\/blogsaverroes.juntadeandalucia.es\/iestriana\/wp-json\/wp\/v2\/pages\/4841"}],"collection":[{"href":"https:\/\/blogsaverroes.juntadeandalucia.es\/iestriana\/wp-json\/wp\/v2\/pages"}],"about":[{"href":"https:\/\/blogsaverroes.juntadeandalucia.es\/iestriana\/wp-json\/wp\/v2\/types\/page"}],"author":[{"embeddable":true,"href":"https:\/\/blogsaverroes.juntadeandalucia.es\/iestriana\/wp-json\/wp\/v2\/users\/2000"}],"replies":[{"embeddable":true,"href":"https:\/\/blogsaverroes.juntadeandalucia.es\/iestriana\/wp-json\/wp\/v2\/comments?post=4841"}],"version-history":[{"count":14,"href":"https:\/\/blogsaverroes.juntadeandalucia.es\/iestriana\/wp-json\/wp\/v2\/pages\/4841\/revisions"}],"predecessor-version":[{"id":4911,"href":"https:\/\/blogsaverroes.juntadeandalucia.es\/iestriana\/wp-json\/wp\/v2\/pages\/4841\/revisions\/4911"}],"wp:attachment":[{"href":"https:\/\/blogsaverroes.juntadeandalucia.es\/iestriana\/wp-json\/wp\/v2\/media?parent=4841"}],"curies":[{"name":"wp","href":"https:\/\/api.w.org\/{rel}","templated":true}]}}