{"id":49,"date":"2019-02-01T08:47:05","date_gmt":"2019-02-01T08:47:05","guid":{"rendered":"http:\/\/blogsaverroes.juntadeandalucia.es\/pre\/ceip\/?page_id=49"},"modified":"2026-03-24T11:20:08","modified_gmt":"2026-03-24T09:20:08","slug":"proyecto-educativo","status":"publish","type":"page","link":"https:\/\/blogsaverroes.juntadeandalucia.es\/iestriana\/proyecto-educativo\/","title":{"rendered":"Plan de centro"},"content":{"rendered":"<table style=\"border-collapse: collapse;width: 100%\">\n<tbody>\n<tr>\n<td style=\"width: 100%;border-style: solid;border-color: #000000;background-color: #095405\">\n<h2 style=\"text-align: center\"><span style=\"color: #ffffff\"><strong>PLAN DE CENTRO<\/strong><\/span><\/h2>\n<\/td>\n<\/tr>\n<tr>\n<td style=\"width: 100%;border-style: solid;border-color: #000000\">\n<h4 style=\"text-align: center\"><a href=\"https:\/\/blogsaverroes.juntadeandalucia.es\/iestriana\/files\/2025\/11\/PLAN-DE-CENTRO-2025-2026-Modificacion-noviembre-2025.pdf\" target=\"_blank\" rel=\"noopener\">PLAN DE CENTRO 2025-2026<\/a><\/h4>\n<\/td>\n<\/tr>\n<tr>\n<td style=\"width: 100%;border-style: solid;border-color: #000000;text-align: center\">\n<h4><a href=\"https:\/\/blogsaverroes.juntadeandalucia.es\/iestriana\/files\/2026\/03\/POAT-25-26_public_merged.pdf\" target=\"_blank\" rel=\"noopener\">PLAN DE ORIENTACI\u00d3N Y ACCI\u00d3N TUTORIAL<\/a><\/h4>\n<\/td>\n<\/tr>\n<tr>\n<td style=\"width: 100%;border-style: solid;border-color: #000000\">\n<h4 style=\"text-align: center\"><a href=\"https:\/\/blogsaverroes.juntadeandalucia.es\/iestriana\/files\/2026\/03\/Plan-de-Evacuacion-2025-2026.pdf\" target=\"_blank\" rel=\"noopener\">PLAN DE AUTOPROTECCI\u00d3N<\/a><\/h4>\n<\/td>\n<\/tr>\n<tr>\n<td style=\"width: 100%;border-style: solid;border-color: #000000;text-align: center\">\n<h4><strong><a href=\"https:\/\/blogsaverroes.juntadeandalucia.es\/iestriana\/files\/2023\/05\/Protocolo-Olas-de-Calor-IES-Triana.pdf\">PROTOCOLO OLAS DE CALOR IES Triana<\/a><\/strong><\/h4>\n<\/td>\n<\/tr>\n<\/tbody>\n<\/table>\n<p>&nbsp;<\/p>\n<p>&nbsp;<\/p>\n<p>&nbsp;<\/p>\n<p>&nbsp;<\/p>\n<p>&nbsp;<\/p>\n<p>&nbsp;<\/p>\n<p>&nbsp;<\/p>\n","protected":false},"excerpt":{"rendered":"<p>PLAN DE CENTRO PLAN DE CENTRO 2025-2026 PLAN DE ORIENTACI\u00d3N Y ACCI\u00d3N TUTORIAL PLAN DE AUTOPROTECCI\u00d3N PROTOCOLO OLAS DE CALOR IES Triana &nbsp; &nbsp; &nbsp; &nbsp; &nbsp; &nbsp; &nbsp;<\/p>\n","protected":false},"author":1,"featured_media":0,"parent":0,"menu_order":0,"comment_status":"open","ping_status":"open","template":"","meta":{"ngg_post_thumbnail":0,"footnotes":"","_mc_calendar":[]},"aioseo_notices":[],"_links":{"self":[{"href":"https:\/\/blogsaverroes.juntadeandalucia.es\/iestriana\/wp-json\/wp\/v2\/pages\/49"}],"collection":[{"href":"https:\/\/blogsaverroes.juntadeandalucia.es\/iestriana\/wp-json\/wp\/v2\/pages"}],"about":[{"href":"https:\/\/blogsaverroes.juntadeandalucia.es\/iestriana\/wp-json\/wp\/v2\/types\/page"}],"author":[{"embeddable":true,"href":"https:\/\/blogsaverroes.juntadeandalucia.es\/iestriana\/wp-json\/wp\/v2\/users\/1"}],"replies":[{"embeddable":true,"href":"https:\/\/blogsaverroes.juntadeandalucia.es\/iestriana\/wp-json\/wp\/v2\/comments?post=49"}],"version-history":[{"count":59,"href":"https:\/\/blogsaverroes.juntadeandalucia.es\/iestriana\/wp-json\/wp\/v2\/pages\/49\/revisions"}],"predecessor-version":[{"id":6580,"href":"https:\/\/blogsaverroes.juntadeandalucia.es\/iestriana\/wp-json\/wp\/v2\/pages\/49\/revisions\/6580"}],"wp:attachment":[{"href":"https:\/\/blogsaverroes.juntadeandalucia.es\/iestriana\/wp-json\/wp\/v2\/media?parent=49"}],"curies":[{"name":"wp","href":"https:\/\/api.w.org\/{rel}","templated":true}]}}