{"id":5604,"date":"2022-01-14T18:15:49","date_gmt":"2022-01-14T18:15:49","guid":{"rendered":"https:\/\/blogsaverroes.juntadeandalucia.es\/iestriana\/?page_id=5604"},"modified":"2022-02-10T20:10:37","modified_gmt":"2022-02-10T20:10:37","slug":"informacion-covid","status":"publish","type":"page","link":"https:\/\/blogsaverroes.juntadeandalucia.es\/iestriana\/informacion-covid\/","title":{"rendered":"Informaci\u00f3n Covid"},"content":{"rendered":"<p>Tel\u00e9fono de Informaci\u00f3n Covid: <strong>671598874<\/strong><\/p>\n<p><a href=\"https:\/\/blogsaverroes.juntadeandalucia.es\/iestriana\/files\/2022\/02\/220210USO_MASCARILLA_CENEDU_10-02.pdf\" target=\"_blank\" rel=\"noopener noreferrer\">USO DE MASCARILLA EN LOS CENTROS Y SERVICIOS EDUCATIVOS DOCENTES (NO UNIVERSITARIOS) DE ANDALUC\u00cdA<\/a><\/p>\n<p><a href=\"https:\/\/blogsaverroes.juntadeandalucia.es\/iestriana\/files\/2022\/01\/INFOGRAF\u00cdA-COVID-2022.-QU\u00c9-HACER.pdf\" target=\"_blank\" rel=\"noopener noreferrer\">INFOGRAF\u00cdA COVID 2022. QU\u00c9 HACER<\/a><\/p>\n<p><a href=\"https:\/\/blogsaverroes.juntadeandalucia.es\/iestriana\/files\/2022\/01\/PROTOCOLO-COVID.pdf\" target=\"_blank\" rel=\"noopener noreferrer\">PROTOCOLO COVID<\/a><\/p>\n<p><a href=\"https:\/\/blogsaverroes.juntadeandalucia.es\/iestriana\/files\/2022\/01\/INFOGRAF\u00cdA-COVID-2022.-QU\u00c9-HACER.pdf\" target=\"_blank\" rel=\"noopener noreferrer\"><img loading=\"lazy\" decoding=\"async\" class=\"aligncenter wp-image-5612 size-large\" src=\"https:\/\/blogsaverroes.juntadeandalucia.es\/iestriana\/files\/2022\/01\/covid01-1024x411.png\" alt=\"\" width=\"660\" height=\"265\" srcset=\"https:\/\/blogsaverroes.juntadeandalucia.es\/iestriana\/files\/2022\/01\/covid01-1024x411.png 1024w, https:\/\/blogsaverroes.juntadeandalucia.es\/iestriana\/files\/2022\/01\/covid01-300x120.png 300w, https:\/\/blogsaverroes.juntadeandalucia.es\/iestriana\/files\/2022\/01\/covid01-768x308.png 768w, https:\/\/blogsaverroes.juntadeandalucia.es\/iestriana\/files\/2022\/01\/covid01.png 1412w\" sizes=\"(max-width: 660px) 100vw, 660px\" \/><\/a><\/p>\n<p><a href=\"https:\/\/blogsaverroes.juntadeandalucia.es\/iestriana\/files\/2022\/01\/PROTOCOLO-COVID.pdf\" target=\"_blank\" rel=\"noopener noreferrer\"><img loading=\"lazy\" decoding=\"async\" class=\"aligncenter wp-image-5613 size-full\" src=\"https:\/\/blogsaverroes.juntadeandalucia.es\/iestriana\/files\/2022\/01\/covid02.png\" alt=\"\" width=\"402\" height=\"304\" srcset=\"https:\/\/blogsaverroes.juntadeandalucia.es\/iestriana\/files\/2022\/01\/covid02.png 402w, https:\/\/blogsaverroes.juntadeandalucia.es\/iestriana\/files\/2022\/01\/covid02-300x227.png 300w\" sizes=\"(max-width: 402px) 100vw, 402px\" \/><\/a><\/p>\n","protected":false},"excerpt":{"rendered":"<p>Tel\u00e9fono de Informaci\u00f3n Covid: 671598874 USO DE MASCARILLA EN LOS CENTROS Y SERVICIOS EDUCATIVOS DOCENTES (NO UNIVERSITARIOS) DE ANDALUC\u00cdA INFOGRAF\u00cdA COVID 2022. QU\u00c9 HACER PROTOCOLO COVID<\/p>\n","protected":false},"author":2000,"featured_media":0,"parent":0,"menu_order":0,"comment_status":"closed","ping_status":"closed","template":"","meta":{"ngg_post_thumbnail":0,"footnotes":"","_mc_calendar":[]},"aioseo_notices":[],"_links":{"self":[{"href":"https:\/\/blogsaverroes.juntadeandalucia.es\/iestriana\/wp-json\/wp\/v2\/pages\/5604"}],"collection":[{"href":"https:\/\/blogsaverroes.juntadeandalucia.es\/iestriana\/wp-json\/wp\/v2\/pages"}],"about":[{"href":"https:\/\/blogsaverroes.juntadeandalucia.es\/iestriana\/wp-json\/wp\/v2\/types\/page"}],"author":[{"embeddable":true,"href":"https:\/\/blogsaverroes.juntadeandalucia.es\/iestriana\/wp-json\/wp\/v2\/users\/2000"}],"replies":[{"embeddable":true,"href":"https:\/\/blogsaverroes.juntadeandalucia.es\/iestriana\/wp-json\/wp\/v2\/comments?post=5604"}],"version-history":[{"count":10,"href":"https:\/\/blogsaverroes.juntadeandalucia.es\/iestriana\/wp-json\/wp\/v2\/pages\/5604\/revisions"}],"predecessor-version":[{"id":5638,"href":"https:\/\/blogsaverroes.juntadeandalucia.es\/iestriana\/wp-json\/wp\/v2\/pages\/5604\/revisions\/5638"}],"wp:attachment":[{"href":"https:\/\/blogsaverroes.juntadeandalucia.es\/iestriana\/wp-json\/wp\/v2\/media?parent=5604"}],"curies":[{"name":"wp","href":"https:\/\/api.w.org\/{rel}","templated":true}]}}