{"id":5684,"date":"2022-03-28T07:39:46","date_gmt":"2022-03-28T07:39:46","guid":{"rendered":"https:\/\/blogsaverroes.juntadeandalucia.es\/iestriana\/?page_id=5684"},"modified":"2022-04-05T17:03:17","modified_gmt":"2022-04-05T17:03:17","slug":"auxiliares-de-conversacion","status":"publish","type":"page","link":"https:\/\/blogsaverroes.juntadeandalucia.es\/iestriana\/auxiliares-de-conversacion\/","title":{"rendered":"Auxiliares de Conversaci\u00f3n"},"content":{"rendered":"<blockquote><p><span class=\"fontstyle0\">FICHA DE INFORMACI\u00d3N PARA AUXILIARES DE CONVERSACI\u00d3N<\/span><\/p><\/blockquote>\n<table style=\"border: 0px solid black;width: 100%\">\n<tbody>\n<tr style=\"border: 0px solid black;width: 100%\">\n<td style=\"width: 33.3333%;border: 0px solid black\"><a href=\"https:\/\/blogsaverroes.juntadeandalucia.es\/iestriana\/files\/2022\/04\/Ficha-de-Informaci\u00f3n-para-Auxiliares-de-Conversaci\u00f3n.pdf\" target=\"_blank\" rel=\"noopener noreferrer\"><img loading=\"lazy\" decoding=\"async\" class=\"aligncenter wp-image-5699 size-thumbnail\" src=\"https:\/\/blogsaverroes.juntadeandalucia.es\/iestriana\/files\/2022\/04\/fichaAuxiliaresEspa\u00f1ol-150x150.jpg\" alt=\"\" width=\"150\" height=\"150\"><\/a><\/td>\n<td style=\"width: 33.3333%;border: 0px solid black\"><a href=\"https:\/\/blogsaverroes.juntadeandalucia.es\/iestriana\/files\/2022\/04\/Information-Sheet-for-LANGUAGE-Assistants.pdf\" target=\"_blank\" rel=\"noopener noreferrer\"><img loading=\"lazy\" decoding=\"async\" class=\"aligncenter wp-image-5697 size-thumbnail\" src=\"https:\/\/blogsaverroes.juntadeandalucia.es\/iestriana\/files\/2022\/04\/fichaAuxiliaresIngl\u00e9s-150x150.jpg\" alt=\"\" width=\"150\" height=\"150\"><\/a><\/td>\n<td style=\"width: 33.3333%;border: 0px solid black\"><a href=\"https:\/\/blogsaverroes.juntadeandalucia.es\/iestriana\/files\/2022\/04\/Information-assistantsLANGUE.pdf\" target=\"_blank\" rel=\"noopener noreferrer\"><img loading=\"lazy\" decoding=\"async\" class=\"aligncenter wp-image-5698 size-thumbnail\" src=\"https:\/\/blogsaverroes.juntadeandalucia.es\/iestriana\/files\/2022\/04\/fichaAuxiliaresFranc\u00e9s-150x150.jpg\" alt=\"\" width=\"150\" height=\"150\"><\/a><\/td>\n<\/tr>\n<tr style=\"border: 0px solid black;width: 100%\">\n<td style=\"width: 33.3333%;text-align: center;border: 0px solid black\"><strong><span style=\"color: #999999\"><em>Espa\u00f1ol<\/em><\/span><\/strong><\/p>\n<p><span style=\"color: #999999\"><em><strong>Spanish<\/strong><\/em><\/span><\/p>\n<p><span style=\"color: #999999\"><em><strong>Espagnol<\/strong><\/em><\/span><\/td>\n<td style=\"width: 33.3333%;text-align: center;border: 0px solid black\"><strong><span style=\"color: #999999\"><em>Ingl\u00e9s<\/em><\/span><\/strong><\/p>\n<p><em><strong><span style=\"color: #999999\">English<\/span><\/strong><\/em><\/p>\n<p><em><strong><span style=\"color: #999999\">Anglais<\/span><\/strong><\/em><\/td>\n<td style=\"width: 33.3333%;text-align: center;border: 0px solid black\"><strong><span style=\"color: #999999\"><em>Franc\u00e9s<\/em><\/span><\/strong><\/p>\n<p><em><strong><span style=\"color: #999999\">French<\/span><\/strong><\/em><\/p>\n<p><em><strong><span style=\"color: #999999\">Fran\u00e7ais<\/span><\/strong><\/em><\/td>\n<\/tr>\n<\/tbody>\n<\/table>\n","protected":false},"excerpt":{"rendered":"<p>FICHA DE INFORMACI\u00d3N PARA AUXILIARES DE CONVERSACI\u00d3N Espa\u00f1ol Spanish Espagnol Ingl\u00e9s English Anglais Franc\u00e9s French Fran\u00e7ais<\/p>\n","protected":false},"author":2278,"featured_media":0,"parent":0,"menu_order":0,"comment_status":"closed","ping_status":"closed","template":"","meta":{"ngg_post_thumbnail":0,"footnotes":"","_mc_calendar":[]},"aioseo_notices":[],"_links":{"self":[{"href":"https:\/\/blogsaverroes.juntadeandalucia.es\/iestriana\/wp-json\/wp\/v2\/pages\/5684"}],"collection":[{"href":"https:\/\/blogsaverroes.juntadeandalucia.es\/iestriana\/wp-json\/wp\/v2\/pages"}],"about":[{"href":"https:\/\/blogsaverroes.juntadeandalucia.es\/iestriana\/wp-json\/wp\/v2\/types\/page"}],"author":[{"embeddable":true,"href":"https:\/\/blogsaverroes.juntadeandalucia.es\/iestriana\/wp-json\/wp\/v2\/users\/2278"}],"replies":[{"embeddable":true,"href":"https:\/\/blogsaverroes.juntadeandalucia.es\/iestriana\/wp-json\/wp\/v2\/comments?post=5684"}],"version-history":[{"count":12,"href":"https:\/\/blogsaverroes.juntadeandalucia.es\/iestriana\/wp-json\/wp\/v2\/pages\/5684\/revisions"}],"predecessor-version":[{"id":5713,"href":"https:\/\/blogsaverroes.juntadeandalucia.es\/iestriana\/wp-json\/wp\/v2\/pages\/5684\/revisions\/5713"}],"wp:attachment":[{"href":"https:\/\/blogsaverroes.juntadeandalucia.es\/iestriana\/wp-json\/wp\/v2\/media?parent=5684"}],"curies":[{"name":"wp","href":"https:\/\/api.w.org\/{rel}","templated":true}]}}