{"id":5870,"date":"2022-10-10T20:50:19","date_gmt":"2022-10-10T20:50:19","guid":{"rendered":"https:\/\/blogsaverroes.juntadeandalucia.es\/iestriana\/?page_id=5870"},"modified":"2026-03-19T10:02:51","modified_gmt":"2026-03-19T08:02:51","slug":"tutores","status":"publish","type":"page","link":"https:\/\/blogsaverroes.juntadeandalucia.es\/iestriana\/tutores\/","title":{"rendered":"Tutores"},"content":{"rendered":"<p><strong>Listado de tutores para el curso 2025-2026<\/strong><\/p>\n<table style=\"border-collapse: collapse;width: 100%;height: 644px\">\n<tbody>\n<tr style=\"height: 28px\">\n<td style=\"width: 22.8788%;text-align: center;background-color: #bec6ed;height: 28px\"><strong>Curso<\/strong><\/td>\n<td style=\"width: 77.1212%;text-align: center;background-color: #bec6ed;height: 28px\"><strong>Tutor\/a<\/strong><\/td>\n<\/tr>\n<tr>\n<td style=\"width: 22.8788%;text-align: center\" width=\"82\">1\u00ba ESO A<\/td>\n<td style=\"width: 77.1212%\">Pi\u00f1ero Mira, Jos\u00e9<\/td>\n<\/tr>\n<tr>\n<td style=\"width: 22.8788%;text-align: center\" width=\"82\">1\u00ba ESO B<\/td>\n<td style=\"width: 77.1212%\">Garrido Verdugo, Elisa<\/td>\n<\/tr>\n<tr>\n<td style=\"width: 22.8788%;text-align: center\" width=\"82\">1\u00ba ESO C<\/td>\n<td style=\"width: 77.1212%\">Arriazu Novo, Elena<\/td>\n<\/tr>\n<tr>\n<td style=\"width: 22.8788%;text-align: center\" width=\"82\">2\u00ba ESO A<\/td>\n<td style=\"width: 77.1212%\">Cabezas Estrada, Jes\u00fas \u00c1ngel<\/td>\n<\/tr>\n<tr>\n<td style=\"width: 22.8788%;text-align: center\" width=\"82\">2\u00ba ESO B<\/td>\n<td style=\"width: 77.1212%\">Ruiz Ben\u00edtez, Miguel Jes\u00fas<\/td>\n<\/tr>\n<tr>\n<td style=\"width: 22.8788%;text-align: center\" width=\"82\">2\u00ba ESO C<\/td>\n<td style=\"width: 77.1212%\">De Haro Fajardo, Mar\u00eda<\/td>\n<\/tr>\n<tr>\n<td style=\"width: 22.8788%;text-align: center\" width=\"82\">3\u00ba ESO A<\/td>\n<td style=\"width: 77.1212%\">Serrano Gonzalvo, Miguel<\/td>\n<\/tr>\n<tr>\n<td style=\"width: 22.8788%;text-align: center\" width=\"82\">3\u00ba ESO B<\/td>\n<td style=\"width: 77.1212%\">Madrena Orellana, Ana Mar\u00eda<\/td>\n<\/tr>\n<tr>\n<td style=\"width: 22.8788%;text-align: center\" width=\"82\">3\u00ba ESO C<\/td>\n<td style=\"width: 77.1212%\">Gonz\u00e1lez Rufo, Ana<\/td>\n<\/tr>\n<tr>\n<td style=\"width: 22.8788%;text-align: center\" width=\"82\">4\u00ba ESO A<\/td>\n<td style=\"width: 77.1212%\">Espina Ramos, Joaqu\u00edn Jes\u00fas<\/td>\n<\/tr>\n<tr>\n<td style=\"width: 22.8788%;text-align: center\" width=\"82\">4\u00ba ESO B<\/td>\n<td style=\"width: 77.1212%\">Delgado Pardo, Marina<\/td>\n<\/tr>\n<tr>\n<td style=\"width: 22.8788%;text-align: center\" width=\"82\">4\u00ba ESO C<\/td>\n<td style=\"width: 77.1212%\"><span data-sheets-root=\"1\">Fern\u00e1ndez Rejano, Irene<\/span><\/td>\n<\/tr>\n<tr>\n<td style=\"width: 22.8788%;text-align: center\" width=\"82\">1\u00ba&nbsp;BACH&nbsp;A<\/td>\n<td style=\"width: 77.1212%\">Rodr\u00edguez Mart\u00ednez, Mayra<\/td>\n<\/tr>\n<tr>\n<td style=\"width: 22.8788%;text-align: center\" width=\"82\">1\u00baBACH&nbsp;B<\/td>\n<td style=\"width: 77.1212%\">Iglesias Mart\u00ednez Mar\u00eda Jos\u00e9<\/td>\n<\/tr>\n<tr>\n<td style=\"width: 22.8788%;text-align: center\" width=\"82\">2\u00ba&nbsp;BACH&nbsp;A<\/td>\n<td style=\"width: 77.1212%\">Sarri\u00f3n de la Calle, Miguel<\/td>\n<\/tr>\n<tr>\n<td style=\"width: 22.8788%;text-align: center\" width=\"82\">2\u00baBACH&nbsp;B<\/td>\n<td style=\"width: 77.1212%\">Rom\u00e1n Jim\u00e9nez, Roc\u00edo<\/td>\n<\/tr>\n<tr>\n<td style=\"width: 22.8788%;text-align: center\" width=\"82\">1\u00ba ASIR<\/td>\n<td style=\"width: 77.1212%\">Viera Molina, Jacinto<\/td>\n<\/tr>\n<tr>\n<td style=\"width: 22.8788%;text-align: center\" width=\"82\">2\u00ba ASIR<\/td>\n<td style=\"width: 77.1212%\">Le\u00f3n Mart\u00ednez, Ricardo<\/td>\n<\/tr>\n<tr>\n<td style=\"width: 22.8788%;text-align: center\" width=\"82\">1\u00ba&nbsp;FPB<\/td>\n<td style=\"width: 77.1212%\">Carrillo Garc\u00eda, Pablo Jos\u00e9<\/td>\n<\/tr>\n<tr>\n<td style=\"width: 22.8788%;text-align: center\" width=\"82\">2\u00ba&nbsp;FPB<\/td>\n<td style=\"width: 77.1212%\">Bernardo Salamanca, Jos\u00e9 Antonio<\/td>\n<\/tr>\n<tr>\n<td style=\"width: 22.8788%;text-align: center\">AULA ESPEC\u00cdFICA<\/td>\n<td style=\"width: 77.1212%\">L\u00f3pez Guti\u00e9rrez, Olga<\/td>\n<\/tr>\n<\/tbody>\n<\/table>\n","protected":false},"excerpt":{"rendered":"<p>Listado de tutores para el curso 2025-2026 Curso Tutor\/a 1\u00ba ESO A Pi\u00f1ero Mira, Jos\u00e9 1\u00ba ESO B Garrido Verdugo, Elisa 1\u00ba ESO C Arriazu Novo, Elena 2\u00ba ESO A Cabezas Estrada, Jes\u00fas \u00c1ngel 2\u00ba ESO B Ruiz Ben\u00edtez, Miguel Jes\u00fas 2\u00ba ESO C De Haro Fajardo, Mar\u00eda 3\u00ba ESO A Serrano Gonzalvo, Miguel 3\u00ba ESO B Madrena Orellana, Ana&#46;&#46;&#46;<\/p>\n","protected":false},"author":2000,"featured_media":0,"parent":0,"menu_order":0,"comment_status":"closed","ping_status":"closed","template":"","meta":{"ngg_post_thumbnail":0,"footnotes":"","_mc_calendar":[]},"aioseo_notices":[],"_links":{"self":[{"href":"https:\/\/blogsaverroes.juntadeandalucia.es\/iestriana\/wp-json\/wp\/v2\/pages\/5870"}],"collection":[{"href":"https:\/\/blogsaverroes.juntadeandalucia.es\/iestriana\/wp-json\/wp\/v2\/pages"}],"about":[{"href":"https:\/\/blogsaverroes.juntadeandalucia.es\/iestriana\/wp-json\/wp\/v2\/types\/page"}],"author":[{"embeddable":true,"href":"https:\/\/blogsaverroes.juntadeandalucia.es\/iestriana\/wp-json\/wp\/v2\/users\/2000"}],"replies":[{"embeddable":true,"href":"https:\/\/blogsaverroes.juntadeandalucia.es\/iestriana\/wp-json\/wp\/v2\/comments?post=5870"}],"version-history":[{"count":8,"href":"https:\/\/blogsaverroes.juntadeandalucia.es\/iestriana\/wp-json\/wp\/v2\/pages\/5870\/revisions"}],"predecessor-version":[{"id":6577,"href":"https:\/\/blogsaverroes.juntadeandalucia.es\/iestriana\/wp-json\/wp\/v2\/pages\/5870\/revisions\/6577"}],"wp:attachment":[{"href":"https:\/\/blogsaverroes.juntadeandalucia.es\/iestriana\/wp-json\/wp\/v2\/media?parent=5870"}],"curies":[{"name":"wp","href":"https:\/\/api.w.org\/{rel}","templated":true}]}}