{"id":5996,"date":"2023-04-11T10:20:09","date_gmt":"2023-04-11T10:20:09","guid":{"rendered":"https:\/\/blogsaverroes.juntadeandalucia.es\/iestriana\/?page_id=5996"},"modified":"2025-10-31T11:38:38","modified_gmt":"2025-10-31T09:38:38","slug":"oferta-educativa","status":"publish","type":"page","link":"https:\/\/blogsaverroes.juntadeandalucia.es\/iestriana\/oferta-educativa\/","title":{"rendered":"Oferta Educativa"},"content":{"rendered":"<table>\n<tbody>\n<tr style=\"background-color: #3e6623\">\n<td><span style=\"color: #ffffff\"><strong>Educaci\u00f3n Secundaria Obligatoria (ESO) Pluriling\u00fce<\/strong>&nbsp;<\/span><\/td>\n<td><span style=\"color: #ffffff\">Dos l\u00edneas L2 ingl\u00e9s y L3 franc\u00e9s<\/span><br \/>\n<span style=\"color: #ffffff\">Una l\u00ednea L2 franc\u00e9s y L3 ingl\u00e9s<\/span><br \/>\n<a href=\"https:\/\/drive.google.com\/file\/d\/10my4dyBMQ9L5gV1ciGbzfeuRd3bV4pHp\/view?usp=sharing\" target=\"_blank\" rel=\"noopener\"><strong><span style=\"color: #ffffff\">Presentaci\u00f3n ESO para las familias<\/span><\/strong><\/a><\/p>\n<p style=\"text-align: center\"><img loading=\"lazy\" decoding=\"async\" class=\"aligncenter wp-image-6103\" src=\"https:\/\/blogsaverroes.juntadeandalucia.es\/iestriana\/files\/2023\/09\/icoPDF.png\" alt=\"\" width=\"65\" height=\"65\"><\/p>\n<\/td>\n<\/tr>\n<tr>\n<td><strong>Bachillerato Pluriling\u00fce (L2 ingl\u00e9s, L3 franc\u00e9s) y no Pluriling\u00fce (todas las asignaturas no ling\u00fc\u00edsticas en espa\u00f1ol)<\/strong><br \/>\nBachillerato de Ciencias y Tecnolog\u00eda<br \/>\nBachillerato de Humanidades y Ciencias Sociales<\/td>\n<td><strong><a href=\"https:\/\/drive.google.com\/file\/d\/1k3iEwZ1532Z-9V6KmwfW3kwv8M1yrqu7\/view?usp=sharing\" target=\"_blank\" rel=\"noopener noreferrer\">Presentaci\u00f3n Bachillerato<\/a><\/strong>&nbsp;<\/p>\n<p><img loading=\"lazy\" decoding=\"async\" class=\"aligncenter wp-image-6103\" src=\"https:\/\/blogsaverroes.juntadeandalucia.es\/iestriana\/files\/2023\/09\/icoPDF.png\" alt=\"\" width=\"64\" height=\"64\"><\/p>\n<p style=\"text-align: center\">&nbsp;<a href=\"https:\/\/www.juntadeandalucia.es\/educacion\/portals\/en\/web\/plurilinguismo\/centros-bilingues\">PORTAL DEL PLURILING\u00dcISMO JUNTA DE ANDALUCIA<\/a><\/p>\n<\/td>\n<\/tr>\n<tr>\n<td><strong>Bachillerato-Baccalaur\u00e9at (Bachibac)<\/strong><\/td>\n<td>\n<p style=\"text-align: center\"><a href=\"https:\/\/www.educacionfpydeportes.gob.es\/va\/mc\/bachibac\/presentacion\/programa.html\">Web BACHIBAC del MEC<\/a><\/p>\n<p style=\"text-align: center\"><a href=\"https:\/\/www.juntadeandalucia.es\/educacion\/portals\/en\/web\/plurilinguismo\/bachibac\">Web pluriling\u00fcismo-Bachibac CONSEJER\u00cdA DE EDUCACI\u00d3N, CULTURA Y DEPORTE DE LA JUNTA DE ANDALUC\u00cdA<\/a><\/p>\n<\/td>\n<\/tr>\n<tr style=\"background-color: #3e6623\">\n<td><span style=\"color: #ffffff\"><strong>FORMACI\u00d3N PROFESIONAL B\u00c1SICA<\/strong><\/span><\/td>\n<td><a href=\"https:\/\/www.todofp.es\/que-estudiar\/familias-profesionales\/informatica-comunicaciones\/informatica-comunicaciones.html\" target=\"_blank\" rel=\"noopener\"><span style=\"color: #ffffff\">1\u00ba y 2\u00ba curso &nbsp;(Inform\u00e1tica y Telecomunicaciones)<\/span><\/a><\/td>\n<\/tr>\n<tr>\n<td><strong>CICLO FORMATIVO DE GRADO SUPERIOR<\/strong><\/td>\n<td style=\"text-align: center\"><a href=\"https:\/\/portals.ced.junta-andalucia.es\/educacion\/portals\/web\/formacion-profesional-andaluza\/por-titulacion\/fp-grado-superior\/detalle-titulo?idTitulo=50\" target=\"_blank\" rel=\"noopener\">Administraci\u00f3n De Sistemas Inform\u00e1ticos En Red (Biling\u00fce)<\/a><\/td>\n<\/tr>\n<\/tbody>\n<\/table>\n<p>&nbsp;<\/p>\n","protected":false},"excerpt":{"rendered":"<p>Educaci\u00f3n Secundaria Obligatoria (ESO) Pluriling\u00fce&nbsp; Dos l\u00edneas L2 ingl\u00e9s y L3 franc\u00e9s Una l\u00ednea L2 franc\u00e9s y L3 ingl\u00e9s Presentaci\u00f3n ESO para las familias Bachillerato Pluriling\u00fce (L2 ingl\u00e9s, L3 franc\u00e9s) y no Pluriling\u00fce (todas las asignaturas no ling\u00fc\u00edsticas en espa\u00f1ol) Bachillerato de Ciencias y Tecnolog\u00eda Bachillerato de Humanidades y Ciencias Sociales Presentaci\u00f3n Bachillerato&nbsp; &nbsp;PORTAL DEL PLURILING\u00dcISMO JUNTA DE ANDALUCIA Bachillerato-Baccalaur\u00e9at&#46;&#46;&#46;<\/p>\n","protected":false},"author":2000,"featured_media":0,"parent":0,"menu_order":0,"comment_status":"closed","ping_status":"closed","template":"","meta":{"ngg_post_thumbnail":0,"footnotes":"","_mc_calendar":[]},"aioseo_notices":[],"_links":{"self":[{"href":"https:\/\/blogsaverroes.juntadeandalucia.es\/iestriana\/wp-json\/wp\/v2\/pages\/5996"}],"collection":[{"href":"https:\/\/blogsaverroes.juntadeandalucia.es\/iestriana\/wp-json\/wp\/v2\/pages"}],"about":[{"href":"https:\/\/blogsaverroes.juntadeandalucia.es\/iestriana\/wp-json\/wp\/v2\/types\/page"}],"author":[{"embeddable":true,"href":"https:\/\/blogsaverroes.juntadeandalucia.es\/iestriana\/wp-json\/wp\/v2\/users\/2000"}],"replies":[{"embeddable":true,"href":"https:\/\/blogsaverroes.juntadeandalucia.es\/iestriana\/wp-json\/wp\/v2\/comments?post=5996"}],"version-history":[{"count":22,"href":"https:\/\/blogsaverroes.juntadeandalucia.es\/iestriana\/wp-json\/wp\/v2\/pages\/5996\/revisions"}],"predecessor-version":[{"id":6491,"href":"https:\/\/blogsaverroes.juntadeandalucia.es\/iestriana\/wp-json\/wp\/v2\/pages\/5996\/revisions\/6491"}],"wp:attachment":[{"href":"https:\/\/blogsaverroes.juntadeandalucia.es\/iestriana\/wp-json\/wp\/v2\/media?parent=5996"}],"curies":[{"name":"wp","href":"https:\/\/api.w.org\/{rel}","templated":true}]}}