{"id":6591,"date":"2026-04-07T11:00:49","date_gmt":"2026-04-07T09:00:49","guid":{"rendered":"https:\/\/blogsaverroes.juntadeandalucia.es\/iestriana\/?page_id=6591"},"modified":"2026-04-20T12:35:19","modified_gmt":"2026-04-20T10:35:19","slug":"historia-del-centro","status":"publish","type":"page","link":"https:\/\/blogsaverroes.juntadeandalucia.es\/iestriana\/historia-del-centro\/","title":{"rendered":"Historia del centro"},"content":{"rendered":"<div class=\"paragraph is-rich-chat-ui normal ng-star-inserted\" data-start-index=\"9859\"><span class=\"highlighted ng-star-inserted\" data-start-index=\"9859\"><a href=\"https:\/\/blogsaverroes.juntadeandalucia.es\/iestriana\/files\/2026\/04\/iestriana_old.jpg\"><img loading=\"lazy\" decoding=\"async\" class=\" wp-image-6607 alignleft\" src=\"https:\/\/blogsaverroes.juntadeandalucia.es\/iestriana\/files\/2026\/04\/iestriana_old.jpg\" alt=\"\" width=\"513\" height=\"339\" srcset=\"https:\/\/blogsaverroes.juntadeandalucia.es\/iestriana\/files\/2026\/04\/iestriana_old.jpg 834w, https:\/\/blogsaverroes.juntadeandalucia.es\/iestriana\/files\/2026\/04\/iestriana_old-300x198.jpg 300w, https:\/\/blogsaverroes.juntadeandalucia.es\/iestriana\/files\/2026\/04\/iestriana_old-768x507.jpg 768w\" sizes=\"(max-width: 513px) 100vw, 513px\" \/><\/a>El IES Triana es un centro escolar integrado en la red p\u00fablica de centros de <\/span><span class=\"highlighted ng-star-inserted\" data-start-index=\"9936\">ense\u00f1anza secundaria de la Junta de Andaluc\u00eda. Se encuentra situado en la calle San Jacinto, <\/span><span class=\"highlighted ng-star-inserted\" data-start-index=\"10029\">en el barrio de Triana del que toma su nombre. Desde su inauguraci\u00f3n, en el curso <\/span><span class=\"highlighted ng-star-inserted\" data-start-index=\"10111\"><strong>1986\/1987<\/strong>, ocupa un edificio de nueva construcci\u00f3n en la calle San Jacinto, levantado en el&nbsp;<\/span><span class=\"highlighted ng-star-inserted\" data-start-index=\"10203\">solar de lo que antes fue la f\u00e1brica de cer\u00e1mica de Manuel Ramos Rejano. <\/span><span class=\"highlighted ng-star-inserted\" data-start-index=\"10278\">La edificaci\u00f3n, dise\u00f1ada por los arquitectos Antonio Cruz y Antonio Ortiz, ocupa <\/span><span class=\"ng-star-inserted\" data-start-index=\"10359\">una parcela de 4700 m2. Y se articula en torno a un patio central, rectangular, cuyos lados <\/span><span class=\"ng-star-inserted\" data-start-index=\"10451\">cortos conforman, hacia el norte la zona de administraci\u00f3n, la biblioteca, y hacia el sur, un&nbsp;<\/span><span class=\"ng-star-inserted\" data-start-index=\"10545\">gimnasio de unos 200 m2 de superficie, y los m\u00e1s largos, izquierdo y derecho, distribuidos <\/span><span class=\"ng-star-inserted\" data-start-index=\"10638\">en uno y dos niveles respectivamente, acogen el aulario, con aulas de diversa tipolog\u00eda&nbsp;<\/span><span class=\"ng-star-inserted\" data-start-index=\"10726\">(aulas convencionales, aulas TIC, laboratorios, taller de Tecnolog\u00eda,\u2026) y las sedes de los&nbsp;<\/span><span class=\"ng-star-inserted\" data-start-index=\"10818\">diversos departamentos did\u00e1cticos. <\/span><\/div>\n<div data-start-index=\"10726\">&nbsp;<\/div>\n<div class=\"paragraph is-rich-chat-ui normal ng-star-inserted\" data-start-index=\"11045\"><span class=\"ng-star-inserted\" data-start-index=\"11045\">El centro cuenta con la dotaci\u00f3n b\u00e1sica de los de su tipolog\u00eda, y con dotaci\u00f3n&nbsp;<\/span><span class=\"ng-star-inserted\" data-start-index=\"11124\">adicional derivada de su participaci\u00f3n en diversos proyectos educativos (centro TIC, centro&nbsp;<\/span><span class=\"ng-star-inserted\" data-start-index=\"11216\">pluriling\u00fce, etc.), de donaciones y de adquisiciones diversas financiadas con recursos <\/span><span class=\"ng-star-inserted\" data-start-index=\"11303\">propios durante m\u00e1s de sus 30 a\u00f1os de funcionamiento. <\/span><\/div>\n<div data-start-index=\"11216\">&nbsp;<\/div>\n<div class=\"paragraph is-rich-chat-ui normal ng-star-inserted\" data-start-index=\"11350\"><span class=\"ng-star-inserted\" data-start-index=\"11350\">Por lo que respecta al aulario, el centro dispone de 16 aulas todas dotadas con pizarra digital t\u00e1ctil<\/span><span class=\"ng-star-inserted\" data-start-index=\"11438\">&nbsp;y 15 aulas espec\u00edficas (dos aulas TIC, <\/span><span class=\"ng-star-inserted\" data-start-index=\"11528\">dos aulas laboratorio, un aula de M\u00fasica, un aula taller de Tecnolog\u00eda, un aula de Educaci\u00f3n <\/span><span class=\"ng-star-inserted\" data-start-index=\"11621\">Pl\u00e1stica, un aula de apoyo a la integraci\u00f3n, un aula espec\u00edfica de <\/span><span class=\"ng-star-inserted\" data-start-index=\"11712\">Educaci\u00f3n Especial, dos aulas del ciclo superior de inform\u00e1tica y dos aulas de FPB) y una&nbsp;<\/span><span class=\"ng-star-inserted\" data-start-index=\"11802\">sala de usos m\u00faltiples (SUM). <\/span><\/div>\n<div data-start-index=\"11802\">&nbsp;<\/div>\n<div class=\"paragraph is-rich-chat-ui normal ng-star-inserted\" data-start-index=\"11833\"><span class=\"ng-star-inserted\" data-start-index=\"11833\">La dotaci\u00f3n de la mayor\u00eda de los departamentos did\u00e1cticos es deficiente, sobre todo <\/span><span class=\"ng-star-inserted\" data-start-index=\"11917\">de mobiliario, puesto que se han renovado equipos inform\u00e1ticos y se han equipado con aire&nbsp;<\/span><span class=\"ng-star-inserted\" data-start-index=\"12007\">acondicionado, realiz\u00e1ndose algunas <\/span><span class=\"ng-star-inserted\" data-start-index=\"12094\">adecuaciones de obra, como en el Dpto. Biolog\u00eda, de forma que ahora son m\u00e1s confortables <\/span><span class=\"ng-star-inserted\" data-start-index=\"12183\">para el trabajo diario. El Departamento de Orientaci\u00f3n ha recibido dotaci\u00f3n de mobiliario y <\/span><span class=\"ng-star-inserted\" data-start-index=\"12275\">otras mejoras tecnol\u00f3gicas. <\/span><\/div>\n<div data-start-index=\"12007\">&nbsp;<\/div>\n<div class=\"paragraph is-rich-chat-ui normal ng-star-inserted\" data-start-index=\"12304\"><span class=\"ng-star-inserted\" data-start-index=\"12304\">El alumnado que cursa estudios en el centro procede mayoritariamente de su \u00e1rea de <\/span><span class=\"ng-star-inserted\" data-start-index=\"12387\">influencia (el distrito escolar Triana-Los Remedios). En concreto, la mayor\u00eda del alumnado&nbsp;<\/span><span class=\"ng-star-inserted\" data-start-index=\"12478\">que ingresa en 1\u00ba de ESO procede de los dos CEIP adscritos al centro, el CEIP Jos\u00e9 M\u00aa del <\/span><span class=\"ng-star-inserted\" data-start-index=\"12568\">Campo y CEIP San Jacinto, con una adscripci\u00f3n del 100% y del 50% respectivamente.&nbsp;<\/span><span class=\"ng-star-inserted\" data-start-index=\"12651\">La procedencia del alumnado de bachillerato es m\u00e1s diversa, al incorporarse a este <\/span><span class=\"ng-star-inserted\" data-start-index=\"12734\">nivel muchos alumnos procedentes de la ense\u00f1anza privada, sin conciertos educativos para&nbsp;<\/span><span class=\"ng-star-inserted\" data-start-index=\"13048\">la ense\u00f1anza postobligatoria. La mayor\u00eda de este alumnado procede de la zona de <\/span><span class=\"ng-star-inserted\" data-start-index=\"13128\">escolarizaci\u00f3n del centro o de \u00e1reas colindantes. No obstante, desde el curso 2021\/2022, en&nbsp;<\/span><span class=\"ng-star-inserted\" data-start-index=\"13220\">bachillerato tenemos adscrito el IES Nuestra Se\u00f1ora del Rosario con un 10% de sus alumnos. <\/span><\/div>\n<div data-start-index=\"13220\">&nbsp;<\/div>\n<div class=\"paragraph is-rich-chat-ui normal ng-star-inserted\" data-start-index=\"13311\"><span class=\"ng-star-inserted\" data-start-index=\"13311\">En el curso 2017-2018 la Consejer\u00eda de Educaci\u00f3n, por medio de la Agencia <\/span><span class=\"ng-star-inserted\" data-start-index=\"13385\">Andaluza de Evaluaci\u00f3n Educativa, le envi\u00f3 unos cuestionarios dirigidos a las familias del&nbsp;<\/span><span class=\"ng-star-inserted\" data-start-index=\"13476\">alumnado de 1\u00ba de ESO del centro. El objetivo de estos cuestionarios era recabar <\/span><span class=\"ng-star-inserted\" data-start-index=\"13557\">informaci\u00f3n para profundizar en el conocimiento de la realidad educativa de nuestra&nbsp;<\/span><span class=\"ng-star-inserted\" data-start-index=\"13641\">Comunidad Aut\u00f3noma. Las familias han aportado datos de tipo social, cultural y econ\u00f3mico <\/span><span class=\"ng-star-inserted\" data-start-index=\"13730\">que permiten definir el contexto de los centros educativos andaluces, as\u00ed como otras&nbsp;<\/span><span class=\"ng-star-inserted\" data-start-index=\"13815\">informaciones complementarias. <\/span><\/div>\n<div data-start-index=\"13815\">&nbsp;<\/div>\n<div class=\"paragraph is-rich-chat-ui normal ng-star-inserted\" data-start-index=\"13847\"><span class=\"ng-star-inserted\" data-start-index=\"13847\">Tras el an\u00e1lisis de esos datos, la Agencia Andaluza de Evaluaci\u00f3n Educativa ha <\/span><span class=\"ng-star-inserted\" data-start-index=\"13926\">procedido a realizar el c\u00e1lculo del \u00cdndice Socioecon\u00f3mico y Cultural (ISC) de cada uno de&nbsp;<\/span><span class=\"ng-star-inserted\" data-start-index=\"14016\">los centros educativos andaluces que imparten este nivel educativo, a partir de variables <\/span><span class=\"ng-star-inserted\" data-start-index=\"14106\">como: nivel formativo y ocupacional de los padres y madres, el n\u00famero de personas que&nbsp;<\/span><span class=\"ng-star-inserted\" data-start-index=\"14192\">conviven en el hogar, el n\u00famero de libros, n\u00famero de dispositivos de informaci\u00f3n digital y&nbsp;<\/span><span class=\"ng-star-inserted\" data-start-index=\"14283\">otras variables de car\u00e1cter econ\u00f3mico y cultural.&nbsp;<\/span><span class=\"ng-star-inserted\" data-start-index=\"14334\">Cada alumno y alumna tiene asignado un ISC. El ISC de un centro es la media de los <\/span><span class=\"ng-star-inserted\" data-start-index=\"14417\">ISC de su alumnado. Los ISC de los centros est\u00e1n comprendidos entre -2.3 y 1.4 Se&nbsp;<\/span><span class=\"ng-star-inserted\" data-start-index=\"14499\">distribuyen en 10 tramos, de manera que un mayor \u00edndice de ISC supone pertenecer a un <\/span><span class=\"ng-star-inserted\" data-start-index=\"14585\">tramo superior. Los datos para el centro son: ISC: 0,52 y tramo de ISC: 9. Esta informaci\u00f3n&nbsp;<\/span><span class=\"ng-star-inserted\" data-start-index=\"14677\">nos permite contextualizar el contexto socioeconomico y cultural del alumnado del centro. <\/span><\/div>\n<div data-start-index=\"14677\">&nbsp;<\/div>\n<div class=\"paragraph is-rich-chat-ui normal ng-star-inserted\" data-start-index=\"14767\"><span class=\"ng-star-inserted\" data-start-index=\"14767\">En cuanto a la oferta educativa, desde sus comienzos, el centro ha impartido estudios <\/span><span class=\"ng-star-inserted\" data-start-index=\"14853\">de secundaria obligatoria y postobligatoria (inicialmente B.U.P. y C.O.U.; actualmente&nbsp;<\/span><span class=\"ng-star-inserted\" data-start-index=\"14940\">E.S.O. y Bachillerato). Esa oferta educativa fue ampli\u00e1ndose, en los a\u00f1os noventa, con la <\/span><span class=\"ng-star-inserted\" data-start-index=\"15030\">incorporaci\u00f3n de Programas de Garant\u00eda Social y de Cualificaci\u00f3n Profesional, hoy&nbsp;<\/span><span class=\"ng-star-inserted\" data-start-index=\"15112\">extinguidos, y en la actualidad con estudios de Formaci\u00f3n Profesional B\u00e1sica y de <\/span><span class=\"ng-star-inserted\" data-start-index=\"15194\">Formaci\u00f3n Profesional de Grado Superior de la familia profesional de Inform\u00e1tica). As\u00ed, la&nbsp;<\/span><span class=\"ng-star-inserted\" data-start-index=\"15285\">oferta educativa vigente incluye E.S.O., Bachillerato de Ciencias y de Humanidades y <\/span><span class=\"ng-star-inserted\" data-start-index=\"15370\">Ciencias Sociales, la titulaci\u00f3n de Formaci\u00f3n Profesional B\u00e1sica de \u201cInform\u00e1tica y&nbsp;<\/span><span class=\"ng-star-inserted\" data-start-index=\"15453\">Comunicaciones\u201d y el Ciclo Formativo de Grado Superior \u201cAdministraci\u00f3n de Sistemas <\/span><span class=\"ng-star-inserted\" data-start-index=\"15536\">Inform\u00e1ticos en Red\u00bb.<\/span><\/div>\n<div data-start-index=\"15453\">&nbsp;<\/div>\n<div class=\"paragraph is-rich-chat-ui normal ng-star-inserted\" data-start-index=\"15557\"><span class=\"ng-star-inserted\" data-start-index=\"15557\">Dicha oferta se ha enriquecido con la implantaci\u00f3n de diversos Programas <\/span><span class=\"ng-star-inserted\" data-start-index=\"15630\">Educativos, especialmente relacionados con el uso de las nuevas tecnolog\u00edas (somos centro&nbsp;<\/span><span class=\"ng-star-inserted\" data-start-index=\"15720\">TIC desde el curso 1994\/1995) y la ense\u00f1anza y aprendizaje de lenguas extranjeras. As\u00ed, en <\/span><span class=\"ng-star-inserted\" data-start-index=\"15811\">el curso 1998\/1999 comenz\u00f3 a funcionar una l\u00ednea biling\u00fce de franc\u00e9s, y en el curso&nbsp;<\/span><span class=\"ng-star-inserted\" data-start-index=\"15895\">2009\/2010 se a\u00f1adi\u00f3 una l\u00ednea biling\u00fce de Ingl\u00e9s, convirti\u00e9ndose el IES Triana en uno de los <\/span><span class=\"ng-star-inserted\" data-start-index=\"15988\">primeros centros pluriling\u00fces de ense\u00f1anza secundaria de Andaluc\u00eda, incluido Bachibac.&nbsp;<\/span><span class=\"ng-star-inserted\" data-start-index=\"16076\">El funcionamiento del centro se configura en torno a una plantilla estable de <\/span><span class=\"ng-star-inserted\" data-start-index=\"16154\">profesorado y personal de administraci\u00f3n y servicios. <\/span><\/div>\n","protected":false},"excerpt":{"rendered":"<p>El IES Triana es un centro escolar integrado en la red p\u00fablica de centros de ense\u00f1anza secundaria de la Junta de Andaluc\u00eda. Se encuentra situado en la calle San Jacinto, en el barrio de Triana del que toma su nombre. Desde su inauguraci\u00f3n, en el curso 1986\/1987, ocupa un edificio de nueva construcci\u00f3n en la calle San Jacinto, levantado en&#46;&#46;&#46;<\/p>\n","protected":false},"author":2000,"featured_media":0,"parent":0,"menu_order":0,"comment_status":"closed","ping_status":"closed","template":"","meta":{"ngg_post_thumbnail":0,"footnotes":"","_mc_calendar":[]},"aioseo_notices":[],"_links":{"self":[{"href":"https:\/\/blogsaverroes.juntadeandalucia.es\/iestriana\/wp-json\/wp\/v2\/pages\/6591"}],"collection":[{"href":"https:\/\/blogsaverroes.juntadeandalucia.es\/iestriana\/wp-json\/wp\/v2\/pages"}],"about":[{"href":"https:\/\/blogsaverroes.juntadeandalucia.es\/iestriana\/wp-json\/wp\/v2\/types\/page"}],"author":[{"embeddable":true,"href":"https:\/\/blogsaverroes.juntadeandalucia.es\/iestriana\/wp-json\/wp\/v2\/users\/2000"}],"replies":[{"embeddable":true,"href":"https:\/\/blogsaverroes.juntadeandalucia.es\/iestriana\/wp-json\/wp\/v2\/comments?post=6591"}],"version-history":[{"count":6,"href":"https:\/\/blogsaverroes.juntadeandalucia.es\/iestriana\/wp-json\/wp\/v2\/pages\/6591\/revisions"}],"predecessor-version":[{"id":6612,"href":"https:\/\/blogsaverroes.juntadeandalucia.es\/iestriana\/wp-json\/wp\/v2\/pages\/6591\/revisions\/6612"}],"wp:attachment":[{"href":"https:\/\/blogsaverroes.juntadeandalucia.es\/iestriana\/wp-json\/wp\/v2\/media?parent=6591"}],"curies":[{"name":"wp","href":"https:\/\/api.w.org\/{rel}","templated":true}]}}