{"id":1076,"date":"2020-04-29T18:02:54","date_gmt":"2020-04-29T16:02:54","guid":{"rendered":"https:\/\/blogsaverroes.juntadeandalucia.es\/iesvaetwinning\/?page_id=1076"},"modified":"2020-11-15T16:49:47","modified_gmt":"2020-11-15T15:49:47","slug":"destacamos","status":"publish","type":"page","link":"https:\/\/blogsaverroes.juntadeandalucia.es\/iesvaetwinning\/destacamos\/","title":{"rendered":"Destacamos"},"content":{"rendered":"<p>&nbsp;<\/p>\n<table class=\" aligncenter\" style=\"height: 257px;width: 745px\">\n<tbody>\n<tr style=\"height: 27.8125px\">\n<td style=\"width: 232px;height: 27.8125px\">\n<h2><img loading=\"lazy\" decoding=\"async\" class=\"alignnone wp-image-1085\" style=\"font-size: 16px\" src=\"https:\/\/blogsaverroes.juntadeandalucia.es\/iesvaetwinning\/files\/2020\/04\/spotlight-297727_960_720-300x226.jpg\" alt=\"\" width=\"210\" height=\"158\" srcset=\"https:\/\/blogsaverroes.juntadeandalucia.es\/iesvaetwinning\/files\/2020\/04\/spotlight-297727_960_720-300x226.jpg 300w, https:\/\/blogsaverroes.juntadeandalucia.es\/iesvaetwinning\/files\/2020\/04\/spotlight-297727_960_720-768x578.jpg 768w, https:\/\/blogsaverroes.juntadeandalucia.es\/iesvaetwinning\/files\/2020\/04\/spotlight-297727_960_720-24x18.jpg 24w, https:\/\/blogsaverroes.juntadeandalucia.es\/iesvaetwinning\/files\/2020\/04\/spotlight-297727_960_720-36x27.jpg 36w, https:\/\/blogsaverroes.juntadeandalucia.es\/iesvaetwinning\/files\/2020\/04\/spotlight-297727_960_720-48x36.jpg 48w, https:\/\/blogsaverroes.juntadeandalucia.es\/iesvaetwinning\/files\/2020\/04\/spotlight-297727_960_720.jpg 957w\" sizes=\"(max-width: 210px) 100vw, 210px\" \/><\/h2>\n<\/td>\n<td style=\"width: 254px;height: 27.8125px\">\n<h2 style=\"text-align: center\"><span style=\"font-size: 24pt;color: #000080\">Actividad destacada<\/span><\/h2>\n<h2>&nbsp;<\/h2>\n<h2 style=\"text-align: center\"><span style=\"color: #000080\">Highlight<\/span><\/h2>\n<\/td>\n<td style=\"width: 237px;height: 27.8125px\">\n<h2><span style=\"color: #ff0000;font-size: 24pt\"><img loading=\"lazy\" decoding=\"async\" class=\"wp-image-1086 aligncenter\" src=\"https:\/\/blogsaverroes.juntadeandalucia.es\/iesvaetwinning\/files\/2020\/04\/highlight-2022407__340-221x300.jpg\" alt=\"\" width=\"129\" height=\"175\" srcset=\"https:\/\/blogsaverroes.juntadeandalucia.es\/iesvaetwinning\/files\/2020\/04\/highlight-2022407__340-221x300.jpg 221w, https:\/\/blogsaverroes.juntadeandalucia.es\/iesvaetwinning\/files\/2020\/04\/highlight-2022407__340-18x24.jpg 18w, https:\/\/blogsaverroes.juntadeandalucia.es\/iesvaetwinning\/files\/2020\/04\/highlight-2022407__340-26x36.jpg 26w, https:\/\/blogsaverroes.juntadeandalucia.es\/iesvaetwinning\/files\/2020\/04\/highlight-2022407__340-35x48.jpg 35w, https:\/\/blogsaverroes.juntadeandalucia.es\/iesvaetwinning\/files\/2020\/04\/highlight-2022407__340.jpg 250w\" sizes=\"(max-width: 129px) 100vw, 129px\" \/><\/span><\/h2>\n<\/td>\n<\/tr>\n<\/tbody>\n<\/table>\n<p><span style=\"font-size: 14pt\"><strong><span style=\"color: #ff0000;font-size: 18pt\">E<\/span><\/strong>l <a href=\"https:\/\/twinspace.etwinning.net\/90484\/home\" target=\"_blank\" rel=\"noopener noreferrer\">proyecto<\/a> \u00ab<span style=\"color: #993366;font-size: 18pt\">Women with conscience and Science. Marie Curie. Looking for eTwinnio<\/span>\u00bb est\u00e1 llegando a su final y ya tiene publicada su revista sobre mujeres cient\u00edficas de todos los tiempos y nacionalidades. Os invitamos a saber de ellas de la mano de alumnado de Eslovaquia, Grecia, Turqu\u00eda y Espa\u00f1a.&nbsp;<span style=\"color: #3366ff\"> #eTwinnio19&nbsp;<\/span><\/span><\/p>\n<p><span style=\"font-size: 14pt\"><strong><span style=\"color: #ff0000;font-size: 18pt\">T<\/span><\/strong>ambi\u00e9n puedes leer el cuento sobre la familia de Marie Curie.<\/span>&nbsp;<span style=\"color: #3366ff;font-size: 18pt\"> <a style=\"color: #3366ff\" href=\"https:\/\/www.storyjumper.com\/book\/read\/85259255\/5ee7127cb079e\" target=\"_blank\" rel=\"noopener noreferrer\">Versi\u00f3n en espa\u00f1ol<\/a><\/span><\/p>\n<p style=\"text-align: center\"><iframe loading=\"lazy\" src=\"https:\/\/madmagz.com\/magazine\/embed\/1740906?layout=1\" width=\"300\" height=\"424\" frameborder=\"0\" scrolling=\"no\"><\/iframe>&nbsp; &nbsp; &nbsp; &nbsp; &nbsp; &nbsp; &nbsp; <img loading=\"lazy\" decoding=\"async\" class=\"alignnone wp-image-1157 size-medium\" src=\"https:\/\/blogsaverroes.juntadeandalucia.es\/iesvaetwinning\/files\/2020\/06\/IMG_20200611_185950-e1592291416429-272x300.jpg\" alt=\"\" width=\"272\" height=\"300\" srcset=\"https:\/\/blogsaverroes.juntadeandalucia.es\/iesvaetwinning\/files\/2020\/06\/IMG_20200611_185950-e1592291416429-272x300.jpg 272w, https:\/\/blogsaverroes.juntadeandalucia.es\/iesvaetwinning\/files\/2020\/06\/IMG_20200611_185950-e1592291416429-768x848.jpg 768w, https:\/\/blogsaverroes.juntadeandalucia.es\/iesvaetwinning\/files\/2020\/06\/IMG_20200611_185950-e1592291416429-928x1024.jpg 928w, https:\/\/blogsaverroes.juntadeandalucia.es\/iesvaetwinning\/files\/2020\/06\/IMG_20200611_185950-e1592291416429-22x24.jpg 22w, https:\/\/blogsaverroes.juntadeandalucia.es\/iesvaetwinning\/files\/2020\/06\/IMG_20200611_185950-e1592291416429-33x36.jpg 33w, https:\/\/blogsaverroes.juntadeandalucia.es\/iesvaetwinning\/files\/2020\/06\/IMG_20200611_185950-e1592291416429-43x48.jpg 43w, https:\/\/blogsaverroes.juntadeandalucia.es\/iesvaetwinning\/files\/2020\/06\/IMG_20200611_185950-e1592291416429.jpg 1080w\" sizes=\"(max-width: 272px) 100vw, 272px\" \/><\/p>\n<p>&nbsp;<\/p>\n<p><span style=\"font-size: 14pt\">The <a href=\"https:\/\/twinspace.etwinning.net\/90484\/home\" target=\"_blank\" rel=\"noopener noreferrer\">project<\/a> <span style=\"color: #993366\">Women with conscience and Science. Marie Curie. Looking for eTwinnio<\/span> comes to an end and has already published its magazine about women scientist of all times and nationalities. You can learn about them by students from Spain, Turkey, Greece and Slovakia. <\/span><\/p>\n<p><span style=\"font-size: 14pt\">We also have a story about Marie Curie&#8217;s family. For <a href=\"https:\/\/www.storyjumper.com\/book\/read\/85259255\/5ee7127cb079e\" target=\"_blank\" rel=\"noopener noreferrer\">Spanish edition<\/a><\/span><\/p>\n<p><span style=\"font-size: 14pt\">Le projet \u00abFemmes avec conscience et science. Marie Curie. Looking for eTwinnio\u00bb arrive \u00e0 son terme et a d\u00e9j\u00e0 publi\u00e9 son magazine sur les femmes scientifiques de tous les temps et de toutes les nationalit\u00e9s. Nous vous invitons \u00e0 les d\u00e9couvrir aupr\u00e8s d&#8217;\u00e9tudiants de Slovaquie, de Gr\u00e8ce, de Turquie et d&#8217;Espagne.&nbsp; #eTwinnio19&nbsp;<\/span><\/p>\n<p><span style=\"font-size: 14pt\">Vous pouvez \u00e9galement lire l&#8217;histoire de la famille de Marie Curie.&nbsp; <a href=\"https:\/\/www.storyjumper.com\/book\/read\/85259255\/5ee7127cb079e\" target=\"_blank\" rel=\"noopener noreferrer\">Version espagnole<\/a><\/span><\/p>\n<p style=\"text-align: center\"><span style=\"color: #ff0000\">\u2663\u2663\u2663\u2663\u2663\u2663\u2663\u2663\u2663\u2663\u2663\u2663<\/span><\/p>\n<p style=\"text-align: left\"><span style=\"font-size: 14pt\">La docente Lourdes Ruiz y 4\u00ba de ESO curso 2019\/20 nos muestran los rincones de Granada en 360\u00ba. <span style=\"font-size: 18pt\"><strong><span style=\"color: #ff0000\">\u00bf<\/span><\/strong><\/span><span style=\"font-size: 24pt;color: #ff0000\">Q<\/span>uieres conocerlos<span style=\"color: #ff0000;font-size: 18pt\"><strong>?<\/strong><\/span><\/span><\/p>\n<p style=\"text-align: center\"><iframe loading=\"lazy\" src=\"https:\/\/www.thinglink.com\/card\/1265632913886543873\" width=\"764\" height=\"563\" frameborder=\"0\" scrolling=\"no\"><\/iframe><\/p>\n<p><a href=\"https:\/\/twinspace.etwinning.net\/91431\/home\"><img loading=\"lazy\" decoding=\"async\" class=\"alignnone wp-image-588 size-thumbnail\" src=\"https:\/\/blogsaverroes.juntadeandalucia.es\/iesvaetwinning\/files\/2020\/03\/Logo-360-150x150.gif\" alt=\"\" width=\"150\" height=\"150\" srcset=\"https:\/\/blogsaverroes.juntadeandalucia.es\/iesvaetwinning\/files\/2020\/03\/Logo-360-150x150.gif 150w, https:\/\/blogsaverroes.juntadeandalucia.es\/iesvaetwinning\/files\/2020\/03\/Logo-360-100x100.gif 100w\" sizes=\"(max-width: 150px) 100vw, 150px\" \/><span style=\"font-size: 18pt\"> Proyecto 360\u00ba Big European Solar Tour<\/span><\/a><\/p>\n<p><span style=\"font-size: 14pt;color: #333399\">Teacher Lourdes Ruiz and 4\u00ba ESO 2019\/20 show us some corners in Granada in 360\u00ba.<\/span><\/p>\n<p><span style=\"font-size: 14pt\"><span style=\"font-size: 18pt\"><strong><span style=\"color: #ff0000\"> D<\/span><\/strong><\/span>o you want to see<span style=\"font-size: 18pt\"><strong><span style=\"color: #ff0000\">?<\/span><\/strong><\/span><\/span><\/p>\n<p><span style=\"font-size: 14pt\">Le prof Lourdes Ruiz et les \u00e9l\u00e8ves de 4\u00ba ESO 2019\/20 nous montrent les coins de Grenade en 360\u00ba. <\/span><\/p>\n<p><span style=\"font-size: 14pt\"><span style=\"font-size: 18pt;color: #ff0000\"><strong>V<\/strong><\/span>ous voulez les conna\u00eetre <span style=\"font-size: 18pt\"><strong><span style=\"color: #ff0000\">?<\/span><\/strong><\/span><\/span><\/p>\n<p style=\"text-align: center\"><span style=\"color: #ff0000\">\u2663\u2663\u2663\u2663\u2663\u2663\u2663\u2663\u2663\u2663\u2663\u2663<\/span><\/p>\n<p><span style=\"font-size: 14pt\"><span style=\"font-size: 18pt\"><strong><span style=\"color: #ff0000\">C<\/span><\/strong><\/span><span style=\"color: #333399\"><span style=\"color: #000000\">olaboramos con el grupo europeo eTwinning para la FP. Las coordinadoras, Petra Nip y Rosario Rodr\u00edguez, nos proponen incluir en el mapa centros de FP relacionados con el medio ambiente. \u00bfConoces alguno? Rellena el cuestionario.&nbsp;<\/span> &nbsp;#GlobalVETGroup&nbsp;<\/span><\/span><\/p>\n<table style=\"height: 188px\" width=\"774\">\n<tbody>\n<tr>\n<td style=\"width: 379px\"><img loading=\"lazy\" decoding=\"async\" class=\"alignnone size-medium wp-image-1143 aligncenter\" src=\"https:\/\/blogsaverroes.juntadeandalucia.es\/iesvaetwinning\/files\/2020\/05\/Captura-300x126.jpg\" alt=\"\" width=\"300\" height=\"126\" srcset=\"https:\/\/blogsaverroes.juntadeandalucia.es\/iesvaetwinning\/files\/2020\/05\/Captura-300x126.jpg 300w, https:\/\/blogsaverroes.juntadeandalucia.es\/iesvaetwinning\/files\/2020\/05\/Captura-24x10.jpg 24w, https:\/\/blogsaverroes.juntadeandalucia.es\/iesvaetwinning\/files\/2020\/05\/Captura-36x15.jpg 36w, https:\/\/blogsaverroes.juntadeandalucia.es\/iesvaetwinning\/files\/2020\/05\/Captura-48x20.jpg 48w, https:\/\/blogsaverroes.juntadeandalucia.es\/iesvaetwinning\/files\/2020\/05\/Captura.jpg 731w\" sizes=\"(max-width: 300px) 100vw, 300px\" \/><\/td>\n<td style=\"width: 379px;text-align: center\"><a href=\"https:\/\/sites.google.com\/view\/vetschoolsfortheenvironment\/home\"><img loading=\"lazy\" decoding=\"async\" class=\"alignnone wp-image-1142 size-medium\" src=\"https:\/\/blogsaverroes.juntadeandalucia.es\/iesvaetwinning\/files\/2020\/05\/site-2-298x300.png\" alt=\"\" width=\"298\" height=\"300\" srcset=\"https:\/\/blogsaverroes.juntadeandalucia.es\/iesvaetwinning\/files\/2020\/05\/site-2-298x300.png 298w, https:\/\/blogsaverroes.juntadeandalucia.es\/iesvaetwinning\/files\/2020\/05\/site-2-150x150.png 150w, https:\/\/blogsaverroes.juntadeandalucia.es\/iesvaetwinning\/files\/2020\/05\/site-2-100x100.png 100w, https:\/\/blogsaverroes.juntadeandalucia.es\/iesvaetwinning\/files\/2020\/05\/site-2-24x24.png 24w, https:\/\/blogsaverroes.juntadeandalucia.es\/iesvaetwinning\/files\/2020\/05\/site-2-36x36.png 36w, https:\/\/blogsaverroes.juntadeandalucia.es\/iesvaetwinning\/files\/2020\/05\/site-2-48x48.png 48w, https:\/\/blogsaverroes.juntadeandalucia.es\/iesvaetwinning\/files\/2020\/05\/site-2.png 655w\" sizes=\"(max-width: 298px) 100vw, 298px\" \/><\/a><\/td>\n<\/tr>\n<\/tbody>\n<\/table>\n<p>Collaborating with the European eTwinning group for VET. The coordinators, Petra Nip and Rosario Rodriguez, invite us to include on the map VET schools related to the environment. Do you know any? Fill in the questionnaire.<\/p>\n<p style=\"text-align: center\"><iframe loading=\"lazy\" src=\"https:\/\/www.google.com\/maps\/d\/embed?mid=1I_cvRZzsKHrLy9GzpnSc_cPD1FHCenQi\" width=\"640\" height=\"480\"><\/iframe><\/p>\n<p>Nous collaborons avec le groupe europ\u00e9en pour le formation professionnelle. Les coordinateurs, Petra Nip et Rosario Rodriguez, nous proposent d&#8217;inclure sur la carte les centres du FP li\u00e9s \u00e0 l&#8217;environnement. En connaissez-vous ? Remplissez le questionnaire.<\/p>\n","protected":false},"excerpt":{"rendered":"<p>&nbsp; Actividad destacada &nbsp; Highlight El proyecto \u00abWomen with conscience and Science. Marie Curie. Looking for eTwinnio\u00bb est\u00e1 llegando a su final y ya tiene&hellip;<\/p>\n","protected":false},"author":8182,"featured_media":0,"parent":0,"menu_order":0,"comment_status":"closed","ping_status":"closed","template":"","meta":{"ngg_post_thumbnail":0,"footnotes":""},"aioseo_notices":[],"_links":{"self":[{"href":"https:\/\/blogsaverroes.juntadeandalucia.es\/iesvaetwinning\/wp-json\/wp\/v2\/pages\/1076"}],"collection":[{"href":"https:\/\/blogsaverroes.juntadeandalucia.es\/iesvaetwinning\/wp-json\/wp\/v2\/pages"}],"about":[{"href":"https:\/\/blogsaverroes.juntadeandalucia.es\/iesvaetwinning\/wp-json\/wp\/v2\/types\/page"}],"author":[{"embeddable":true,"href":"https:\/\/blogsaverroes.juntadeandalucia.es\/iesvaetwinning\/wp-json\/wp\/v2\/users\/8182"}],"replies":[{"embeddable":true,"href":"https:\/\/blogsaverroes.juntadeandalucia.es\/iesvaetwinning\/wp-json\/wp\/v2\/comments?post=1076"}],"version-history":[{"count":46,"href":"https:\/\/blogsaverroes.juntadeandalucia.es\/iesvaetwinning\/wp-json\/wp\/v2\/pages\/1076\/revisions"}],"predecessor-version":[{"id":1317,"href":"https:\/\/blogsaverroes.juntadeandalucia.es\/iesvaetwinning\/wp-json\/wp\/v2\/pages\/1076\/revisions\/1317"}],"wp:attachment":[{"href":"https:\/\/blogsaverroes.juntadeandalucia.es\/iesvaetwinning\/wp-json\/wp\/v2\/media?parent=1076"}],"curies":[{"name":"wp","href":"https:\/\/api.w.org\/{rel}","templated":true}]}}