{"id":1269,"date":"2020-11-15T10:19:09","date_gmt":"2020-11-15T09:19:09","guid":{"rendered":"https:\/\/blogsaverroes.juntadeandalucia.es\/iesvaetwinning\/?page_id=1269"},"modified":"2021-11-07T09:15:51","modified_gmt":"2021-11-07T08:15:51","slug":"marie-curie","status":"publish","type":"page","link":"https:\/\/blogsaverroes.juntadeandalucia.es\/iesvaetwinning\/marie-curie\/","title":{"rendered":"Women with conscience and science. Marie Curie"},"content":{"rendered":"<p><span style=\"font-size: 18pt;color: #008000\">Women with conscience and science: Marie Curie. Looking for eTwinnio<\/span><\/p>\n<p><img loading=\"lazy\" decoding=\"async\" class=\"wp-image-1717 size-full aligncenter\" src=\"https:\/\/blogsaverroes.juntadeandalucia.es\/iesvaetwinning\/files\/2021\/06\/Marie-Curie-2019.jpg\" alt=\"\" width=\"561\" height=\"251\" srcset=\"https:\/\/blogsaverroes.juntadeandalucia.es\/iesvaetwinning\/files\/2021\/06\/Marie-Curie-2019.jpg 561w, https:\/\/blogsaverroes.juntadeandalucia.es\/iesvaetwinning\/files\/2021\/06\/Marie-Curie-2019-300x134.jpg 300w\" sizes=\"(max-width: 561px) 100vw, 561px\" \/><\/p>\n<table style=\"border-collapse: collapse;width: 100%\">\n<tbody>\n<tr>\n<td style=\"width: 33.3333%\"><a href=\"http:\/\/etwinning.es\/es\/premios-nacionales-etwinning-2021-listado-de-proyectos-y-docentes-galardonados\/\"><img loading=\"lazy\" decoding=\"async\" class=\"aligncenter wp-image-1794\" src=\"https:\/\/blogsaverroes.juntadeandalucia.es\/iesvaetwinning\/files\/2021\/07\/premios-21.jpg\" alt=\"\" width=\"300\" height=\"240\"><\/a><\/td>\n<td style=\"width: 33.3333%\">\n<p style=\"text-align: center\"><span style=\"font-size: 18pt\"><strong><span style=\"color: #ff9900\">ENHORABUENA&nbsp; CONGRATULATIONS F\u00c9LICITATIONS<\/span><\/strong><\/span><\/p>\n<p>Muy ilusionados con el Premio Nacional eTwinning 2021 Categor\u00eda ESO. Gracias por el trabajo realizado, a pesar de la dif\u00edcil situaci\u00f3n durante la pandemia COVID19, por el apoyo recibido y por la colaboraci\u00f3n entre el profesorado y los centros&nbsp; socios (Sevilla, Ceuta, Grecia, Eslovaquia y Turqu\u00eda).<\/p>\n<p>We are excited at our eTwinning National Prize 2021. Thanks for the work done, despite the difficult situation during the lockdown COVID 19, for the support and the collaboration between partner teachers and schools.<\/p>\n<p>Puedes descubrir el proyecto en el <span style=\"font-size: 18pt\"><a href=\"https:\/\/twinspace.etwinning.net\/90484\/home\" target=\"_blank\" rel=\"noopener noreferrer\">Twinspace<\/a><\/span><\/td>\n<\/tr>\n<\/tbody>\n<\/table>\n<p><strong><span style=\"font-size: 14pt;color: #ff00ff\">Sellos de Calidad Europeo<\/span><\/strong><\/p>\n<table style=\"border-collapse: collapse;width: 100%\">\n<tbody>\n<tr>\n<td style=\"width: 33.3333%\"><img loading=\"lazy\" decoding=\"async\" class=\"alignnone size-medium wp-image-1293\" src=\"https:\/\/blogsaverroes.juntadeandalucia.es\/iesvaetwinning\/files\/2020\/11\/SAVE_20201107_230314-300x208.jpg\" alt=\"\" width=\"300\" height=\"208\" srcset=\"https:\/\/blogsaverroes.juntadeandalucia.es\/iesvaetwinning\/files\/2020\/11\/SAVE_20201107_230314-300x208.jpg 300w, https:\/\/blogsaverroes.juntadeandalucia.es\/iesvaetwinning\/files\/2020\/11\/SAVE_20201107_230314-24x17.jpg 24w, https:\/\/blogsaverroes.juntadeandalucia.es\/iesvaetwinning\/files\/2020\/11\/SAVE_20201107_230314-36x25.jpg 36w, https:\/\/blogsaverroes.juntadeandalucia.es\/iesvaetwinning\/files\/2020\/11\/SAVE_20201107_230314-48x33.jpg 48w, https:\/\/blogsaverroes.juntadeandalucia.es\/iesvaetwinning\/files\/2020\/11\/SAVE_20201107_230314.jpg 750w\" sizes=\"(max-width: 300px) 100vw, 300px\" \/><\/td>\n<td style=\"width: 33.3333%\"><img loading=\"lazy\" decoding=\"async\" class=\"alignnone size-medium wp-image-1291\" src=\"https:\/\/blogsaverroes.juntadeandalucia.es\/iesvaetwinning\/files\/2020\/11\/SAVE_20201107_191843-300x206.jpg\" alt=\"\" width=\"300\" height=\"206\" srcset=\"https:\/\/blogsaverroes.juntadeandalucia.es\/iesvaetwinning\/files\/2020\/11\/SAVE_20201107_191843-300x206.jpg 300w, https:\/\/blogsaverroes.juntadeandalucia.es\/iesvaetwinning\/files\/2020\/11\/SAVE_20201107_191843-768x526.jpg 768w, https:\/\/blogsaverroes.juntadeandalucia.es\/iesvaetwinning\/files\/2020\/11\/SAVE_20201107_191843-24x16.jpg 24w, https:\/\/blogsaverroes.juntadeandalucia.es\/iesvaetwinning\/files\/2020\/11\/SAVE_20201107_191843-36x25.jpg 36w, https:\/\/blogsaverroes.juntadeandalucia.es\/iesvaetwinning\/files\/2020\/11\/SAVE_20201107_191843-48x33.jpg 48w, https:\/\/blogsaverroes.juntadeandalucia.es\/iesvaetwinning\/files\/2020\/11\/SAVE_20201107_191843.jpg 788w\" sizes=\"(max-width: 300px) 100vw, 300px\" \/><\/td>\n<td style=\"width: 33.3333%\"><img loading=\"lazy\" decoding=\"async\" class=\"alignnone size-medium wp-image-1295\" src=\"https:\/\/blogsaverroes.juntadeandalucia.es\/iesvaetwinning\/files\/2020\/11\/EQL-mru-300x208.jpg\" alt=\"\" width=\"300\" height=\"208\" srcset=\"https:\/\/blogsaverroes.juntadeandalucia.es\/iesvaetwinning\/files\/2020\/11\/EQL-mru-300x208.jpg 300w, https:\/\/blogsaverroes.juntadeandalucia.es\/iesvaetwinning\/files\/2020\/11\/EQL-mru-768x532.jpg 768w, https:\/\/blogsaverroes.juntadeandalucia.es\/iesvaetwinning\/files\/2020\/11\/EQL-mru-24x17.jpg 24w, https:\/\/blogsaverroes.juntadeandalucia.es\/iesvaetwinning\/files\/2020\/11\/EQL-mru-36x25.jpg 36w, https:\/\/blogsaverroes.juntadeandalucia.es\/iesvaetwinning\/files\/2020\/11\/EQL-mru-48x33.jpg 48w, https:\/\/blogsaverroes.juntadeandalucia.es\/iesvaetwinning\/files\/2020\/11\/EQL-mru.jpg 780w\" sizes=\"(max-width: 300px) 100vw, 300px\" \/><\/td>\n<\/tr>\n<\/tbody>\n<\/table>\n<p><strong><span style=\"font-size: 14pt;color: #ff00ff\">Total del proyecto, 8 Sellos de Calidad Europeo<\/span><\/strong><\/p>\n<p><img loading=\"lazy\" decoding=\"async\" class=\"alignnone size-medium wp-image-1308\" src=\"https:\/\/blogsaverroes.juntadeandalucia.es\/iesvaetwinning\/files\/2020\/11\/EQL-2020-etwinnio-300x300.jpg\" alt=\"\" width=\"300\" height=\"300\" srcset=\"https:\/\/blogsaverroes.juntadeandalucia.es\/iesvaetwinning\/files\/2020\/11\/EQL-2020-etwinnio-300x300.jpg 300w, https:\/\/blogsaverroes.juntadeandalucia.es\/iesvaetwinning\/files\/2020\/11\/EQL-2020-etwinnio.jpg 1024w, https:\/\/blogsaverroes.juntadeandalucia.es\/iesvaetwinning\/files\/2020\/11\/EQL-2020-etwinnio-150x150.jpg 150w, https:\/\/blogsaverroes.juntadeandalucia.es\/iesvaetwinning\/files\/2020\/11\/EQL-2020-etwinnio-768x768.jpg 768w, https:\/\/blogsaverroes.juntadeandalucia.es\/iesvaetwinning\/files\/2020\/11\/EQL-2020-etwinnio-100x100.jpg 100w, https:\/\/blogsaverroes.juntadeandalucia.es\/iesvaetwinning\/files\/2020\/11\/EQL-2020-etwinnio-24x24.jpg 24w, https:\/\/blogsaverroes.juntadeandalucia.es\/iesvaetwinning\/files\/2020\/11\/EQL-2020-etwinnio-36x36.jpg 36w, https:\/\/blogsaverroes.juntadeandalucia.es\/iesvaetwinning\/files\/2020\/11\/EQL-2020-etwinnio-48x48.jpg 48w\" sizes=\"(max-width: 300px) 100vw, 300px\" \/>&nbsp; &nbsp; &nbsp; <a href=\"https:\/\/twinspace.etwinning.net\/90484\/home\"><img loading=\"lazy\" decoding=\"async\" class=\"alignnone size-medium wp-image-1395\" src=\"https:\/\/blogsaverroes.juntadeandalucia.es\/iesvaetwinning\/files\/2020\/11\/Captura4-300x81.jpg\" alt=\"\" width=\"300\" height=\"81\" srcset=\"https:\/\/blogsaverroes.juntadeandalucia.es\/iesvaetwinning\/files\/2020\/11\/Captura4-300x81.jpg 300w, https:\/\/blogsaverroes.juntadeandalucia.es\/iesvaetwinning\/files\/2020\/11\/Captura4-24x6.jpg 24w, https:\/\/blogsaverroes.juntadeandalucia.es\/iesvaetwinning\/files\/2020\/11\/Captura4-36x10.jpg 36w, https:\/\/blogsaverroes.juntadeandalucia.es\/iesvaetwinning\/files\/2020\/11\/Captura4-48x13.jpg 48w, https:\/\/blogsaverroes.juntadeandalucia.es\/iesvaetwinning\/files\/2020\/11\/Captura4.jpg 385w\" sizes=\"(max-width: 300px) 100vw, 300px\" \/><\/a><\/p>\n<p><span style=\"font-size: 18pt\"><strong><span style=\"color: #ff00ff\">Productos destacados de este proyecto<\/span><\/strong><\/span><\/p>\n<table style=\"border-collapse: collapse;width: 99.1515%;height: 168px\">\n<tbody>\n<tr style=\"height: 31px\">\n<td style=\"width: 50%;height: 31px\">Marie Curie&#8217;s interview<\/td>\n<td style=\"width: 50%;height: 31px\">Women scientists&#8217; Magazine<\/td>\n<\/tr>\n<tr style=\"height: 137px\">\n<td style=\"width: 50%;height: 137px\"><a href=\"https:\/\/www.storyjumper.com\/book\/read\/83724655\/5ec16e19d8ec3\"><img loading=\"lazy\" decoding=\"async\" class=\"alignnone size-medium wp-image-1271 alignleft\" src=\"https:\/\/blogsaverroes.juntadeandalucia.es\/iesvaetwinning\/files\/2020\/11\/Captura-cuento-300x236.jpg\" alt=\"\" width=\"300\" height=\"236\" srcset=\"https:\/\/blogsaverroes.juntadeandalucia.es\/iesvaetwinning\/files\/2020\/11\/Captura-cuento-300x236.jpg 300w, https:\/\/blogsaverroes.juntadeandalucia.es\/iesvaetwinning\/files\/2020\/11\/Captura-cuento-24x19.jpg 24w, https:\/\/blogsaverroes.juntadeandalucia.es\/iesvaetwinning\/files\/2020\/11\/Captura-cuento-36x28.jpg 36w, https:\/\/blogsaverroes.juntadeandalucia.es\/iesvaetwinning\/files\/2020\/11\/Captura-cuento-48x38.jpg 48w, https:\/\/blogsaverroes.juntadeandalucia.es\/iesvaetwinning\/files\/2020\/11\/Captura-cuento.jpg 531w\" sizes=\"(max-width: 300px) 100vw, 300px\" \/><\/a><\/td>\n<td style=\"width: 50%;height: 137px;text-align: left\"><a href=\"https:\/\/madmagz.com\/magazine\/1740906\"><img loading=\"lazy\" decoding=\"async\" class=\"alignnone size-medium wp-image-1272\" src=\"https:\/\/blogsaverroes.juntadeandalucia.es\/iesvaetwinning\/files\/2020\/11\/Captura-revista-221x300.jpg\" alt=\"\" width=\"221\" height=\"300\" srcset=\"https:\/\/blogsaverroes.juntadeandalucia.es\/iesvaetwinning\/files\/2020\/11\/Captura-revista-221x300.jpg 221w, https:\/\/blogsaverroes.juntadeandalucia.es\/iesvaetwinning\/files\/2020\/11\/Captura-revista-18x24.jpg 18w, https:\/\/blogsaverroes.juntadeandalucia.es\/iesvaetwinning\/files\/2020\/11\/Captura-revista-27x36.jpg 27w, https:\/\/blogsaverroes.juntadeandalucia.es\/iesvaetwinning\/files\/2020\/11\/Captura-revista-35x48.jpg 35w, https:\/\/blogsaverroes.juntadeandalucia.es\/iesvaetwinning\/files\/2020\/11\/Captura-revista.jpg 437w\" sizes=\"(max-width: 221px) 100vw, 221px\" \/><\/a><\/td>\n<\/tr>\n<\/tbody>\n<\/table>\n<p><span style=\"font-size: 14pt\"><strong><span style=\"color: #ff00ff\">Haz click en la imagen para jugar<\/span><\/strong><\/span><\/p>\n<table style=\"border-collapse: collapse;width: 100%\">\n<tbody>\n<tr>\n<td style=\"width: 50%\">Looking for eTwinnio game<\/td>\n<td style=\"width: 50%\">Women scientists&#8217; game&nbsp;<\/td>\n<\/tr>\n<tr>\n<td style=\"width: 50%\"><a href=\"https:\/\/scratch.mit.edu\/projects\/388976626\/fullscreen\/\"><img loading=\"lazy\" decoding=\"async\" class=\"alignnone size-medium wp-image-1273\" src=\"https:\/\/blogsaverroes.juntadeandalucia.es\/iesvaetwinning\/files\/2020\/11\/Captura-scratch-300x226.jpg\" alt=\"\" width=\"300\" height=\"226\" srcset=\"https:\/\/blogsaverroes.juntadeandalucia.es\/iesvaetwinning\/files\/2020\/11\/Captura-scratch-300x226.jpg 300w, https:\/\/blogsaverroes.juntadeandalucia.es\/iesvaetwinning\/files\/2020\/11\/Captura-scratch-768x580.jpg 768w, https:\/\/blogsaverroes.juntadeandalucia.es\/iesvaetwinning\/files\/2020\/11\/Captura-scratch-24x18.jpg 24w, https:\/\/blogsaverroes.juntadeandalucia.es\/iesvaetwinning\/files\/2020\/11\/Captura-scratch-36x27.jpg 36w, https:\/\/blogsaverroes.juntadeandalucia.es\/iesvaetwinning\/files\/2020\/11\/Captura-scratch-48x36.jpg 48w, https:\/\/blogsaverroes.juntadeandalucia.es\/iesvaetwinning\/files\/2020\/11\/Captura-scratch.jpg 816w\" sizes=\"(max-width: 300px) 100vw, 300px\" \/><\/a><\/p>\n<p><span style=\"font-size: 14pt\"><strong><span style=\"color: #ff00ff\"><a style=\"color: #ff00ff\" href=\"https:\/\/view.genial.ly\/5ec7e6867607860d83c50bf1\/presentation-genially-sin-titulo\">Enlace a Gamification cards<\/a><\/span><\/strong><\/span><\/td>\n<td style=\"width: 50%\"><a href=\"https:\/\/www.canva.com\/design\/DADxNjXo4lQ\/kZTfgwqTDs98CAgWswnM3Q\/view?utm_content=DADxNjXo4lQ&amp;utm_campaign=designshare&amp;utm_medium=link&amp;utm_source=homepage_design_menu#32\"><img loading=\"lazy\" decoding=\"async\" class=\"alignnone size-medium wp-image-1274\" src=\"https:\/\/blogsaverroes.juntadeandalucia.es\/iesvaetwinning\/files\/2020\/11\/Captura-biografia-300x207.jpg\" alt=\"\" width=\"300\" height=\"207\" srcset=\"https:\/\/blogsaverroes.juntadeandalucia.es\/iesvaetwinning\/files\/2020\/11\/Captura-biografia-300x207.jpg 300w, https:\/\/blogsaverroes.juntadeandalucia.es\/iesvaetwinning\/files\/2020\/11\/Captura-biografia-768x530.jpg 768w, https:\/\/blogsaverroes.juntadeandalucia.es\/iesvaetwinning\/files\/2020\/11\/Captura-biografia-24x17.jpg 24w, https:\/\/blogsaverroes.juntadeandalucia.es\/iesvaetwinning\/files\/2020\/11\/Captura-biografia-36x25.jpg 36w, https:\/\/blogsaverroes.juntadeandalucia.es\/iesvaetwinning\/files\/2020\/11\/Captura-biografia-48x33.jpg 48w, https:\/\/blogsaverroes.juntadeandalucia.es\/iesvaetwinning\/files\/2020\/11\/Captura-biografia.jpg 929w\" sizes=\"(max-width: 300px) 100vw, 300px\" \/><\/a><\/p>\n<p><span style=\"font-size: 14pt\"><strong><span style=\"color: #ff00ff\"><a style=\"color: #ff00ff\" href=\"https:\/\/bit.ly\/36f3x5F\">Enlace a Infograf\u00edas<\/a><\/span><\/strong><\/span><\/td>\n<\/tr>\n<\/tbody>\n<\/table>\n<table style=\"border-collapse: collapse;width: 100%\">\n<tbody>\n<tr>\n<td style=\"width: 50%\">Periodic table of emotions<\/td>\n<td style=\"width: 50%\">Ecogarden periodic table<\/td>\n<\/tr>\n<tr>\n<td style=\"width: 50%\"><a href=\"https:\/\/www.thinglink.com\/scene\/1284075199750209539\"><img loading=\"lazy\" decoding=\"async\" class=\"alignnone size-medium wp-image-1276\" src=\"https:\/\/blogsaverroes.juntadeandalucia.es\/iesvaetwinning\/files\/2020\/11\/Captura-emotions-300x188.jpg\" alt=\"\" width=\"300\" height=\"188\" srcset=\"https:\/\/blogsaverroes.juntadeandalucia.es\/iesvaetwinning\/files\/2020\/11\/Captura-emotions-300x188.jpg 300w, https:\/\/blogsaverroes.juntadeandalucia.es\/iesvaetwinning\/files\/2020\/11\/Captura-emotions-768x482.jpg 768w, https:\/\/blogsaverroes.juntadeandalucia.es\/iesvaetwinning\/files\/2020\/11\/Captura-emotions-24x15.jpg 24w, https:\/\/blogsaverroes.juntadeandalucia.es\/iesvaetwinning\/files\/2020\/11\/Captura-emotions-36x23.jpg 36w, https:\/\/blogsaverroes.juntadeandalucia.es\/iesvaetwinning\/files\/2020\/11\/Captura-emotions-48x30.jpg 48w, https:\/\/blogsaverroes.juntadeandalucia.es\/iesvaetwinning\/files\/2020\/11\/Captura-emotions.jpg 792w\" sizes=\"(max-width: 300px) 100vw, 300px\" \/><\/a><\/td>\n<td style=\"width: 50%\"><a href=\"https:\/\/www.thinglink.com\/scene\/1321752430077018115\"><img loading=\"lazy\" decoding=\"async\" class=\"alignnone size-medium wp-image-1277\" src=\"https:\/\/blogsaverroes.juntadeandalucia.es\/iesvaetwinning\/files\/2020\/11\/Captura-ecogarden-300x186.jpg\" alt=\"\" width=\"300\" height=\"186\" srcset=\"https:\/\/blogsaverroes.juntadeandalucia.es\/iesvaetwinning\/files\/2020\/11\/Captura-ecogarden-300x186.jpg 300w, https:\/\/blogsaverroes.juntadeandalucia.es\/iesvaetwinning\/files\/2020\/11\/Captura-ecogarden-768x476.jpg 768w, https:\/\/blogsaverroes.juntadeandalucia.es\/iesvaetwinning\/files\/2020\/11\/Captura-ecogarden-24x15.jpg 24w, https:\/\/blogsaverroes.juntadeandalucia.es\/iesvaetwinning\/files\/2020\/11\/Captura-ecogarden-36x22.jpg 36w, https:\/\/blogsaverroes.juntadeandalucia.es\/iesvaetwinning\/files\/2020\/11\/Captura-ecogarden-48x30.jpg 48w, https:\/\/blogsaverroes.juntadeandalucia.es\/iesvaetwinning\/files\/2020\/11\/Captura-ecogarden.jpg 798w\" sizes=\"(max-width: 300px) 100vw, 300px\" \/><\/a><\/td>\n<\/tr>\n<\/tbody>\n<\/table>\n<table style=\"border-collapse: collapse;width: 100%\">\n<tbody>\n<tr>\n<td style=\"width: 50%\"><span style=\"font-size: 14pt\"><strong><span style=\"color: #ff00ff\">Enlace a eTwinnio Riddles: &nbsp;&nbsp; &nbsp;&nbsp; &nbsp;&nbsp; &nbsp;&nbsp; &nbsp;&nbsp; <\/span><\/strong><\/span><a href=\"https:\/\/learningapps.org\/watch?v=pc7bgirfc19\" target=\"_blank\" rel=\"noopener noreferrer\"><span style=\"font-size: 14pt;color: #ff00ff\"><strong>Desaf\u00edos sobre Qu\u00edmica 1<\/strong><\/span><\/a><span style=\"font-size: 14pt;color: #ff00ff\"><strong>&nbsp; &nbsp;<\/strong><\/span><\/p>\n<p><img loading=\"lazy\" decoding=\"async\" class=\"alignnone size-medium wp-image-1799\" src=\"https:\/\/blogsaverroes.juntadeandalucia.es\/iesvaetwinning\/files\/2021\/07\/chemistry-300x137.jpg\" alt=\"\" width=\"300\" height=\"137\" srcset=\"https:\/\/blogsaverroes.juntadeandalucia.es\/iesvaetwinning\/files\/2021\/07\/chemistry-300x137.jpg 300w, https:\/\/blogsaverroes.juntadeandalucia.es\/iesvaetwinning\/files\/2021\/07\/chemistry-1024x468.jpg 1024w, https:\/\/blogsaverroes.juntadeandalucia.es\/iesvaetwinning\/files\/2021\/07\/chemistry-768x351.jpg 768w, https:\/\/blogsaverroes.juntadeandalucia.es\/iesvaetwinning\/files\/2021\/07\/chemistry-1536x702.jpg 1536w, https:\/\/blogsaverroes.juntadeandalucia.es\/iesvaetwinning\/files\/2021\/07\/chemistry.jpg 1918w\" sizes=\"(max-width: 300px) 100vw, 300px\" \/><\/td>\n<td style=\"width: 50%\"><span style=\"font-size: 14pt\"><strong><a href=\"https:\/\/view.genial.ly\/5de79f86af60b20f658c1206\/learning-experience-challenges-the-chemical-who-is-who\" target=\"_blank\" rel=\"noopener noreferrer\"><span style=\"color: #ff00ff\">Desaf\u00edos sobre Qu\u00edmica 2<\/span><\/a><\/strong><\/span><\/p>\n<div style=\"width: 100%\">\n<div style=\"padding-bottom: 60%;padding-top: 0;height: 0\"><iframe loading=\"lazy\" src=\"https:\/\/view.genial.ly\/5de79f86af60b20f658c1206\" width=\"400px\" height=\"200px\" frameborder=\"0\" scrolling=\"yes\"><\/iframe><\/div>\n<\/div>\n<\/td>\n<\/tr>\n<\/tbody>\n<\/table>\n<p><a href=\"https:\/\/youtu.be\/_3L1TFuKUIo\"><strong><span style=\"font-size: 14pt;color: #ff00ff\">V\u00eddeo de Escape room<\/span><\/strong><\/a><\/p>\n<table style=\"border-collapse: collapse;width: 101.091%;height: 229px\">\n<tbody>\n<tr>\n<td style=\"width: 50%\"><a href=\"https:\/\/youtu.be\/Euxn0zBVisc\"><img loading=\"lazy\" decoding=\"async\" class=\"alignnone wp-image-1382\" src=\"https:\/\/blogsaverroes.juntadeandalucia.es\/iesvaetwinning\/files\/2020\/11\/Hipatia-300x190.jpg\" alt=\"\" width=\"400\" height=\"254\" srcset=\"https:\/\/blogsaverroes.juntadeandalucia.es\/iesvaetwinning\/files\/2020\/11\/Hipatia-300x190.jpg 300w, https:\/\/blogsaverroes.juntadeandalucia.es\/iesvaetwinning\/files\/2020\/11\/Hipatia-24x15.jpg 24w, https:\/\/blogsaverroes.juntadeandalucia.es\/iesvaetwinning\/files\/2020\/11\/Hipatia-36x23.jpg 36w, https:\/\/blogsaverroes.juntadeandalucia.es\/iesvaetwinning\/files\/2020\/11\/Hipatia-48x30.jpg 48w, https:\/\/blogsaverroes.juntadeandalucia.es\/iesvaetwinning\/files\/2020\/11\/Hipatia.jpg 639w\" sizes=\"(max-width: 400px) 100vw, 400px\" \/><\/a><\/td>\n<td style=\"width: 50%\"><a href=\"https:\/\/youtu.be\/_3L1TFuKUIo\"><img loading=\"lazy\" decoding=\"async\" class=\"alignnone wp-image-1379\" src=\"https:\/\/blogsaverroes.juntadeandalucia.es\/iesvaetwinning\/files\/2020\/11\/escape-room-300x169.png\" alt=\"\" width=\"400\" height=\"225\" srcset=\"https:\/\/blogsaverroes.juntadeandalucia.es\/iesvaetwinning\/files\/2020\/11\/escape-room-300x169.png 300w, https:\/\/blogsaverroes.juntadeandalucia.es\/iesvaetwinning\/files\/2020\/11\/escape-room-768x432.png 768w, https:\/\/blogsaverroes.juntadeandalucia.es\/iesvaetwinning\/files\/2020\/11\/escape-room-24x13.png 24w, https:\/\/blogsaverroes.juntadeandalucia.es\/iesvaetwinning\/files\/2020\/11\/escape-room-36x20.png 36w, https:\/\/blogsaverroes.juntadeandalucia.es\/iesvaetwinning\/files\/2020\/11\/escape-room-48x27.png 48w, https:\/\/blogsaverroes.juntadeandalucia.es\/iesvaetwinning\/files\/2020\/11\/escape-room.png 900w\" sizes=\"(max-width: 400px) 100vw, 400px\" \/><\/a><\/td>\n<\/tr>\n<\/tbody>\n<\/table>\n<table style=\"border-collapse: collapse;width: 100%\">\n<tbody>\n<tr>\n<td style=\"width: 50%\">Participaci\u00f3n en la misi\u00f3n de la NASA MARS 2020 que llevar\u00e1 el nombre del insituto a Marte<\/p>\n<p><img loading=\"lazy\" decoding=\"async\" class=\"alignnone wp-image-1397\" src=\"https:\/\/blogsaverroes.juntadeandalucia.es\/iesvaetwinning\/files\/2020\/11\/vega-NASA-300x143.jpg\" alt=\"\" width=\"400\" height=\"191\" srcset=\"https:\/\/blogsaverroes.juntadeandalucia.es\/iesvaetwinning\/files\/2020\/11\/vega-NASA-300x143.jpg 300w, https:\/\/blogsaverroes.juntadeandalucia.es\/iesvaetwinning\/files\/2020\/11\/vega-NASA-1024x488.jpg 1024w, https:\/\/blogsaverroes.juntadeandalucia.es\/iesvaetwinning\/files\/2020\/11\/vega-NASA-768x366.jpg 768w, https:\/\/blogsaverroes.juntadeandalucia.es\/iesvaetwinning\/files\/2020\/11\/vega-NASA-24x11.jpg 24w, https:\/\/blogsaverroes.juntadeandalucia.es\/iesvaetwinning\/files\/2020\/11\/vega-NASA-36x17.jpg 36w, https:\/\/blogsaverroes.juntadeandalucia.es\/iesvaetwinning\/files\/2020\/11\/vega-NASA-48x23.jpg 48w, https:\/\/blogsaverroes.juntadeandalucia.es\/iesvaetwinning\/files\/2020\/11\/vega-NASA.jpg 1080w\" sizes=\"(max-width: 400px) 100vw, 400px\" \/><\/td>\n<td style=\"width: 50%\">Practicar Mindfulness durante el confinamiento y compartirlo con los compa\u00f1eros fue una experiencia de ayuda a superar la extra\u00f1a nueva situaci\u00f3n<\/p>\n<p><img loading=\"lazy\" decoding=\"async\" class=\"size-medium wp-image-1388 aligncenter\" src=\"https:\/\/blogsaverroes.juntadeandalucia.es\/iesvaetwinning\/files\/2020\/11\/ba937be9c_opt-1-300x300.jpg\" alt=\"\" width=\"300\" height=\"300\" srcset=\"https:\/\/blogsaverroes.juntadeandalucia.es\/iesvaetwinning\/files\/2020\/11\/ba937be9c_opt-1-300x300.jpg 300w, https:\/\/blogsaverroes.juntadeandalucia.es\/iesvaetwinning\/files\/2020\/11\/ba937be9c_opt-1-150x150.jpg 150w, https:\/\/blogsaverroes.juntadeandalucia.es\/iesvaetwinning\/files\/2020\/11\/ba937be9c_opt-1-100x100.jpg 100w, https:\/\/blogsaverroes.juntadeandalucia.es\/iesvaetwinning\/files\/2020\/11\/ba937be9c_opt-1-24x24.jpg 24w, https:\/\/blogsaverroes.juntadeandalucia.es\/iesvaetwinning\/files\/2020\/11\/ba937be9c_opt-1-36x36.jpg 36w, https:\/\/blogsaverroes.juntadeandalucia.es\/iesvaetwinning\/files\/2020\/11\/ba937be9c_opt-1-48x48.jpg 48w, https:\/\/blogsaverroes.juntadeandalucia.es\/iesvaetwinning\/files\/2020\/11\/ba937be9c_opt-1.jpg 400w\" sizes=\"(max-width: 300px) 100vw, 300px\" \/><\/td>\n<\/tr>\n<\/tbody>\n<\/table>\n<p>&nbsp;<\/p>\n<div style=\"width: 100%\">\n<div style=\"padding-bottom: 50%;padding-top: 0;height: 0\"><iframe loading=\"lazy\" src=\"https:\/\/view.genial.ly\/5eacc6f732376f0d7de40071\" width=\"800px\" height=\"400px\" frameborder=\"0\" scrolling=\"yes\"><\/iframe><\/div>\n<\/div>\n<p>&nbsp;<\/p>\n<div style=\"width: 100%\">\n<div style=\"padding-bottom: 50%;padding-top: 0;height: 0\">&nbsp;<\/div>\n<\/div>\n","protected":false},"excerpt":{"rendered":"<p>Women with conscience and science: Marie Curie. Looking for eTwinnio ENHORABUENA&nbsp; CONGRATULATIONS F\u00c9LICITATIONS Muy ilusionados con el Premio Nacional eTwinning 2021 Categor\u00eda ESO. Gracias por&hellip;<\/p>\n","protected":false},"author":8182,"featured_media":0,"parent":0,"menu_order":0,"comment_status":"closed","ping_status":"closed","template":"","meta":{"ngg_post_thumbnail":0,"footnotes":""},"aioseo_notices":[],"_links":{"self":[{"href":"https:\/\/blogsaverroes.juntadeandalucia.es\/iesvaetwinning\/wp-json\/wp\/v2\/pages\/1269"}],"collection":[{"href":"https:\/\/blogsaverroes.juntadeandalucia.es\/iesvaetwinning\/wp-json\/wp\/v2\/pages"}],"about":[{"href":"https:\/\/blogsaverroes.juntadeandalucia.es\/iesvaetwinning\/wp-json\/wp\/v2\/types\/page"}],"author":[{"embeddable":true,"href":"https:\/\/blogsaverroes.juntadeandalucia.es\/iesvaetwinning\/wp-json\/wp\/v2\/users\/8182"}],"replies":[{"embeddable":true,"href":"https:\/\/blogsaverroes.juntadeandalucia.es\/iesvaetwinning\/wp-json\/wp\/v2\/comments?post=1269"}],"version-history":[{"count":50,"href":"https:\/\/blogsaverroes.juntadeandalucia.es\/iesvaetwinning\/wp-json\/wp\/v2\/pages\/1269\/revisions"}],"predecessor-version":[{"id":1917,"href":"https:\/\/blogsaverroes.juntadeandalucia.es\/iesvaetwinning\/wp-json\/wp\/v2\/pages\/1269\/revisions\/1917"}],"wp:attachment":[{"href":"https:\/\/blogsaverroes.juntadeandalucia.es\/iesvaetwinning\/wp-json\/wp\/v2\/media?parent=1269"}],"curies":[{"name":"wp","href":"https:\/\/api.w.org\/{rel}","templated":true}]}}