{"id":1539,"date":"2021-02-18T18:29:02","date_gmt":"2021-02-18T17:29:02","guid":{"rendered":"https:\/\/blogsaverroes.juntadeandalucia.es\/iesvaetwinning\/?page_id=1539"},"modified":"2023-03-08T13:20:27","modified_gmt":"2023-03-08T12:20:27","slug":"women-of-the-oceans-oceans-of-life","status":"publish","type":"page","link":"https:\/\/blogsaverroes.juntadeandalucia.es\/iesvaetwinning\/women-of-the-oceans-oceans-of-life\/","title":{"rendered":"Women of the ocean. Oceans of life"},"content":{"rendered":"<div>\n<table style=\"border-collapse: collapse;width: 100%\">\n<tbody>\n<tr>\n<td style=\"width: 25.4895%\"><span style=\"color: #ff6600;font-size: 14pt\"><strong>Revista mujeres oce\u00e1nicas<\/strong>&nbsp;<\/span><\/p>\n<p>Reconocer el papel de mujeres que han dedicado su vida profesional y personal al cuidado de los oc\u00e9anos<\/p>\n<p><a href=\"https:\/\/blogsaverroes.juntadeandalucia.es\/iesvaetwinning\/files\/2021\/06\/Women-Oceanics-list-1.jpg\"><img loading=\"lazy\" decoding=\"async\" class=\"aligncenter wp-image-1646 size-large\" style=\"font-family: inherit;font-size: inherit\" src=\"https:\/\/blogsaverroes.juntadeandalucia.es\/iesvaetwinning\/files\/2021\/06\/Women-Oceanics-list-1-724x1024.jpg\" alt=\"\" width=\"724\" height=\"1024\" srcset=\"https:\/\/blogsaverroes.juntadeandalucia.es\/iesvaetwinning\/files\/2021\/06\/Women-Oceanics-list-1-724x1024.jpg 724w, https:\/\/blogsaverroes.juntadeandalucia.es\/iesvaetwinning\/files\/2021\/06\/Women-Oceanics-list-1-212x300.jpg 212w, https:\/\/blogsaverroes.juntadeandalucia.es\/iesvaetwinning\/files\/2021\/06\/Women-Oceanics-list-1-768x1086.jpg 768w, https:\/\/blogsaverroes.juntadeandalucia.es\/iesvaetwinning\/files\/2021\/06\/Women-Oceanics-list-1-1086x1536.jpg 1086w, https:\/\/blogsaverroes.juntadeandalucia.es\/iesvaetwinning\/files\/2021\/06\/Women-Oceanics-list-1.jpg 1414w\" sizes=\"(max-width: 724px) 100vw, 724px\" \/><\/a><\/td>\n<td style=\"width: 74.5105%;text-align: center\"><a href=\"https:\/\/madmagz.com\/magazine\/1899972\" target=\"_blank\" rel=\"noopener noreferrer\"><img loading=\"lazy\" decoding=\"async\" class=\"alignnone wp-image-2196 size-full\" src=\"https:\/\/blogsaverroes.juntadeandalucia.es\/iesvaetwinning\/files\/2022\/11\/Oceans-of-life.jpg\" alt=\"\" width=\"453\" height=\"634\" srcset=\"https:\/\/blogsaverroes.juntadeandalucia.es\/iesvaetwinning\/files\/2022\/11\/Oceans-of-life.jpg 453w, https:\/\/blogsaverroes.juntadeandalucia.es\/iesvaetwinning\/files\/2022\/11\/Oceans-of-life-214x300.jpg 214w\" sizes=\"(max-width: 453px) 100vw, 453px\" \/><\/a>&nbsp;<\/td>\n<\/tr>\n<tr>\n<td style=\"width: 25.4895%\"><span style=\"font-size: 14pt\"><strong><span style=\"color: #ff6600\">Libro de recetas de cosm\u00e9tica natural&nbsp;<\/span><\/strong><\/span><\/p>\n<div>El krill es el alimento de las ballenas y otras especies marinas. Evitemos su uso en cremas eligiendo cremas vegetales. \u00bfQuieres conocer algunas recetas, remedios naturales y beneficios del agua de mar? Lee nuestro &#8230;<\/div>\n<div>&nbsp;<\/div>\n<div>Krill is the food of whales and other marine species. Let&#8217;s avoid using it in facial creams and choose vegetal products.<\/div>\n<div>Do you want to know some recipes, natural remedies and seawater benefits?&nbsp; Read our &#8230;<\/div>\n<\/td>\n<td style=\"width: 74.5105%\"><a href=\"https:\/\/read.bookcreator.com\/NQcuY2ftrlhVQdFKSjV0tHzd1A12\/97mrLOjpRPiZXO5q-0zx_A\"><img loading=\"lazy\" decoding=\"async\" class=\"alignnone wp-image-1628 aligncenter\" src=\"https:\/\/blogsaverroes.juntadeandalucia.es\/iesvaetwinning\/files\/2021\/06\/phyto.jpg\" alt=\"\" width=\"500\" height=\"388\" srcset=\"https:\/\/blogsaverroes.juntadeandalucia.es\/iesvaetwinning\/files\/2021\/06\/phyto.jpg 690w, https:\/\/blogsaverroes.juntadeandalucia.es\/iesvaetwinning\/files\/2021\/06\/phyto-300x233.jpg 300w\" sizes=\"(max-width: 500px) 100vw, 500px\" \/><\/a><\/td>\n<\/tr>\n<tr>\n<td style=\"width: 25.4895%\"><span style=\"font-size: 14pt\"><strong><span style=\"color: #ff9900\">Juego Scratch sobre<\/span><\/strong><\/span><\/p>\n<p><span style=\"font-size: 14pt\"><strong><span style=\"color: #ff9900\"> mujeres oce\u00e1nicas<\/span><\/strong><\/span><\/td>\n<td style=\"width: 74.5105%\">&nbsp;&nbsp;<a href=\"https:\/\/scratch.mit.edu\/projects\/534827932\" target=\"_blank\" rel=\"noopener noreferrer\"><img loading=\"lazy\" decoding=\"async\" class=\"alignnone wp-image-2216\" src=\"https:\/\/blogsaverroes.juntadeandalucia.es\/iesvaetwinning\/files\/2023\/03\/sctratch-mar.jpg\" alt=\"\" width=\"600\" height=\"496\" srcset=\"https:\/\/blogsaverroes.juntadeandalucia.es\/iesvaetwinning\/files\/2023\/03\/sctratch-mar.jpg 481w, https:\/\/blogsaverroes.juntadeandalucia.es\/iesvaetwinning\/files\/2023\/03\/sctratch-mar-300x248.jpg 300w\" sizes=\"(max-width: 600px) 100vw, 600px\" \/><\/a><\/td>\n<\/tr>\n<\/tbody>\n<\/table>\n<table style=\"border-collapse: collapse;width: 100%\">\n<tbody>\n<tr>\n<td style=\"width: 25.2427%\"><span style=\"font-size: 14pt\"><strong><span style=\"color: #ff9900\">Pr\u00e1ctica de<\/span><\/strong><\/span><\/p>\n<p><span style=\"font-size: 14pt\"><strong><span style=\"color: #ff9900\">Mindfulness<\/span><\/strong><\/span><\/td>\n<td style=\"width: 74.7573%\"><iframe loading=\"lazy\" src=\"https:\/\/view.genial.ly\/600ca10aae03310d0c24e48e\" width=\"600\" height=\"345\" frameborder=\"0\" scrolling=\"yes\"><\/iframe><\/td>\n<\/tr>\n<tr>\n<td style=\"width: 25.2427%\"><span style=\"font-size: 14pt\"><strong><span style=\"color: #ff9900\">Realidad Aumentada<\/span><\/strong><\/span><\/p>\n<p>Descarga la App Unite AR y apunta la c\u00e1mara a estas im\u00e1genes. Te sorprender\u00e1 lo que hay en el oc\u00e9ano<\/td>\n<td style=\"width: 74.7573%\">&nbsp; <img loading=\"lazy\" decoding=\"async\" class=\"wp-image-1654 alignleft\" src=\"https:\/\/blogsaverroes.juntadeandalucia.es\/iesvaetwinning\/files\/2021\/06\/AR-LOGO.jpg\" alt=\"\" width=\"300\" height=\"300\" srcset=\"https:\/\/blogsaverroes.juntadeandalucia.es\/iesvaetwinning\/files\/2021\/06\/AR-LOGO.jpg 187w, https:\/\/blogsaverroes.juntadeandalucia.es\/iesvaetwinning\/files\/2021\/06\/AR-LOGO-150x150.jpg 150w\" sizes=\"(max-width: 300px) 100vw, 300px\" \/> <img loading=\"lazy\" decoding=\"async\" class=\"aligncenter wp-image-1656\" style=\"font-family: inherit;font-size: inherit\" src=\"https:\/\/blogsaverroes.juntadeandalucia.es\/iesvaetwinning\/files\/2021\/06\/AR-SDG.jpg\" alt=\"\" width=\"200\" height=\"200\" srcset=\"https:\/\/blogsaverroes.juntadeandalucia.es\/iesvaetwinning\/files\/2021\/06\/AR-SDG.jpg 187w, https:\/\/blogsaverroes.juntadeandalucia.es\/iesvaetwinning\/files\/2021\/06\/AR-SDG-150x150.jpg 150w\" sizes=\"(max-width: 200px) 100vw, 200px\" \/><\/td>\n<\/tr>\n<tr>\n<td style=\"width: 25.2427%\"><span style=\"font-size: 14pt;color: #ff9900\"><strong>Cartas de gamificaci\u00f3n<\/strong><\/span><\/td>\n<td style=\"width: 74.7573%\"><img loading=\"lazy\" decoding=\"async\" class=\"aligncenter wp-image-1665 size-full\" src=\"https:\/\/blogsaverroes.juntadeandalucia.es\/iesvaetwinning\/files\/2021\/06\/cards.jpg\" alt=\"\" width=\"956\" height=\"605\" srcset=\"https:\/\/blogsaverroes.juntadeandalucia.es\/iesvaetwinning\/files\/2021\/06\/cards.jpg 956w, https:\/\/blogsaverroes.juntadeandalucia.es\/iesvaetwinning\/files\/2021\/06\/cards-300x190.jpg 300w, https:\/\/blogsaverroes.juntadeandalucia.es\/iesvaetwinning\/files\/2021\/06\/cards-768x486.jpg 768w\" sizes=\"(max-width: 956px) 100vw, 956px\" \/><\/td>\n<\/tr>\n<\/tbody>\n<\/table>\n<\/div>\n<div>&nbsp;<\/div>\n<div>&nbsp;<\/div>\n<div>&nbsp;<\/div>\n<div>&nbsp;<\/div>\n<div>&nbsp;<\/div>\n<div>&nbsp;<\/div>\n<div>&nbsp;<\/div>\n<div>&nbsp;<\/div>\n<div>&nbsp;<\/div>\n<div>&nbsp;<\/div>\n<div>\n<div style=\"width: 100%\">\n<div style=\"padding-bottom: 56.25%;padding-top: 0;height: 0\">&nbsp;<\/div>\n<\/div>\n<\/div>\n<div style=\"width: 100%\">\n<div>&nbsp;<\/div>\n<\/div>\n","protected":false},"excerpt":{"rendered":"<p>Revista mujeres oce\u00e1nicas&nbsp; Reconocer el papel de mujeres que han dedicado su vida profesional y personal al cuidado de los oc\u00e9anos &nbsp; Libro de recetas&hellip;<\/p>\n","protected":false},"author":8182,"featured_media":0,"parent":0,"menu_order":0,"comment_status":"closed","ping_status":"closed","template":"","meta":{"ngg_post_thumbnail":0,"footnotes":""},"aioseo_notices":[],"_links":{"self":[{"href":"https:\/\/blogsaverroes.juntadeandalucia.es\/iesvaetwinning\/wp-json\/wp\/v2\/pages\/1539"}],"collection":[{"href":"https:\/\/blogsaverroes.juntadeandalucia.es\/iesvaetwinning\/wp-json\/wp\/v2\/pages"}],"about":[{"href":"https:\/\/blogsaverroes.juntadeandalucia.es\/iesvaetwinning\/wp-json\/wp\/v2\/types\/page"}],"author":[{"embeddable":true,"href":"https:\/\/blogsaverroes.juntadeandalucia.es\/iesvaetwinning\/wp-json\/wp\/v2\/users\/8182"}],"replies":[{"embeddable":true,"href":"https:\/\/blogsaverroes.juntadeandalucia.es\/iesvaetwinning\/wp-json\/wp\/v2\/comments?post=1539"}],"version-history":[{"count":34,"href":"https:\/\/blogsaverroes.juntadeandalucia.es\/iesvaetwinning\/wp-json\/wp\/v2\/pages\/1539\/revisions"}],"predecessor-version":[{"id":2221,"href":"https:\/\/blogsaverroes.juntadeandalucia.es\/iesvaetwinning\/wp-json\/wp\/v2\/pages\/1539\/revisions\/2221"}],"wp:attachment":[{"href":"https:\/\/blogsaverroes.juntadeandalucia.es\/iesvaetwinning\/wp-json\/wp\/v2\/media?parent=1539"}],"curies":[{"name":"wp","href":"https:\/\/api.w.org\/{rel}","templated":true}]}}