{"id":1543,"date":"2021-02-18T19:03:20","date_gmt":"2021-02-18T18:03:20","guid":{"rendered":"https:\/\/blogsaverroes.juntadeandalucia.es\/iesvaetwinning\/?page_id=1543"},"modified":"2023-01-15T18:46:49","modified_gmt":"2023-01-15T17:46:49","slug":"mindfulness-en-etwinning","status":"publish","type":"page","link":"https:\/\/blogsaverroes.juntadeandalucia.es\/iesvaetwinning\/mindfulness-en-etwinning\/","title":{"rendered":"Mindfulness en eTwinning"},"content":{"rendered":"<div style=\"width: 100%\">\n<div><span style=\"font-size: 14pt\">Hemos incluido la pr\u00e1ctica de Mindfulness en nuestros proyectos eTwinning como forma de integrar el desarrollo personal, t\u00e9cnicas de gesti\u00f3n emocional y atenci\u00f3n global para todos los participantes.<\/span><\/div>\n<div><span style=\"font-size: 14pt\">Agradecemos a Mari\u00e1n Molina M\u00e1rquez, profesora del IES Macarena de Sevilla, su colaboraci\u00f3n y generosidad.<\/span><\/div>\n<div>&nbsp;<\/div>\n<div><span style=\"color: #000080\"><strong><span style=\"font-size: 18pt\">eTwinkling Stars, Shining Together<\/span><\/strong><\/span><\/div>\n<\/div>\n<div>&nbsp;<\/div>\n<div>\n<div style=\"width: 100%\">\n<div style=\"padding-bottom: 71.31%;padding-top: 0;height: 0\"><iframe loading=\"lazy\" src=\"https:\/\/view.genial.ly\/61fee0c8d33ad60011caaa87\" width=\"1199\" height=\"600\" frameborder=\"0\" scrolling=\"yes\"><\/iframe><\/div>\n<\/div>\n<\/div>\n<div style=\"width: 100%\">\n<div>&nbsp;<\/div>\n<div>&nbsp;<\/div>\n<div><span style=\"font-size: 18pt\"><strong><span style=\"color: #0000ff\">Women of the oceans. Oceans of life<\/span><\/strong><\/span><\/div>\n<\/div>\n<div>&nbsp;<\/div>\n<div><iframe loading=\"lazy\" src=\"https:\/\/view.genial.ly\/600ca10aae03310d0c24e48e\" width=\"1200\" height=\"675\" frameborder=\"0\" scrolling=\"yes\"><\/iframe><\/div>\n<div>&nbsp;<\/div>\n<div>&nbsp;<\/div>\n<div>\n<div>&nbsp;<\/div>\n<div><span style=\"font-size: 18pt;color: #008000\">Women with science and conscience. Marie Curie. Looking for eTwinnio<\/span><\/div>\n<\/div>\n<div>&nbsp;<\/div>\n<div><iframe loading=\"lazy\" src=\"https:\/\/view.genial.ly\/5eacc6f732376f0d7de40071\" width=\"1200px\" height=\"600px\" frameborder=\"0\" scrolling=\"yes\"><\/iframe><\/div>\n<div>&nbsp;<\/div>\n","protected":false},"excerpt":{"rendered":"<p>Hemos incluido la pr\u00e1ctica de Mindfulness en nuestros proyectos eTwinning como forma de integrar el desarrollo personal, t\u00e9cnicas de gesti\u00f3n emocional y atenci\u00f3n global para&hellip;<\/p>\n","protected":false},"author":8182,"featured_media":0,"parent":0,"menu_order":0,"comment_status":"closed","ping_status":"closed","template":"","meta":{"ngg_post_thumbnail":0,"footnotes":""},"aioseo_notices":[],"_links":{"self":[{"href":"https:\/\/blogsaverroes.juntadeandalucia.es\/iesvaetwinning\/wp-json\/wp\/v2\/pages\/1543"}],"collection":[{"href":"https:\/\/blogsaverroes.juntadeandalucia.es\/iesvaetwinning\/wp-json\/wp\/v2\/pages"}],"about":[{"href":"https:\/\/blogsaverroes.juntadeandalucia.es\/iesvaetwinning\/wp-json\/wp\/v2\/types\/page"}],"author":[{"embeddable":true,"href":"https:\/\/blogsaverroes.juntadeandalucia.es\/iesvaetwinning\/wp-json\/wp\/v2\/users\/8182"}],"replies":[{"embeddable":true,"href":"https:\/\/blogsaverroes.juntadeandalucia.es\/iesvaetwinning\/wp-json\/wp\/v2\/comments?post=1543"}],"version-history":[{"count":9,"href":"https:\/\/blogsaverroes.juntadeandalucia.es\/iesvaetwinning\/wp-json\/wp\/v2\/pages\/1543\/revisions"}],"predecessor-version":[{"id":2211,"href":"https:\/\/blogsaverroes.juntadeandalucia.es\/iesvaetwinning\/wp-json\/wp\/v2\/pages\/1543\/revisions\/2211"}],"wp:attachment":[{"href":"https:\/\/blogsaverroes.juntadeandalucia.es\/iesvaetwinning\/wp-json\/wp\/v2\/media?parent=1543"}],"curies":[{"name":"wp","href":"https:\/\/api.w.org\/{rel}","templated":true}]}}