{"id":18,"date":"2019-12-28T20:41:36","date_gmt":"2019-12-28T20:41:36","guid":{"rendered":"https:\/\/vegaetwinninghome.wordpress.com\/?page_id=7"},"modified":"2022-11-12T20:42:59","modified_gmt":"2022-11-12T19:42:59","slug":"blog","status":"publish","type":"page","link":"https:\/\/blogsaverroes.juntadeandalucia.es\/iesvaetwinning\/about-us\/blog\/","title":{"rendered":"eTwinning en el IES Vega de Atarfe"},"content":{"rendered":"<p><\/p>\r\n<p class=\"is-layout-flow wp-block-cover-is-layout-flow\">&nbsp;<\/p>\r\n<table style=\"border-collapse: collapse;width: 100%\">\r\n<tbody>\r\n<tr>\r\n<td style=\"width: 100%\">\r\n<div class=\"wp-block-cover alignfull has-background-dim-40 has-primary-background-color has-background-dim\" style=\"background-image: url('https:\/\/blogsaverroes.juntadeandalucia.es\/iesvaetwinning\/files\/2020\/02\/ies-mapa-2.jpg');background-position: 50% 77%\">\r\n<div class=\"wp-block-cover__inner-container\">\r\n<p>&nbsp;<\/p>\r\n<p class=\"has-text-align-center\"><a href=\"https:\/\/www.canva.com\/design\/DAE5eo4jzBk\/watch?utm_content=DAE5eo4jzBk&amp;utm_campaign=designshare&amp;utm_medium=link&amp;utm_source=publishsharelink\" target=\"_blank\" rel=\"noopener noreferrer\"><img loading=\"lazy\" decoding=\"async\" class=\"aligncenter wp-image-2198\" style=\"width: 362px\" src=\"https:\/\/blogsaverroes.juntadeandalucia.es\/iesvaetwinning\/files\/2022\/11\/Resumen-eTwinning.jpg\" alt=\"\" width=\"533\" height=\"400\" srcset=\"https:\/\/blogsaverroes.juntadeandalucia.es\/iesvaetwinning\/files\/2022\/11\/Resumen-eTwinning.jpg 461w, https:\/\/blogsaverroes.juntadeandalucia.es\/iesvaetwinning\/files\/2022\/11\/Resumen-eTwinning-300x225.jpg 300w\" sizes=\"(max-width: 533px) 100vw, 533px\" \/><\/a><\/p>\r\n<\/div>\r\n<\/div>\r\n<\/td>\r\n<\/tr>\r\n<\/tbody>\r\n<\/table>\r\n<div>\r\n<div style=\"width: 100%\">\r\n<div style=\"padding-bottom: 56.25%;padding-top: 0px;height: 0px;text-align: center\">\r\n<h3><span style=\"color: #000080\">Comenzamos &#8230; The very beginning &#8230;<\/span><\/h3>\r\n<table style=\"border-collapse: collapse;width: 77.31%;height: 440px\">\r\n<tbody>\r\n<tr>\r\n<td style=\"width: 100%\">\r\n<div style=\"width: 100%\">\r\n<div style=\"padding-bottom: 56.25%;padding-top: 0px;height: 0px;text-align: right\"><iframe loading=\"lazy\" src=\"https:\/\/view.genial.ly\/5c026d1619e0bd2c9d323844\" width=\"700\" height=\"350\" frameborder=\"0\" scrolling=\"yes\"><\/iframe><\/div>\r\n<\/div>\r\n<\/td>\r\n<\/tr>\r\n<\/tbody>\r\n<\/table>\r\n<div class=\"wp-block-group alignfull\">\r\n<div class=\"wp-block-group__inner-container\">\r\n<div class=\"wp-block-jetpack-layout-grid alignfull column1-desktop-grid__span-2 column1-desktop-grid__start-2 column1-desktop-grid__row-1 column2-desktop-grid__span-6 column2-desktop-grid__start-4 column2-desktop-grid__row-1 column3-desktop-grid__span-3 column3-desktop-grid__start-10 column3-desktop-grid__row-1 column1-tablet-grid__span-3 column1-tablet-grid__row-1 column2-tablet-grid__span-5 column2-tablet-grid__start-4 column2-tablet-grid__row-1 column3-tablet-grid__span-3 column3-tablet-grid__start-4 column3-tablet-grid__row-2 column1-mobile-grid__span-4 column1-mobile-grid__row-1 column2-mobile-grid__span-4 column2-mobile-grid__row-2 column3-mobile-grid__span-4 column3-mobile-grid__row-3\">\r\n<div class=\"wp-block-jetpack-layout-grid-column wp-block-jetpack-layout-grid__padding-none\">\r\n\r\n\r\n<p><span style=\"font-size: 1rem\">IES Vega de Atarfe empieza su andadura en eTwinning en 2016 con un proyecto en franc\u00e9s y espa\u00f1ol con el centro LEGT Edouard Herriot de Sainte-Savine, Francia \u00ab<span style=\"color: #ff6600\">Lo que escond\u00eda mi espejo \/ Ce que cachait mon mirroir\u00bb<\/span>. Desde ah\u00ed, un camino ilusionante lleno de proyectos, socios, \u00e9xitos e ilusi\u00f3n de los que destacamos algunos datos:<\/span><\/p>\r\n<\/div>\r\n<div class=\"wp-block-jetpack-layout-grid-column wp-block-jetpack-layout-grid__padding-none\">\r\n\r\n\r\n<p>IES Vega de Atarfe first steps in eTwinning were taken in 2016 with LEGT Edouard Herriot as a partner school in a project in French and Spanish, Lo que escond\u00eda mi espejo \/ Ce que cachait mon miroir\u00bb. Since then, a path full of projects, partners, success and ilusion which is worth mentioning:<\/p>\r\n\r\n\r\n\r\n<p style=\"text-align: left\"><strong><span style=\"color: #008000\">Premio Nacional \/ National Prize eTwining 2018 Categor\u00eda 3 (13-19+) Modalidad Profesorado Novel:<\/span> <\/strong><a href=\"https:\/\/blogsaverroes.juntadeandalucia.es\/iesvaetwinning\/proyectos-curso-16-17\/\">Lo que escond\u00eda mi espejo \/ Ce que cachait mon miroir<\/a><\/p>\r\n<p style=\"text-align: left\"><span style=\"color: #333399\"><strong><span style=\"color: #008000\">Premio Nacional \/ National Prize eTwining 2021 Categor\u00eda 3 (ESO):<\/span><\/strong> <span style=\"color: #0000ff\"><a style=\"color: #0000ff\" href=\"https:\/\/blogsaverroes.juntadeandalucia.es\/iesvaetwinning\/marie-curie\/\">Women with conscience and science. Marie Curie. Looking for eTwinnio<\/a><\/span><\/span><\/p>\r\n\r\n\r\n\r\n<p style=\"text-align: left\"><strong><span style=\"color: #008000\">Centro eTwinning School:<\/span><\/strong> 2018-2019 (Primera convocatoria) y renovado en 2020-2021<\/p>\r\n\r\n\r\n\r\n<p style=\"text-align: left\"><strong><a href=\"https:\/\/blogsaverroes.juntadeandalucia.es\/iesvaetwinning\/2020\/11\/15\/18-sellos-de-calidad-nacional\/\"><span style=\"color: #333399\">Sellos de Calidad Nacional \/National Quality Labels<\/span><\/a><\/strong>: 30 (21\/22)<\/p>\r\n\r\n\r\n\r\n<p style=\"text-align: left\"><span style=\"color: #333399\"><a href=\"https:\/\/blogsaverroes.juntadeandalucia.es\/iesvaetwinning\/sellos-de-calidad\/\"><strong>Sellos de Calidad Europeo\/European Quality Labels<\/strong><\/a><strong>:<\/strong><\/span> 20 (20\/21)<\/p>\r\n\r\n\r\n\r\n<p style=\"text-align: left\"><span style=\"color: #333399\"><strong><a href=\"https:\/\/blogsaverroes.juntadeandalucia.es\/iesvaetwinning\/twinspace-proyectos\/\">Proyectos realizados \/ Finished projects<\/a>:<\/strong> <span style=\"color: #000000\">17 (21\/22)<\/span><\/span><\/p>\r\n<p style=\"text-align: left\"><strong><span style=\"color: #008000\">Embajadora eTwinning y Moderadora del Grupo Destacado eTwinning Global Community of Practice-VET:<\/span><\/strong> Rosario Rodr\u00edguez Utrilla<\/p>\r\n<p style=\"text-align: left\">&nbsp;<\/p>\r\n<\/div>\r\n<!-- \/wp:media-text -->\r\n\r\n<!-- wp:jetpack\/layout-grid-column -->\r\n<div class=\"wp-block-jetpack-layout-grid-column wp-block-jetpack-layout-grid__padding-none\" style=\"text-align: left\"><!-- wp:image {\"id\":37,\"width\":238,\"height\":317,\"sizeSlug\":\"large\"} -->\r\n<figure class=\"wp-block-image size-large is-resized\">&nbsp;<\/figure>\r\n<\/div>\r\n<\/div>\r\n<\/div>\r\n<\/div>\r\n<\/div>\r\n<\/div>\r\n<\/div>\r\n<div class=\"wp-block-group alignfull has-background-light-background-color has-background\">\r\n<div class=\"wp-block-group__inner-container\">\r\n<div class=\"wp-block-columns alignwide\">\r\n<div class=\"wp-block-column\">\r\n<h4 style=\"text-align: left\">&nbsp;<\/h4>\r\n<h4 style=\"text-align: left\">&nbsp;<\/h4>\r\n<h4 style=\"text-align: left\">&nbsp;<\/h4>\r\n<h4 style=\"text-align: left\">&nbsp;<\/h4>\r\n<h4 style=\"text-align: left\">&nbsp;<\/h4>\r\n<h4 style=\"text-align: left\">&nbsp;<\/h4>\r\n<h4 style=\"text-align: left\">&nbsp;<\/h4>\r\n<h4 style=\"text-align: left\">&nbsp;<\/h4>\r\n<h4 style=\"text-align: left\">&nbsp;<\/h4>\r\n<h4 style=\"text-align: left\">&nbsp;<\/h4>\r\n<p>&nbsp;<\/p>\r\n<p>&nbsp;<\/p>\r\n<table style=\"border-collapse: collapse;width: 100%\">\r\n<tbody>\r\n<tr>\r\n<td style=\"width: 40.2464%\"><img loading=\"lazy\" decoding=\"async\" class=\"alignnone size-medium wp-image-79 aligncenter\" src=\"https:\/\/blogsaverroes.juntadeandalucia.es\/iesvaetwinning\/files\/2020\/02\/grupo-premio-dire-300x256.jpg\" alt=\"\" width=\"300\" height=\"256\" srcset=\"https:\/\/blogsaverroes.juntadeandalucia.es\/iesvaetwinning\/files\/2020\/02\/grupo-premio-dire-300x256.jpg 300w, https:\/\/blogsaverroes.juntadeandalucia.es\/iesvaetwinning\/files\/2020\/02\/grupo-premio-dire-768x656.jpg 768w, https:\/\/blogsaverroes.juntadeandalucia.es\/iesvaetwinning\/files\/2020\/02\/grupo-premio-dire-24x20.jpg 24w, https:\/\/blogsaverroes.juntadeandalucia.es\/iesvaetwinning\/files\/2020\/02\/grupo-premio-dire-36x31.jpg 36w, https:\/\/blogsaverroes.juntadeandalucia.es\/iesvaetwinning\/files\/2020\/02\/grupo-premio-dire-48x41.jpg 48w, https:\/\/blogsaverroes.juntadeandalucia.es\/iesvaetwinning\/files\/2020\/02\/grupo-premio-dire.jpg 992w\" sizes=\"(max-width: 300px) 100vw, 300px\" \/><\/td>\r\n<td style=\"width: 29.3121%\"><img loading=\"lazy\" decoding=\"async\" class=\"alignnone size-medium wp-image-37 aligncenter\" src=\"https:\/\/blogsaverroes.juntadeandalucia.es\/iesvaetwinning\/files\/2020\/02\/roller-base-225x300.jpg\" alt=\"\" width=\"225\" height=\"300\" srcset=\"https:\/\/blogsaverroes.juntadeandalucia.es\/iesvaetwinning\/files\/2020\/02\/roller-base-225x300.jpg 225w, https:\/\/blogsaverroes.juntadeandalucia.es\/iesvaetwinning\/files\/2020\/02\/roller-base-768x1024.jpg 768w, https:\/\/blogsaverroes.juntadeandalucia.es\/iesvaetwinning\/files\/2020\/02\/roller-base-18x24.jpg 18w, https:\/\/blogsaverroes.juntadeandalucia.es\/iesvaetwinning\/files\/2020\/02\/roller-base-27x36.jpg 27w, https:\/\/blogsaverroes.juntadeandalucia.es\/iesvaetwinning\/files\/2020\/02\/roller-base-36x48.jpg 36w\" sizes=\"(max-width: 225px) 100vw, 225px\" \/><\/td>\r\n<td style=\"width: 30.4415%\"><img loading=\"lazy\" decoding=\"async\" class=\"alignnone size-medium wp-image-1961\" src=\"https:\/\/blogsaverroes.juntadeandalucia.es\/iesvaetwinning\/files\/2021\/11\/1637842985534-225x300.jpg\" alt=\"\" width=\"225\" height=\"300\" srcset=\"https:\/\/blogsaverroes.juntadeandalucia.es\/iesvaetwinning\/files\/2021\/11\/1637842985534-225x300.jpg 225w, https:\/\/blogsaverroes.juntadeandalucia.es\/iesvaetwinning\/files\/2021\/11\/1637842985534-768x1024.jpg 768w, https:\/\/blogsaverroes.juntadeandalucia.es\/iesvaetwinning\/files\/2021\/11\/1637842985534-1152x1536.jpg 1152w, https:\/\/blogsaverroes.juntadeandalucia.es\/iesvaetwinning\/files\/2021\/11\/1637842985534-1536x2048.jpg 1536w, https:\/\/blogsaverroes.juntadeandalucia.es\/iesvaetwinning\/files\/2021\/11\/1637842985534-scaled.jpg 1920w\" sizes=\"(max-width: 225px) 100vw, 225px\" \/><\/td>\r\n<\/tr>\r\n<\/tbody>\r\n<\/table>\r\n<\/div>\r\n<\/div>\r\n<\/div>\r\n<\/div>\r\n<p>&nbsp;<\/p>\r\n<div class=\"wp-block-group alignfull has-background-light-background-color has-background\">\r\n<div class=\"wp-block-group__inner-container\">\r\n<div class=\"wp-block-columns alignwide\">\r\n<div class=\"wp-block-column\">\r\n<table style=\"border-collapse: collapse;width: 100%\">\r\n<tbody>\r\n<tr>\r\n<td style=\"width: 33.3333%\">\r\n<h4><span style=\"color: #993366;font-size: 14pt\">Explore<\/span><\/h4>\r\n<p>eTwinning, la comunidad de centros escolares de Europa<\/p>\r\n<p><a href=\"https:\/\/www.etwinning.net\/es\/pub\/index.htm\" target=\"_blank\" rel=\"noopener noreferrer\"><img loading=\"lazy\" decoding=\"async\" class=\"alignnone wp-image-29 size-medium\" src=\"https:\/\/blogsaverroes.juntadeandalucia.es\/iesvaetwinning\/files\/2020\/02\/etw-map-300x220.png\" alt=\"\" width=\"300\" height=\"220\" srcset=\"https:\/\/blogsaverroes.juntadeandalucia.es\/iesvaetwinning\/files\/2020\/02\/etw-map-300x220.png 300w, https:\/\/blogsaverroes.juntadeandalucia.es\/iesvaetwinning\/files\/2020\/02\/etw-map-24x18.png 24w, https:\/\/blogsaverroes.juntadeandalucia.es\/iesvaetwinning\/files\/2020\/02\/etw-map-36x26.png 36w, https:\/\/blogsaverroes.juntadeandalucia.es\/iesvaetwinning\/files\/2020\/02\/etw-map-48x35.png 48w, https:\/\/blogsaverroes.juntadeandalucia.es\/iesvaetwinning\/files\/2020\/02\/etw-map.png 483w\" sizes=\"(max-width: 300px) 100vw, 300px\" \/><\/a><\/p>\r\n<p style=\"text-align: center\">The school community in Europe<\/p>\r\n<\/td>\r\n<td style=\"width: 33.3333%\">\r\n<figure class=\"wp-block-image size-large\">\r\n<h4><span style=\"color: #993366;font-size: 14pt\">Discover<\/span><\/h4>\r\n<p style=\"text-align: center\">Nuestro instituto<\/p>\r\n<p><a href=\"https:\/\/blogsaverroes.juntadeandalucia.es\/iesvegadeatarfe\/\" target=\"_blank\" rel=\"noopener noreferrer\"><img loading=\"lazy\" decoding=\"async\" class=\"alignnone size-medium wp-image-247\" src=\"https:\/\/blogsaverroes.juntadeandalucia.es\/iesvaetwinning\/files\/2020\/02\/img_3908-225x300.jpg\" alt=\"\" width=\"225\" height=\"300\" srcset=\"https:\/\/blogsaverroes.juntadeandalucia.es\/iesvaetwinning\/files\/2020\/02\/img_3908-225x300.jpg 225w, https:\/\/blogsaverroes.juntadeandalucia.es\/iesvaetwinning\/files\/2020\/02\/img_3908-768x1024.jpg 768w, https:\/\/blogsaverroes.juntadeandalucia.es\/iesvaetwinning\/files\/2020\/02\/img_3908-18x24.jpg 18w, https:\/\/blogsaverroes.juntadeandalucia.es\/iesvaetwinning\/files\/2020\/02\/img_3908-27x36.jpg 27w, https:\/\/blogsaverroes.juntadeandalucia.es\/iesvaetwinning\/files\/2020\/02\/img_3908-36x48.jpg 36w, https:\/\/blogsaverroes.juntadeandalucia.es\/iesvaetwinning\/files\/2020\/02\/img_3908.jpg 817w\" sizes=\"(max-width: 225px) 100vw, 225px\" \/><\/a><\/p>\r\n<\/figure>\r\n<p style=\"text-align: center\">Our school<\/p>\r\n<\/td>\r\n<td style=\"width: 33.3333%\">\r\n<figure>\r\n<h4><span style=\"color: #993366;font-size: 14pt\">Experience<\/span><\/h4>\r\n<p>Atarfe, en la vega de Granada<\/p>\r\n<\/figure>\r\n<figure class=\"wp-block-image size-large is-resized\"><img loading=\"lazy\" decoding=\"async\" class=\"alignnone wp-image-249\" src=\"https:\/\/blogsaverroes.juntadeandalucia.es\/iesvaetwinning\/files\/2020\/02\/atarfe-sierra-elvira.jpg?w=259\" alt=\"\" width=\"320\" height=\"240\" srcset=\"https:\/\/blogsaverroes.juntadeandalucia.es\/iesvaetwinning\/files\/2020\/02\/atarfe-sierra-elvira.jpg 259w, https:\/\/blogsaverroes.juntadeandalucia.es\/iesvaetwinning\/files\/2020\/02\/atarfe-sierra-elvira-24x18.jpg 24w, https:\/\/blogsaverroes.juntadeandalucia.es\/iesvaetwinning\/files\/2020\/02\/atarfe-sierra-elvira-36x27.jpg 36w, https:\/\/blogsaverroes.juntadeandalucia.es\/iesvaetwinning\/files\/2020\/02\/atarfe-sierra-elvira-48x36.jpg 48w\" sizes=\"(max-width: 320px) 100vw, 320px\" \/><\/figure>\r\n<p style=\"text-align: center\">Atarfe, in the meadow of Granada<\/p>\r\n<p>&nbsp;<\/p>\r\n<\/td>\r\n<\/tr>\r\n<\/tbody>\r\n<\/table>\r\n<h4>&nbsp;<\/h4>\r\n<\/div>\r\n<\/div>\r\n<\/div>\r\n<\/div>\r\n<div class=\"wp-block-group alignfull\">\r\n<div class=\"wp-block-group__inner-container\"><!-- \/wp:cover -->\r\n\r\n<!-- wp:columns {\"align\":\"wide\"} -->\r\n<div class=\"wp-block-columns alignwide\"><!-- wp:column {\"width\":67} -->\r\n<div class=\"wp-block-column\"><!-- wp:pullquote -->\r\n<figure class=\"wp-block-pullquote\"><\/figure>\r\n<\/div>\r\n<\/div>\r\n<\/div>\r\n<\/div>\r\n<div class=\"wp-block-group alignfull has-foreground-background-color has-background\">\r\n<div class=\"wp-block-group__inner-container\">\r\n<div class=\"wp-block-columns alignwide\">\r\n<div class=\"wp-block-column\"><!-- \/wp:pullquote -->\r\n\r\n<!-- wp:list -->\r\n<h6><span style=\"color: #3366ff;font-size: 14pt\">Get in touch<\/span><\/h6>\r\n<ul>\r\n<li>18009407.edu@juntadeandalucia.es<\/li>\r\n<li>958 893 937<\/li>\r\n<\/ul>\r\n<!-- \/wp:list -->\r\n\r\n<!-- wp:paragraph {\"align\":\"left\",\"textColor\":\"secondary\"} -->\r\n<h6 class=\"has-text-color has-text-align-left has-secondary-color\"><span style=\"font-size: 14pt\"><span style=\"color: #3366ff\">Follow us on<\/span>&nbsp; &nbsp;<\/span><\/h6>\r\n<p class=\"has-text-color has-text-align-left has-secondary-color\"><a href=\"https:\/\/twitter.com\/vegadeatarfe\" target=\"_blank\" rel=\"noopener noreferrer\">@vegadeatarfe<\/a><\/p>\r\n<!-- \/wp:paragraph --><\/div>\r\n<!-- \/wp:column -->\r\n\r\n<!-- wp:column -->\r\n<div class=\"wp-block-column\"><!-- wp:heading {\"level\":4} -->\r\n<h6>&nbsp;<\/h6>\r\n<h6><span style=\"color: #3366ff;font-size: 14pt\">Drop by<\/span><\/h6>\r\n<!-- \/wp:heading -->\r\n\r\n<!-- wp:paragraph -->\r\n<p>Avda. Diputaci\u00f3n, s\/n <br>18230 Atarfe<br>Granada (Spain)<\/p>\r\n<!-- \/wp:paragraph -->\r\n\r\n<!-- wp:paragraph {\"textColor\":\"secondary\"} -->\r\n<p class=\"has-text-color has-secondary-color\"><span style=\"color: #ff0000\"><a style=\"color: #ff0000\" href=\"https:\/\/goo.gl\/maps\/AVPWBTcTstSPuExRA\" target=\"_blank\" rel=\"noreferrer noopener\" aria-label=\" (opens in a new tab)\">Direction and Maps<\/a><\/span><\/p>\r\n<!-- \/wp:paragraph --><\/div>\r\n<!-- \/wp:column --><\/div>\r\n<!-- \/wp:columns --><\/div>\r\n<\/div>\r\n<!-- \/wp:group -->\r\n\r\n<!-- wp:paragraph -->\r\n<p>&nbsp;<\/p>\r\n<!-- \/wp:paragraph -->","protected":false},"excerpt":{"rendered":"<p>IES Vega de Atarfe empieza su andadura en eTwinning en 2016 con un proyecto en franc\u00e9s y espa\u00f1ol con el centro LEGT Edouard Herriot de&hellip;<\/p>\n","protected":false},"author":8182,"featured_media":0,"parent":35,"menu_order":1,"comment_status":"closed","ping_status":"closed","template":"","meta":{"ngg_post_thumbnail":0,"footnotes":""},"aioseo_notices":[],"_links":{"self":[{"href":"https:\/\/blogsaverroes.juntadeandalucia.es\/iesvaetwinning\/wp-json\/wp\/v2\/pages\/18"}],"collection":[{"href":"https:\/\/blogsaverroes.juntadeandalucia.es\/iesvaetwinning\/wp-json\/wp\/v2\/pages"}],"about":[{"href":"https:\/\/blogsaverroes.juntadeandalucia.es\/iesvaetwinning\/wp-json\/wp\/v2\/types\/page"}],"author":[{"embeddable":true,"href":"https:\/\/blogsaverroes.juntadeandalucia.es\/iesvaetwinning\/wp-json\/wp\/v2\/users\/8182"}],"replies":[{"embeddable":true,"href":"https:\/\/blogsaverroes.juntadeandalucia.es\/iesvaetwinning\/wp-json\/wp\/v2\/comments?post=18"}],"version-history":[{"count":38,"href":"https:\/\/blogsaverroes.juntadeandalucia.es\/iesvaetwinning\/wp-json\/wp\/v2\/pages\/18\/revisions"}],"predecessor-version":[{"id":2205,"href":"https:\/\/blogsaverroes.juntadeandalucia.es\/iesvaetwinning\/wp-json\/wp\/v2\/pages\/18\/revisions\/2205"}],"up":[{"embeddable":true,"href":"https:\/\/blogsaverroes.juntadeandalucia.es\/iesvaetwinning\/wp-json\/wp\/v2\/pages\/35"}],"wp:attachment":[{"href":"https:\/\/blogsaverroes.juntadeandalucia.es\/iesvaetwinning\/wp-json\/wp\/v2\/media?parent=18"}],"curies":[{"name":"wp","href":"https:\/\/api.w.org\/{rel}","templated":true}]}}