{"id":1873,"date":"2021-11-06T18:46:52","date_gmt":"2021-11-06T17:46:52","guid":{"rendered":"https:\/\/blogsaverroes.juntadeandalucia.es\/iesvaetwinning\/?page_id=1873"},"modified":"2023-06-20T13:17:34","modified_gmt":"2023-06-20T11:17:34","slug":"premio-etwinning-2021","status":"publish","type":"page","link":"https:\/\/blogsaverroes.juntadeandalucia.es\/iesvaetwinning\/premio-etwinning-2021\/","title":{"rendered":"Premio Nacional 2021"},"content":{"rendered":"<p>El proyecto &#8216;<span style=\"font-size: 14pt;color: #3366ff\"><strong>Women with conscience and science. Marie Curie: looking for eTwinnio<\/strong><\/span>&#8216; coordinado por las profesoras Montserrat Jim\u00e9nez (Qu\u00edmica), Sandra Campa\u00f1a (Tecnolog\u00eda) y Rosario Rodr\u00edguez (Ingl\u00e9s) junto a alumnado de 3\u00ba ESO en el curso 19\/20, ha sido galardonado con el Premio Nacional eTwinning 2021, categor\u00eda ESO&nbsp;&nbsp;<\/p>\n<table style=\"border-collapse: collapse;width: 62.3031%;height: 253px\">\n<tbody>\n<tr>\n<td style=\"width: 50%\"><span style=\"font-size: 18pt\"><strong><a style=\"color: #ff00ff\" href=\"https:\/\/blogsaverroes.juntadeandalucia.es\/iesvaetwinning\/marie-curie\/\">P\u00e1gina <\/a><\/strong><strong><a style=\"color: #ff00ff\" href=\"https:\/\/blogsaverroes.juntadeandalucia.es\/iesvaetwinning\/marie-curie\/\" target=\"_blank\" rel=\"noopener noreferrer\">destacada sobre <\/a><\/strong><strong style=\"font-family: inherit\"><a style=\"color: #ff00ff\" href=\"https:\/\/blogsaverroes.juntadeandalucia.es\/iesvaetwinning\/marie-curie\/\">el proyecto<\/a><\/strong><\/span><\/td>\n<td style=\"width: 100%\"><strong><a href=\"https:\/\/twinspace.etwinning.net\/90484\" target=\"_blank\" rel=\"noopener noreferrer\"><img loading=\"lazy\" decoding=\"async\" class=\"aligncenter wp-image-595\" src=\"https:\/\/blogsaverroes.juntadeandalucia.es\/iesvaetwinning\/files\/2020\/03\/logo-etwinnio-300x300.jpg\" alt=\"\" width=\"250\" height=\"250\" srcset=\"https:\/\/blogsaverroes.juntadeandalucia.es\/iesvaetwinning\/files\/2020\/03\/logo-etwinnio-300x300.jpg 300w, https:\/\/blogsaverroes.juntadeandalucia.es\/iesvaetwinning\/files\/2020\/03\/logo-etwinnio-150x150.jpg 150w, https:\/\/blogsaverroes.juntadeandalucia.es\/iesvaetwinning\/files\/2020\/03\/logo-etwinnio-768x768.jpg 768w, https:\/\/blogsaverroes.juntadeandalucia.es\/iesvaetwinning\/files\/2020\/03\/logo-etwinnio-100x100.jpg 100w, https:\/\/blogsaverroes.juntadeandalucia.es\/iesvaetwinning\/files\/2020\/03\/logo-etwinnio-24x24.jpg 24w, https:\/\/blogsaverroes.juntadeandalucia.es\/iesvaetwinning\/files\/2020\/03\/logo-etwinnio-36x36.jpg 36w, https:\/\/blogsaverroes.juntadeandalucia.es\/iesvaetwinning\/files\/2020\/03\/logo-etwinnio-48x48.jpg 48w, https:\/\/blogsaverroes.juntadeandalucia.es\/iesvaetwinning\/files\/2020\/03\/logo-etwinnio.jpg 1020w\" sizes=\"(max-width: 250px) 100vw, 250px\" \/><\/a><\/strong><\/td>\n<\/tr>\n<\/tbody>\n<\/table>\n<p><strong>Felicitamos al alumnado por el trabajo realizado y a las familias por el apoyo recibido durante el dif\u00edcil curso del confinamiento<\/strong><\/p>\n<p style=\"text-align: center\"><img loading=\"lazy\" decoding=\"async\" class=\"alignnone wp-image-1961 size-large\" src=\"https:\/\/blogsaverroes.juntadeandalucia.es\/iesvaetwinning\/files\/2021\/11\/1637842985534-768x1024.jpg\" alt=\"\" width=\"768\" height=\"1024\" srcset=\"https:\/\/blogsaverroes.juntadeandalucia.es\/iesvaetwinning\/files\/2021\/11\/1637842985534-768x1024.jpg 768w, https:\/\/blogsaverroes.juntadeandalucia.es\/iesvaetwinning\/files\/2021\/11\/1637842985534-225x300.jpg 225w, https:\/\/blogsaverroes.juntadeandalucia.es\/iesvaetwinning\/files\/2021\/11\/1637842985534-1152x1536.jpg 1152w, https:\/\/blogsaverroes.juntadeandalucia.es\/iesvaetwinning\/files\/2021\/11\/1637842985534-1536x2048.jpg 1536w, https:\/\/blogsaverroes.juntadeandalucia.es\/iesvaetwinning\/files\/2021\/11\/1637842985534-scaled.jpg 1920w\" sizes=\"(max-width: 768px) 100vw, 768px\" \/><\/p>\n<table style=\"border-collapse: collapse;width: 100%\">\n<tbody>\n<tr>\n<td style=\"width: 33.3333%\"><img loading=\"lazy\" decoding=\"async\" class=\"alignnone size-medium wp-image-1881\" src=\"https:\/\/blogsaverroes.juntadeandalucia.es\/iesvaetwinning\/files\/2021\/11\/1620893928735-300x225.jpg\" alt=\"\" width=\"300\" height=\"225\" srcset=\"https:\/\/blogsaverroes.juntadeandalucia.es\/iesvaetwinning\/files\/2021\/11\/1620893928735-300x225.jpg 300w, https:\/\/blogsaverroes.juntadeandalucia.es\/iesvaetwinning\/files\/2021\/11\/1620893928735-1024x768.jpg 1024w, https:\/\/blogsaverroes.juntadeandalucia.es\/iesvaetwinning\/files\/2021\/11\/1620893928735-768x576.jpg 768w, https:\/\/blogsaverroes.juntadeandalucia.es\/iesvaetwinning\/files\/2021\/11\/1620893928735-1536x1152.jpg 1536w, https:\/\/blogsaverroes.juntadeandalucia.es\/iesvaetwinning\/files\/2021\/11\/1620893928735-2048x1536.jpg 2048w\" sizes=\"(max-width: 300px) 100vw, 300px\" \/><\/td>\n<td style=\"width: 33.3333%\"><img loading=\"lazy\" decoding=\"async\" class=\"alignnone size-full wp-image-1798 aligncenter\" src=\"https:\/\/blogsaverroes.juntadeandalucia.es\/iesvaetwinning\/files\/2021\/07\/premios-21-1.jpg\" alt=\"\" width=\"251\" height=\"201\"><\/td>\n<td style=\"width: 33.3333%\"><img loading=\"lazy\" decoding=\"async\" class=\"alignnone size-medium wp-image-1882\" src=\"https:\/\/blogsaverroes.juntadeandalucia.es\/iesvaetwinning\/files\/2021\/11\/1622934297052-300x225.jpg\" alt=\"\" width=\"300\" height=\"225\" srcset=\"https:\/\/blogsaverroes.juntadeandalucia.es\/iesvaetwinning\/files\/2021\/11\/1622934297052-300x225.jpg 300w, https:\/\/blogsaverroes.juntadeandalucia.es\/iesvaetwinning\/files\/2021\/11\/1622934297052-1024x768.jpg 1024w, https:\/\/blogsaverroes.juntadeandalucia.es\/iesvaetwinning\/files\/2021\/11\/1622934297052-768x576.jpg 768w, https:\/\/blogsaverroes.juntadeandalucia.es\/iesvaetwinning\/files\/2021\/11\/1622934297052-1536x1152.jpg 1536w, https:\/\/blogsaverroes.juntadeandalucia.es\/iesvaetwinning\/files\/2021\/11\/1622934297052-2048x1536.jpg 2048w\" sizes=\"(max-width: 300px) 100vw, 300px\" \/><\/td>\n<\/tr>\n<\/tbody>\n<\/table>\n<table style=\"border-collapse: collapse;width: 100%\">\n<tbody>\n<tr>\n<td style=\"width: 33.3333%\"><img loading=\"lazy\" decoding=\"async\" class=\"alignnone size-medium wp-image-1925 aligncenter\" src=\"https:\/\/blogsaverroes.juntadeandalucia.es\/iesvaetwinning\/files\/2021\/11\/lista-1-etwinnio-137x300.jpg\" alt=\"\" width=\"137\" height=\"300\" srcset=\"https:\/\/blogsaverroes.juntadeandalucia.es\/iesvaetwinning\/files\/2021\/11\/lista-1-etwinnio-137x300.jpg 137w, https:\/\/blogsaverroes.juntadeandalucia.es\/iesvaetwinning\/files\/2021\/11\/lista-1-etwinnio.jpg 153w\" sizes=\"(max-width: 137px) 100vw, 137px\" \/><\/td>\n<td style=\"width: 33.3333%\"><img loading=\"lazy\" decoding=\"async\" class=\"alignnone size-medium wp-image-1369 aligncenter\" src=\"https:\/\/blogsaverroes.juntadeandalucia.es\/iesvaetwinning\/files\/2020\/11\/pupil-cert-etwinnio-300x207.jpg\" alt=\"\" width=\"300\" height=\"207\" srcset=\"https:\/\/blogsaverroes.juntadeandalucia.es\/iesvaetwinning\/files\/2020\/11\/pupil-cert-etwinnio-300x207.jpg 300w, https:\/\/blogsaverroes.juntadeandalucia.es\/iesvaetwinning\/files\/2020\/11\/pupil-cert-etwinnio-24x17.jpg 24w, https:\/\/blogsaverroes.juntadeandalucia.es\/iesvaetwinning\/files\/2020\/11\/pupil-cert-etwinnio-36x25.jpg 36w, https:\/\/blogsaverroes.juntadeandalucia.es\/iesvaetwinning\/files\/2020\/11\/pupil-cert-etwinnio-48x33.jpg 48w, https:\/\/blogsaverroes.juntadeandalucia.es\/iesvaetwinning\/files\/2020\/11\/pupil-cert-etwinnio.jpg 676w\" sizes=\"(max-width: 300px) 100vw, 300px\" \/><\/td>\n<td style=\"width: 33.3333%\"><img loading=\"lazy\" decoding=\"async\" class=\"alignnone size-full wp-image-1926 aligncenter\" src=\"https:\/\/blogsaverroes.juntadeandalucia.es\/iesvaetwinning\/files\/2021\/11\/lista-2-etwinnio.jpg\" alt=\"\" width=\"167\" height=\"269\"><\/td>\n<\/tr>\n<\/tbody>\n<\/table>\n<p><strong><span style=\"font-size: 14pt;color: #ff9900\">Entrega de Premios<\/span><\/strong><\/p>\n<p><span style=\"color: #3366ff\">Madrid 4\/11\/2021<\/span><\/p>\n<p>Discurso de nuestro proyecto a cargo de D\u00f1a. J. \u00c1ngeles Molina M\u00e1rquez IES Macarena (Sevilla), socia fundadora del proyecto (Minuto 50.55)<\/p>\n<p>Recoge el premio, en representaci\u00f3n del centro IES Vega de Atarfe, D\u00f1a. Rosario Rodr\u00edguez Utrilla (Minuto 22.58)<\/p>\n<p style=\"text-align: center\"><iframe loading=\"lazy\" src=\"\/\/www.youtube.com\/embed\/2D3lq7js0PE\" width=\"560\" height=\"315\" frameborder=\"0\"><\/iframe><\/p>\n<p>&nbsp;<\/p>\n<p><strong><span style=\"font-size: 14pt;color: #ff9900\">Prensa<\/span><\/strong><\/p>\n<table style=\"border-collapse: collapse;width: 100%\">\n<tbody>\n<tr>\n<td style=\"width: 50%\"><strong><span style=\"color: #ff99cc\">No<\/span><\/strong><strong><span style=\"color: #ff99cc\">ta de prensa del Ministerio de Educaci\u00f3n<\/span><\/strong><\/td>\n<td style=\"width: 50%\"><strong><span style=\"color: #ff99cc\">Nota de prensa de la Consejer\u00eda de Educaci\u00f3n<\/span><\/strong><\/td>\n<\/tr>\n<\/tbody>\n<\/table>\n<table style=\"border-collapse: collapse;width: 100%\">\n<tbody>\n<tr>\n<td style=\"width: 50%\"><a href=\"https:\/\/www.educacionyfp.gob.es\/prensa\/actualidad\/2021\/11\/20211104-premiosetwinning.html\"><img loading=\"lazy\" decoding=\"async\" class=\"aligncenter wp-image-1875\" src=\"https:\/\/blogsaverroes.juntadeandalucia.es\/iesvaetwinning\/files\/2021\/11\/gob-1024x595.jpg\" alt=\"\" width=\"700\" height=\"407\" srcset=\"https:\/\/blogsaverroes.juntadeandalucia.es\/iesvaetwinning\/files\/2021\/11\/gob-1024x595.jpg 1024w, https:\/\/blogsaverroes.juntadeandalucia.es\/iesvaetwinning\/files\/2021\/11\/gob-300x174.jpg 300w, https:\/\/blogsaverroes.juntadeandalucia.es\/iesvaetwinning\/files\/2021\/11\/gob-768x446.jpg 768w, https:\/\/blogsaverroes.juntadeandalucia.es\/iesvaetwinning\/files\/2021\/11\/gob.jpg 1074w\" sizes=\"(max-width: 700px) 100vw, 700px\" \/><\/a><\/td>\n<td style=\"width: 50%\"><a href=\"https:\/\/www.juntadeandalucia.es\/educacion\/portals\/web\/ced\/actualidad\/detalle-de-la-noticia\/-\/noticia\/detalle\/diez-docentes-andaluces-reconocidos-con-los-premios-nacionales-etwinning\" target=\"_blank\" rel=\"noopener noreferrer\"><img loading=\"lazy\" decoding=\"async\" class=\"alignnone wp-image-1878 size-large\" src=\"https:\/\/blogsaverroes.juntadeandalucia.es\/iesvaetwinning\/files\/2021\/11\/junta-1024x472.jpg\" alt=\"\" width=\"843\" height=\"389\" srcset=\"https:\/\/blogsaverroes.juntadeandalucia.es\/iesvaetwinning\/files\/2021\/11\/junta-1024x472.jpg 1024w, https:\/\/blogsaverroes.juntadeandalucia.es\/iesvaetwinning\/files\/2021\/11\/junta-300x138.jpg 300w, https:\/\/blogsaverroes.juntadeandalucia.es\/iesvaetwinning\/files\/2021\/11\/junta-768x354.jpg 768w, https:\/\/blogsaverroes.juntadeandalucia.es\/iesvaetwinning\/files\/2021\/11\/junta.jpg 1347w\" sizes=\"(max-width: 843px) 100vw, 843px\" \/><\/a><\/td>\n<\/tr>\n<\/tbody>\n<\/table>\n<p>&nbsp;<\/p>\n<table style=\"border-collapse: collapse;width: 100%\">\n<tbody>\n<tr>\n<td style=\"width: 50%\"><strong><span style=\"color: #ff99cc\">Art\u00edculo del peri\u00f3dico GranadaDigital<\/span><\/strong><\/td>\n<td style=\"width: 50%\"><strong><span style=\"color: #ff99cc\">Art\u00edculo del peri\u00f3dico Ideal<\/span><\/strong><\/td>\n<\/tr>\n<tr>\n<td style=\"width: 50%\"><a href=\"https:\/\/www.granadadigital.es\/tres-docentes-granadinos-galardonados-premios-nacionales-etwinning-2021\/\" target=\"_blank\" rel=\"noopener noreferrer\"><img loading=\"lazy\" decoding=\"async\" class=\"aligncenter wp-image-1877\" src=\"https:\/\/blogsaverroes.juntadeandalucia.es\/iesvaetwinning\/files\/2021\/11\/Digital.jpg\" alt=\"\" width=\"700\" height=\"601\" srcset=\"https:\/\/blogsaverroes.juntadeandalucia.es\/iesvaetwinning\/files\/2021\/11\/Digital.jpg 728w, https:\/\/blogsaverroes.juntadeandalucia.es\/iesvaetwinning\/files\/2021\/11\/Digital-300x258.jpg 300w\" sizes=\"(max-width: 700px) 100vw, 700px\" \/><\/a><\/td>\n<td style=\"width: 50%\"><a href=\"https:\/\/en-clase.ideal.es\/2021\/11\/06\/el-ies-vega-de-atarfe-y-el-ies-mariana-pineda-reconocidos-con-los-premios-nacionales-etwinning-2021\/\" target=\"_blank\" rel=\"noopener noreferrer\"><img loading=\"lazy\" decoding=\"async\" class=\"alignnone wp-image-1935 size-full\" src=\"https:\/\/blogsaverroes.juntadeandalucia.es\/iesvaetwinning\/files\/2021\/11\/ideal-en-clase-premio.jpg\" alt=\"\" width=\"648\" height=\"659\" srcset=\"https:\/\/blogsaverroes.juntadeandalucia.es\/iesvaetwinning\/files\/2021\/11\/ideal-en-clase-premio.jpg 648w, https:\/\/blogsaverroes.juntadeandalucia.es\/iesvaetwinning\/files\/2021\/11\/ideal-en-clase-premio-295x300.jpg 295w\" sizes=\"(max-width: 648px) 100vw, 648px\" \/><\/a><\/td>\n<\/tr>\n<\/tbody>\n<\/table>\n<p><strong><span style=\"color: #ff99cc\">Art\u00edculo Servicio Nacional de Apoyo eTwinning<\/span><\/strong><\/p>\n<p><a href=\"http:\/\/etwinning.es\/es\/ceremonia-de-entrega-de-los-premios-nacionales-etwinning-2021\/\"><img loading=\"lazy\" decoding=\"async\" class=\"aligncenter wp-image-1929\" src=\"https:\/\/blogsaverroes.juntadeandalucia.es\/iesvaetwinning\/files\/2021\/11\/sna-premios-300x256.jpg\" alt=\"\" width=\"400\" height=\"341\" srcset=\"https:\/\/blogsaverroes.juntadeandalucia.es\/iesvaetwinning\/files\/2021\/11\/sna-premios-300x256.jpg 300w, https:\/\/blogsaverroes.juntadeandalucia.es\/iesvaetwinning\/files\/2021\/11\/sna-premios.jpg 767w\" sizes=\"(max-width: 400px) 100vw, 400px\" \/><\/a><\/p>\n<p><span style=\"font-size: 14pt;color: #ff9900\"><strong>Carta de felicitaci\u00f3n de la Consejer\u00eda de Educaci\u00f3n<\/strong><\/span><\/p>\n<table style=\"border-collapse: collapse;width: 75.7576%;height: 325px\">\n<tbody>\n<tr>\n<td style=\"width: 50%\"><a href=\"https:\/\/blogsaverroes.juntadeandalucia.es\/iesvaetwinning\/files\/2021\/10\/Carta-felicitacion-premio-MJR.pdf\"><img loading=\"lazy\" decoding=\"async\" class=\"alignnone size-medium wp-image-1860 aligncenter\" src=\"https:\/\/blogsaverroes.juntadeandalucia.es\/iesvaetwinning\/files\/2021\/10\/Carta-felicitacion-premio-MJR-190x300.jpg\" alt=\"\" width=\"190\" height=\"300\" srcset=\"https:\/\/blogsaverroes.juntadeandalucia.es\/iesvaetwinning\/files\/2021\/10\/Carta-felicitacion-premio-MJR-190x300.jpg 190w, https:\/\/blogsaverroes.juntadeandalucia.es\/iesvaetwinning\/files\/2021\/10\/Carta-felicitacion-premio-MJR.jpg 368w\" sizes=\"(max-width: 190px) 100vw, 190px\" \/><\/a><\/td>\n<td style=\"width: 50%\"><a href=\"https:\/\/blogsaverroes.juntadeandalucia.es\/iesvaetwinning\/files\/2021\/10\/Carta-felicitacion-premio-RRU.pdf\"><img loading=\"lazy\" decoding=\"async\" class=\"aligncenter wp-image-1861 size-medium\" src=\"https:\/\/blogsaverroes.juntadeandalucia.es\/iesvaetwinning\/files\/2021\/10\/Carta-felicitacion-premio-RRU-201x300.jpg\" alt=\"\" width=\"201\" height=\"300\" srcset=\"https:\/\/blogsaverroes.juntadeandalucia.es\/iesvaetwinning\/files\/2021\/10\/Carta-felicitacion-premio-RRU-201x300.jpg 201w, https:\/\/blogsaverroes.juntadeandalucia.es\/iesvaetwinning\/files\/2021\/10\/Carta-felicitacion-premio-RRU.jpg 392w\" sizes=\"(max-width: 201px) 100vw, 201px\" \/><\/a><\/td>\n<\/tr>\n<\/tbody>\n<\/table>\n<p>&nbsp;<\/p>\n<p>&nbsp;<\/p>\n<p>&nbsp;<\/p>\n","protected":false},"excerpt":{"rendered":"<p>El proyecto &#8216;Women with conscience and science. Marie Curie: looking for eTwinnio&#8216; coordinado por las profesoras Montserrat Jim\u00e9nez (Qu\u00edmica), Sandra Campa\u00f1a (Tecnolog\u00eda) y Rosario Rodr\u00edguez&hellip;<\/p>\n","protected":false},"author":8182,"featured_media":0,"parent":0,"menu_order":0,"comment_status":"closed","ping_status":"closed","template":"","meta":{"ngg_post_thumbnail":0,"footnotes":""},"aioseo_notices":[],"_links":{"self":[{"href":"https:\/\/blogsaverroes.juntadeandalucia.es\/iesvaetwinning\/wp-json\/wp\/v2\/pages\/1873"}],"collection":[{"href":"https:\/\/blogsaverroes.juntadeandalucia.es\/iesvaetwinning\/wp-json\/wp\/v2\/pages"}],"about":[{"href":"https:\/\/blogsaverroes.juntadeandalucia.es\/iesvaetwinning\/wp-json\/wp\/v2\/types\/page"}],"author":[{"embeddable":true,"href":"https:\/\/blogsaverroes.juntadeandalucia.es\/iesvaetwinning\/wp-json\/wp\/v2\/users\/8182"}],"replies":[{"embeddable":true,"href":"https:\/\/blogsaverroes.juntadeandalucia.es\/iesvaetwinning\/wp-json\/wp\/v2\/comments?post=1873"}],"version-history":[{"count":50,"href":"https:\/\/blogsaverroes.juntadeandalucia.es\/iesvaetwinning\/wp-json\/wp\/v2\/pages\/1873\/revisions"}],"predecessor-version":[{"id":2265,"href":"https:\/\/blogsaverroes.juntadeandalucia.es\/iesvaetwinning\/wp-json\/wp\/v2\/pages\/1873\/revisions\/2265"}],"wp:attachment":[{"href":"https:\/\/blogsaverroes.juntadeandalucia.es\/iesvaetwinning\/wp-json\/wp\/v2\/media?parent=1873"}],"curies":[{"name":"wp","href":"https:\/\/api.w.org\/{rel}","templated":true}]}}