{"id":1969,"date":"2021-12-19T10:37:29","date_gmt":"2021-12-19T09:37:29","guid":{"rendered":"https:\/\/blogsaverroes.juntadeandalucia.es\/iesvaetwinning\/?page_id=1969"},"modified":"2025-09-02T17:58:00","modified_gmt":"2025-09-02T15:58:00","slug":"proyectos-2021-22","status":"publish","type":"page","link":"https:\/\/blogsaverroes.juntadeandalucia.es\/iesvaetwinning\/proyectos-2021-22\/","title":{"rendered":"Proyectos 2021\/22"},"content":{"rendered":"<p><span style=\"color: #ff0000;font-size: 14pt;font-family: 'comic sans ms', sans-serif\">\u00bfQuieres ver en qu\u00e9 trabajamos este a\u00f1o? <\/span><\/p>\n<p style=\"text-align: center\">Visita el TwinSpace de los proyectos y la p\u00e1gina destacada que le dedicamos en esta web<\/p>\n<p><a href=\"https:\/\/blogsaverroes.juntadeandalucia.es\/iesvaetwinning\/etwinkling-stars-shining-together\/\" target=\"_blank\" rel=\"noopener noreferrer\"><span style=\"font-size: 24pt\">eTwinkling stars: Shining together<\/span><\/a><\/p>\n<p><a href=\"https:\/\/blogsaverroes.juntadeandalucia.es\/iesvaetwinning\/premio-nacional-2023\/\"><span style=\"color: #ffcc00\">PREMIO NACIONAL eTwinning 2023<\/span><\/a><\/p>\n<table style=\"border-collapse: collapse;width: 100%\">\n<tbody>\n<tr>\n<td style=\"width: 50%;text-align: center\"><a href=\"https:\/\/school-education.ec.europa.eu\/en\/etwinning\/projects\/etwinkling-stars-shining-together\/twinspace\" target=\"_blank\" rel=\"noopener noreferrer\"><img loading=\"lazy\" decoding=\"async\" class=\"alignnone wp-image-2018 size-medium\" src=\"https:\/\/blogsaverroes.juntadeandalucia.es\/iesvaetwinning\/files\/2022\/03\/Captura-300x226.png\" alt=\"\" width=\"300\" height=\"226\" srcset=\"https:\/\/blogsaverroes.juntadeandalucia.es\/iesvaetwinning\/files\/2022\/03\/Captura-300x226.png 300w, https:\/\/blogsaverroes.juntadeandalucia.es\/iesvaetwinning\/files\/2022\/03\/Captura.png 661w\" sizes=\"(max-width: 300px) 100vw, 300px\" \/><\/a><\/p>\n<p><a href=\"https:\/\/school-education.ec.europa.eu\/en\/etwinning\/projects\/etwinkling-stars-shining-together\/twinspace\" target=\"_blank\" rel=\"noopener\"><span style=\"font-size: 18pt\">Enlace al TwinSpace<\/span><\/a><\/p>\n<p><a href=\"https:\/\/blogsaverroes.juntadeandalucia.es\/iesvaetwinning\/etwinkling-stars-shining-together\/\" target=\"_blank\" rel=\"noopener\"><span style=\"font-size: 18pt\">Enlace p\u00e1gina sobre el proyecto<\/span><\/a><\/td>\n<td style=\"width: 50%\">Este proyecto surge de la colaboraci\u00f3n entre socias conocidas durante las movilidades del proyecto Erasmus+ de nuestro centro en Berl\u00edn y Florencia, con institutos de Hungr\u00eda, Macedonia del Norte y Finlandia.&nbsp; Adem\u00e1s, para dar continuidad a proyectos anteriores, trabajamos con Turqu\u00eda y Ceuta y contin\u00faa colaborando con nosotros la experta en Mindfulness.<\/p>\n<p>Es un proyecto STEAM inclusivo que pretende dar a conocer las estrellas como forma de compromiso en el cuidado de nuestro mundo, la figura de mujeres astronomas y llevando a cabo un trabajo integral en torno al universo, educando en valores de igualdad e integrando la educaci\u00f3n emocional.<\/td>\n<\/tr>\n<\/tbody>\n<\/table>\n<p>&nbsp;<\/p>\n<table style=\"border-collapse: collapse;width: 100%\">\n<tbody>\n<tr>\n<td style=\"width: 50%\"><span style=\"font-size: 14pt;color: #ff9900\"><strong>Coordinado por:&nbsp;<\/strong><\/span><\/p>\n<p>M\u00aa Rosario Rodr\u00edguez Utrilla (Ingl\u00e9s)<\/p>\n<p>M\u00aa Angustias Cambil (1\u00ba ESO A) (Tecnolog\u00eda)<\/p>\n<p>Montserrat Jim\u00e9nez Ruiz (Qu\u00edmica)<\/p>\n<p>Isabel Esteban L\u00f3pez 1\u00ba Bach A (Econom\u00eda)<\/p>\n<p>Eva Garrido Lozano 3\u00ba ESO A (Biolog\u00eda)<\/td>\n<td style=\"width: 50%\"><span style=\"font-size: 14pt;color: #ff9900\"><strong>Profesorado y Pa\u00edses participantes:&nbsp;<\/strong><\/span><\/p>\n<p>HUNGARY (3), NORTH MACEDONIA (4),<br \/>\nSPAIN (7), TURKEY (1) FINLAND (1)<\/p>\n<p>&nbsp;<\/p>\n<p>&nbsp;<\/td>\n<\/tr>\n<\/tbody>\n<\/table>\n<p><span style=\"font-size: 24pt\">Global Goals in Business<\/span><\/p>\n<table style=\"border-collapse: collapse;width: 100%\">\n<tbody>\n<tr>\n<td style=\"width: 50%\"><a href=\"https:\/\/school-education.ec.europa.eu\/en\/etwinning\/projects\/global-goals-business\" target=\"_blank\" rel=\"noopener\"><img loading=\"lazy\" decoding=\"async\" class=\"aligncenter wp-image-2176 size-full\" src=\"https:\/\/blogsaverroes.juntadeandalucia.es\/iesvaetwinning\/files\/2022\/11\/GGbusiness.jpg\" alt=\"\" width=\"618\" height=\"299\" srcset=\"https:\/\/blogsaverroes.juntadeandalucia.es\/iesvaetwinning\/files\/2022\/11\/GGbusiness.jpg 618w, https:\/\/blogsaverroes.juntadeandalucia.es\/iesvaetwinning\/files\/2022\/11\/GGbusiness-300x145.jpg 300w\" sizes=\"(max-width: 618px) 100vw, 618px\" \/><\/a><\/td>\n<td style=\"width: 50%\">Asumiendo la importancia de los Objetivos de Desarrollo Sostenible, este proyecto pretnede que nuestro alumnado desarrolle ideas de negocio que sean capaces de conseguirlos, comprometi\u00e9ndose a ser parte de la soluci\u00f3n a largo plazo y a desarrollar un compromiso de vida.<\/td>\n<\/tr>\n<\/tbody>\n<\/table>\n<table style=\"border-collapse: collapse;width: 100%\">\n<tbody>\n<tr>\n<td style=\"width: 50%\"><span style=\"font-size: 14pt;color: #ff9900\"><strong>Coordinado por:&nbsp;<\/strong><\/span><\/p>\n<p>Isabel Esteban L\u00f3pez 4\u00ba ESO A (Econom\u00eda)<\/p>\n<p>M\u00aa Rosario Rodr\u00edguez Utrilla 1\u00ba CFGS (Ingl\u00e9s)<\/p>\n<p>&nbsp;<\/td>\n<td style=\"width: 50%\"><span style=\"font-size: 14pt;color: #ff9900\"><strong>Profesorado y Pa\u00edses participantes:&nbsp;<\/strong><\/span><\/p>\n<p>GREECE (6), PORTUGAL (2),<br \/>\nSPAIN (3)<\/p>\n<p>&nbsp;<\/td>\n<\/tr>\n<\/tbody>\n<\/table>\n<p>&nbsp;<\/p>\n","protected":false},"excerpt":{"rendered":"<p>\u00bfQuieres ver en qu\u00e9 trabajamos este a\u00f1o? Visita el TwinSpace de los proyectos y la p\u00e1gina destacada que le dedicamos en esta web eTwinkling stars:&hellip;<\/p>\n","protected":false},"author":8182,"featured_media":0,"parent":0,"menu_order":0,"comment_status":"closed","ping_status":"closed","template":"","meta":{"ngg_post_thumbnail":0,"footnotes":""},"aioseo_notices":[],"_links":{"self":[{"href":"https:\/\/blogsaverroes.juntadeandalucia.es\/iesvaetwinning\/wp-json\/wp\/v2\/pages\/1969"}],"collection":[{"href":"https:\/\/blogsaverroes.juntadeandalucia.es\/iesvaetwinning\/wp-json\/wp\/v2\/pages"}],"about":[{"href":"https:\/\/blogsaverroes.juntadeandalucia.es\/iesvaetwinning\/wp-json\/wp\/v2\/types\/page"}],"author":[{"embeddable":true,"href":"https:\/\/blogsaverroes.juntadeandalucia.es\/iesvaetwinning\/wp-json\/wp\/v2\/users\/8182"}],"replies":[{"embeddable":true,"href":"https:\/\/blogsaverroes.juntadeandalucia.es\/iesvaetwinning\/wp-json\/wp\/v2\/comments?post=1969"}],"version-history":[{"count":18,"href":"https:\/\/blogsaverroes.juntadeandalucia.es\/iesvaetwinning\/wp-json\/wp\/v2\/pages\/1969\/revisions"}],"predecessor-version":[{"id":2420,"href":"https:\/\/blogsaverroes.juntadeandalucia.es\/iesvaetwinning\/wp-json\/wp\/v2\/pages\/1969\/revisions\/2420"}],"wp:attachment":[{"href":"https:\/\/blogsaverroes.juntadeandalucia.es\/iesvaetwinning\/wp-json\/wp\/v2\/media?parent=1969"}],"curies":[{"name":"wp","href":"https:\/\/api.w.org\/{rel}","templated":true}]}}