{"id":2262,"date":"2023-06-20T13:15:26","date_gmt":"2023-06-20T11:15:26","guid":{"rendered":"https:\/\/blogsaverroes.juntadeandalucia.es\/iesvaetwinning\/?page_id=2262"},"modified":"2024-06-30T17:55:17","modified_gmt":"2024-06-30T15:55:17","slug":"premio-nacional-2023","status":"publish","type":"page","link":"https:\/\/blogsaverroes.juntadeandalucia.es\/iesvaetwinning\/premio-nacional-2023\/","title":{"rendered":"Premio Nacional 2023"},"content":{"rendered":"<p>El proyecto <span style=\"color: #0000ff\">\u2018<span style=\"font-size: 14pt\"><strong>eTwinkling stars: shining together<\/strong><\/span>\u2018<\/span> coordinado por las profesoras Rosario Rodr\u00edguez (Ingl\u00e9s), Eva Garrido (Biolog\u00eda), Montserrat Jim\u00e9nez (Qu\u00edmica), Isabel Esteban (Econom\u00eda) y M\u00aa Angustias Cambil (Tecnolog\u00eda) junto a alumnado de 1\u00ba ESO, 3\u00ba ESO y 2\u00ba BACH del curso 21\/22, ha sido galardonado con el Premio Nacional eTwinning 2023, categor\u00eda ESO&nbsp;&nbsp;<\/p>\n<table style=\"border-collapse: collapse;width: 100%\">\n<tbody>\n<tr>\n<td style=\"width: 50%\"><img loading=\"lazy\" decoding=\"async\" class=\"alignnone size-medium wp-image-2279 aligncenter\" src=\"https:\/\/blogsaverroes.juntadeandalucia.es\/iesvaetwinning\/files\/2023\/06\/IMG20230316123130-300x225.jpg\" alt=\"\" width=\"300\" height=\"225\" srcset=\"https:\/\/blogsaverroes.juntadeandalucia.es\/iesvaetwinning\/files\/2023\/06\/IMG20230316123130-300x225.jpg 300w, https:\/\/blogsaverroes.juntadeandalucia.es\/iesvaetwinning\/files\/2023\/06\/IMG20230316123130-1024x768.jpg 1024w, https:\/\/blogsaverroes.juntadeandalucia.es\/iesvaetwinning\/files\/2023\/06\/IMG20230316123130-768x576.jpg 768w, https:\/\/blogsaverroes.juntadeandalucia.es\/iesvaetwinning\/files\/2023\/06\/IMG20230316123130-1536x1152.jpg 1536w, https:\/\/blogsaverroes.juntadeandalucia.es\/iesvaetwinning\/files\/2023\/06\/IMG20230316123130-2048x1536.jpg 2048w\" sizes=\"(max-width: 300px) 100vw, 300px\" \/><\/td>\n<td style=\"width: 50%\"><img loading=\"lazy\" decoding=\"async\" class=\"alignnone size-medium wp-image-2268 aligncenter\" src=\"https:\/\/blogsaverroes.juntadeandalucia.es\/iesvaetwinning\/files\/2023\/06\/Logo-Stars-300x224.jpg\" alt=\"\" width=\"300\" height=\"224\" srcset=\"https:\/\/blogsaverroes.juntadeandalucia.es\/iesvaetwinning\/files\/2023\/06\/Logo-Stars-300x224.jpg 300w, https:\/\/blogsaverroes.juntadeandalucia.es\/iesvaetwinning\/files\/2023\/06\/Logo-Stars-768x574.jpg 768w, https:\/\/blogsaverroes.juntadeandalucia.es\/iesvaetwinning\/files\/2023\/06\/Logo-Stars.jpg 879w\" sizes=\"(max-width: 300px) 100vw, 300px\" \/><\/td>\n<\/tr>\n<\/tbody>\n<\/table>\n<table style=\"width: 100%;border-collapse: collapse;border-color: #8c1111;background-color: #c9c3c3\">\n<tbody>\n<tr>\n<td style=\"width: 100%;text-align: center\"><span style=\"font-size: 18pt;color: #0000ff\"><a style=\"color: #0000ff\" href=\"https:\/\/blogsaverroes.juntadeandalucia.es\/iesvaetwinning\/etwinkling-stars-shining-together\/\"><strong>Enlace a p\u00e1gina <\/strong><strong>destacada d<\/strong><strong>el proyecto<\/strong><\/a><\/span><\/td>\n<\/tr>\n<\/tbody>\n<\/table>\n<p><span style=\"font-size: 14pt\"><strong style=\"color: #ff6600;text-align: center\">Felicitamos<\/strong><\/span><\/p>\n<table style=\"border-collapse: collapse;width: 100%\">\n<tbody>\n<tr>\n<td style=\"width: 50%\"><strong style=\"color: #ff6600;text-align: center\">al alumnado por el trabajo realizado<\/strong><\/td>\n<td style=\"width: 50%\"><strong style=\"color: #ff6600;text-align: center\">a las familias por el apoyo mostrado<\/strong><\/td>\n<\/tr>\n<\/tbody>\n<\/table>\n<table style=\"border-collapse: collapse;width: 100%\">\n<tbody>\n<tr>\n<td style=\"width: 100%\"><strong style=\"color: #ff6600;text-align: center\">al profesorado y Equipo Directivo del IES Vega de Atarfe por su compromiso con la educaci\u00f3n de calidad&nbsp;<\/strong><\/td>\n<\/tr>\n<\/tbody>\n<\/table>\n<p style=\"text-align: center\"><strong>Nuestro agradecimiento a nuestras socias del CEIP Ciudad de Ceuta, Marian Molina M\u00e1rquez, nuestras socias del centro Ker\u00fcleti II. R\u00e1k\u00f3czi Ferenc Gimn\u00e1zium, Budapest (Hungr\u00eda) y Sugs Gimnazija Josip Broz Tito, Skopje (Macedonia del Norte) y a todo el profesorado y la comunidad escolar del <span style=\"color: #ff6600\">IES VEGA DE ATARFE<\/span> por su colaboraci\u00f3n y apoyo.<\/strong><\/p>\n<table style=\"border-collapse: collapse;width: 100%\">\n<tbody>\n<tr>\n<td style=\"width: 50%;text-align: center\">&nbsp;<\/p>\n<p><iframe loading=\"lazy\" src=\"\/\/www.youtube.com\/embed\/UcYg-s5xWt4\" width=\"400\" height=\"224\"><\/iframe><\/p>\n<p style=\"text-align: left\"><a href=\"https:\/\/etwinning.es\/es\/ceremonia-de-entrega-de-premios-nacionales-etwinning-2023\/\">(27:36); (37:15); (53:23)<\/a><\/p>\n<\/td>\n<td style=\"width: 50%\"><img loading=\"lazy\" decoding=\"async\" class=\"alignnone size-medium wp-image-2335 aligncenter\" src=\"https:\/\/blogsaverroes.juntadeandalucia.es\/iesvaetwinning\/files\/2023\/06\/Captura2-300x258.jpg\" alt=\"\" width=\"300\" height=\"258\" srcset=\"https:\/\/blogsaverroes.juntadeandalucia.es\/iesvaetwinning\/files\/2023\/06\/Captura2-300x258.jpg 300w, https:\/\/blogsaverroes.juntadeandalucia.es\/iesvaetwinning\/files\/2023\/06\/Captura2.jpg 756w\" sizes=\"(max-width: 300px) 100vw, 300px\" \/><\/p>\n<p><a href=\"https:\/\/etwinning.es\/es\/ceremonia-de-entrega-de-los-premios-nacionales-etwinning-2023\/\">https:\/\/etwinning.es\/es\/ceremonia-de-entrega-de-los-premios-nacionales-etwinning-2023\/<\/a><\/td>\n<\/tr>\n<\/tbody>\n<\/table>\n<p>&nbsp;<\/p>\n<table style=\"width: 100%;border-collapse: collapse;background-color: #a4ebf5\">\n<tbody>\n<tr>\n<td style=\"width: 50%\">We congratulate the students for their work and the families for their support.<\/p>\n<p>Our thanks to our partners from CEIP Ciudad de Ceuta, Marian Molina M\u00e1rquez, our partners from Budapest II. ker\u00fcleti II. R\u00e1k\u00f3czi Ferenc Gimn\u00e1zium, Budapest (Hungary) and Sugs Gimnazija Josip Broz Tito, Skopje (North Macedonia) and to all the teachers and school community of IES VEGA DE ATARFE for their collaboration and support.<\/td>\n<td style=\"width: 50%;text-align: left\">Nous f\u00e9licitons les \u00e9tudiants pour leur travail et les familles pour leur soutien.<\/p>\n<p>Nous remercions nos partenaires du CEIP Ciudad de Ceuta, Marian Molina M\u00e1rquez, nos partenaires de Budapest II. ker\u00fcleti II. R\u00e1k\u00f3czi Ferenc Gimn\u00e1zium, Budapest (Hongrie) et Sugs Gimnazija Josip Broz Tito, Skopje (Mac\u00e9doine du Nord), ainsi qu&#8217;\u00e0 tous les enseignants et \u00e0 la communaut\u00e9 scolaire de l&#8217;IES VEGA DE ATARFE pour leur collaboration et leur soutien.<\/td>\n<\/tr>\n<\/tbody>\n<\/table>\n<p>&nbsp;<\/p>\n<p>&nbsp;<\/p>\n<p>ngg_shortcode_0_placeholderPrensa<\/p>\n<table style=\"border-collapse: collapse;width: 100%\">\n<tbody>\n<tr>\n<td style=\"width: 33.3333%\"><a href=\"https:\/\/www.juntadeandalucia.es\/educacion\/portals\/web\/ced\/actualidad\/detalle-de-la-noticia\/-\/noticia\/detalle\/ocho-docentes-andaluces-galardonados-con-los-premios-europeos-etwinning-por-proyectos-compartidos-con-centros-de\">Enlace noticias Consejer\u00eda<\/a><\/td>\n<td style=\"width: 33.3333%\"><a href=\"https:\/\/en-clase.ideal.es\/2023\/06\/21\/el-ies-vega-de-atarfe-suma-y-sigue-en-los-premios-nacionales-etwinning\/\">Enlace Ideal en clase<\/a><\/p>\n<p><img loading=\"lazy\" decoding=\"async\" class=\"alignnone size-medium wp-image-2359 aligncenter\" src=\"https:\/\/blogsaverroes.juntadeandalucia.es\/iesvaetwinning\/files\/2023\/06\/ideal-297x300.jpg\" alt=\"\" width=\"297\" height=\"300\" srcset=\"https:\/\/blogsaverroes.juntadeandalucia.es\/iesvaetwinning\/files\/2023\/06\/ideal-297x300.jpg 297w, https:\/\/blogsaverroes.juntadeandalucia.es\/iesvaetwinning\/files\/2023\/06\/ideal-768x777.jpg 768w, https:\/\/blogsaverroes.juntadeandalucia.es\/iesvaetwinning\/files\/2023\/06\/ideal.jpg 802w\" sizes=\"(max-width: 297px) 100vw, 297px\" \/><\/td>\n<td style=\"width: 33.3333%\"><a href=\"https:\/\/etwinning.es\/es\/premios-nacionales-etwinning-2023-proyectospremiados\/\">Enlace publicaci\u00f3n en el Portal eTwinning<\/a><\/td>\n<\/tr>\n<\/tbody>\n<\/table>\n","protected":false},"excerpt":{"rendered":"<p>El proyecto \u2018eTwinkling stars: shining together\u2018 coordinado por las profesoras Rosario Rodr\u00edguez (Ingl\u00e9s), Eva Garrido (Biolog\u00eda), Montserrat Jim\u00e9nez (Qu\u00edmica), Isabel Esteban (Econom\u00eda) y M\u00aa Angustias&hellip;<\/p>\n","protected":false},"author":8182,"featured_media":0,"parent":0,"menu_order":0,"comment_status":"closed","ping_status":"closed","template":"","meta":{"ngg_post_thumbnail":0,"footnotes":""},"aioseo_notices":[],"_links":{"self":[{"href":"https:\/\/blogsaverroes.juntadeandalucia.es\/iesvaetwinning\/wp-json\/wp\/v2\/pages\/2262"}],"collection":[{"href":"https:\/\/blogsaverroes.juntadeandalucia.es\/iesvaetwinning\/wp-json\/wp\/v2\/pages"}],"about":[{"href":"https:\/\/blogsaverroes.juntadeandalucia.es\/iesvaetwinning\/wp-json\/wp\/v2\/types\/page"}],"author":[{"embeddable":true,"href":"https:\/\/blogsaverroes.juntadeandalucia.es\/iesvaetwinning\/wp-json\/wp\/v2\/users\/8182"}],"replies":[{"embeddable":true,"href":"https:\/\/blogsaverroes.juntadeandalucia.es\/iesvaetwinning\/wp-json\/wp\/v2\/comments?post=2262"}],"version-history":[{"count":45,"href":"https:\/\/blogsaverroes.juntadeandalucia.es\/iesvaetwinning\/wp-json\/wp\/v2\/pages\/2262\/revisions"}],"predecessor-version":[{"id":2372,"href":"https:\/\/blogsaverroes.juntadeandalucia.es\/iesvaetwinning\/wp-json\/wp\/v2\/pages\/2262\/revisions\/2372"}],"wp:attachment":[{"href":"https:\/\/blogsaverroes.juntadeandalucia.es\/iesvaetwinning\/wp-json\/wp\/v2\/media?parent=2262"}],"curies":[{"name":"wp","href":"https:\/\/api.w.org\/{rel}","templated":true}]}}