{"id":2390,"date":"2025-06-10T13:42:11","date_gmt":"2025-06-10T11:42:11","guid":{"rendered":"https:\/\/blogsaverroes.juntadeandalucia.es\/iesvaetwinning\/?page_id=2390"},"modified":"2025-10-13T17:30:27","modified_gmt":"2025-10-13T15:30:27","slug":"proyectos-2024-25","status":"publish","type":"page","link":"https:\/\/blogsaverroes.juntadeandalucia.es\/iesvaetwinning\/proyectos-2024-25\/","title":{"rendered":"Proyectos 2024\/25"},"content":{"rendered":"<p><span style=\"color: #ff0000;font-size: 14pt;font-family: 'comic sans ms', sans-serif\">\u00bfQuieres ver en qu\u00e9 trabajamos este a\u00f1o? <\/span><\/p>\n<p style=\"text-align: center\">Visita el TwinSpace de los proyectos y la p\u00e1gina destacada que le dedicamos en esta web<\/p>\n<p><a href=\"https:\/\/school-education.ec.europa.eu\/en\/etwinning\/projects\/we-protect-what-we-love\" target=\"_blank\" rel=\"noopener noreferrer\"><span style=\"font-size: 24pt\">We protect what we love<\/span><\/a><\/p>\n<table style=\"border-collapse: collapse;width: 100%\">\n<tbody>\n<tr>\n<td style=\"width: 50%;text-align: center\"><img loading=\"lazy\" decoding=\"async\" class=\"alignnone wp-image-2396 size-medium\" style=\"color: #ff0000;font-family: 'comic sans ms', sans-serif;font-size: 18.6667px\" src=\"https:\/\/blogsaverroes.juntadeandalucia.es\/iesvaetwinning\/files\/2025\/06\/Logo-Microplastics-300x300.jpg\" alt=\"\" width=\"300\" height=\"300\" srcset=\"https:\/\/blogsaverroes.juntadeandalucia.es\/iesvaetwinning\/files\/2025\/06\/Logo-Microplastics-300x300.jpg 300w, https:\/\/blogsaverroes.juntadeandalucia.es\/iesvaetwinning\/files\/2025\/06\/Logo-Microplastics-150x150.jpg 150w, https:\/\/blogsaverroes.juntadeandalucia.es\/iesvaetwinning\/files\/2025\/06\/Logo-Microplastics.jpg 400w\" sizes=\"(max-width: 300px) 100vw, 300px\" \/><\/p>\n<p><span style=\"font-size: 14pt\"><a href=\"https:\/\/school-education.ec.europa.eu\/en\/etwinning\/projects\/we-protect-what-we-love\" target=\"_blank\" rel=\"noopener\">Enlace al TwinSpace del proyecto<\/a><\/span><\/td>\n<td style=\"width: 50%\">Proyecto eTwinning dedicado al tema de micropl\u00e1sticos en el planeta<\/p>\n<p>Dado que todos los miembros de los proyectos pertenecen a pa\u00edses cercanos al mar, nuestro objetivo es educar a los estudiantes sobre la prevalencia y el impacto de los micropl\u00e1sticos en los entornos marinos. Algunos de los estudiantes participar\u00e1n en experiencias al aire libre como la limpieza de playas para recoger micropl\u00e1sticos, as\u00ed como la disecci\u00f3n de peces para investigar c\u00f3mo afectan los micropl\u00e1sticos al ecosistema marino. Tras recoger los datos, otros estudiantes los analizar\u00e1n y compartir\u00e1n los resultados con sus compa\u00f1eros. A continuaci\u00f3n, los alumnos de todas las escuelas crear\u00e1n en colaboraci\u00f3n cuestionarios y encuestas. Algunos alumnos crear\u00e1n un gr\u00e1fico para el proyecto. Todos los resultados finales se recoger\u00e1n en un libro electr\u00f3nico con recomendaciones para reducir la contaminaci\u00f3n por micropl\u00e1sticos y coeditado por los alumnos.<\/td>\n<\/tr>\n<tr>\n<td style=\"width: 50%\"><span style=\"font-size: 14pt;color: #0000ff\"><strong>Coordinado por:&nbsp;<\/strong><\/span><\/p>\n<p>Eva Garrido Lozano (Biolog\u00eda)<\/p>\n<p>1\u00ba ESO D<\/td>\n<td style=\"width: 50%\"><span style=\"font-size: 14pt;color: #0000ff\"><strong>Centros y Pa\u00edses participantes:&nbsp;<\/strong><\/span><\/p>\n<p>Spain(3), Malta(3), Cyprus(2), Italy(1)<\/p>\n<p>IES Fray Luis de Granada (Granada)<\/p>\n<p><span style=\"font-family: inherit;font-size: inherit\">IIS Salvo d&#8217;Acquisto (<\/span><span style=\"font-family: inherit;font-size: inherit\">Bagheria<\/span><span style=\"font-family: inherit;font-size: inherit\">, <\/span><span style=\"font-family: inherit;font-size: inherit\">Italy)<\/span><\/p>\n<p><span style=\"font-family: inherit;font-size: inherit\">Helen Keller Resource Centre (<\/span><span style=\"font-family: inherit;font-size: inherit\">Qrendi<\/span><span style=\"font-family: inherit;font-size: inherit\">, <\/span><span style=\"font-family: inherit;font-size: inherit\">Malta)<\/span><\/p>\n<p><span style=\"font-family: inherit;font-size: inherit\">\u039b\u03cd\u03ba\u03b5\u03b9\u03bf \u0393\u03b9\u03b1\u03bd\u03bd\u03ac\u03ba\u03b7 \u03a4\u03b1\u03bb\u03b9\u03ce\u03c4\u03b7 \u0393\u03b5\u03c1\u03bf\u03c3\u03ba\u03ae\u03c0\u03bf\u03c5 &#8211; Lyceum \u00abGiannaki Talioti\u00bb Geroskipou <\/span><span style=\"font-family: inherit;font-size: inherit\">(Geroskipou<\/span><span style=\"font-family: inherit;font-size: inherit\">,&nbsp;<\/span><span style=\"font-family: inherit;font-size: inherit\">Cyprus)<\/span><\/td>\n<\/tr>\n<\/tbody>\n<\/table>\n<p><a href=\"https:\/\/www.canva.com\/design\/DAG0nuaQvbU\/bCXHeAlCk8urPgcA7uh23Q\/view?utm_content=DAG0nuaQvbU&amp;utm_campaign=designshare&amp;utm_medium=link2&amp;utm_source=uniquelinks&amp;utlId=ha475e7aece\">Link<\/a><\/p>\n<p>&nbsp;<\/p>\n<p><span style=\"color: #ff0000;font-size: 24pt\"><strong>Entrepreneurship Anchors<\/strong><\/span><\/p>\n<table style=\"border-collapse: collapse;width: 100%\">\n<tbody>\n<tr>\n<td style=\"width: 50%\"><a href=\"https:\/\/school-education.ec.europa.eu\/en\/etwinning\/projects\/entrepreneurship-anchors\/twinspace\" target=\"_blank\" rel=\"noopener\"><img loading=\"lazy\" decoding=\"async\" class=\"alignnone wp-image-2453 size-full\" src=\"https:\/\/blogsaverroes.juntadeandalucia.es\/iesvaetwinning\/files\/2025\/09\/Logo-E-anchors.jpg\" alt=\"\" width=\"500\" height=\"500\" srcset=\"https:\/\/blogsaverroes.juntadeandalucia.es\/iesvaetwinning\/files\/2025\/09\/Logo-E-anchors.jpg 500w, https:\/\/blogsaverroes.juntadeandalucia.es\/iesvaetwinning\/files\/2025\/09\/Logo-E-anchors-300x300.jpg 300w, https:\/\/blogsaverroes.juntadeandalucia.es\/iesvaetwinning\/files\/2025\/09\/Logo-E-anchors-150x150.jpg 150w\" sizes=\"(max-width: 500px) 100vw, 500px\" \/><\/a><\/p>\n<p><span style=\"font-size: 14pt\"><a href=\"https:\/\/school-education.ec.europa.eu\/en\/etwinning\/projects\/entrepreneurship-anchors\/twinspace\">Enlace al TwinSpace<\/a><\/span><\/td>\n<td style=\"width: 50%\"><span style=\"font-size: 14pt\"><strong><span style=\"color: #3366ff\">Proyecto eTwinning y Erasmus (KA220-SCH)<\/span><\/strong><\/span><\/p>\n<p>Las competencias clave son ahora esenciales en el mercado laboral, especialmente para los j\u00f3venes que est\u00e1n listos para encontrar un trabajo despu\u00e9s de terminar la escuela o la universidad. \u00abEntrepreneurship Anchors\u00bb es un proyecto Erasmus+ eTwinning en el que desarrollaremos formas innovadoras de ense\u00f1ar el esp\u00edritu emprendedor en las escuelas, con el fin de motivar a nuestros alumnos a trabajar y desarrollar sus habilidades b\u00e1sicas, su desarrollo personal, su disposici\u00f3n a invertir en s\u00ed mismos y el aprendizaje permanente. Los conocimientos econ\u00f3micos y financieros moldear\u00e1n su capacidad para ser flexibles en el mercado laboral y en la gesti\u00f3n, y desarrollar\u00e1n sus habilidades de liderazgo. Adem\u00e1s, los alumnos aprender\u00e1n a planificar su futuro, a participar en actividades profesionales como empleados o aut\u00f3nomos y a prepararse para sus futuras carreras.<\/p>\n<p>&nbsp;<\/p>\n<p>&nbsp;<\/p>\n<p>&nbsp;<\/p>\n<p>&nbsp;<\/td>\n<\/tr>\n<tr>\n<td style=\"width: 50%\"><img loading=\"lazy\" decoding=\"async\" class=\"alignnone size-full wp-image-2471\" src=\"https:\/\/blogsaverroes.juntadeandalucia.es\/iesvaetwinning\/files\/2025\/09\/ANCHORS-1.png\" alt=\"\" width=\"1748\" height=\"1240\" srcset=\"https:\/\/blogsaverroes.juntadeandalucia.es\/iesvaetwinning\/files\/2025\/09\/ANCHORS-1.png 1748w, https:\/\/blogsaverroes.juntadeandalucia.es\/iesvaetwinning\/files\/2025\/09\/ANCHORS-1-300x213.png 300w, https:\/\/blogsaverroes.juntadeandalucia.es\/iesvaetwinning\/files\/2025\/09\/ANCHORS-1-1024x726.png 1024w, https:\/\/blogsaverroes.juntadeandalucia.es\/iesvaetwinning\/files\/2025\/09\/ANCHORS-1-768x545.png 768w, https:\/\/blogsaverroes.juntadeandalucia.es\/iesvaetwinning\/files\/2025\/09\/ANCHORS-1-1536x1090.png 1536w\" sizes=\"(max-width: 1748px) 100vw, 1748px\" \/><\/p>\n<p><a href=\"https:\/\/blogsaverroes.juntadeandalucia.es\/vegaerasmusplus\/entrepreneurship-anchors-23-25\/\" target=\"_blank\" rel=\"noopener\"><span style=\"font-size: 14pt\"><strong>Enlace a la p\u00e1gina del proyecto Erasmus<\/strong><\/span><\/a><\/td>\n<td style=\"width: 50%\"><span style=\"color: #3366ff\"><strong>Pa\u00edses<\/strong><\/span>: Polonia, Grecia, Portugal,&nbsp;Turqu\u00eda<\/p>\n<p><strong><span style=\"color: #3366ff\">Coordinado por: <\/span><\/strong><span style=\"color: #3366ff\"><span style=\"color: #000000\">Rosario Rodr\u00edguez Utrilla<\/span><\/span><\/p>\n<p><strong><span style=\"color: #3366ff\">Participantes<\/span><\/strong>: 4\u00ba ESO y 1\u00ba BACH<\/p>\n<p>Ana Bel\u00e9n \u00c1guila<\/p>\n<p>Cristina G\u00f3mez<\/p>\n<p>Pedro Ortega<\/p>\n<p>Juan Jos\u00e9 P\u00e9rez<\/p>\n<p>Francisco Rivera<\/p>\n<p>M\u00aa Jos\u00e9 Ruiz de Valdivia<\/td>\n<\/tr>\n<\/tbody>\n<\/table>\n<table style=\"border-collapse: collapse;width: 100%\">\n<tbody>\n<tr>\n<td style=\"width: 100%\">Sello de Calidad Nacional<img loading=\"lazy\" decoding=\"async\" class=\"alignnone wp-image-2492 size-medium\" src=\"https:\/\/blogsaverroes.juntadeandalucia.es\/iesvaetwinning\/files\/2025\/09\/QL-ANCHORS-300x213.jpg\" alt=\"\" width=\"300\" height=\"213\" srcset=\"https:\/\/blogsaverroes.juntadeandalucia.es\/iesvaetwinning\/files\/2025\/09\/QL-ANCHORS-300x213.jpg 300w, https:\/\/blogsaverroes.juntadeandalucia.es\/iesvaetwinning\/files\/2025\/09\/QL-ANCHORS-1024x726.jpg 1024w, https:\/\/blogsaverroes.juntadeandalucia.es\/iesvaetwinning\/files\/2025\/09\/QL-ANCHORS-768x545.jpg 768w, https:\/\/blogsaverroes.juntadeandalucia.es\/iesvaetwinning\/files\/2025\/09\/QL-ANCHORS.jpg 1490w\" sizes=\"(max-width: 300px) 100vw, 300px\" \/><\/td>\n<\/tr>\n<\/tbody>\n<\/table>\n<p>&nbsp;<\/p>\n<p><span style=\"font-size: 24pt;color: #3366ff\"><strong>Patrimonio de la UE para j\u00f3venes<\/strong><\/span><\/p>\n<table style=\"border-collapse: collapse;width: 100%\">\n<tbody>\n<tr>\n<td style=\"width: 50%\"><img loading=\"lazy\" decoding=\"async\" class=\"alignnone size-full wp-image-2456\" src=\"https:\/\/blogsaverroes.juntadeandalucia.es\/iesvaetwinning\/files\/2025\/09\/Logo-PATEU.jpg\" alt=\"\" width=\"916\" height=\"699\" srcset=\"https:\/\/blogsaverroes.juntadeandalucia.es\/iesvaetwinning\/files\/2025\/09\/Logo-PATEU.jpg 916w, https:\/\/blogsaverroes.juntadeandalucia.es\/iesvaetwinning\/files\/2025\/09\/Logo-PATEU-300x229.jpg 300w, https:\/\/blogsaverroes.juntadeandalucia.es\/iesvaetwinning\/files\/2025\/09\/Logo-PATEU-768x586.jpg 768w\" sizes=\"(max-width: 916px) 100vw, 916px\" \/><\/td>\n<td style=\"width: 50%\"><span style=\"font-size: 14pt\"><strong><span style=\"color: #3366ff\">Proyecto eTwinning y Erasmus (KA122-SCH)<\/span><\/strong><\/span><\/p>\n<p>Los Centros asociados al proyecto Erasmus trabajar\u00e1n juntas en torno a la Lista del Patrimonio Mundial de la UNESCO. Descubrir\u00e1n nuestro rico patrimonio, tomar\u00e1n conciencia de la necesidad de preservarlo y actuar\u00e1n como ciudadanos responsables.<\/p>\n<p>&nbsp;<\/p>\n<p>&nbsp;<\/td>\n<\/tr>\n<tr>\n<td style=\"width: 50%\"><img loading=\"lazy\" decoding=\"async\" class=\"alignnone size-full wp-image-2457\" src=\"https:\/\/blogsaverroes.juntadeandalucia.es\/iesvaetwinning\/files\/2025\/09\/PATEU.png\" alt=\"\" width=\"1748\" height=\"1240\" srcset=\"https:\/\/blogsaverroes.juntadeandalucia.es\/iesvaetwinning\/files\/2025\/09\/PATEU.png 1748w, https:\/\/blogsaverroes.juntadeandalucia.es\/iesvaetwinning\/files\/2025\/09\/PATEU-300x213.png 300w, https:\/\/blogsaverroes.juntadeandalucia.es\/iesvaetwinning\/files\/2025\/09\/PATEU-1024x726.png 1024w, https:\/\/blogsaverroes.juntadeandalucia.es\/iesvaetwinning\/files\/2025\/09\/PATEU-768x545.png 768w, https:\/\/blogsaverroes.juntadeandalucia.es\/iesvaetwinning\/files\/2025\/09\/PATEU-1536x1090.png 1536w\" sizes=\"(max-width: 1748px) 100vw, 1748px\" \/><\/p>\n<p><a href=\"https:\/\/blogsaverroes.juntadeandalucia.es\/vegaerasmusplus\/patrimonio-ue-para-jovenes\/\" target=\"_blank\" rel=\"noopener\"><span style=\"font-size: 14pt\"><strong>Enlace a la p\u00e1gina del proyecto Erasmus<\/strong><\/span><\/a><\/td>\n<td style=\"width: 50%\"><strong><span style=\"color: #3366ff\">Pa\u00edses<\/span><\/strong>: Francia, Grecia, Portugal<\/p>\n<p><span style=\"color: #3366ff\"><strong>Coordinado por:&nbsp;<\/strong><\/span><\/p>\n<p>M\u00aa Rosario Rodr\u00edguez Utrilla (Ingl\u00e9s)<\/p>\n<p><strong><span style=\"color: #3366ff\">Participantes<\/span><\/strong>: 3\u00ba y 4\u00ba ESO<\/p>\n<p>Victoria Arco Ram\u00edrez (Lengua Castellana)<\/p>\n<p>Lourdes Esteban Gonzalo (Biolog\u00eda)<\/p>\n<p>Eva Garrido Lozano 1\u00ba ESO B (Biolog\u00eda)<\/p>\n<p>Montserrat Jim\u00e9nez Ruiz (Qu\u00edmica)<\/p>\n<p>M\u00aa Victoria Rold\u00e1n Herencia (Inform\u00e1tica)<\/p>\n<p>Lourdes Ruiz S\u00e1nchez (Ingl\u00e9s)<\/p>\n<p>M\u00aa Jos\u00e9 Ruiz de Valdivia (Franc\u00e9s)<\/td>\n<\/tr>\n<\/tbody>\n<\/table>\n<table style=\"border-collapse: collapse;width: 100%\">\n<tbody>\n<tr>\n<td style=\"width: 100%\">&nbsp;<\/td>\n<\/tr>\n<\/tbody>\n<\/table>\n<p>&nbsp;<\/p>\n","protected":false},"excerpt":{"rendered":"<p>\u00bfQuieres ver en qu\u00e9 trabajamos este a\u00f1o? Visita el TwinSpace de los proyectos y la p\u00e1gina destacada que le dedicamos en esta web We protect&hellip;<\/p>\n","protected":false},"author":8182,"featured_media":0,"parent":0,"menu_order":0,"comment_status":"closed","ping_status":"closed","template":"","meta":{"ngg_post_thumbnail":0,"footnotes":""},"aioseo_notices":[],"_links":{"self":[{"href":"https:\/\/blogsaverroes.juntadeandalucia.es\/iesvaetwinning\/wp-json\/wp\/v2\/pages\/2390"}],"collection":[{"href":"https:\/\/blogsaverroes.juntadeandalucia.es\/iesvaetwinning\/wp-json\/wp\/v2\/pages"}],"about":[{"href":"https:\/\/blogsaverroes.juntadeandalucia.es\/iesvaetwinning\/wp-json\/wp\/v2\/types\/page"}],"author":[{"embeddable":true,"href":"https:\/\/blogsaverroes.juntadeandalucia.es\/iesvaetwinning\/wp-json\/wp\/v2\/users\/8182"}],"replies":[{"embeddable":true,"href":"https:\/\/blogsaverroes.juntadeandalucia.es\/iesvaetwinning\/wp-json\/wp\/v2\/comments?post=2390"}],"version-history":[{"count":17,"href":"https:\/\/blogsaverroes.juntadeandalucia.es\/iesvaetwinning\/wp-json\/wp\/v2\/pages\/2390\/revisions"}],"predecessor-version":[{"id":2510,"href":"https:\/\/blogsaverroes.juntadeandalucia.es\/iesvaetwinning\/wp-json\/wp\/v2\/pages\/2390\/revisions\/2510"}],"wp:attachment":[{"href":"https:\/\/blogsaverroes.juntadeandalucia.es\/iesvaetwinning\/wp-json\/wp\/v2\/media?parent=2390"}],"curies":[{"name":"wp","href":"https:\/\/api.w.org\/{rel}","templated":true}]}}