{"id":2438,"date":"2025-09-02T18:59:08","date_gmt":"2025-09-02T16:59:08","guid":{"rendered":"https:\/\/blogsaverroes.juntadeandalucia.es\/iesvaetwinning\/?page_id=2438"},"modified":"2025-09-02T21:07:14","modified_gmt":"2025-09-02T19:07:14","slug":"proyectos-2023-24","status":"publish","type":"page","link":"https:\/\/blogsaverroes.juntadeandalucia.es\/iesvaetwinning\/proyectos-2023-24\/","title":{"rendered":"Proyectos 2023\/24"},"content":{"rendered":"<p><span style=\"color: #ff0000;font-size: 24pt\"><strong>A to Z: DEIversity is Our Priority<\/strong><\/span><\/p>\n<table style=\"border-collapse: collapse;width: 100%\">\n<tbody>\n<tr>\n<td style=\"width: 50%\"><img loading=\"lazy\" decoding=\"async\" class=\"alignnone size-full wp-image-2444\" src=\"https:\/\/blogsaverroes.juntadeandalucia.es\/iesvaetwinning\/files\/2025\/09\/Logo-A-Z-1.jpeg\" alt=\"\" width=\"560\" height=\"560\" srcset=\"https:\/\/blogsaverroes.juntadeandalucia.es\/iesvaetwinning\/files\/2025\/09\/Logo-A-Z-1.jpeg 560w, https:\/\/blogsaverroes.juntadeandalucia.es\/iesvaetwinning\/files\/2025\/09\/Logo-A-Z-1-300x300.jpeg 300w, https:\/\/blogsaverroes.juntadeandalucia.es\/iesvaetwinning\/files\/2025\/09\/Logo-A-Z-1-150x150.jpeg 150w\" sizes=\"(max-width: 560px) 100vw, 560px\" \/><\/td>\n<td style=\"width: 50%\"><strong>Proyecto realizado con 1\u00ba ESO como acogida Erasmus de alumnado del centro Zile Bilim ve Sanat Merkezi de Zile (Turqu\u00eda)<\/strong><\/p>\n<p>&nbsp;<\/p>\n<p>Nuestro objetivo es que los alumnos tomen conciencia de la importancia de la diversidad, la equidad y la inclusi\u00f3n (DEIversidad). En primer lugar, queremos que nuestros alumnos conozcan diferentes culturas y geograf\u00edas para alcanzar este objetivo principal. Luego, cuando se re\u00fanan f\u00edsicamente en mayo, trabajar\u00e1n para crear un ambiente inclusivo en el aula mediante actividades sobre c\u00f3mo prevenir el acoso entre compa\u00f1eros y c\u00f3mo acercarse a los grupos de alumnos desfavorecidos.<\/td>\n<\/tr>\n<tr>\n<td style=\"width: 50%\"><img loading=\"lazy\" decoding=\"async\" class=\"alignnone size-full wp-image-2473\" src=\"https:\/\/blogsaverroes.juntadeandalucia.es\/iesvaetwinning\/files\/2025\/09\/bf763bb2-12d5-419d-81dc-543a5c63e5bc.jpg\" alt=\"\" width=\"560\" height=\"560\" srcset=\"https:\/\/blogsaverroes.juntadeandalucia.es\/iesvaetwinning\/files\/2025\/09\/bf763bb2-12d5-419d-81dc-543a5c63e5bc.jpg 560w, https:\/\/blogsaverroes.juntadeandalucia.es\/iesvaetwinning\/files\/2025\/09\/bf763bb2-12d5-419d-81dc-543a5c63e5bc-300x300.jpg 300w, https:\/\/blogsaverroes.juntadeandalucia.es\/iesvaetwinning\/files\/2025\/09\/bf763bb2-12d5-419d-81dc-543a5c63e5bc-150x150.jpg 150w\" sizes=\"(max-width: 560px) 100vw, 560px\" \/><\/td>\n<td style=\"width: 50%\"><strong><span style=\"color: #ff0000\">Coordinado por:<\/span><\/strong><\/p>\n<h2 class=\"ecl-u-d-flex ecl-u-mb-l\"><span style=\"font-size: 12pt\">Sevgi Bekta\u015f Bedir<\/span><\/h2>\n<p>Mar\u00eda Rosario Rodr\u00edguez Utrilla<\/p>\n<p><span style=\"color: #ff0000\"><b>Participantes: <span style=\"color: #000000\">1\u00ba ESO<\/span><\/b><\/span><\/p>\n<p>Mar\u00eda Jos\u00e9 Ruiz de Valdivia Lafuente<\/p>\n<p>Eva Garrido Lozano<\/p>\n<p>Victoria Arco Ram\u00edrez<\/p>\n<p>Kika Rold\u00e1n Herencia<\/p>\n<p>Francisco Rivera<\/td>\n<\/tr>\n<\/tbody>\n<\/table>\n<p>&nbsp;<\/p>\n<p>ngg_shortcode_0_placeholder<span style=\"font-size: 14pt\"><strong><span style=\"color: #ff0000\">Thanks to our dear friends Sevgi and Derya teachers and all our students to make such a nice project possible<\/span><\/strong><\/span><\/p>\n<p><img loading=\"lazy\" decoding=\"async\" class=\"wp-image-2450 size-large aligncenter\" src=\"https:\/\/blogsaverroes.juntadeandalucia.es\/iesvaetwinning\/files\/2025\/09\/2023-QL-PUPIL-A-Z-1024x723.jpg\" alt=\"\" width=\"843\" height=\"595\" srcset=\"https:\/\/blogsaverroes.juntadeandalucia.es\/iesvaetwinning\/files\/2025\/09\/2023-QL-PUPIL-A-Z-1024x723.jpg 1024w, https:\/\/blogsaverroes.juntadeandalucia.es\/iesvaetwinning\/files\/2025\/09\/2023-QL-PUPIL-A-Z-300x212.jpg 300w, https:\/\/blogsaverroes.juntadeandalucia.es\/iesvaetwinning\/files\/2025\/09\/2023-QL-PUPIL-A-Z-768x542.jpg 768w, https:\/\/blogsaverroes.juntadeandalucia.es\/iesvaetwinning\/files\/2025\/09\/2023-QL-PUPIL-A-Z.jpg 1495w\" sizes=\"(max-width: 843px) 100vw, 843px\" \/><\/p>\n<p>&nbsp;<\/p>\n","protected":false},"excerpt":{"rendered":"<p>A to Z: DEIversity is Our Priority Proyecto realizado con 1\u00ba ESO como acogida Erasmus de alumnado del centro Zile Bilim ve Sanat Merkezi de&hellip;<\/p>\n","protected":false},"author":8182,"featured_media":0,"parent":0,"menu_order":0,"comment_status":"closed","ping_status":"closed","template":"","meta":{"ngg_post_thumbnail":0,"footnotes":""},"aioseo_notices":[],"_links":{"self":[{"href":"https:\/\/blogsaverroes.juntadeandalucia.es\/iesvaetwinning\/wp-json\/wp\/v2\/pages\/2438"}],"collection":[{"href":"https:\/\/blogsaverroes.juntadeandalucia.es\/iesvaetwinning\/wp-json\/wp\/v2\/pages"}],"about":[{"href":"https:\/\/blogsaverroes.juntadeandalucia.es\/iesvaetwinning\/wp-json\/wp\/v2\/types\/page"}],"author":[{"embeddable":true,"href":"https:\/\/blogsaverroes.juntadeandalucia.es\/iesvaetwinning\/wp-json\/wp\/v2\/users\/8182"}],"replies":[{"embeddable":true,"href":"https:\/\/blogsaverroes.juntadeandalucia.es\/iesvaetwinning\/wp-json\/wp\/v2\/comments?post=2438"}],"version-history":[{"count":14,"href":"https:\/\/blogsaverroes.juntadeandalucia.es\/iesvaetwinning\/wp-json\/wp\/v2\/pages\/2438\/revisions"}],"predecessor-version":[{"id":2491,"href":"https:\/\/blogsaverroes.juntadeandalucia.es\/iesvaetwinning\/wp-json\/wp\/v2\/pages\/2438\/revisions\/2491"}],"wp:attachment":[{"href":"https:\/\/blogsaverroes.juntadeandalucia.es\/iesvaetwinning\/wp-json\/wp\/v2\/media?parent=2438"}],"curies":[{"name":"wp","href":"https:\/\/api.w.org\/{rel}","templated":true}]}}