{"id":2501,"date":"2025-10-13T17:14:39","date_gmt":"2025-10-13T15:14:39","guid":{"rendered":"https:\/\/blogsaverroes.juntadeandalucia.es\/iesvaetwinning\/?page_id=2501"},"modified":"2026-02-15T23:31:13","modified_gmt":"2026-02-15T22:31:13","slug":"proyectos-2025-26-2","status":"publish","type":"page","link":"https:\/\/blogsaverroes.juntadeandalucia.es\/iesvaetwinning\/","title":{"rendered":"Proyectos 2025\/26"},"content":{"rendered":"<p><span style=\"color: #ff0000;font-size: 14pt;font-family: 'comic sans ms', sans-serif\">\u00bfQuieres ver en qu\u00e9 trabajamos este a\u00f1o? <\/span><\/p>\n<p style=\"text-align: center\">Visita el TwinSpace de los proyectos y la p\u00e1gina destacada que le dedicamos en esta web<\/p>\n<p><span style=\"font-size: 24pt;color: #339966\">Empowering Young Entrepreneurs Towards a Greener Future<\/span><\/p>\n<table style=\"border-collapse: collapse;width: 100%\">\n<tbody>\n<tr>\n<td style=\"width: 50%;text-align: center\"><img loading=\"lazy\" decoding=\"async\" class=\"alignnone size-full wp-image-2464\" src=\"https:\/\/blogsaverroes.juntadeandalucia.es\/iesvaetwinning\/files\/2025\/09\/Logo-EYE.jpeg\" alt=\"\" width=\"1600\" height=\"616\" srcset=\"https:\/\/blogsaverroes.juntadeandalucia.es\/iesvaetwinning\/files\/2025\/09\/Logo-EYE.jpeg 1600w, https:\/\/blogsaverroes.juntadeandalucia.es\/iesvaetwinning\/files\/2025\/09\/Logo-EYE-300x116.jpeg 300w, https:\/\/blogsaverroes.juntadeandalucia.es\/iesvaetwinning\/files\/2025\/09\/Logo-EYE-1024x394.jpeg 1024w, https:\/\/blogsaverroes.juntadeandalucia.es\/iesvaetwinning\/files\/2025\/09\/Logo-EYE-768x296.jpeg 768w, https:\/\/blogsaverroes.juntadeandalucia.es\/iesvaetwinning\/files\/2025\/09\/Logo-EYE-1536x591.jpeg 1536w\" sizes=\"(max-width: 1600px) 100vw, 1600px\" \/><\/p>\n<p><span style=\"font-size: 14pt\"><a href=\"https:\/\/school-education.ec.europa.eu\/en\/etwinning\/projects\/eye2greenfuture\/twinspace\" target=\"_blank\" rel=\"noopener\">Enlace al <strong>TwinSpace<\/strong> del proyecto<\/a><\/span><\/td>\n<td style=\"width: 50%\">Proyecto eTwinning y Erasmus+ dedicado al tema del emprendimiento y la sostenibilidad<\/p>\n<p>\u00abEmpoderar a los j\u00f3venes emprendedores hacia un futuro m\u00e1s verde\u00bb tiene como objetivo cubrir las carencias en materia de desarrollo de competencias, econom\u00eda circular y emprendimiento ecol\u00f3gico e inclusivo en nuestros centros de formaci\u00f3n profesional, as\u00ed como reforzar la conexi\u00f3n entre la escuela y el mercado laboral, la b\u00fasqueda de empleo y el acceso a las profesiones del futuro.<\/td>\n<\/tr>\n<tr>\n<td style=\"width: 50%\"><span style=\"font-size: 14pt;color: #339966\"><strong>Coordinado por:&nbsp;<\/strong><\/span><\/p>\n<p>Rosario Rodr\u00edguez Utrilla (Espa\u00f1a)<\/p>\n<p>Eda Acar (Turqu\u00eda)<\/td>\n<td style=\"width: 50%\"><span style=\"font-size: 14pt;color: #339966\"><strong>Centros y Pa\u00edses participantes:&nbsp;<\/strong><\/span><\/p>\n<p>Spain (1), Greece (3), TurKey (1)<\/p>\n<p>&nbsp;<\/td>\n<\/tr>\n<\/tbody>\n<\/table>\n<table style=\"border-collapse: collapse;width: 100%\">\n<tbody>\n<tr>\n<td style=\"width: 50%\"><a href=\"https:\/\/blogsaverroes.juntadeandalucia.es\/vegaerasmusplus\/eye-to-a-greener-future\/\" target=\"_blank\" rel=\"noopener\"><span style=\"font-size: 14pt\"><strong>Enlace a la p\u00e1gina del proyecto Erasmus<\/strong><\/span><\/a><\/p>\n<p>&nbsp;<\/td>\n<td style=\"width: 50%\"><span style=\"color: #339966\"><strong>Participantes<\/strong>:<\/span> 3\u00ba y 4\u00ba ESO<\/p>\n<p><span style=\"color: #339966\"><strong>Docentes:<\/strong><\/span><\/p>\n<p>David Casado (Tecnolog\u00eda)<\/p>\n<p>Isabel G\u00f3ngora (Franc\u00e9s)<\/p>\n<p>Cristina G\u00f3mez (Administrativo)<\/p>\n<p>M\u00aa Jos\u00e9 Ruiz de Valdivia (Franc\u00e9s)<\/p>\n<p>Jes\u00fas Mart\u00ednez (Biolog\u00eda)<\/p>\n<p>Rosario Rodr\u00edguez Utrilla (Ingl\u00e9s)<\/td>\n<\/tr>\n<\/tbody>\n<\/table>\n<p><span style=\"font-size: 14pt\"><a href=\"https:\/\/www.canva.com\/design\/DAG0nuaQvbU\/bCXHeAlCk8urPgcA7uh23Q\/view?utm_content=DAG0nuaQvbU&amp;utm_campaign=designshare&amp;utm_medium=link2&amp;utm_source=uniquelinks&amp;utlId=ha475e7aece\">Link<\/a><\/span><\/p>\n<p>&nbsp;<\/p>\n<p><span style=\"font-size: 18pt;color: #993366\"><strong>Saveurs et Pierres : La Historia contin\u00faa \u2026 L\u2019avenir somos nosotros<\/strong><\/span><\/p>\n<table style=\"border-collapse: collapse;width: 100%\">\n<tbody>\n<tr>\n<td style=\"width: 50%;text-align: center\">&nbsp;<\/p>\n<p><span style=\"font-size: 14pt\"><a href=\"https:\/\/school-education.ec.europa.eu\/en\/etwinning\/projects\/saveurs-et-pierres-la-historia-continua-lavenir-somos-nosotros\/twinspace\" target=\"_blank\" rel=\"noopener\">Enlace al <strong>TwinSpace<\/strong> del proyecto<\/a><\/span><\/td>\n<td style=\"width: 50%\">Este proyecto quiere poner en valor dos aspectos que forman parte de nuestra identidad: el patrimonio gastron\u00f3mico y el arquitect\u00f3nico, entendidos no solo como herencia del pasado, sino tambi\u00e9n como herramientas clave para construir un futuro m\u00e1s sostenible y consciente. La gastronom\u00eda tradicional est\u00e1 \u00edntimamente ligada a lo que la tierra ofrece en cada regi\u00f3n. Esta conexi\u00f3n con el territorio condiciona no solo los productos utilizados, sino tambi\u00e9n las t\u00e9cnicas culinarias, los h\u00e1bitos alimentarios y las celebraciones populares. El patrimonio arquitect\u00f3nico act\u00faa como testigo visible de esa misma historia. Juntando todo eso, este proyecto pretende abordar el conocimiento comparativo de ambas regiones desde el punto de vista de la gastronom\u00eda vinculada al lugar donde se arraiga. Echaremos la vista atr\u00e1s para fijarnos en su dimensi\u00f3n tradicional, lo compartiremos en el presente con nuestros corresponsales en este mundo globalizado, valorando su dimensi\u00f3n social y festiva y miraremos al futuro procurando incentivar la sostenibilidad a trav\u00e9s de los productos de cercan\u00eda y el reciclaje de residuos, en su dimensi\u00f3n educativa. Apostamos as\u00ed por una educaci\u00f3n abierta, participativa y comprometida con el patrimonio y con el futuro. Su objetivo principal es fomentar entre el alumnado el conocimiento, la valoraci\u00f3n y la transmisi\u00f3n del patrimonio cultural, a trav\u00e9s de una experiencia educativa basada en la gastronom\u00eda y la arquitectura como elementos vivos de identidad local y como herramientas para reflexionar sobre un futuro sostenible.<\/td>\n<\/tr>\n<tr>\n<td style=\"width: 50%\"><span style=\"font-size: 14pt;color: #993366\"><strong>Coordinado por:&nbsp;<\/strong><\/span><\/p>\n<p>M\u00aa Jos\u00e9 Ruiz de Valdivia<\/p>\n<div class=\"field field--name-field-esep-first-name field--type-string field--label-hidden field__item\">OCAMPO Catherine<\/div>\n<\/td>\n<td style=\"width: 50%\"><span style=\"font-size: 14pt;color: #993366\"><strong>Centros y Pa\u00edses participantes:&nbsp;<\/strong><\/span><\/p>\n<p>Spain (IES Vega de Atarfe)<\/p>\n<p>France (<a class=\"ecl-u-type-color-black\" href=\"https:\/\/school-education.ec.europa.eu\/en\/connect\/schools-organisations\/college-jean-rostand-24\">Coll\u00e8ge Jean Rostand<\/a>, <span style=\"font-family: inherit;font-size: inherit\">Thouars)<\/span><\/td>\n<\/tr>\n<\/tbody>\n<\/table>\n<table style=\"border-collapse: collapse;width: 100%\">\n<tbody>\n<tr>\n<td style=\"width: 50%\">&nbsp;<\/td>\n<td style=\"width: 50%\"><span style=\"color: #993366;font-size: 14pt\"><strong>Participantes<\/strong>: <\/span><\/p>\n<p>3\u00ba&nbsp; ESO Franc\u00e9s<\/p>\n<p><span style=\"color: #993366\"><strong>Docentes:<\/strong><\/span><\/p>\n<p>M\u00aa Jos\u00e9 Ruiz de Valdivia (Franc\u00e9s)<\/p>\n<p>Rosario Rodr\u00edguez Utrilla (Ingl\u00e9s)<\/td>\n<\/tr>\n<\/tbody>\n<\/table>\n<p>&nbsp;<\/p>\n<p>&nbsp;<\/p>\n","protected":false},"excerpt":{"rendered":"<p>\u00bfQuieres ver en qu\u00e9 trabajamos este a\u00f1o? Visita el TwinSpace de los proyectos y la p\u00e1gina destacada que le dedicamos en esta web Empowering Young&hellip;<\/p>\n","protected":false},"author":8182,"featured_media":0,"parent":0,"menu_order":0,"comment_status":"closed","ping_status":"closed","template":"","meta":{"ngg_post_thumbnail":0,"footnotes":""},"aioseo_notices":[],"_links":{"self":[{"href":"https:\/\/blogsaverroes.juntadeandalucia.es\/iesvaetwinning\/wp-json\/wp\/v2\/pages\/2501"}],"collection":[{"href":"https:\/\/blogsaverroes.juntadeandalucia.es\/iesvaetwinning\/wp-json\/wp\/v2\/pages"}],"about":[{"href":"https:\/\/blogsaverroes.juntadeandalucia.es\/iesvaetwinning\/wp-json\/wp\/v2\/types\/page"}],"author":[{"embeddable":true,"href":"https:\/\/blogsaverroes.juntadeandalucia.es\/iesvaetwinning\/wp-json\/wp\/v2\/users\/8182"}],"replies":[{"embeddable":true,"href":"https:\/\/blogsaverroes.juntadeandalucia.es\/iesvaetwinning\/wp-json\/wp\/v2\/comments?post=2501"}],"version-history":[{"count":8,"href":"https:\/\/blogsaverroes.juntadeandalucia.es\/iesvaetwinning\/wp-json\/wp\/v2\/pages\/2501\/revisions"}],"predecessor-version":[{"id":2526,"href":"https:\/\/blogsaverroes.juntadeandalucia.es\/iesvaetwinning\/wp-json\/wp\/v2\/pages\/2501\/revisions\/2526"}],"wp:attachment":[{"href":"https:\/\/blogsaverroes.juntadeandalucia.es\/iesvaetwinning\/wp-json\/wp\/v2\/media?parent=2501"}],"curies":[{"name":"wp","href":"https:\/\/api.w.org\/{rel}","templated":true}]}}