{"id":281,"date":"2020-02-23T23:12:42","date_gmt":"2020-02-23T22:12:42","guid":{"rendered":"https:\/\/blogsaverroes.juntadeandalucia.es\/iesvaetwinning\/?page_id=281"},"modified":"2024-09-28T18:24:46","modified_gmt":"2024-09-28T16:24:46","slug":"calidad-etwinning","status":"publish","type":"page","link":"https:\/\/blogsaverroes.juntadeandalucia.es\/iesvaetwinning\/calidad-etwinning\/","title":{"rendered":"Calidad y Evaluaci\u00f3n"},"content":{"rendered":"<h5 style=\"text-align: center\"><span style=\"color: #993300;font-family: 'comic sans ms', sans-serif;font-size: 14pt\">Enlaces a art\u00edculos y p\u00e1ginas de eTwinning relacionadas con<\/span><\/h5>\n<h5 style=\"text-align: center\"><span style=\"color: #993300;font-family: 'comic sans ms', sans-serif;font-size: 14pt\"> la <span style=\"color: #ff9900;font-size: 18pt\">calidad y evaluaci\u00f3n<\/span> de proyectos<\/span><\/h5>\n<p><span style=\"color: #008080;font-size: 14pt\">\u00bfQuieres tener un proyecto de calidad desde el principio? Con la gu\u00eda del SNA tendr\u00e1s claro como trabajar para conseguir el Sello de Calidad Nacional y Europeo para tu proyecto<\/span><\/p>\n<p style=\"text-align: center\"><iframe loading=\"lazy\" src=\"\/\/www.youtube.com\/embed\/-bowk8XIucA\" width=\"560\" height=\"315\" frameborder=\"0\"><\/iframe><\/p>\n<h2 style=\"text-align: left\"><span style=\"font-family: 'comic sans ms', sans-serif\"><img loading=\"lazy\" decoding=\"async\" class=\"alignnone size-full wp-image-1490\" src=\"https:\/\/blogsaverroes.juntadeandalucia.es\/iesvaetwinning\/files\/2021\/01\/pin-S-e1611246161337.jpg\" alt=\"\" width=\"50\" height=\"73\">&nbsp;<span style=\"font-size: 14pt\"> <a href=\"https:\/\/etwinning.es\/wp-content\/uploads\/2022\/10\/rubrica-QL-VISUAL2.pdf\">Nueva r\u00fabrica para Sello de Calidad<\/a><\/span><\/span><\/h2>\n<p><a href=\"https:\/\/etwinning.es\/wp-content\/uploads\/2022\/10\/rubrica-QL-VISUAL2.pdf\"><img loading=\"lazy\" decoding=\"async\" class=\"aligncenter wp-image-846 size-full\" src=\"https:\/\/blogsaverroes.juntadeandalucia.es\/iesvaetwinning\/files\/2020\/04\/nueva-rubrica.jpg\" alt=\"\" width=\"653\" height=\"387\" srcset=\"https:\/\/blogsaverroes.juntadeandalucia.es\/iesvaetwinning\/files\/2020\/04\/nueva-rubrica.jpg 653w, https:\/\/blogsaverroes.juntadeandalucia.es\/iesvaetwinning\/files\/2020\/04\/nueva-rubrica-300x178.jpg 300w, https:\/\/blogsaverroes.juntadeandalucia.es\/iesvaetwinning\/files\/2020\/04\/nueva-rubrica-24x14.jpg 24w, https:\/\/blogsaverroes.juntadeandalucia.es\/iesvaetwinning\/files\/2020\/04\/nueva-rubrica-36x21.jpg 36w, https:\/\/blogsaverroes.juntadeandalucia.es\/iesvaetwinning\/files\/2020\/04\/nueva-rubrica-48x28.jpg 48w\" sizes=\"(max-width: 653px) 100vw, 653px\" \/><\/a>&nbsp;<\/p>\n<p><img loading=\"lazy\" decoding=\"async\" class=\"alignnone size-full wp-image-1490\" src=\"https:\/\/blogsaverroes.juntadeandalucia.es\/iesvaetwinning\/files\/2021\/01\/pin-S-e1611246161337.jpg\" alt=\"\" width=\"50\" height=\"73\"><span style=\"font-size: 14pt\">&nbsp;<a href=\"http:\/\/etwinning.es\/es\/nueva-rubrica-para-la-obtencion-de-sello-de-calidad-etwinning\/\" target=\"_blank\" rel=\"noopener noreferrer\">Conoce la r\u00fabrica de evaluaci\u00f3n&nbsp; \/ Evaluation rubric<\/a><\/span><\/p>\n<p>&nbsp;<\/p>\n<p><img loading=\"lazy\" decoding=\"async\" class=\"alignnone size-full wp-image-1490\" src=\"https:\/\/blogsaverroes.juntadeandalucia.es\/iesvaetwinning\/files\/2021\/01\/pin-S-e1611246161337.jpg\" alt=\"\" width=\"50\" height=\"73\">&nbsp; &nbsp;<span style=\"font-size: 14pt\"><a href=\"https:\/\/school-education.ec.europa.eu\/system\/files\/2022-11\/QL_checklist%20%281%29.pdf\" target=\"_blank\" rel=\"noopener noreferrer\">Checklist de autoevaluaci\u00f3n<\/a>&nbsp;<\/span><\/p>\n<p><img loading=\"lazy\" decoding=\"async\" class=\"alignnone size-full wp-image-1490\" src=\"https:\/\/blogsaverroes.juntadeandalucia.es\/iesvaetwinning\/files\/2021\/01\/pin-S-e1611246161337.jpg\" alt=\"\" width=\"50\" height=\"73\">&nbsp; &nbsp;<span style=\"font-size: 14pt\"><a href=\"http:\/\/etwinning.es\/wp-content\/uploads\/2020\/03\/PLANILLA-AUTOEVALUACI%C3%93N.pdf\" target=\"_blank\" rel=\"noopener noreferrer\">PLANILLA de autoevaluaci\u00f3n<\/a>&nbsp;<\/span><\/p>\n<p>&nbsp;<\/p>\n<p><span style=\"font-size: 14pt\"><img loading=\"lazy\" decoding=\"async\" class=\"alignnone size-full wp-image-1490\" src=\"https:\/\/blogsaverroes.juntadeandalucia.es\/iesvaetwinning\/files\/2021\/01\/pin-S-e1611246161337.jpg\" alt=\"\" width=\"50\" height=\"73\">&nbsp; &nbsp;<a href=\"http:\/\/etwinning.es\/es\/\" target=\"_blank\" rel=\"noopener noreferrer\">Portal del Servicio Nacional de apoyo&nbsp; \/ National Service<\/a><\/span><\/p>\n<p>&nbsp;<\/p>\n<p><span style=\"font-size: 14pt\"><img loading=\"lazy\" decoding=\"async\" class=\"alignnone size-full wp-image-1490\" src=\"https:\/\/blogsaverroes.juntadeandalucia.es\/iesvaetwinning\/files\/2021\/01\/pin-S-e1611246161337.jpg\" alt=\"\" width=\"50\" height=\"73\"> &nbsp;<a href=\"http:\/\/etwinning.es\/es\/tag\/premios-nacionales\/\" target=\"_blank\" rel=\"noopener noreferrer\">Premios Nacionales 2019&nbsp; \/&nbsp; National Prize<\/a><\/span><\/p>\n<p>&nbsp;<\/p>\n<p><span style=\"font-size: 14pt\"><img loading=\"lazy\" decoding=\"async\" class=\"alignnone size-full wp-image-1490\" src=\"https:\/\/blogsaverroes.juntadeandalucia.es\/iesvaetwinning\/files\/2021\/01\/pin-S-e1611246161337.jpg\" alt=\"\" width=\"50\" height=\"73\">&nbsp; &nbsp;<a href=\"https:\/\/www.etwinning.net\/en\/pub\/newsroom\/highlights\/european-prizes-winners-2019.htm\" target=\"_blank\" rel=\"noopener noreferrer\">Premios europeos 2019&nbsp; \/ European Prize<\/a><\/span><\/p>\n<h5>&nbsp;<\/h5>\n<p><span style=\"font-size: 14pt\"><a href=\"https:\/\/www.etwinning.net\/en\/pub\/benefits\/recognition.htm\" target=\"_blank\" rel=\"noopener noreferrer\">Click on image<\/a><a href=\"https:\/\/www.etwinning.net\/en\/pub\/benefits\/recognition.htm\" target=\"_blank\" rel=\"noopener noreferrer\"><img loading=\"lazy\" decoding=\"async\" class=\"wp-image-657 size-medium alignleft\" src=\"https:\/\/blogsaverroes.juntadeandalucia.es\/iesvaetwinning\/files\/2020\/03\/Recognition-300x185.jpg\" alt=\"\" width=\"300\" height=\"185\" srcset=\"https:\/\/blogsaverroes.juntadeandalucia.es\/iesvaetwinning\/files\/2020\/03\/Recognition-300x185.jpg 300w, https:\/\/blogsaverroes.juntadeandalucia.es\/iesvaetwinning\/files\/2020\/03\/Recognition-768x474.jpg 768w, https:\/\/blogsaverroes.juntadeandalucia.es\/iesvaetwinning\/files\/2020\/03\/Recognition-24x15.jpg 24w, https:\/\/blogsaverroes.juntadeandalucia.es\/iesvaetwinning\/files\/2020\/03\/Recognition-36x22.jpg 36w, https:\/\/blogsaverroes.juntadeandalucia.es\/iesvaetwinning\/files\/2020\/03\/Recognition-48x30.jpg 48w, https:\/\/blogsaverroes.juntadeandalucia.es\/iesvaetwinning\/files\/2020\/03\/Recognition.jpg 1010w\" sizes=\"(max-width: 300px) 100vw, 300px\" \/><\/a><\/span><\/p>\n<p>&nbsp;<\/p>\n<p>&nbsp;<\/p>\n<p>&nbsp;<\/p>\n<p>&nbsp;<\/p>\n","protected":false},"excerpt":{"rendered":"<p>Enlaces a art\u00edculos y p\u00e1ginas de eTwinning relacionadas con la calidad y evaluaci\u00f3n de proyectos \u00bfQuieres tener un proyecto de calidad desde el principio? Con&hellip;<\/p>\n","protected":false},"author":8182,"featured_media":0,"parent":0,"menu_order":0,"comment_status":"closed","ping_status":"closed","template":"","meta":{"ngg_post_thumbnail":0,"footnotes":""},"aioseo_notices":[],"_links":{"self":[{"href":"https:\/\/blogsaverroes.juntadeandalucia.es\/iesvaetwinning\/wp-json\/wp\/v2\/pages\/281"}],"collection":[{"href":"https:\/\/blogsaverroes.juntadeandalucia.es\/iesvaetwinning\/wp-json\/wp\/v2\/pages"}],"about":[{"href":"https:\/\/blogsaverroes.juntadeandalucia.es\/iesvaetwinning\/wp-json\/wp\/v2\/types\/page"}],"author":[{"embeddable":true,"href":"https:\/\/blogsaverroes.juntadeandalucia.es\/iesvaetwinning\/wp-json\/wp\/v2\/users\/8182"}],"replies":[{"embeddable":true,"href":"https:\/\/blogsaverroes.juntadeandalucia.es\/iesvaetwinning\/wp-json\/wp\/v2\/comments?post=281"}],"version-history":[{"count":29,"href":"https:\/\/blogsaverroes.juntadeandalucia.es\/iesvaetwinning\/wp-json\/wp\/v2\/pages\/281\/revisions"}],"predecessor-version":[{"id":2378,"href":"https:\/\/blogsaverroes.juntadeandalucia.es\/iesvaetwinning\/wp-json\/wp\/v2\/pages\/281\/revisions\/2378"}],"wp:attachment":[{"href":"https:\/\/blogsaverroes.juntadeandalucia.es\/iesvaetwinning\/wp-json\/wp\/v2\/media?parent=281"}],"curies":[{"name":"wp","href":"https:\/\/api.w.org\/{rel}","templated":true}]}}