{"id":361,"date":"2020-02-25T22:19:06","date_gmt":"2020-02-25T21:19:06","guid":{"rendered":"https:\/\/blogsaverroes.juntadeandalucia.es\/iesvaetwinning\/?page_id=361"},"modified":"2020-03-07T22:06:37","modified_gmt":"2020-03-07T21:06:37","slug":"proyectos-curso-16-17","status":"publish","type":"page","link":"https:\/\/blogsaverroes.juntadeandalucia.es\/iesvaetwinning\/proyectos-curso-16-17\/","title":{"rendered":"Proyectos 2016\/17"},"content":{"rendered":"<h2><span style=\"font-size: 24pt\"><span style=\"color: #ff9900\">Lo que escond\u00eda mi espejo<\/span><\/span><\/h2>\n<h2><span style=\"font-size: 24pt\"><span style=\"color: #ff9900\">Ce que cachait mon miroir<\/span><\/span><\/h2>\n<p><span style=\"font-size: 12pt\">Coordinado por Rosario Rodr\u00edguez y M\u00aa Jos\u00e9 Ruiz de Valdivia. 4\u00ba ESO. Franc\u00e9s<\/span><\/p>\n<p><a href=\"https:\/\/twinspace.etwinning.net\/34023\/home\" target=\"_blank\" rel=\"noopener noreferrer\"><img loading=\"lazy\" decoding=\"async\" class=\"alignnone wp-image-268\" src=\"https:\/\/blogsaverroes.juntadeandalucia.es\/iesvaetwinning\/files\/2020\/02\/logo-lo-que-escondia-mi-espejo.jpg\" alt=\"\" width=\"300\" height=\"300\" srcset=\"https:\/\/blogsaverroes.juntadeandalucia.es\/iesvaetwinning\/files\/2020\/02\/logo-lo-que-escondia-mi-espejo.jpg 187w, https:\/\/blogsaverroes.juntadeandalucia.es\/iesvaetwinning\/files\/2020\/02\/logo-lo-que-escondia-mi-espejo-150x150.jpg 150w, https:\/\/blogsaverroes.juntadeandalucia.es\/iesvaetwinning\/files\/2020\/02\/logo-lo-que-escondia-mi-espejo-100x100.jpg 100w, https:\/\/blogsaverroes.juntadeandalucia.es\/iesvaetwinning\/files\/2020\/02\/logo-lo-que-escondia-mi-espejo-160x160.jpg 160w, https:\/\/blogsaverroes.juntadeandalucia.es\/iesvaetwinning\/files\/2020\/02\/logo-lo-que-escondia-mi-espejo-24x24.jpg 24w, https:\/\/blogsaverroes.juntadeandalucia.es\/iesvaetwinning\/files\/2020\/02\/logo-lo-que-escondia-mi-espejo-36x36.jpg 36w, https:\/\/blogsaverroes.juntadeandalucia.es\/iesvaetwinning\/files\/2020\/02\/logo-lo-que-escondia-mi-espejo-48x48.jpg 48w\" sizes=\"(max-width: 300px) 100vw, 300px\" \/><\/a><span style=\"font-size: 8pt\"><strong>Click on image for Twinspace<\/strong><\/span><\/p>\n<p>Una carta, un secreto, una vida. Naci\u00f3 sobre 1850 en Granada y emigra a Francia donde empieza una nueva vida. En 1930, antes de morir, deja una carta a su hija cont\u00e1ndole un secreto sobre su vida en Espa\u00f1a y &#8230;<\/p>\n<p>Une lettre, un secret, une vie. Il est n\u00e9 dans les ann\u00e9es 1850 \u00e0 Grenade et \u00e9migre en France. L\u00e0 il commence une nouvelle vie. En 1930, avant de mourir il laisse une lettre \u00e0 sa fille dans laquelle il lui raconte sa vie en l&#8217;Espagne et &#8230; Cr\u00e9ation d&#8217;un film<\/p>\n<h4><strong><span style=\"color: #ff0000\">Le film \/ La pel\u00edcula<\/span><\/strong><\/h4>\n<p><iframe loading=\"lazy\" src=\"\/\/www.youtube.com\/embed\/aIFg6wTwRKs\" width=\"560\" height=\"315\" frameborder=\"0\"><\/iframe><\/p>\n<p>Art\u00edculo presentaci\u00f3n del proyecto.&nbsp;<\/p>\n<p style=\"text-align: center\"><a href=\"https:\/\/issuu.com\/rosa.mru\/docs\/lo_que_escond__a_mi_espejo\" target=\"_blank\" rel=\"noopener noreferrer\"><img loading=\"lazy\" decoding=\"async\" class=\"wp-image-403 aligncenter\" src=\"https:\/\/blogsaverroes.juntadeandalucia.es\/iesvaetwinning\/files\/2020\/02\/2020-02-26-1-1024x576.png\" alt=\"\" width=\"500\" height=\"281\" srcset=\"https:\/\/blogsaverroes.juntadeandalucia.es\/iesvaetwinning\/files\/2020\/02\/2020-02-26-1-1024x576.png 1024w, https:\/\/blogsaverroes.juntadeandalucia.es\/iesvaetwinning\/files\/2020\/02\/2020-02-26-1-300x169.png 300w, https:\/\/blogsaverroes.juntadeandalucia.es\/iesvaetwinning\/files\/2020\/02\/2020-02-26-1-768x432.png 768w, https:\/\/blogsaverroes.juntadeandalucia.es\/iesvaetwinning\/files\/2020\/02\/2020-02-26-1-1200x675.png 1200w, https:\/\/blogsaverroes.juntadeandalucia.es\/iesvaetwinning\/files\/2020\/02\/2020-02-26-1-24x13.png 24w, https:\/\/blogsaverroes.juntadeandalucia.es\/iesvaetwinning\/files\/2020\/02\/2020-02-26-1-36x20.png 36w, https:\/\/blogsaverroes.juntadeandalucia.es\/iesvaetwinning\/files\/2020\/02\/2020-02-26-1-48x27.png 48w, https:\/\/blogsaverroes.juntadeandalucia.es\/iesvaetwinning\/files\/2020\/02\/2020-02-26-1.png 1366w\" sizes=\"(max-width: 500px) 100vw, 500px\" \/><\/a><span style=\"font-size: 8pt\">Click on image<\/span><\/p>\n<p><a href=\"https:\/\/twinspace.etwinning.net\/34023\/pages\/page\/246812\" target=\"_blank\" rel=\"noopener noreferrer\"><span style=\"color: #ff00ff\">\u00daltima sesi\u00f3n Skype<\/span><\/a><\/p>\n<p><span style=\"color: #ff00ff\"><a style=\"color: #ff00ff\" href=\"https:\/\/twinspace.etwinning.net\/34023\/pages\/page\/227364\" target=\"_blank\" rel=\"noopener noreferrer\">Prueba 1<\/a><\/span><\/p>\n<p><span style=\"color: #ff00ff\"><a style=\"color: #ff00ff\" href=\"https:\/\/twinspace.etwinning.net\/34023\/pages\/page\/227572\" target=\"_blank\" rel=\"noopener noreferrer\">Prueba 2<\/a><\/span><\/p>\n<p><span style=\"color: #ff00ff\"><a style=\"color: #ff00ff\" href=\"https:\/\/twinspace.etwinning.net\/34023\/pages\/page\/227359\" target=\"_blank\" rel=\"noopener noreferrer\">Prueba 3<\/a><\/span><\/p>\n<p><span style=\"color: #ff00ff\"><a style=\"color: #ff00ff\" href=\"https:\/\/twinspace.etwinning.net\/34023\/pages\/page\/236342\" target=\"_blank\" rel=\"noopener noreferrer\">Prueba 4<\/a><\/span><\/p>\n<p>&nbsp;<\/p>\n<p>&nbsp;<\/p>\n","protected":false},"excerpt":{"rendered":"<p>Lo que escond\u00eda mi espejo Ce que cachait mon miroir Coordinado por Rosario Rodr\u00edguez y M\u00aa Jos\u00e9 Ruiz de Valdivia. 4\u00ba ESO. Franc\u00e9s Click on&hellip;<\/p>\n","protected":false},"author":8182,"featured_media":0,"parent":0,"menu_order":0,"comment_status":"closed","ping_status":"closed","template":"","meta":{"ngg_post_thumbnail":0,"footnotes":""},"aioseo_notices":[],"_links":{"self":[{"href":"https:\/\/blogsaverroes.juntadeandalucia.es\/iesvaetwinning\/wp-json\/wp\/v2\/pages\/361"}],"collection":[{"href":"https:\/\/blogsaverroes.juntadeandalucia.es\/iesvaetwinning\/wp-json\/wp\/v2\/pages"}],"about":[{"href":"https:\/\/blogsaverroes.juntadeandalucia.es\/iesvaetwinning\/wp-json\/wp\/v2\/types\/page"}],"author":[{"embeddable":true,"href":"https:\/\/blogsaverroes.juntadeandalucia.es\/iesvaetwinning\/wp-json\/wp\/v2\/users\/8182"}],"replies":[{"embeddable":true,"href":"https:\/\/blogsaverroes.juntadeandalucia.es\/iesvaetwinning\/wp-json\/wp\/v2\/comments?post=361"}],"version-history":[{"count":19,"href":"https:\/\/blogsaverroes.juntadeandalucia.es\/iesvaetwinning\/wp-json\/wp\/v2\/pages\/361\/revisions"}],"predecessor-version":[{"id":697,"href":"https:\/\/blogsaverroes.juntadeandalucia.es\/iesvaetwinning\/wp-json\/wp\/v2\/pages\/361\/revisions\/697"}],"wp:attachment":[{"href":"https:\/\/blogsaverroes.juntadeandalucia.es\/iesvaetwinning\/wp-json\/wp\/v2\/media?parent=361"}],"curies":[{"name":"wp","href":"https:\/\/api.w.org\/{rel}","templated":true}]}}