{"id":365,"date":"2020-02-25T22:20:13","date_gmt":"2020-02-25T21:20:13","guid":{"rendered":"https:\/\/blogsaverroes.juntadeandalucia.es\/iesvaetwinning\/?page_id=365"},"modified":"2025-09-02T17:47:23","modified_gmt":"2025-09-02T15:47:23","slug":"proyectos-18-19","status":"publish","type":"page","link":"https:\/\/blogsaverroes.juntadeandalucia.es\/iesvaetwinning\/proyectos-18-19\/","title":{"rendered":"Proyectos 2018\/19"},"content":{"rendered":"<h1><span style=\"color: #ff0000\">1:26 Schengen Area. What else?<\/span><\/h1>\n<p>&nbsp;<\/p>\n<table style=\"border-collapse: collapse;width: 100%\">\n<tbody>\n<tr>\n<td style=\"width: 50%\" data-wp-editing=\"1\"><a href=\"https:\/\/twinspace.etwinning.net\/74514\/home\" target=\"_blank\" rel=\"noopener noreferrer\"><img loading=\"lazy\" decoding=\"async\" class=\"alignnone wp-image-271 size-medium\" src=\"https:\/\/blogsaverroes.juntadeandalucia.es\/iesvaetwinning\/files\/2020\/02\/logo-schengen-259x300.jpg\" alt=\"\" width=\"259\" height=\"300\" srcset=\"https:\/\/blogsaverroes.juntadeandalucia.es\/iesvaetwinning\/files\/2020\/02\/logo-schengen-259x300.jpg 259w, https:\/\/blogsaverroes.juntadeandalucia.es\/iesvaetwinning\/files\/2020\/02\/logo-schengen-21x24.jpg 21w, https:\/\/blogsaverroes.juntadeandalucia.es\/iesvaetwinning\/files\/2020\/02\/logo-schengen-31x36.jpg 31w, https:\/\/blogsaverroes.juntadeandalucia.es\/iesvaetwinning\/files\/2020\/02\/logo-schengen-41x48.jpg 41w, https:\/\/blogsaverroes.juntadeandalucia.es\/iesvaetwinning\/files\/2020\/02\/logo-schengen.jpg 450w\" sizes=\"(max-width: 259px) 100vw, 259px\" \/><\/a><\/p>\n<p>Enlace al TwinSpace<\/p>\n<p>Coordinado por Isabel Esteban y Rosario Rodr\u00edguez con 4\u00ba&nbsp; ESO&nbsp; y 1\u00ba Bachillerato, Econom\u00eda&nbsp;<\/td>\n<td style=\"width: 50%\">\n<p style=\"text-align: justify\">If opposites attract the snow from Norway and the sun from Spain will fuse in this project.<br \/>\nLearning about differences and similarities leads towards inclusion. What do students from Atarfe know about Norway? What do students from Slependen know about Spain? What do they both know about UE and Schengen Area?<\/p>\n<p style=\"text-align: justify\"><span style=\"font-size: 10pt\">Si los opuestos se atraen la nieve de Noruega y el sol de Espa\u00f1a se fundir\u00e1n en este proyecto. Aprender sobre las diferencias y las similitudes lleva a la inclusi\u00f3n. \u00bfQu\u00e9 sabe el alumnado de Atarfe sobre Noruega? \u00bfQu\u00e9 sabe el alumnado de Slependen sobre Espa\u00f1a? \u00bfQu\u00e9 saben ambos sobre la UE y el Espacio Schege<\/span><span style=\"font-size: 10pt\">n?<\/span><\/p>\n<p><span style=\"color: #ff00ff\">Actividad sobre el cambio clim\u00e1tico \/ Climate change activity<\/span><\/p>\n<p><span style=\"color: #ff00ff\">Visita nuestra exposici\u00f3n: Our world, all for one and one for all \/ Our exhibition<\/span><\/p>\n<p><span style=\"color: #ff00ff\">Videoconferencia: compartiendo nuestra investigaci\u00f3n \/ sharing our research<\/span><\/p>\n<p><span style=\"color: #ff00ff\">Difusi\u00f3n: entrevistas y presentaci\u00f3n \/ Dissemination: interviews and presentation<\/span><\/td>\n<\/tr>\n<\/tbody>\n<\/table>\n<p>&nbsp;<\/p>\n<div class=\"landing-intro landing-home\">\n<div class=\"intro-content\">\n<h1><span style=\"color: #ff6600\">Cartas desde la sombra \/ Les lettres des t\u00e9n\u00e8bres<\/span><\/h1>\n<\/div>\n<\/div>\n<table style=\"border-collapse: collapse;width: 100%\">\n<tbody>\n<tr>\n<td style=\"width: 50%\"><a href=\"https:\/\/school-education.ec.europa.eu\/en\/etwinning\/projects\/cartas-desde-la-sombra-les-lettres-des-tenebres\" target=\"_blank\" rel=\"noopener noreferrer\"><img loading=\"lazy\" decoding=\"async\" class=\"alignnone wp-image-466 size-full\" src=\"https:\/\/blogsaverroes.juntadeandalucia.es\/iesvaetwinning\/files\/2020\/02\/logo-lettres.jpg\" alt=\"\" width=\"291\" height=\"416\" srcset=\"https:\/\/blogsaverroes.juntadeandalucia.es\/iesvaetwinning\/files\/2020\/02\/logo-lettres.jpg 291w, https:\/\/blogsaverroes.juntadeandalucia.es\/iesvaetwinning\/files\/2020\/02\/logo-lettres-210x300.jpg 210w, https:\/\/blogsaverroes.juntadeandalucia.es\/iesvaetwinning\/files\/2020\/02\/logo-lettres-17x24.jpg 17w, https:\/\/blogsaverroes.juntadeandalucia.es\/iesvaetwinning\/files\/2020\/02\/logo-lettres-25x36.jpg 25w, https:\/\/blogsaverroes.juntadeandalucia.es\/iesvaetwinning\/files\/2020\/02\/logo-lettres-34x48.jpg 34w\" sizes=\"(max-width: 291px) 100vw, 291px\" \/> Link al TwinSpace<\/a><\/p>\n<p>Coordinado por M\u00aa Jos\u00e9 Ruiz de Valdivia y Rosario Rodr\u00edguez con 2\u00ba de Bachillerato Franc\u00e9s<\/td>\n<td style=\"width: 50%\">&nbsp;<\/p>\n<p style=\"text-align: justify\">Une promenade \u00e0 travers l&#8217;histoire. Dans le cadre du programme de 1\u00e8re o\u00f9 il nous est demand\u00e9 de travailler sur les mythes et h\u00e9ros espagnols et sur la guerre civile espagnole, nous allons cr\u00e9er un r\u00e9cit \u00e9pistolaire entre Lucie Aubrac et Carmen Lafuente, amie de prison des 13 roses, 13 femmes fusill\u00e9es par le gouvernement franquiste.<br \/>\nLes fran\u00e7ais travailleront sur les 13 roses et le contexte historique espagnol de 1936 \u00e0 2007.<br \/>\nLes espagnols travailleront sur Lucie Aubrac, la r\u00e9sistante fran\u00e7aise qui s&#8217;est moqu\u00e9e de la Gestapo, et le contexte historique fran\u00e7ais de 1939 \u00e0 1980.<\/p>\n<p style=\"text-align: justify\"><span style=\"font-size: 10pt\">Un paseo por la historia. En el marco de la programaci\u00f3n del alumnado franc\u00e9s que deben trabajar sobre los mitos y h\u00e9roes espa\u00f1oles y sobre la guerra civil espa\u00f1ola, vamos a crear una novela epistolar entre Lucie Aubrac y Carmen Lafuente, amiga de prisi\u00f3n de las 13 rosas, 13 mujeres fusiladas por el r\u00e9gimen franquista. Los franceses trabajan sobre las 13 rosas y el contexto hist\u00f3rico espa\u00f1ol de 1936 a 2007. Los espa\u00f1oles sobre Lucie Aubrac, la resistente francesa que burl\u00f3 a la Gestapo y el contexto hist\u00f3rico franc\u00e9s de 1939 a 1980.<\/span><\/p>\n<\/td>\n<\/tr>\n<\/tbody>\n<\/table>\n<h5 style=\"text-align: justify\"><a href=\"https:\/\/issuu.com\/rosa.mru\/docs\/lettres_des_ten_bres\"><span style=\"color: #000080;font-size: 14pt\">La novela \/ le roman&nbsp;<\/span><br \/>\n<\/a><a href=\"https:\/\/issuu.com\/rosa.mru\/docs\/lettres_des_ten_bres\"><img loading=\"lazy\" decoding=\"async\" class=\"alignnone wp-image-467 aligncenter\" src=\"https:\/\/blogsaverroes.juntadeandalucia.es\/iesvaetwinning\/files\/2020\/02\/2020-02-26-2.png\" alt=\"\" width=\"500\" height=\"304\" srcset=\"https:\/\/blogsaverroes.juntadeandalucia.es\/iesvaetwinning\/files\/2020\/02\/2020-02-26-2.png 969w, https:\/\/blogsaverroes.juntadeandalucia.es\/iesvaetwinning\/files\/2020\/02\/2020-02-26-2-300x182.png 300w, https:\/\/blogsaverroes.juntadeandalucia.es\/iesvaetwinning\/files\/2020\/02\/2020-02-26-2-768x467.png 768w, https:\/\/blogsaverroes.juntadeandalucia.es\/iesvaetwinning\/files\/2020\/02\/2020-02-26-2-24x15.png 24w, https:\/\/blogsaverroes.juntadeandalucia.es\/iesvaetwinning\/files\/2020\/02\/2020-02-26-2-36x22.png 36w, https:\/\/blogsaverroes.juntadeandalucia.es\/iesvaetwinning\/files\/2020\/02\/2020-02-26-2-48x29.png 48w\" sizes=\"(max-width: 500px) 100vw, 500px\" \/><\/a><span style=\"font-size: 8pt\">Click on image<\/span><\/h5>\n<p><span style=\"color: #ff00ff\">Carta de Navidad. <\/span>Creaci\u00f3n colaborativa de nuestros alumnos con las historias de sus abuelos<\/p>\n<h2>&nbsp;<\/h2>\n<h1 style=\"text-align: left\"><span style=\"color: #993366\">Creative Writing Around the World<\/span><\/h1>\n<table style=\"border-collapse: collapse;width: 100%\">\n<tbody>\n<tr>\n<td style=\"width: 50%\"><a href=\"https:\/\/school-education.ec.europa.eu\/en\/etwinning\/projects\/creative-writing-around-world\" target=\"_blank\" rel=\"noopener\"><img loading=\"lazy\" decoding=\"async\" class=\"alignnone wp-image-506 size-medium\" src=\"https:\/\/blogsaverroes.juntadeandalucia.es\/iesvaetwinning\/files\/2020\/03\/creative-writing-259x300.jpg\" alt=\"\" width=\"259\" height=\"300\" srcset=\"https:\/\/blogsaverroes.juntadeandalucia.es\/iesvaetwinning\/files\/2020\/03\/creative-writing-259x300.jpg 259w, https:\/\/blogsaverroes.juntadeandalucia.es\/iesvaetwinning\/files\/2020\/03\/creative-writing-21x24.jpg 21w, https:\/\/blogsaverroes.juntadeandalucia.es\/iesvaetwinning\/files\/2020\/03\/creative-writing-31x36.jpg 31w, https:\/\/blogsaverroes.juntadeandalucia.es\/iesvaetwinning\/files\/2020\/03\/creative-writing-41x48.jpg 41w, https:\/\/blogsaverroes.juntadeandalucia.es\/iesvaetwinning\/files\/2020\/03\/creative-writing.jpg 400w\" sizes=\"(max-width: 259px) 100vw, 259px\" \/><\/a><a href=\"https:\/\/school-education.ec.europa.eu\/en\/etwinning\/projects\/creative-writing-around-world\" target=\"_blank\" rel=\"noopener\"><span style=\"font-size: 14pt\"> Enlace al TwinSpace<\/span><\/a><\/p>\n<p>Coordinado por Lourdes Ruiz con 3\u00ba ESO, Ingl\u00e9s<\/td>\n<td style=\"width: 50%\">The project consists in communicating via different forms of writing (collaborative story writing, poems, biographies) . The Students from different countries will write a short story together and illustrate it, exchange poems to introduce themselves, their country and their culture, present famous poets from the partner countries.<\/p>\n<p><span style=\"font-size: 10pt\">El proyecto consiste en comunicarse con distintas formas de escribir (historias colaborativas, poemas, biograf\u00edas). El alumnado de distintos pa\u00edses escribir\u00e1 una historia corta juntos y la ilustrar\u00e1n, intercambiar\u00e1n poemas de presentaci\u00f3n de ellos mismos, su pa\u00eds y su cultura y presentar\u00e1n poetas famosos de los pa\u00edses socios.<\/span><\/td>\n<\/tr>\n<\/tbody>\n<\/table>\n<p>&nbsp;<\/p>\n<p>Presentaci\u00f3n del proyecto por alumnas participantes&nbsp;<\/p>\n<p><iframe loading=\"lazy\" src=\"\/\/www.youtube.com\/embed\/yzOJeie1Fi4\" width=\"560\" height=\"315\" frameborder=\"0\"><\/iframe><\/p>\n<table style=\"border-collapse: collapse;width: 100%\">\n<tbody>\n<tr>\n<td style=\"width: 50%\"><img loading=\"lazy\" decoding=\"async\" class=\"alignnone size-medium wp-image-510\" src=\"https:\/\/blogsaverroes.juntadeandalucia.es\/iesvaetwinning\/files\/2020\/03\/writing-2-300x210.png\" alt=\"\" width=\"300\" height=\"210\" srcset=\"https:\/\/blogsaverroes.juntadeandalucia.es\/iesvaetwinning\/files\/2020\/03\/writing-2-300x210.png 300w, https:\/\/blogsaverroes.juntadeandalucia.es\/iesvaetwinning\/files\/2020\/03\/writing-2-768x538.png 768w, https:\/\/blogsaverroes.juntadeandalucia.es\/iesvaetwinning\/files\/2020\/03\/writing-2-1024x717.png 1024w, https:\/\/blogsaverroes.juntadeandalucia.es\/iesvaetwinning\/files\/2020\/03\/writing-2-24x17.png 24w, https:\/\/blogsaverroes.juntadeandalucia.es\/iesvaetwinning\/files\/2020\/03\/writing-2-36x25.png 36w, https:\/\/blogsaverroes.juntadeandalucia.es\/iesvaetwinning\/files\/2020\/03\/writing-2-48x34.png 48w, https:\/\/blogsaverroes.juntadeandalucia.es\/iesvaetwinning\/files\/2020\/03\/writing-2.png 1073w\" sizes=\"(max-width: 300px) 100vw, 300px\" \/><img loading=\"lazy\" decoding=\"async\" class=\"alignnone size-medium wp-image-1386\" src=\"https:\/\/blogsaverroes.juntadeandalucia.es\/iesvaetwinning\/files\/2020\/11\/Susana-300x186.jpg\" alt=\"\" width=\"300\" height=\"186\" srcset=\"https:\/\/blogsaverroes.juntadeandalucia.es\/iesvaetwinning\/files\/2020\/11\/Susana-300x186.jpg 300w, https:\/\/blogsaverroes.juntadeandalucia.es\/iesvaetwinning\/files\/2020\/11\/Susana-768x477.jpg 768w, https:\/\/blogsaverroes.juntadeandalucia.es\/iesvaetwinning\/files\/2020\/11\/Susana-24x15.jpg 24w, https:\/\/blogsaverroes.juntadeandalucia.es\/iesvaetwinning\/files\/2020\/11\/Susana-36x22.jpg 36w, https:\/\/blogsaverroes.juntadeandalucia.es\/iesvaetwinning\/files\/2020\/11\/Susana-48x30.jpg 48w, https:\/\/blogsaverroes.juntadeandalucia.es\/iesvaetwinning\/files\/2020\/11\/Susana.jpg 958w\" sizes=\"(max-width: 300px) 100vw, 300px\" \/><\/td>\n<td style=\"width: 50%\">\n<ul>\n<li><span style=\"color: #ff00ff\"><a style=\"color: #ff00ff\" href=\"https:\/\/view.genial.ly\/5ca9cbc0e50d5c23e541bdbb\/learning-experience-challenges-poets-around-the-world-etwinning-2018-19\">Poetas del mundo \u00bfQuieres probar?<\/a><\/span><\/li>\n<li><span style=\"color: #ff00ff\"><a style=\"color: #ff00ff\" href=\"https:\/\/issuu.com\/vegabilingue\/docs\/acrostic_poems_presentation_vega_de\" target=\"_blank\" rel=\"noopener noreferrer\">Acrostic poems<\/a><\/span><\/li>\n<li><span style=\"color: #ff00ff\"><a style=\"color: #ff00ff\" href=\"https:\/\/www.youtube.com\/watch?v=xSECLzmsqaI&amp;t=1s\" target=\"_blank\" rel=\"noopener noreferrer\">Halloween poems<\/a><\/span><\/li>\n<li><span style=\"color: #ff00ff\"><a style=\"color: #ff00ff\" href=\"https:\/\/view.genial.ly\/5c605e0da558062c2ebeefba\/interactive-content-poems-on-nature-and-feelings-etwinning\" target=\"_blank\" rel=\"noopener noreferrer\">Poems on feelings and nature<\/a><\/span><\/li>\n<li><span style=\"color: #ff00ff\"><a style=\"color: #ff00ff\" href=\"https:\/\/view.genial.ly\/5c08e6559eec65254cde03b3\/interactive-content-spanish-festivities-and-celebrations\" target=\"_blank\" rel=\"noopener noreferrer\">Spanish festivities poems<\/a><\/span><\/li>\n<\/ul>\n<p>&nbsp;<\/td>\n<\/tr>\n<\/tbody>\n<\/table>\n<p>&nbsp; &nbsp;<\/p>\n<h1><span style=\"color: #99cc00;font-size: 24pt\">Intercambiemos<\/span><\/h1>\n<p>&nbsp;<\/p>\n<table style=\"border-collapse: collapse;width: 100%\">\n<tbody>\n<tr>\n<td style=\"width: 50%\"><a href=\"https:\/\/school-education.ec.europa.eu\/en\/etwinning\/projects\/intercmbiemos\" target=\"_blank\" rel=\"noopener noreferrer\"><img loading=\"lazy\" decoding=\"async\" class=\"alignnone wp-image-522\" src=\"https:\/\/blogsaverroes.juntadeandalucia.es\/iesvaetwinning\/files\/2020\/03\/intercambiemos-1.jpg\" alt=\"\" width=\"300\" height=\"232\" srcset=\"https:\/\/blogsaverroes.juntadeandalucia.es\/iesvaetwinning\/files\/2020\/03\/intercambiemos-1.jpg 150w, https:\/\/blogsaverroes.juntadeandalucia.es\/iesvaetwinning\/files\/2020\/03\/intercambiemos-1-24x19.jpg 24w, https:\/\/blogsaverroes.juntadeandalucia.es\/iesvaetwinning\/files\/2020\/03\/intercambiemos-1-36x28.jpg 36w, https:\/\/blogsaverroes.juntadeandalucia.es\/iesvaetwinning\/files\/2020\/03\/intercambiemos-1-48x37.jpg 48w\" sizes=\"(max-width: 300px) 100vw, 300px\" \/> Enlace al TwinSpace<\/a><\/td>\n<td style=\"width: 50%\">Coordinado por M\u00aa Jos\u00e9 Ruiz de Valdivia con 4\u00ba ESO. Franc\u00e9s<\/p>\n<p>Echanges \u00e0 partir des th\u00e8mes suivants:<br \/>\n1) Presentaci\u00f3n del alumnado, del centro, de la ciudad.<br \/>\n2) Temas trabajados : &#8211; El acoso &#8211; El buen uso de las redes sociales &#8211; El respeto de las diferencias<br \/>\n3) Intercambio sobre una pel\u00edcula El olivo y\/o Campeones<br \/>\n4) Presentaci\u00f3n de un libro (D\u00eda del libro)<br \/>\n5) Creaci\u00f3n de historias en grupos internacionales a partir de fotos o im\u00e1genes. Creaci\u00f3n de un ebook<\/p>\n<p><span style=\"color: #ff00ff\"><a style=\"color: #ff00ff\" href=\"https:\/\/padlet.com\/christine_soro\/solt5dzi86\" target=\"_blank\" rel=\"noopener noreferrer\">Actividad sobre el acoso<\/a><\/span><\/td>\n<\/tr>\n<\/tbody>\n<\/table>\n<p>&nbsp;<\/p>\n<h1><span style=\"font-size: 24pt\">Spolger4Uth<\/span><\/h1>\n<table style=\"border-collapse: collapse;width: 100%\">\n<tbody>\n<tr>\n<td style=\"width: 50%\"><a href=\"https:\/\/twinspace.etwinning.net\/76957\/home\" target=\"_blank\" rel=\"noopener noreferrer\"><img loading=\"lazy\" decoding=\"async\" class=\"alignnone wp-image-270 size-medium\" src=\"https:\/\/blogsaverroes.juntadeandalucia.es\/iesvaetwinning\/files\/2020\/02\/img_6219-300x225.png\" alt=\"\" width=\"300\" height=\"225\" srcset=\"https:\/\/blogsaverroes.juntadeandalucia.es\/iesvaetwinning\/files\/2020\/02\/img_6219-300x225.png 300w, https:\/\/blogsaverroes.juntadeandalucia.es\/iesvaetwinning\/files\/2020\/02\/img_6219-24x18.png 24w, https:\/\/blogsaverroes.juntadeandalucia.es\/iesvaetwinning\/files\/2020\/02\/img_6219-36x27.png 36w, https:\/\/blogsaverroes.juntadeandalucia.es\/iesvaetwinning\/files\/2020\/02\/img_6219-48x36.png 48w, https:\/\/blogsaverroes.juntadeandalucia.es\/iesvaetwinning\/files\/2020\/02\/img_6219.png 400w\" sizes=\"(max-width: 300px) 100vw, 300px\" \/><\/a><\/p>\n<p>Coordinado por Rosario Rodr\u00edguez con 1\u00ba CFGS Administraci\u00f3n y Finanzas, Ingl\u00e9s<\/td>\n<td style=\"width: 50%\">\n<p style=\"text-align: justify\">Three countries: Spain, Poland and Germany. One word, Spolger. Discovered by youngsters: Spolger4Uth!! Uncover part of Europe through Spolger4Uth, an unforgettable experience. Learn about local people, food and sights by sharing traditions, daily life activities and prices and recipes compiled on a cookery book. We can&#8217;t forget about languages so we&#8217;ll compare our &#8216;food idioms&#8217;. As an ending, make a virtual trip on a low budget considering their currencies, culture spots, sightseeing and hidden treasures. Here we go!!<\/p>\n<p style=\"text-align: justify\"><span style=\"font-size: 10pt\">Tres pa\u00edses: <span style=\"color: #ff0000\">Sp<\/span>ain, <span style=\"color: #ff0000\">Pol<\/span>and y <span style=\"color: #ff0000\">Ger<\/span>many. Una palabra, Spolger , descubierta por los j\u00f3venes: Spolger para j\u00f3venes!! Descubrir parte de Europa a trav\u00e9s de Spolger4Uth, una experiencia inolvidable. Aprende sobre la gente local, la comida y paisajes, compartiendo tradiciones, actividades de la vida cotidiana y precios y recetas recogidas en un libro de cocina. No podemos olvidarnos de los idiomas as\u00ed que compararemos nuestros refranes sobre comidas. Y para terminar, haremos un viaje virtual con un presupuesto econ\u00f3mico considerando las distintas monedas, puntos culturales, visitas y monumentos y tesoros escondidos. All\u00e1 vamos!!!<\/span><\/p>\n<\/td>\n<\/tr>\n<\/tbody>\n<\/table>\n<table style=\"border-collapse: collapse;width: 100%\">\n<tbody>\n<tr>\n<td style=\"width: 50%\"><span style=\"font-size: 14pt\"><a href=\"https:\/\/twinspace.etwinning.net\/76957\/pages\/page\/621254\"><strong><span style=\"color: #ff00ff\">Spolger Cookery Book<\/span><\/strong><\/a><\/span><\/p>\n<p><a href=\"https:\/\/issuu.com\/rosa.mru\/docs\/spolger4uth_recipes\"><img loading=\"lazy\" decoding=\"async\" class=\"aligncenter wp-image-492\" src=\"https:\/\/blogsaverroes.juntadeandalucia.es\/iesvaetwinning\/files\/2020\/02\/2020-02-27-1024x576.png\" alt=\"\" width=\"500\" height=\"281\" srcset=\"https:\/\/blogsaverroes.juntadeandalucia.es\/iesvaetwinning\/files\/2020\/02\/2020-02-27-1024x576.png 1024w, https:\/\/blogsaverroes.juntadeandalucia.es\/iesvaetwinning\/files\/2020\/02\/2020-02-27-300x169.png 300w, https:\/\/blogsaverroes.juntadeandalucia.es\/iesvaetwinning\/files\/2020\/02\/2020-02-27-768x432.png 768w, https:\/\/blogsaverroes.juntadeandalucia.es\/iesvaetwinning\/files\/2020\/02\/2020-02-27-1200x675.png 1200w, https:\/\/blogsaverroes.juntadeandalucia.es\/iesvaetwinning\/files\/2020\/02\/2020-02-27-24x13.png 24w, https:\/\/blogsaverroes.juntadeandalucia.es\/iesvaetwinning\/files\/2020\/02\/2020-02-27-36x20.png 36w, https:\/\/blogsaverroes.juntadeandalucia.es\/iesvaetwinning\/files\/2020\/02\/2020-02-27-48x27.png 48w, https:\/\/blogsaverroes.juntadeandalucia.es\/iesvaetwinning\/files\/2020\/02\/2020-02-27.png 1366w\" sizes=\"(max-width: 500px) 100vw, 500px\" \/><\/a><\/p>\n<p>&nbsp;<\/td>\n<td style=\"width: 50%\">\n<p style=\"text-align: left\"><span style=\"font-size: 14pt\"><strong><span style=\"color: #ff00ff\"><a style=\"color: #ff00ff\" href=\"https:\/\/www.youtube.com\/watch?v=2PaBIBF59fE&amp;feature=youtu.be\" target=\"_blank\" rel=\"noopener noreferrer\">V\u00eddeo resumen del proyecto \/ Project video summary<\/a><\/span><\/strong><\/span><\/p>\n<p><a href=\"https:\/\/youtu.be\/2PaBIBF59fE\"><img loading=\"lazy\" decoding=\"async\" class=\"alignnone wp-image-1391 size-full\" src=\"https:\/\/blogsaverroes.juntadeandalucia.es\/iesvaetwinning\/files\/2020\/11\/project-video-summary-spolger.jpg\" alt=\"\" width=\"866\" height=\"491\" srcset=\"https:\/\/blogsaverroes.juntadeandalucia.es\/iesvaetwinning\/files\/2020\/11\/project-video-summary-spolger.jpg 866w, https:\/\/blogsaverroes.juntadeandalucia.es\/iesvaetwinning\/files\/2020\/11\/project-video-summary-spolger-300x170.jpg 300w, https:\/\/blogsaverroes.juntadeandalucia.es\/iesvaetwinning\/files\/2020\/11\/project-video-summary-spolger-768x435.jpg 768w, https:\/\/blogsaverroes.juntadeandalucia.es\/iesvaetwinning\/files\/2020\/11\/project-video-summary-spolger-24x14.jpg 24w, https:\/\/blogsaverroes.juntadeandalucia.es\/iesvaetwinning\/files\/2020\/11\/project-video-summary-spolger-36x20.jpg 36w, https:\/\/blogsaverroes.juntadeandalucia.es\/iesvaetwinning\/files\/2020\/11\/project-video-summary-spolger-48x27.jpg 48w\" sizes=\"(max-width: 866px) 100vw, 866px\" \/><\/a><\/td>\n<\/tr>\n<\/tbody>\n<\/table>\n<div class=\"landing-intro landing-home\">\n<div class=\"intro-content\">\n<p>&nbsp;<\/p>\n<p>&nbsp;<\/p>\n<\/div>\n<h1><span style=\"font-size: 24pt;color: #000080\">Internet seguro<\/span><\/h1>\n<table style=\"border-collapse: collapse;width: 100%\">\n<tbody>\n<tr>\n<td style=\"width: 50%\"><a href=\"https:\/\/twinspace.etwinning.net\/77212\/home\"><img loading=\"lazy\" decoding=\"async\" class=\"alignnone size-medium wp-image-519\" src=\"https:\/\/blogsaverroes.juntadeandalucia.es\/iesvaetwinning\/files\/2020\/03\/internet-seguro-300x200.jpg\" alt=\"\" width=\"300\" height=\"200\" srcset=\"https:\/\/blogsaverroes.juntadeandalucia.es\/iesvaetwinning\/files\/2020\/03\/internet-seguro-300x200.jpg 300w, https:\/\/blogsaverroes.juntadeandalucia.es\/iesvaetwinning\/files\/2020\/03\/internet-seguro-24x16.jpg 24w, https:\/\/blogsaverroes.juntadeandalucia.es\/iesvaetwinning\/files\/2020\/03\/internet-seguro-36x24.jpg 36w, https:\/\/blogsaverroes.juntadeandalucia.es\/iesvaetwinning\/files\/2020\/03\/internet-seguro-48x32.jpg 48w, https:\/\/blogsaverroes.juntadeandalucia.es\/iesvaetwinning\/files\/2020\/03\/internet-seguro.jpg 467w\" sizes=\"(max-width: 300px) 100vw, 300px\" \/><\/a><\/p>\n<p>Coordinado por Kika Rold\u00e1n con 2\u00ba Bachillerato. PECO<\/td>\n<td style=\"width: 50%\">Se pretende realizar distintas tareas con el fin de difundir buenos h\u00e1bitos en el uso de las nuevas tecnolog\u00edas.<\/p>\n<p><span style=\"color: #ff00ff\"><a style=\"color: #ff00ff\" href=\"https:\/\/www.youtube.com\/watch?v=2PaBIBF59fE&amp;feature=youtu.be\" target=\"_blank\" rel=\"noopener noreferrer\">Yinkana<\/a><\/span><\/p>\n<h2>&nbsp;<\/h2>\n<\/td>\n<\/tr>\n<\/tbody>\n<\/table>\n<p>&nbsp;<\/p>\n<h2>&nbsp;<\/h2>\n<\/div>\n","protected":false},"excerpt":{"rendered":"<p>1:26 Schengen Area. What else? &nbsp; Enlace al TwinSpace Coordinado por Isabel Esteban y Rosario Rodr\u00edguez con 4\u00ba&nbsp; ESO&nbsp; y 1\u00ba Bachillerato, Econom\u00eda&nbsp; If opposites&hellip;<\/p>\n","protected":false},"author":8182,"featured_media":0,"parent":0,"menu_order":0,"comment_status":"closed","ping_status":"closed","template":"","meta":{"ngg_post_thumbnail":0,"footnotes":""},"aioseo_notices":[],"_links":{"self":[{"href":"https:\/\/blogsaverroes.juntadeandalucia.es\/iesvaetwinning\/wp-json\/wp\/v2\/pages\/365"}],"collection":[{"href":"https:\/\/blogsaverroes.juntadeandalucia.es\/iesvaetwinning\/wp-json\/wp\/v2\/pages"}],"about":[{"href":"https:\/\/blogsaverroes.juntadeandalucia.es\/iesvaetwinning\/wp-json\/wp\/v2\/types\/page"}],"author":[{"embeddable":true,"href":"https:\/\/blogsaverroes.juntadeandalucia.es\/iesvaetwinning\/wp-json\/wp\/v2\/users\/8182"}],"replies":[{"embeddable":true,"href":"https:\/\/blogsaverroes.juntadeandalucia.es\/iesvaetwinning\/wp-json\/wp\/v2\/comments?post=365"}],"version-history":[{"count":61,"href":"https:\/\/blogsaverroes.juntadeandalucia.es\/iesvaetwinning\/wp-json\/wp\/v2\/pages\/365\/revisions"}],"predecessor-version":[{"id":2416,"href":"https:\/\/blogsaverroes.juntadeandalucia.es\/iesvaetwinning\/wp-json\/wp\/v2\/pages\/365\/revisions\/2416"}],"wp:attachment":[{"href":"https:\/\/blogsaverroes.juntadeandalucia.es\/iesvaetwinning\/wp-json\/wp\/v2\/media?parent=365"}],"curies":[{"name":"wp","href":"https:\/\/api.w.org\/{rel}","templated":true}]}}