{"id":367,"date":"2020-02-25T22:20:50","date_gmt":"2020-02-25T21:20:50","guid":{"rendered":"https:\/\/blogsaverroes.juntadeandalucia.es\/iesvaetwinning\/?page_id=367"},"modified":"2025-09-02T17:50:13","modified_gmt":"2025-09-02T15:50:13","slug":"proyectos-2019-20","status":"publish","type":"page","link":"https:\/\/blogsaverroes.juntadeandalucia.es\/iesvaetwinning\/proyectos-2019-20\/","title":{"rendered":"Proyectos 2019\/20"},"content":{"rendered":"<table style=\"border-collapse: collapse;width: 100%\">\n<tbody>\n<tr>\n<td style=\"width: 100%\">\n<p style=\"text-align: left\"><span style=\"color: #800000\"><em>Cuando estos proyectos empezaron nadie pod\u00eda imaginar que COVID19 aparecer\u00eda en nuestras vidas. A pesar de todas las dificultades encontradas, la situaci\u00f3n de confinamiento, la frustraci\u00f3n de la ense\u00f1anza y aprendizaje a distancia y la tristeza que rodeaba nuestra actividad docente y lo que ve\u00edamos desde nuestras respectivas ventanas cada d\u00eda, nuestro alumnado sigui\u00f3 trabajando, a veces con la \u00fanica herramienta de un m\u00f3vil con una tarjeta de datos; nuestras profesoras siguieron al frente de los proyectos contactando a sus alumnos y alumnas a diario, convocando por videoconferencia a las familias, trabajando en equipo, subiendo materiales de ayuda docente y vital, como Mindfulness y acompa\u00f1ando en la experiencia m\u00e1s complicada que nuestra sociedad hab\u00eda vivido hasta entonces. Que no olvidemos nunca que este fue el a\u00f1o de la pandemia, que sufrimos, que perdimos a muchos en ella, pero que la comunidad del IES Vega de Atarfe se hizo fuerte porque COVID19 won&#8217;t stop my dreams\/COVID19 no parar\u00e1 mis sue\u00f1os. Gracias eTwinning por ser herramienta de acercamiento.<\/em><\/span><\/p>\n<p><em><span style=\"color: #800000\">Rosario Rodr\u00edguez. Embajadora eTwinning<\/span><\/em><\/td>\n<\/tr>\n<\/tbody>\n<\/table>\n<h6><span style=\"font-size: 24pt;color: #ff9900\">360\u00ba Big European Solar Tour<\/span><\/h6>\n<table style=\"border-collapse: collapse;width: 100%\">\n<tbody>\n<tr>\n<td style=\"width: 50%\"><a href=\"https:\/\/school-education.ec.europa.eu\/en\/etwinning\/projects\/360-big-european-solar-tour\" target=\"_blank\" rel=\"noopener noreferrer\"><img loading=\"lazy\" decoding=\"async\" class=\"aligncenter wp-image-588 size-medium\" src=\"https:\/\/blogsaverroes.juntadeandalucia.es\/iesvaetwinning\/files\/2020\/03\/Logo-360-300x200.gif\" alt=\"\" width=\"300\" height=\"200\" srcset=\"https:\/\/blogsaverroes.juntadeandalucia.es\/iesvaetwinning\/files\/2020\/03\/Logo-360-300x200.gif 300w, https:\/\/blogsaverroes.juntadeandalucia.es\/iesvaetwinning\/files\/2020\/03\/Logo-360-24x16.gif 24w, https:\/\/blogsaverroes.juntadeandalucia.es\/iesvaetwinning\/files\/2020\/03\/Logo-360-36x24.gif 36w, https:\/\/blogsaverroes.juntadeandalucia.es\/iesvaetwinning\/files\/2020\/03\/Logo-360-48x32.gif 48w\" sizes=\"(max-width: 300px) 100vw, 300px\" \/><\/a><\/td>\n<td style=\"width: 50%\"><span style=\"font-size: 10pt\">A virtual tour of Europe, to the scale of the solar system with 360\u00b0 panoramic photographs. Une visite virtuelle de l\u2019Europe, \u00e0 l\u2019\u00e9chelle du syst\u00e8me solaire avec des photographies \u00e0 360\u00b0. Un tour virtual, a escala del sistema solar con fotograf\u00edas panor\u00e1micas de 360\u00ba.<\/span><\/p>\n<p><a href=\"https:\/\/school-education.ec.europa.eu\/en\/etwinning\/projects\/360-big-european-solar-tour\" target=\"_blank\" rel=\"noopener\"><span style=\"color: #ff00ff\"><b>Enlace al TwnSpace<\/b><\/span><\/a><\/td>\n<\/tr>\n<\/tbody>\n<\/table>\n<table style=\"border-collapse: collapse;width: 100%\">\n<tbody>\n<tr>\n<td style=\"width: 50%\"><strong><span style=\"color: #ff9900;font-size: 14pt\">Coordinado <\/span><\/strong><span style=\"color: #ff9900\"><strong><span style=\"font-size: 14pt\">por:<\/span><\/strong>&nbsp;<\/span> Lourdes Ruiz con 4\u00ba ESO. Ingl\u00e9s<\/p>\n<p><img loading=\"lazy\" decoding=\"async\" class=\"aligncenter wp-image-1288 size-large\" src=\"https:\/\/blogsaverroes.juntadeandalucia.es\/iesvaetwinning\/files\/2020\/11\/360\u00ba-BEST-1024x445.png\" alt=\"\" width=\"843\" height=\"366\" srcset=\"https:\/\/blogsaverroes.juntadeandalucia.es\/iesvaetwinning\/files\/2020\/11\/360\u00ba-BEST-1024x445.png 1024w, https:\/\/blogsaverroes.juntadeandalucia.es\/iesvaetwinning\/files\/2020\/11\/360\u00ba-BEST-300x130.png 300w, https:\/\/blogsaverroes.juntadeandalucia.es\/iesvaetwinning\/files\/2020\/11\/360\u00ba-BEST-768x334.png 768w, https:\/\/blogsaverroes.juntadeandalucia.es\/iesvaetwinning\/files\/2020\/11\/360\u00ba-BEST-24x10.png 24w, https:\/\/blogsaverroes.juntadeandalucia.es\/iesvaetwinning\/files\/2020\/11\/360\u00ba-BEST-36x16.png 36w, https:\/\/blogsaverroes.juntadeandalucia.es\/iesvaetwinning\/files\/2020\/11\/360\u00ba-BEST-48x21.png 48w, https:\/\/blogsaverroes.juntadeandalucia.es\/iesvaetwinning\/files\/2020\/11\/360\u00ba-BEST.png 1095w\" sizes=\"(max-width: 843px) 100vw, 843px\" \/><\/td>\n<td style=\"width: 50%\">\n<p style=\"text-align: center\"><span style=\"font-size: 14pt\"><strong><span style=\"color: #ff9900\">Sellos de Calidad<\/span><\/strong><\/span><\/p>\n<p style=\"text-align: center\"><img loading=\"lazy\" decoding=\"async\" class=\"alignnone size-medium wp-image-1368\" src=\"https:\/\/blogsaverroes.juntadeandalucia.es\/iesvaetwinning\/files\/2020\/11\/360\u00ba-pupil-300x208.jpg\" alt=\"\" width=\"300\" height=\"208\" srcset=\"https:\/\/blogsaverroes.juntadeandalucia.es\/iesvaetwinning\/files\/2020\/11\/360\u00ba-pupil-300x208.jpg 300w, https:\/\/blogsaverroes.juntadeandalucia.es\/iesvaetwinning\/files\/2020\/11\/360\u00ba-pupil-768x532.jpg 768w, https:\/\/blogsaverroes.juntadeandalucia.es\/iesvaetwinning\/files\/2020\/11\/360\u00ba-pupil-24x17.jpg 24w, https:\/\/blogsaverroes.juntadeandalucia.es\/iesvaetwinning\/files\/2020\/11\/360\u00ba-pupil-36x25.jpg 36w, https:\/\/blogsaverroes.juntadeandalucia.es\/iesvaetwinning\/files\/2020\/11\/360\u00ba-pupil-48x33.jpg 48w, https:\/\/blogsaverroes.juntadeandalucia.es\/iesvaetwinning\/files\/2020\/11\/360\u00ba-pupil.jpg 779w\" sizes=\"(max-width: 300px) 100vw, 300px\" \/><img loading=\"lazy\" decoding=\"async\" class=\"alignnone size-medium wp-image-1306\" src=\"https:\/\/blogsaverroes.juntadeandalucia.es\/iesvaetwinning\/files\/2020\/11\/EQL-360\u00ba-300x211.jpg\" alt=\"\" width=\"300\" height=\"211\" srcset=\"https:\/\/blogsaverroes.juntadeandalucia.es\/iesvaetwinning\/files\/2020\/11\/EQL-360\u00ba-300x211.jpg 300w, https:\/\/blogsaverroes.juntadeandalucia.es\/iesvaetwinning\/files\/2020\/11\/EQL-360\u00ba-24x17.jpg 24w, https:\/\/blogsaverroes.juntadeandalucia.es\/iesvaetwinning\/files\/2020\/11\/EQL-360\u00ba-36x25.jpg 36w, https:\/\/blogsaverroes.juntadeandalucia.es\/iesvaetwinning\/files\/2020\/11\/EQL-360\u00ba-48x34.jpg 48w, https:\/\/blogsaverroes.juntadeandalucia.es\/iesvaetwinning\/files\/2020\/11\/EQL-360\u00ba.jpg 677w\" sizes=\"(max-width: 300px) 100vw, 300px\" \/><\/p>\n<\/td>\n<\/tr>\n<\/tbody>\n<\/table>\n<h6><span style=\"color: #003366;font-size: 24pt\">Innovative Cos. 2020ww<\/span><\/h6>\n<table style=\"border-collapse: collapse;width: 100%\">\n<tbody>\n<tr>\n<td style=\"width: 50%\"><a href=\"https:\/\/twinspace.etwinning.net\/95202\/home\" target=\"_blank\" rel=\"noopener noreferrer\">Enlace al Twinspace<\/a><a href=\"https:\/\/school-education.ec.europa.eu\/en\/etwinning\/projects\/innovative-cos-2020-ww\" target=\"_blank\" rel=\"noopener noreferrer\"><img loading=\"lazy\" decoding=\"async\" class=\"aligncenter wp-image-591 size-medium\" src=\"https:\/\/blogsaverroes.juntadeandalucia.es\/iesvaetwinning\/files\/2020\/03\/Logo-InnoCos-300x197.jpg\" alt=\"\" width=\"300\" height=\"197\" srcset=\"https:\/\/blogsaverroes.juntadeandalucia.es\/iesvaetwinning\/files\/2020\/03\/Logo-InnoCos-300x197.jpg 300w, https:\/\/blogsaverroes.juntadeandalucia.es\/iesvaetwinning\/files\/2020\/03\/Logo-InnoCos-24x16.jpg 24w, https:\/\/blogsaverroes.juntadeandalucia.es\/iesvaetwinning\/files\/2020\/03\/Logo-InnoCos-36x24.jpg 36w, https:\/\/blogsaverroes.juntadeandalucia.es\/iesvaetwinning\/files\/2020\/03\/Logo-InnoCos-48x31.jpg 48w, https:\/\/blogsaverroes.juntadeandalucia.es\/iesvaetwinning\/files\/2020\/03\/Logo-InnoCos.jpg 400w\" sizes=\"(max-width: 300px) 100vw, 300px\" \/><\/a><\/td>\n<td style=\"width: 50%\"><span style=\"font-size: 10pt\">A team of students and teachers from Poland, Spain, Portugal, France and Romania are ready to get in contact to discover relevant facts about innovative companies students would like to work for. They will learn about countries where the would go for their internship period.&nbsp; &nbsp;\/&nbsp; &nbsp;<\/span><span style=\"font-size: 10pt\">Un equipo de estudiantes y profesores de Polonia, Espa\u00f1a, Portugal, Francia y Ruman\u00eda est\u00e1n preparados para contactar y descubrir hechos relevantes sobre empresas innovadoras en las que les gustar\u00eda trabajar. Aprender\u00e1n sobre costumbres en pa\u00edses donde podr\u00edan hacer la FCT cuando acaben el ciclo<\/span><\/td>\n<\/tr>\n<\/tbody>\n<\/table>\n<table style=\"border-collapse: collapse;width: 100%\">\n<tbody>\n<tr>\n<td style=\"width: 50%\"><strong><span style=\"color: #ff9900;font-size: 14pt\">Coordinado <\/span><\/strong><span style=\"color: #ff9900\"><strong><span style=\"font-size: 14pt\">por: <\/span><\/strong><span style=\"font-size: 14pt;color: #000000\"><span style=\"font-size: 12pt\">Rosario Rodr\u00edguez con 1\u00ba CFGS Administraci\u00f3n y Finanzas. Ingl\u00e9s \/ Technical Business Administration<\/span><\/span><\/span><\/td>\n<td style=\"width: 50%;text-align: center\"><span style=\"font-size: 14pt\"><strong><span style=\"color: #ff9900\">Profesorado participante<\/span><\/strong><\/span><\/p>\n<p>&nbsp;Teachers per country involved in the project:<br \/>\nFRANCE (1), POLAND (1),<br \/>\nPORTUGAL (1), ROMANIA (1),<br \/>\nSPAIN (1), TURKEY (1)<\/td>\n<\/tr>\n<\/tbody>\n<\/table>\n<h6><span style=\"color: #666699;font-size: 24pt\">Women with conscience and science. Marie Curie. Looking for eTwinnio<\/span><\/h6>\n<table style=\"border-collapse: collapse;width: 100%\">\n<tbody>\n<tr>\n<td style=\"width: 50%;text-align: center\"><a href=\"https:\/\/twinspace.etwinning.net\/90484\/home\" target=\"_blank\" rel=\"noopener noreferrer\"><img loading=\"lazy\" decoding=\"async\" class=\"alignnone size-medium wp-image-595\" src=\"https:\/\/blogsaverroes.juntadeandalucia.es\/iesvaetwinning\/files\/2020\/03\/logo-etwinnio-300x300.jpg\" alt=\"\" width=\"300\" height=\"300\" srcset=\"https:\/\/blogsaverroes.juntadeandalucia.es\/iesvaetwinning\/files\/2020\/03\/logo-etwinnio-300x300.jpg 300w, https:\/\/blogsaverroes.juntadeandalucia.es\/iesvaetwinning\/files\/2020\/03\/logo-etwinnio-150x150.jpg 150w, https:\/\/blogsaverroes.juntadeandalucia.es\/iesvaetwinning\/files\/2020\/03\/logo-etwinnio-768x768.jpg 768w, https:\/\/blogsaverroes.juntadeandalucia.es\/iesvaetwinning\/files\/2020\/03\/logo-etwinnio-100x100.jpg 100w, https:\/\/blogsaverroes.juntadeandalucia.es\/iesvaetwinning\/files\/2020\/03\/logo-etwinnio-24x24.jpg 24w, https:\/\/blogsaverroes.juntadeandalucia.es\/iesvaetwinning\/files\/2020\/03\/logo-etwinnio-36x36.jpg 36w, https:\/\/blogsaverroes.juntadeandalucia.es\/iesvaetwinning\/files\/2020\/03\/logo-etwinnio-48x48.jpg 48w, https:\/\/blogsaverroes.juntadeandalucia.es\/iesvaetwinning\/files\/2020\/03\/logo-etwinnio.jpg 1020w\" sizes=\"(max-width: 300px) 100vw, 300px\" \/><\/a><\/td>\n<td style=\"width: 50%\"><span style=\"font-size: 10pt\">This project carries out a scientific research and emotional development to find a new element of the periodic table \u00abeTwinnio\u00bb. Outstanding women scientists will help to discover its mysterious qualities. Gamification, ecomagia, phytotherapy and our eco garden will promote the playful part of science and the connection with nature and emotional development through a tool: Mindfulness.<\/span><\/p>\n<p><span style=\"font-size: 10pt\">Investigaci\u00f3n cient\u00edfica y desarrollo emocional para encontrar un nuevo elemento de la tabla peri\u00f3dica \u00abeTwinnio\u00bb. Mujeres cient\u00edficas destacadas ayudar\u00e1n a descubrir sus misteriosas cualidades. Gamificaci\u00f3n, ecomagia, fitoterapia y un ecohuerto fomentar\u00e1n la parte divertida de la ciencia y la conexi\u00f3n con la naturaleza y el desarrollo emocional a trav\u00e9s de Mindfulness.<\/span><\/p>\n<p><span style=\"color: #ff00ff\"><a style=\"color: #ff00ff\" href=\"https:\/\/blogsaverroes.juntadeandalucia.es\/iesvaetwinning\/marie-curie\/\"><span style=\"font-size: 14pt\"><strong>Enlace a productos finales del proyecto<\/strong><\/span><\/a><\/span><\/p>\n<p><a href=\"https:\/\/blogsaverroes.juntadeandalucia.es\/iesvaetwinning\/marie-curie\/\"><span style=\"font-size: 14pt\"><strong><span style=\"color: #ff00ff\">Enlace a p\u00e1gina destacada sobre el proyecto<\/span><\/strong><\/span><\/a><\/td>\n<\/tr>\n<\/tbody>\n<\/table>\n<table style=\"border-collapse: collapse;width: 100%\">\n<tbody>\n<tr>\n<td style=\"width: 50%\"><span style=\"font-size: 14pt\"><strong><span style=\"color: #ff6600\">Coordinado por:<\/span><\/strong><\/span> Montserrat Jim\u00e9nez, Sandra Campa\u00f1a y Rosario Rodr\u00edguez con&nbsp; 3\u00ba ESO.<\/p>\n<p>Qu\u00edmica, Ingl\u00e9s&nbsp; y Tecnolog\u00eda.<\/td>\n<td style=\"width: 50%;text-align: center\"><span style=\"font-size: 14pt\"><strong><span style=\"color: #ff9900\">Profesorado participante<\/span><\/strong><\/span><\/p>\n<p>Teachers per country involved in the project:<br \/>\nFRANCE (1), GREECE (2),<br \/>\nITALY (3), ROMANIA (1),<br \/>\nSLOVAKIA (3), SPAIN (12),<br \/>\nTURKEY (2)<\/td>\n<\/tr>\n<\/tbody>\n<\/table>\n<p>&nbsp;<\/p>\n<p>&nbsp;<\/p>\n","protected":false},"excerpt":{"rendered":"<p>Cuando estos proyectos empezaron nadie pod\u00eda imaginar que COVID19 aparecer\u00eda en nuestras vidas. A pesar de todas las dificultades encontradas, la situaci\u00f3n de confinamiento, la&hellip;<\/p>\n","protected":false},"author":8182,"featured_media":0,"parent":0,"menu_order":0,"comment_status":"closed","ping_status":"closed","template":"","meta":{"ngg_post_thumbnail":0,"footnotes":""},"aioseo_notices":[],"_links":{"self":[{"href":"https:\/\/blogsaverroes.juntadeandalucia.es\/iesvaetwinning\/wp-json\/wp\/v2\/pages\/367"}],"collection":[{"href":"https:\/\/blogsaverroes.juntadeandalucia.es\/iesvaetwinning\/wp-json\/wp\/v2\/pages"}],"about":[{"href":"https:\/\/blogsaverroes.juntadeandalucia.es\/iesvaetwinning\/wp-json\/wp\/v2\/types\/page"}],"author":[{"embeddable":true,"href":"https:\/\/blogsaverroes.juntadeandalucia.es\/iesvaetwinning\/wp-json\/wp\/v2\/users\/8182"}],"replies":[{"embeddable":true,"href":"https:\/\/blogsaverroes.juntadeandalucia.es\/iesvaetwinning\/wp-json\/wp\/v2\/comments?post=367"}],"version-history":[{"count":47,"href":"https:\/\/blogsaverroes.juntadeandalucia.es\/iesvaetwinning\/wp-json\/wp\/v2\/pages\/367\/revisions"}],"predecessor-version":[{"id":2417,"href":"https:\/\/blogsaverroes.juntadeandalucia.es\/iesvaetwinning\/wp-json\/wp\/v2\/pages\/367\/revisions\/2417"}],"wp:attachment":[{"href":"https:\/\/blogsaverroes.juntadeandalucia.es\/iesvaetwinning\/wp-json\/wp\/v2\/media?parent=367"}],"curies":[{"name":"wp","href":"https:\/\/api.w.org\/{rel}","templated":true}]}}