{"id":948,"date":"2020-04-27T18:28:04","date_gmt":"2020-04-27T16:28:04","guid":{"rendered":"https:\/\/blogsaverroes.juntadeandalucia.es\/iesvaetwinning\/?page_id=948"},"modified":"2021-06-05T23:30:15","modified_gmt":"2021-06-05T21:30:15","slug":"grupos-etwinning","status":"publish","type":"page","link":"https:\/\/blogsaverroes.juntadeandalucia.es\/iesvaetwinning\/grupos-etwinning\/","title":{"rendered":"Grupos destacados eTwinning"},"content":{"rendered":"<h2><a href=\"http:\/\/etwinning.es\/es\/grupos-destacados-de-etwinning\/\">\u00bfQu\u00e9 son los grupos destacados de eTwinning \/ Featured groups?<\/a><\/h2>\n<p>\u00abSi quieres compartir y debatir ideas y experiencias educativas a la vez que aprendes de otros docentes, echa un vistazo a los grupos eTwinning. Tenemos una amplia variedad de grupos que cubren un extenso abanico de tem\u00e1ticas: \u00a1encuentra el tuyo! Y si a\u00fan no existe, \u00a1quiz\u00e1 puedas dise\u00f1arlo y crearlo t\u00fa mismo\/a\u00bb.<\/p>\n<h1><a href=\"https:\/\/groups.etwinning.net\/about\"><span style=\"font-size: 14pt\"><strong><span style=\"color: #ff99cc\">\u00bfQu\u00e9 tem\u00e1tica abarcan?<\/span><\/strong><\/span><\/a><\/h1>\n<table class=\" aligncenter\" style=\"height: 262px;width: 783px\">\n<tbody>\n<tr style=\"height: 247.688px\">\n<td style=\"width: 390px;height: 247.688px\">\n<ul>\n<li>Grupos sobre el manejo de eTwinning&nbsp;<\/li>\n<li>Grupos sobre temas transversales<\/li>\n<li>Grupos dirigidos a distintas etapas educativas<\/li>\n<li>Grupos sobre aspectos educativos<\/li>\n<li>Grupos sobre el uso de la Tecnolog\u00eda<\/li>\n<\/ul>\n<\/td>\n<td style=\"width: 316px;height: 247.688px\"><img loading=\"lazy\" decoding=\"async\" class=\"wp-image-955 size-medium aligncenter\" src=\"https:\/\/blogsaverroes.juntadeandalucia.es\/iesvaetwinning\/files\/2020\/04\/grupos-eTwinning-300x203.jpg\" alt=\"\" width=\"300\" height=\"203\" srcset=\"https:\/\/blogsaverroes.juntadeandalucia.es\/iesvaetwinning\/files\/2020\/04\/grupos-eTwinning-300x203.jpg 300w, https:\/\/blogsaverroes.juntadeandalucia.es\/iesvaetwinning\/files\/2020\/04\/grupos-eTwinning-768x520.jpg 768w, https:\/\/blogsaverroes.juntadeandalucia.es\/iesvaetwinning\/files\/2020\/04\/grupos-eTwinning-24x16.jpg 24w, https:\/\/blogsaverroes.juntadeandalucia.es\/iesvaetwinning\/files\/2020\/04\/grupos-eTwinning-36x24.jpg 36w, https:\/\/blogsaverroes.juntadeandalucia.es\/iesvaetwinning\/files\/2020\/04\/grupos-eTwinning-48x33.jpg 48w, https:\/\/blogsaverroes.juntadeandalucia.es\/iesvaetwinning\/files\/2020\/04\/grupos-eTwinning.jpg 970w\" sizes=\"(max-width: 300px) 100vw, 300px\" \/><\/td>\n<\/tr>\n<\/tbody>\n<\/table>\n<h1><strong><span style=\"color: #ff99cc;font-size: 14pt\">Grupo destacado&nbsp;<\/span><\/strong><\/h1>\n<table style=\"height: 98px\" width=\"802\">\n<tbody>\n<tr>\n<td style=\"width: 393px\"><img loading=\"lazy\" decoding=\"async\" class=\"alignnone size-medium wp-image-959 aligncenter\" src=\"https:\/\/blogsaverroes.juntadeandalucia.es\/iesvaetwinning\/files\/2020\/04\/Global-CP-VET-300x294.jpg\" alt=\"\" width=\"300\" height=\"294\" srcset=\"https:\/\/blogsaverroes.juntadeandalucia.es\/iesvaetwinning\/files\/2020\/04\/Global-CP-VET-300x294.jpg 300w, https:\/\/blogsaverroes.juntadeandalucia.es\/iesvaetwinning\/files\/2020\/04\/Global-CP-VET-24x24.jpg 24w, https:\/\/blogsaverroes.juntadeandalucia.es\/iesvaetwinning\/files\/2020\/04\/Global-CP-VET-36x36.jpg 36w, https:\/\/blogsaverroes.juntadeandalucia.es\/iesvaetwinning\/files\/2020\/04\/Global-CP-VET-48x48.jpg 48w, https:\/\/blogsaverroes.juntadeandalucia.es\/iesvaetwinning\/files\/2020\/04\/Global-CP-VET.jpg 656w\" sizes=\"(max-width: 300px) 100vw, 300px\" \/><\/td>\n<td style=\"width: 393px\">El grupo Global Community of Practice-VET, dinamizado por Petra Jeanine Nip y Rosario Rodr\u00edguez Utrilla, es un espacio para profesores de FP, d\u00f3nde compartir pr\u00e1cticas profesionales de las distintas familias con otros centros europeos.<\/td>\n<\/tr>\n<\/tbody>\n<\/table>\n<p data-wp-editing=\"1\">&nbsp;<\/p>\n<table style=\"height: 109px\" width=\"801\">\n<tbody>\n<tr style=\"height: 177px\">\n<td style=\"width: 392px;height: 177px\">Destacamos la actividad <a href=\"https:\/\/sites.google.com\/view\/vetschoolsfortheenvironment\/home\">VET Schools for environment<\/a> relacionada con el Tema Anual eTwinning: Climate change and environmental challenges.<\/p>\n<p>&nbsp;<\/td>\n<td style=\"width: 393px;height: 177px\"><img loading=\"lazy\" decoding=\"async\" class=\"size-medium wp-image-987 aligncenter\" src=\"https:\/\/blogsaverroes.juntadeandalucia.es\/iesvaetwinning\/files\/2020\/04\/climate-change-300x300.png\" alt=\"\" width=\"300\" height=\"300\" srcset=\"https:\/\/blogsaverroes.juntadeandalucia.es\/iesvaetwinning\/files\/2020\/04\/climate-change-300x300.png 300w, https:\/\/blogsaverroes.juntadeandalucia.es\/iesvaetwinning\/files\/2020\/04\/climate-change-150x150.png 150w, https:\/\/blogsaverroes.juntadeandalucia.es\/iesvaetwinning\/files\/2020\/04\/climate-change-100x100.png 100w, https:\/\/blogsaverroes.juntadeandalucia.es\/iesvaetwinning\/files\/2020\/04\/climate-change-24x24.png 24w, https:\/\/blogsaverroes.juntadeandalucia.es\/iesvaetwinning\/files\/2020\/04\/climate-change-36x36.png 36w, https:\/\/blogsaverroes.juntadeandalucia.es\/iesvaetwinning\/files\/2020\/04\/climate-change-48x48.png 48w, https:\/\/blogsaverroes.juntadeandalucia.es\/iesvaetwinning\/files\/2020\/04\/climate-change.png 500w\" sizes=\"(max-width: 300px) 100vw, 300px\" \/><\/td>\n<\/tr>\n<\/tbody>\n<\/table>\n<p><a href=\"https:\/\/sites.google.com\/view\/vetschoolsfortheenvironment\/home\"><img loading=\"lazy\" decoding=\"async\" class=\"aligncenter wp-image-964 size-large\" src=\"https:\/\/blogsaverroes.juntadeandalucia.es\/iesvaetwinning\/files\/2020\/04\/IMG_20200427_191851-642x1024.jpg\" alt=\"\" width=\"642\" height=\"1024\" srcset=\"https:\/\/blogsaverroes.juntadeandalucia.es\/iesvaetwinning\/files\/2020\/04\/IMG_20200427_191851-642x1024.jpg 642w, https:\/\/blogsaverroes.juntadeandalucia.es\/iesvaetwinning\/files\/2020\/04\/IMG_20200427_191851-188x300.jpg 188w, https:\/\/blogsaverroes.juntadeandalucia.es\/iesvaetwinning\/files\/2020\/04\/IMG_20200427_191851-768x1225.jpg 768w, https:\/\/blogsaverroes.juntadeandalucia.es\/iesvaetwinning\/files\/2020\/04\/IMG_20200427_191851-15x24.jpg 15w, https:\/\/blogsaverroes.juntadeandalucia.es\/iesvaetwinning\/files\/2020\/04\/IMG_20200427_191851-23x36.jpg 23w, https:\/\/blogsaverroes.juntadeandalucia.es\/iesvaetwinning\/files\/2020\/04\/IMG_20200427_191851-30x48.jpg 30w, https:\/\/blogsaverroes.juntadeandalucia.es\/iesvaetwinning\/files\/2020\/04\/IMG_20200427_191851.jpg 1080w\" sizes=\"(max-width: 642px) 100vw, 642px\" \/><\/a><\/p>\n<p>&nbsp;<\/p>\n<p><iframe loading=\"lazy\" src=\"\/\/www.youtube.com\/embed\/dd_OYl8lqEs\" width=\"280\" height=\"157\"><\/iframe><\/p>\n","protected":false},"excerpt":{"rendered":"<p>\u00bfQu\u00e9 son los grupos destacados de eTwinning \/ Featured groups? \u00abSi quieres compartir y debatir ideas y experiencias educativas a la vez que aprendes de&hellip;<\/p>\n","protected":false},"author":8182,"featured_media":0,"parent":0,"menu_order":0,"comment_status":"closed","ping_status":"closed","template":"","meta":{"ngg_post_thumbnail":0,"footnotes":""},"aioseo_notices":[],"_links":{"self":[{"href":"https:\/\/blogsaverroes.juntadeandalucia.es\/iesvaetwinning\/wp-json\/wp\/v2\/pages\/948"}],"collection":[{"href":"https:\/\/blogsaverroes.juntadeandalucia.es\/iesvaetwinning\/wp-json\/wp\/v2\/pages"}],"about":[{"href":"https:\/\/blogsaverroes.juntadeandalucia.es\/iesvaetwinning\/wp-json\/wp\/v2\/types\/page"}],"author":[{"embeddable":true,"href":"https:\/\/blogsaverroes.juntadeandalucia.es\/iesvaetwinning\/wp-json\/wp\/v2\/users\/8182"}],"replies":[{"embeddable":true,"href":"https:\/\/blogsaverroes.juntadeandalucia.es\/iesvaetwinning\/wp-json\/wp\/v2\/comments?post=948"}],"version-history":[{"count":22,"href":"https:\/\/blogsaverroes.juntadeandalucia.es\/iesvaetwinning\/wp-json\/wp\/v2\/pages\/948\/revisions"}],"predecessor-version":[{"id":1597,"href":"https:\/\/blogsaverroes.juntadeandalucia.es\/iesvaetwinning\/wp-json\/wp\/v2\/pages\/948\/revisions\/1597"}],"wp:attachment":[{"href":"https:\/\/blogsaverroes.juntadeandalucia.es\/iesvaetwinning\/wp-json\/wp\/v2\/media?parent=948"}],"curies":[{"name":"wp","href":"https:\/\/api.w.org\/{rel}","templated":true}]}}