{"id":972,"date":"2020-04-27T20:15:01","date_gmt":"2020-04-27T18:15:01","guid":{"rendered":"https:\/\/blogsaverroes.juntadeandalucia.es\/iesvaetwinning\/?page_id=972"},"modified":"2021-10-02T19:36:50","modified_gmt":"2021-10-02T17:36:50","slug":"newsroom","status":"publish","type":"page","link":"https:\/\/blogsaverroes.juntadeandalucia.es\/iesvaetwinning\/newsroom\/","title":{"rendered":"eTwinning news"},"content":{"rendered":"<p><span style=\"font-size: 14pt\"><img loading=\"lazy\" decoding=\"async\" class=\"alignnone wp-image-1490\" src=\"https:\/\/blogsaverroes.juntadeandalucia.es\/iesvaetwinning\/files\/2021\/01\/pin-S-e1611246161337.jpg\" alt=\"\" width=\"30\" height=\"44\"> \u00bfQuieres mejorar tu perfil eTwinning?<\/span><\/p>\n<table style=\"border-collapse: collapse;width: 98.6907%;height: 454px\">\n<tbody>\n<tr style=\"height: 454px\">\n<td style=\"width: 100%;height: 454px\"><iframe loading=\"lazy\" title=\"Perfil eTwinning\" width=\"843\" height=\"474\" src=\"https:\/\/www.youtube.com\/embed\/wuyY32so1dk?feature=oembed\" frameborder=\"0\" allow=\"accelerometer; autoplay; clipboard-write; encrypted-media; gyroscope; picture-in-picture\" allowfullscreen><\/iframe><\/td>\n<\/tr>\n<\/tbody>\n<\/table>\n<p><span style=\"font-size: 14pt\"><img loading=\"lazy\" decoding=\"async\" class=\"alignnone wp-image-1490\" src=\"https:\/\/blogsaverroes.juntadeandalucia.es\/iesvaetwinning\/files\/2021\/01\/pin-S-e1611246161337.jpg\" alt=\"\" width=\"30\" height=\"44\"> <a href=\"http:\/\/etwinning.es\/wp-content\/uploads\/2020\/03\/PLANILLA-AUTOEVALUACI%C3%93N.pdf\" target=\"_blank\" rel=\"noopener noreferrer\">PLANILLA nueva r\u00fabrica de evaluaci\u00f3n 1.4.20<\/a><\/span><\/p>\n<p><img loading=\"lazy\" decoding=\"async\" class=\"alignnone wp-image-853 size-medium aligncenter\" src=\"https:\/\/blogsaverroes.juntadeandalucia.es\/iesvaetwinning\/files\/2020\/03\/planilla-300x198.jpg\" alt=\"\" width=\"300\" height=\"198\" srcset=\"https:\/\/blogsaverroes.juntadeandalucia.es\/iesvaetwinning\/files\/2020\/03\/planilla-300x198.jpg 300w, https:\/\/blogsaverroes.juntadeandalucia.es\/iesvaetwinning\/files\/2020\/03\/planilla-768x507.jpg 768w, https:\/\/blogsaverroes.juntadeandalucia.es\/iesvaetwinning\/files\/2020\/03\/planilla-24x16.jpg 24w, https:\/\/blogsaverroes.juntadeandalucia.es\/iesvaetwinning\/files\/2020\/03\/planilla-36x24.jpg 36w, https:\/\/blogsaverroes.juntadeandalucia.es\/iesvaetwinning\/files\/2020\/03\/planilla-48x32.jpg 48w, https:\/\/blogsaverroes.juntadeandalucia.es\/iesvaetwinning\/files\/2020\/03\/planilla.jpg 900w\" sizes=\"(max-width: 300px) 100vw, 300px\" \/><\/p>\n<p><img loading=\"lazy\" decoding=\"async\" class=\"alignnone wp-image-1490\" src=\"https:\/\/blogsaverroes.juntadeandalucia.es\/iesvaetwinning\/files\/2021\/01\/pin-S-e1611246161337.jpg\" alt=\"\" width=\"30\" height=\"44\"> <a href=\"http:\/\/etwinning.es\/en\/identidad-lenguaje-y-cultura-en-etwinning\/\"><span style=\"font-size: 14pt\"><strong>Art\u00edculo identidad, Lenguaje y cultura en eTwinning\u00bb 07\/06\/2021<\/strong><\/span><\/a><\/p>\n<p><img loading=\"lazy\" decoding=\"async\" class=\"alignnone wp-image-1490\" src=\"https:\/\/blogsaverroes.juntadeandalucia.es\/iesvaetwinning\/files\/2021\/01\/pin-S-e1611246161337.jpg\" alt=\"\" width=\"30\" height=\"44\"><strong> <a href=\"http:\/\/etwinning.es\/en\/educacion-no-formal-y-etwinning\/\"><span style=\"font-size: 14pt\">Art\u00edculo \u00abEducaci\u00f3n no formal y eTwinning\u00bb 05.05.2021<\/span><\/a><\/strong><\/p>\n<p><img loading=\"lazy\" decoding=\"async\" class=\"alignnone wp-image-1490\" src=\"https:\/\/blogsaverroes.juntadeandalucia.es\/iesvaetwinning\/files\/2021\/01\/pin-S-e1611246161337.jpg\" alt=\"\" width=\"30\" height=\"44\"> <a href=\"http:\/\/etwinning.es\/es\/proyectos-etwinning-asociacion-escolar-erasmus\/\"><span style=\"font-size: 14pt\">Art\u00edculo \u00abProyectos eTwinning y asociaci\u00f3n escolar Erasmus\u00bb19.1.2021<\/span><\/a><\/p>\n<p><img loading=\"lazy\" decoding=\"async\" class=\"alignnone wp-image-1490\" src=\"https:\/\/blogsaverroes.juntadeandalucia.es\/iesvaetwinning\/files\/2021\/01\/pin-S-e1611246161337.jpg\" alt=\"\" width=\"30\" height=\"44\"><a href=\"http:\/\/etwinning.es\/es\/avanzando-en-etwinning-desde-casa\/\"><span style=\"font-size: 14pt\"> Art\u00edculo \u00abAvanzando en eTwinning desde casa\u00bb 30.04.2020<\/span><\/a><\/p>\n<p><img loading=\"lazy\" decoding=\"async\" class=\"alignnone wp-image-1490\" src=\"https:\/\/blogsaverroes.juntadeandalucia.es\/iesvaetwinning\/files\/2021\/01\/pin-S-e1611246161337.jpg\" alt=\"\" width=\"30\" height=\"44\"> <a href=\"http:\/\/etwinning.es\/es\/la-evaluacion-en-los-proyectos-etwinning-2\/\"><span style=\"font-size: 14pt\">Art\u00edculo \u00abLa evaluaci\u00f3n en los proyectos eTwinning 2\u00bb 29.04.2020<\/span><\/a><\/p>\n<p><span style=\"font-size: 14pt\"> <img loading=\"lazy\" decoding=\"async\" class=\"alignnone wp-image-1490\" src=\"https:\/\/blogsaverroes.juntadeandalucia.es\/iesvaetwinning\/files\/2021\/01\/pin-S-e1611246161337.jpg\" alt=\"\" width=\"30\" height=\"44\"> <a href=\"http:\/\/etwinning.es\/es\/etwinning-celebra-el-dia-del-libro\/\">Art\u00edculo celebraci\u00f3n &#8216;D\u00eda del libro&#8217; 24.04.20<\/a><\/span><\/p>\n<p><span style=\"font-size: 14pt\"><img loading=\"lazy\" decoding=\"async\" class=\"alignnone wp-image-1490\" src=\"https:\/\/blogsaverroes.juntadeandalucia.es\/iesvaetwinning\/files\/2021\/01\/pin-S-e1611246161337.jpg\" alt=\"\" width=\"30\" height=\"44\"> <a href=\"https:\/\/www.etwinning.net\/es\/pub\/newsroom\/highlights\/etwinning-is-happy-to-announc.htm\" target=\"_blank\" rel=\"noopener noreferrer\">Enlace a nuevos kits de proyecto 25.03.20<\/a><\/span><\/p>\n<p><img loading=\"lazy\" decoding=\"async\" class=\"alignnone wp-image-1490\" src=\"https:\/\/blogsaverroes.juntadeandalucia.es\/iesvaetwinning\/files\/2021\/01\/pin-S-e1611246161337.jpg\" alt=\"\" width=\"30\" height=\"44\"><span style=\"font-size: 14pt\"> <a href=\"http:\/\/etwinning.es\/es\/proyectos-etwinning-de-formacion-profesional\/\">Proyectos eTwinning de FP 12.2019<\/a><\/span><\/p>\n<p>&nbsp;<\/p>\n<p>&nbsp;<\/p>\n<p><a href=\"http:\/\/etwinning.es\/es\/como-hacer-el-registro-inscripcion-en-etwinning\/\"><img loading=\"lazy\" decoding=\"async\" class=\"alignnone wp-image-1503 size-medium\" src=\"https:\/\/blogsaverroes.juntadeandalucia.es\/iesvaetwinning\/files\/2021\/01\/registro-300x175.jpg\" alt=\"\" width=\"300\" height=\"175\" srcset=\"https:\/\/blogsaverroes.juntadeandalucia.es\/iesvaetwinning\/files\/2021\/01\/registro-300x175.jpg 300w, https:\/\/blogsaverroes.juntadeandalucia.es\/iesvaetwinning\/files\/2021\/01\/registro-24x14.jpg 24w, https:\/\/blogsaverroes.juntadeandalucia.es\/iesvaetwinning\/files\/2021\/01\/registro-36x21.jpg 36w, https:\/\/blogsaverroes.juntadeandalucia.es\/iesvaetwinning\/files\/2021\/01\/registro-48x28.jpg 48w, https:\/\/blogsaverroes.juntadeandalucia.es\/iesvaetwinning\/files\/2021\/01\/registro.jpg 672w\" sizes=\"(max-width: 300px) 100vw, 300px\" \/><\/a>&nbsp; &nbsp; &nbsp; <a href=\"http:\/\/etwinning.es\/es\/como-hacer-el-registro-inscripcion-en-etwinning\/\"><img loading=\"lazy\" decoding=\"async\" class=\"alignnone wp-image-1498 size-medium\" src=\"https:\/\/blogsaverroes.juntadeandalucia.es\/iesvaetwinning\/files\/2021\/01\/accede-S-152x300.jpg\" alt=\"\" width=\"152\" height=\"300\" srcset=\"https:\/\/blogsaverroes.juntadeandalucia.es\/iesvaetwinning\/files\/2021\/01\/accede-S-152x300.jpg 152w, https:\/\/blogsaverroes.juntadeandalucia.es\/iesvaetwinning\/files\/2021\/01\/accede-S-12x24.jpg 12w, https:\/\/blogsaverroes.juntadeandalucia.es\/iesvaetwinning\/files\/2021\/01\/accede-S-18x36.jpg 18w, https:\/\/blogsaverroes.juntadeandalucia.es\/iesvaetwinning\/files\/2021\/01\/accede-S-24x48.jpg 24w, https:\/\/blogsaverroes.juntadeandalucia.es\/iesvaetwinning\/files\/2021\/01\/accede-S.jpg 400w\" sizes=\"(max-width: 152px) 100vw, 152px\" \/><\/a>&nbsp; &nbsp; &nbsp; &nbsp; &nbsp; &nbsp;<a href=\"https:\/\/www.etwinning.net\/en\/pub\/index.htm\"><img loading=\"lazy\" decoding=\"async\" class=\"alignnone wp-image-1482 size-medium\" src=\"https:\/\/blogsaverroes.juntadeandalucia.es\/iesvaetwinning\/files\/2021\/01\/log-in-300x146.jpg\" alt=\"\" width=\"300\" height=\"146\" srcset=\"https:\/\/blogsaverroes.juntadeandalucia.es\/iesvaetwinning\/files\/2021\/01\/log-in-300x146.jpg 300w, https:\/\/blogsaverroes.juntadeandalucia.es\/iesvaetwinning\/files\/2021\/01\/log-in-24x12.jpg 24w, https:\/\/blogsaverroes.juntadeandalucia.es\/iesvaetwinning\/files\/2021\/01\/log-in-36x18.jpg 36w, https:\/\/blogsaverroes.juntadeandalucia.es\/iesvaetwinning\/files\/2021\/01\/log-in-48x23.jpg 48w, https:\/\/blogsaverroes.juntadeandalucia.es\/iesvaetwinning\/files\/2021\/01\/log-in.jpg 500w\" sizes=\"(max-width: 300px) 100vw, 300px\" \/><\/a><\/p>\n<p style=\"text-align: center\"><span style=\"color: #ff99cc\">&nbsp;<span style=\"font-size: 14pt\"><strong> \u00bfQuieres iniciarte en eTwinning?<\/strong><\/span><\/span><\/p>\n<p style=\"text-align: center\"><span style=\"color: #ff99cc;font-size: 14pt\"><strong> Haz click en Preinscripci\u00f3n o en C\u00f3mo hacer el registro<\/strong><\/span><\/p>\n<p>&nbsp;<\/p>\n","protected":false},"excerpt":{"rendered":"<p>\u00bfQuieres mejorar tu perfil eTwinning? PLANILLA nueva r\u00fabrica de evaluaci\u00f3n 1.4.20 Art\u00edculo identidad, Lenguaje y cultura en eTwinning\u00bb 07\/06\/2021 Art\u00edculo \u00abEducaci\u00f3n no formal y eTwinning\u00bb&hellip;<\/p>\n","protected":false},"author":8182,"featured_media":0,"parent":0,"menu_order":0,"comment_status":"closed","ping_status":"closed","template":"","meta":{"ngg_post_thumbnail":0,"footnotes":""},"aioseo_notices":[],"_links":{"self":[{"href":"https:\/\/blogsaverroes.juntadeandalucia.es\/iesvaetwinning\/wp-json\/wp\/v2\/pages\/972"}],"collection":[{"href":"https:\/\/blogsaverroes.juntadeandalucia.es\/iesvaetwinning\/wp-json\/wp\/v2\/pages"}],"about":[{"href":"https:\/\/blogsaverroes.juntadeandalucia.es\/iesvaetwinning\/wp-json\/wp\/v2\/types\/page"}],"author":[{"embeddable":true,"href":"https:\/\/blogsaverroes.juntadeandalucia.es\/iesvaetwinning\/wp-json\/wp\/v2\/users\/8182"}],"replies":[{"embeddable":true,"href":"https:\/\/blogsaverroes.juntadeandalucia.es\/iesvaetwinning\/wp-json\/wp\/v2\/comments?post=972"}],"version-history":[{"count":29,"href":"https:\/\/blogsaverroes.juntadeandalucia.es\/iesvaetwinning\/wp-json\/wp\/v2\/pages\/972\/revisions"}],"predecessor-version":[{"id":1836,"href":"https:\/\/blogsaverroes.juntadeandalucia.es\/iesvaetwinning\/wp-json\/wp\/v2\/pages\/972\/revisions\/1836"}],"wp:attachment":[{"href":"https:\/\/blogsaverroes.juntadeandalucia.es\/iesvaetwinning\/wp-json\/wp\/v2\/media?parent=972"}],"curies":[{"name":"wp","href":"https:\/\/api.w.org\/{rel}","templated":true}]}}