{"id":1092,"date":"2021-04-17T13:11:56","date_gmt":"2021-04-17T12:11:56","guid":{"rendered":"https:\/\/blogsaverroes.juntadeandalucia.es\/iesvalledelalmanzora\/?page_id=1092"},"modified":"2022-07-19T16:12:23","modified_gmt":"2022-07-19T15:12:23","slug":"certificados","status":"publish","type":"page","link":"https:\/\/blogsaverroes.juntadeandalucia.es\/iesvalledelalmanzora\/certificados\/","title":{"rendered":"Solicitud de certificados acad\u00e9micos"},"content":{"rendered":"<p>Para solicitar un certificado de los estudios realizados en este centro puede enviar un correo electr\u00f3nico a la direcci\u00f3n <strong><span style=\"color: #3366ff\">04001931.edu@juntadeandalucia.es<\/span><\/strong><span style=\"color: #000000\">&nbsp;<span style=\"color: #333333\">o <\/span><\/span><strong><span style=\"color: #3366ff\">&nbsp;valledelalmanzora.ies@iesvalledelalmanzora.es<\/span><\/strong>&nbsp; &nbsp;Tambi\u00e9n puede llamar al <strong><span style=\"color: #0000ff\">950639924 <\/span><\/strong><span style=\"color: #0000ff\"><span style=\"color: #000000\">para solicitar informaci\u00f3n en caso de duda en el procedimiento.<\/span><\/span><\/p>\n<p>En dicho correo debe indicar:<\/p>\n<ol>\n<li>como <strong>Concepto<\/strong> &#8220;<span style=\"color: #ff0000\">certificado del nivel que se solicite<\/span> y<span style=\"color: #ff0000\"> nombre completo<\/span> del o la solicitante&#8221; (por ejemplo: Certificado de estudios de la ESO-D\u00aa Mar\u00eda&#8230;.).<\/li>\n<li>en el <strong>Cuerpo del correo<\/strong> debe incluir una breve descripci\u00f3n de lo que solicita, as\u00ed como una <span style=\"color: #ff0000\">copia v\u00e1lida del DNI<\/span> y un <span style=\"color: #ff0000\">n\u00famero de tel\u00e9fono<\/span> para contactar en caso de que haya alguna duda.<\/li>\n<\/ol>\n<p>El certificado se enviar\u00e1 como respuesta al mismo correo desde el que se solicit\u00f3 su expedici\u00f3n.<\/p>\n<p>Importante: los certificados son firmados digitalmente, por lo que comprobar\u00e1 que en el pie del documento hay un c\u00f3digo de verificaci\u00f3n, y el nombre de las personas que firman dicho documento junto a la fecha y hora de la firma. Por tanto, no ver\u00e1 una firma manual ni un sello del centro, pero el certificado ser\u00e1 igualmente v\u00e1lido.<\/p>\n<p>Se informa que los certificados hay que pedirlos como m\u00ednimo con <strong>48 horas de antelaci\u00f3n<\/strong>. No se garantiza en ning\u00fan momento que se pueda preparar y entregar un certificado en menos tiempo.&nbsp;<\/p>\n<p>Por ello es importante que se planifiquen estas solicitudes para evitar problemas en aquellos casos en los que se requieran dichos certificados. <strong>Dicha planificaci\u00f3n es responsabilidad del solicitante y no del centro.<\/strong><\/p>\n<p>&nbsp;<\/p>\n","protected":false},"excerpt":{"rendered":"<p>Para solicitar un certificado de los estudios realizados en este centro puede enviar un correo electr\u00f3nico a la direcci\u00f3n 04001931.edu@juntadeandalucia.es&nbsp;o &nbsp;valledelalmanzora.ies@iesvalledelalmanzora.es&nbsp; &nbsp;Tambi\u00e9n puede llamar al 950639924 para solicitar informaci\u00f3n en caso de duda en el procedimiento. En dicho correo debe indicar: como Concepto &#8220;certificado del nivel que se solicite y nombre completo del o la [&hellip;]<\/p>\n","protected":false},"author":12871,"featured_media":0,"parent":0,"menu_order":0,"comment_status":"closed","ping_status":"closed","template":"","meta":{"_et_pb_use_builder":"","_et_pb_old_content":"","_et_gb_content_width":"","ngg_post_thumbnail":0,"footnotes":""},"aioseo_notices":[],"_links":{"self":[{"href":"https:\/\/blogsaverroes.juntadeandalucia.es\/iesvalledelalmanzora\/wp-json\/wp\/v2\/pages\/1092"}],"collection":[{"href":"https:\/\/blogsaverroes.juntadeandalucia.es\/iesvalledelalmanzora\/wp-json\/wp\/v2\/pages"}],"about":[{"href":"https:\/\/blogsaverroes.juntadeandalucia.es\/iesvalledelalmanzora\/wp-json\/wp\/v2\/types\/page"}],"author":[{"embeddable":true,"href":"https:\/\/blogsaverroes.juntadeandalucia.es\/iesvalledelalmanzora\/wp-json\/wp\/v2\/users\/12871"}],"replies":[{"embeddable":true,"href":"https:\/\/blogsaverroes.juntadeandalucia.es\/iesvalledelalmanzora\/wp-json\/wp\/v2\/comments?post=1092"}],"version-history":[{"count":4,"href":"https:\/\/blogsaverroes.juntadeandalucia.es\/iesvalledelalmanzora\/wp-json\/wp\/v2\/pages\/1092\/revisions"}],"predecessor-version":[{"id":1821,"href":"https:\/\/blogsaverroes.juntadeandalucia.es\/iesvalledelalmanzora\/wp-json\/wp\/v2\/pages\/1092\/revisions\/1821"}],"wp:attachment":[{"href":"https:\/\/blogsaverroes.juntadeandalucia.es\/iesvalledelalmanzora\/wp-json\/wp\/v2\/media?parent=1092"}],"curies":[{"name":"wp","href":"https:\/\/api.w.org\/{rel}","templated":true}]}}