{"id":2159,"date":"2023-06-21T11:06:38","date_gmt":"2023-06-21T10:06:38","guid":{"rendered":"https:\/\/blogsaverroes.juntadeandalucia.es\/iesvalledelalmanzora\/?page_id=2159"},"modified":"2023-06-21T11:06:38","modified_gmt":"2023-06-21T10:06:38","slug":"solicitud-titulo-bachillerato","status":"publish","type":"page","link":"https:\/\/blogsaverroes.juntadeandalucia.es\/iesvalledelalmanzora\/solicitud-titulo-bachillerato\/","title":{"rendered":"Solicitud T\u00cdTULO Bachillerato"},"content":{"rendered":"<p><span style=\"font-size: 12pt;color: #000000\">El T\u00edtulo de Bachillerato se solicita a trav\u00e9s de la <span style=\"color: #0000ff\">Secretar\u00eda Virtual de los Centros Educativos de la Junta de Andaluc\u00eda<\/span>, en la RUTA:<\/span><\/p>\n<p><span style=\"font-size: 12pt;color: #000000\">SOLICITUDES &#8211; TR\u00c1MITES GENERALES &#8211; Solicitud de Expedici\u00f3n de T\u00edtulos del Alumnado.<\/span><\/p>\n<p><span style=\"font-size: 12pt\"><span style=\"color: #000000\">Para acceder directamente<\/span>&nbsp;<span style=\"text-decoration: underline;color: #0000ff\"><a style=\"color: #0000ff;text-decoration: underline\" title=\"https:\/\/www.juntadeandalucia.es\/educacion\/secretariavirtual\/accesoTramite\/302\/\" href=\"https:\/\/www.juntadeandalucia.es\/educacion\/secretariavirtual\/accesoTramite\/302\/\" target=\"_blank\" rel=\"noopener noreferrer\">PINCHA AQU\u00cd<\/a><\/span><\/span><\/p>\n<p><span style=\"font-size: 12pt;color: #000000\">Se puede acceder al tr\u00e1mite mediante Clave i-ANDE (<span style=\"text-decoration: underline;color: #0000ff\"><a style=\"color: #0000ff;text-decoration: underline\" href=\"https:\/\/blogsaverroes.juntadeandalucia.es\/iesvalledelalmanzora\/clave-iande\/\" target=\"_blank\" rel=\"noopener noreferrer\">C\u00f3mo obtener la clave i-ANDE<\/a><\/span>), Autenticaci\u00f3n CLAVE o Certificado Digital.<\/span><\/p>\n<p><span style=\"color: #000000;font-size: 12pt\">IMPORTANTE:<\/span><\/p>\n<ol>\n<li><span style=\"font-size: 12pt;color: #000000\">En Centro Docente indicar aquel en el que finaliz\u00f3 los estudios. Para alumnado de nuestro centro: IES Valle del Almanzora (Cantoria). C\u00f3digo 04001931.<\/span><\/li>\n<li><span style=\"color: #000000;font-size: 12pt\">Disponer de tarjeta de D\u00e9bito\/Cr\u00e9dito activa y disponible para el pago del modelo de tasas 046.<\/span><\/li>\n<li><span style=\"font-size: 12pt;color: #000000\">Firmar la Solicitud.<\/span><\/li>\n<li><span style=\"font-size: 12pt;color: #000000\">Descargar y conservar los justificantes correspondientes (Solicitud y modelo 046), que sustituyen temporalmente al T\u00edtulo como tal (tiempo estimado de expedici\u00f3n 2 a\u00f1os aproximadamente) para aquellos tr\u00e1mites en los que sea requerido.<\/span><\/li>\n<\/ol>\n","protected":false},"excerpt":{"rendered":"<p>El T\u00edtulo de Bachillerato se solicita a trav\u00e9s de la Secretar\u00eda Virtual de los Centros Educativos de la Junta de Andaluc\u00eda, en la RUTA: SOLICITUDES &#8211; TR\u00c1MITES GENERALES &#8211; Solicitud de Expedici\u00f3n de T\u00edtulos del Alumnado. Para acceder directamente&nbsp;PINCHA AQU\u00cd Se puede acceder al tr\u00e1mite mediante Clave i-ANDE (C\u00f3mo obtener la clave i-ANDE), Autenticaci\u00f3n CLAVE [&hellip;]<\/p>\n","protected":false},"author":12871,"featured_media":0,"parent":0,"menu_order":0,"comment_status":"closed","ping_status":"closed","template":"","meta":{"_et_pb_use_builder":"","_et_pb_old_content":"","_et_gb_content_width":"","ngg_post_thumbnail":0,"footnotes":""},"aioseo_notices":[],"_links":{"self":[{"href":"https:\/\/blogsaverroes.juntadeandalucia.es\/iesvalledelalmanzora\/wp-json\/wp\/v2\/pages\/2159"}],"collection":[{"href":"https:\/\/blogsaverroes.juntadeandalucia.es\/iesvalledelalmanzora\/wp-json\/wp\/v2\/pages"}],"about":[{"href":"https:\/\/blogsaverroes.juntadeandalucia.es\/iesvalledelalmanzora\/wp-json\/wp\/v2\/types\/page"}],"author":[{"embeddable":true,"href":"https:\/\/blogsaverroes.juntadeandalucia.es\/iesvalledelalmanzora\/wp-json\/wp\/v2\/users\/12871"}],"replies":[{"embeddable":true,"href":"https:\/\/blogsaverroes.juntadeandalucia.es\/iesvalledelalmanzora\/wp-json\/wp\/v2\/comments?post=2159"}],"version-history":[{"count":2,"href":"https:\/\/blogsaverroes.juntadeandalucia.es\/iesvalledelalmanzora\/wp-json\/wp\/v2\/pages\/2159\/revisions"}],"predecessor-version":[{"id":2162,"href":"https:\/\/blogsaverroes.juntadeandalucia.es\/iesvalledelalmanzora\/wp-json\/wp\/v2\/pages\/2159\/revisions\/2162"}],"wp:attachment":[{"href":"https:\/\/blogsaverroes.juntadeandalucia.es\/iesvalledelalmanzora\/wp-json\/wp\/v2\/media?parent=2159"}],"curies":[{"name":"wp","href":"https:\/\/api.w.org\/{rel}","templated":true}]}}