{"id":2266,"date":"2024-07-05T08:16:23","date_gmt":"2024-07-05T07:16:23","guid":{"rendered":"https:\/\/blogsaverroes.juntadeandalucia.es\/iesvalledelalmanzora\/?page_id=2266"},"modified":"2024-07-07T11:29:34","modified_gmt":"2024-07-07T10:29:34","slug":"cursos-de-profesorado-en-corfu","status":"publish","type":"page","link":"https:\/\/blogsaverroes.juntadeandalucia.es\/iesvalledelalmanzora\/cursos-de-profesorado-en-corfu\/","title":{"rendered":"Cursos de Profesorado en CORF\u00da"},"content":{"rendered":"<p>El programa Erasmus+ contaba este curso 23-24 con un movilidad destinada a la formaci\u00f3n de dos profesores\/as en alg\u00fan \u00e1mbito relacionado con la mediaci\u00f3n escolar.<\/p>\n<p>Siguiendo estas lineas, dos profesoras viajaron a Corf\u00fa (Grecia) del 3 al 8 de junio para realizar una formaci\u00f3n en Mindfulness para su aplicaci\u00f3n en el aula, cuyos objetivos principales eran los siguientes:<\/p>\n<ol>\n<li><strong>Adquisici\u00f3n de mayor autoconocimiento<\/strong> Desarrollar una comprensi\u00f3n m\u00e1s profunda de los propios pensamientos, emociones y comportamientos a trav\u00e9s de ejercicios espec\u00edficos. Mejorar la adaptabilidad y resiliencia para enfrentar desaf\u00edos personales y profesionales con mayor efectividad.<\/li>\n<li><strong>Mejora de las habilidades interpersonales<\/strong> Fomentar mejores relaciones con los dem\u00e1s practicando la empat\u00eda, la escucha activa y la comunicaci\u00f3n efectiva. Mejorar significativamente las habilidades de comunicaci\u00f3n y la inteligencia emocional, contribuyendo a un entorno laboral m\u00e1s colaborativo y comprensivo.<\/li>\n<li><strong>Implementaci\u00f3n pr\u00e1ctica y construcci\u00f3n de comunidad<\/strong> Explorar diversas iniciativas de bienestar en la educaci\u00f3n mediante discusiones colaborativas. Aplicar pr\u00e1cticas de atenci\u00f3n plena en la vida diaria y promover una cultura de bienestar en las respectivas comunidades educativas.<\/li>\n<li><strong>Aceptaci\u00f3n de la Diversidad \u2013 Sensibilidad Cultural<\/strong> Apreciar y celebrar la diversidad de perspectivas, culturas y or\u00edgenes mediante actividades interactivas y discusiones. Fomentar un entorno m\u00e1s inclusivo y aceptante, mejorando la competencia cultural y la inclusi\u00f3n en el entorno educativo.<\/li>\n<li><strong>Ense\u00f1anza y Aprendizaje Conscientes<\/strong> Adquirir habilidades para implementar la atenci\u00f3n plena en el aula, mejorando la calidad de la ense\u00f1anza y el aprendizaje en todas las disciplinas. Beneficiar tanto a los estudiantes como a los docentes con pr\u00e1cticas de mindfulness.<\/li>\n<\/ol>\n<p>La participaci\u00f3n en este curso de formaci\u00f3n result\u00f3 sumamente enriquecedora. Estos intercambios promueven el aprendizaje constante y el desarrollo profesional, facilitando la implementaci\u00f3n de m\u00e9todos innovadores en nuestras clases y el perfeccionamiento de nuestra labor educativa.<\/p>\n","protected":false},"excerpt":{"rendered":"<p>El programa Erasmus+ contaba este curso 23-24 con un movilidad destinada a la formaci\u00f3n de dos profesores\/as en alg\u00fan \u00e1mbito relacionado con la mediaci\u00f3n escolar. Siguiendo estas lineas, dos profesoras viajaron a Corf\u00fa (Grecia) del 3 al 8 de junio para realizar una formaci\u00f3n en Mindfulness para su aplicaci\u00f3n en el aula, cuyos objetivos principales [&hellip;]<\/p>\n","protected":false},"author":12871,"featured_media":0,"parent":0,"menu_order":0,"comment_status":"closed","ping_status":"closed","template":"","meta":{"_et_pb_use_builder":"","_et_pb_old_content":"","_et_gb_content_width":"","ngg_post_thumbnail":0,"footnotes":""},"aioseo_notices":[],"_links":{"self":[{"href":"https:\/\/blogsaverroes.juntadeandalucia.es\/iesvalledelalmanzora\/wp-json\/wp\/v2\/pages\/2266"}],"collection":[{"href":"https:\/\/blogsaverroes.juntadeandalucia.es\/iesvalledelalmanzora\/wp-json\/wp\/v2\/pages"}],"about":[{"href":"https:\/\/blogsaverroes.juntadeandalucia.es\/iesvalledelalmanzora\/wp-json\/wp\/v2\/types\/page"}],"author":[{"embeddable":true,"href":"https:\/\/blogsaverroes.juntadeandalucia.es\/iesvalledelalmanzora\/wp-json\/wp\/v2\/users\/12871"}],"replies":[{"embeddable":true,"href":"https:\/\/blogsaverroes.juntadeandalucia.es\/iesvalledelalmanzora\/wp-json\/wp\/v2\/comments?post=2266"}],"version-history":[{"count":3,"href":"https:\/\/blogsaverroes.juntadeandalucia.es\/iesvalledelalmanzora\/wp-json\/wp\/v2\/pages\/2266\/revisions"}],"predecessor-version":[{"id":2290,"href":"https:\/\/blogsaverroes.juntadeandalucia.es\/iesvalledelalmanzora\/wp-json\/wp\/v2\/pages\/2266\/revisions\/2290"}],"wp:attachment":[{"href":"https:\/\/blogsaverroes.juntadeandalucia.es\/iesvalledelalmanzora\/wp-json\/wp\/v2\/media?parent=2266"}],"curies":[{"name":"wp","href":"https:\/\/api.w.org\/{rel}","templated":true}]}}