{"id":2362,"date":"2025-05-29T13:12:31","date_gmt":"2025-05-29T12:12:31","guid":{"rendered":"https:\/\/blogsaverroes.juntadeandalucia.es\/iesvalledelalmanzora\/?page_id=2362"},"modified":"2025-05-29T13:16:58","modified_gmt":"2025-05-29T12:16:58","slug":"formacion-en-centros-24-25","status":"publish","type":"page","link":"https:\/\/blogsaverroes.juntadeandalucia.es\/iesvalledelalmanzora\/formacion-en-centros-24-25\/","title":{"rendered":"Formaci\u00f3n Profesorado. 24-25"},"content":{"rendered":"<p><span style=\"color: #003366\"><strong><span style=\"font-size: 14pt\"><img loading=\"lazy\" decoding=\"async\" class=\"aligncenter wp-image-34\" src=\"https:\/\/blogsaverroes.juntadeandalucia.es\/iesvalledelalmanzora\/files\/2020\/01\/jess-watters-483666-unsplash.jpg\" alt=\"\" width=\"476\" height=\"258\"><\/span><\/strong><\/span><\/p>\n<p>&nbsp;<\/p>\n<p><span style=\"color: #003366\"><strong><span style=\"font-size: 14pt\">FORMACI\u00d3N EN CENTROS 24-25: <\/span><\/strong><\/span><\/p>\n<p><em><span style=\"color: #0000ff;font-size: 14pt\">EVALUACI\u00d3N COMPETENCIAL Y CRITERIAL DEL ALUMNADO A TRAV\u00c9S DEL CUADERNO DEL PROFESOR\/A DE&nbsp;S\u00c9NECA<\/span><\/em><\/p>\n<p><a href=\"https:\/\/drive.google.com\/drive\/folders\/1DIzbhhgdsX7cjuQkAImVSKvIIBxKqV3b?usp=sharing\" target=\"_blank\" rel=\"noopener\"><span style=\"color: #3366ff\"><span style=\"font-size: 16px\"><u>Acceso a material 24-25<\/u><\/span><\/span><\/a><\/p>\n<p>&nbsp;<\/p>\n<p>&nbsp;<\/p>\n","protected":false},"excerpt":{"rendered":"<p>&nbsp; FORMACI\u00d3N EN CENTROS 24-25: EVALUACI\u00d3N COMPETENCIAL Y CRITERIAL DEL ALUMNADO A TRAV\u00c9S DEL CUADERNO DEL PROFESOR\/A DE&nbsp;S\u00c9NECA Acceso a material 24-25 &nbsp; &nbsp;<\/p>\n","protected":false},"author":12871,"featured_media":0,"parent":0,"menu_order":0,"comment_status":"closed","ping_status":"closed","template":"","meta":{"_et_pb_use_builder":"","_et_pb_old_content":"","_et_gb_content_width":"","ngg_post_thumbnail":0,"footnotes":""},"aioseo_notices":[],"_links":{"self":[{"href":"https:\/\/blogsaverroes.juntadeandalucia.es\/iesvalledelalmanzora\/wp-json\/wp\/v2\/pages\/2362"}],"collection":[{"href":"https:\/\/blogsaverroes.juntadeandalucia.es\/iesvalledelalmanzora\/wp-json\/wp\/v2\/pages"}],"about":[{"href":"https:\/\/blogsaverroes.juntadeandalucia.es\/iesvalledelalmanzora\/wp-json\/wp\/v2\/types\/page"}],"author":[{"embeddable":true,"href":"https:\/\/blogsaverroes.juntadeandalucia.es\/iesvalledelalmanzora\/wp-json\/wp\/v2\/users\/12871"}],"replies":[{"embeddable":true,"href":"https:\/\/blogsaverroes.juntadeandalucia.es\/iesvalledelalmanzora\/wp-json\/wp\/v2\/comments?post=2362"}],"version-history":[{"count":2,"href":"https:\/\/blogsaverroes.juntadeandalucia.es\/iesvalledelalmanzora\/wp-json\/wp\/v2\/pages\/2362\/revisions"}],"predecessor-version":[{"id":2369,"href":"https:\/\/blogsaverroes.juntadeandalucia.es\/iesvalledelalmanzora\/wp-json\/wp\/v2\/pages\/2362\/revisions\/2369"}],"wp:attachment":[{"href":"https:\/\/blogsaverroes.juntadeandalucia.es\/iesvalledelalmanzora\/wp-json\/wp\/v2\/media?parent=2362"}],"curies":[{"name":"wp","href":"https:\/\/api.w.org\/{rel}","templated":true}]}}