{"id":824,"date":"2020-12-18T08:31:23","date_gmt":"2020-12-18T07:31:23","guid":{"rendered":"https:\/\/blogsaverroes.juntadeandalucia.es\/pre\/plantilla-pencil\/?page_id=817"},"modified":"2021-09-08T09:51:33","modified_gmt":"2021-09-08T08:51:33","slug":"2eso","status":"publish","type":"page","link":"https:\/\/blogsaverroes.juntadeandalucia.es\/iesvalledelalmanzora\/2eso\/","title":{"rendered":"2\u00ba de ESO"},"content":{"rendered":"<p>[et_pb_section fb_built=&#8221;1&#8243; _builder_version=&#8221;3.23.3&#8243; custom_padding=&#8221;0px||0px|&#8221; z_index_tablet=&#8221;500&#8243; box_shadow_horizontal_tablet=&#8221;0px&#8221; box_shadow_vertical_tablet=&#8221;0px&#8221; box_shadow_blur_tablet=&#8221;40px&#8221; box_shadow_spread_tablet=&#8221;0px&#8221;][et_pb_row _builder_version=&#8221;3.25&#8243; background_size=&#8221;initial&#8221; background_position=&#8221;top_left&#8221; background_repeat=&#8221;repeat&#8221;][et_pb_column type=&#8221;4_4&#8243; _builder_version=&#8221;3.25&#8243; custom_padding=&#8221;|||&#8221; custom_padding__hover=&#8221;|||&#8221;][et_pb_image src=&#8221;https:\/\/blogsaverroes.juntadeandalucia.es\/iesvalledelalmanzora\/files\/2021\/04\/Banner-2ESO.jpg&#8221; title_text=&#8221;Banner 2ESO&#8221; admin_label=&#8221;Imagen de la portada&#8221; _builder_version=&#8221;4.5.0&#8243; z_index_tablet=&#8221;500&#8243; box_shadow_horizontal_tablet=&#8221;0px&#8221; box_shadow_vertical_tablet=&#8221;0px&#8221; box_shadow_blur_tablet=&#8221;40px&#8221; box_shadow_spread_tablet=&#8221;0px&#8221;][\/et_pb_image][et_pb_text admin_label=&#8221;Texto descriptivo&#8221; _builder_version=&#8221;4.5.0&#8243; hover_enabled=&#8221;0&#8243; z_index_tablet=&#8221;500&#8243; text_text_shadow_horizontal_length_tablet=&#8221;0px&#8221; text_text_shadow_vertical_length_tablet=&#8221;0px&#8221; text_text_shadow_blur_strength_tablet=&#8221;1px&#8221; link_text_shadow_horizontal_length_tablet=&#8221;0px&#8221; link_text_shadow_vertical_length_tablet=&#8221;0px&#8221; link_text_shadow_blur_strength_tablet=&#8221;1px&#8221; ul_text_shadow_horizontal_length_tablet=&#8221;0px&#8221; ul_text_shadow_vertical_length_tablet=&#8221;0px&#8221; ul_text_shadow_blur_strength_tablet=&#8221;1px&#8221; ol_text_shadow_horizontal_length_tablet=&#8221;0px&#8221; ol_text_shadow_vertical_length_tablet=&#8221;0px&#8221; ol_text_shadow_blur_strength_tablet=&#8221;1px&#8221; quote_text_shadow_horizontal_length_tablet=&#8221;0px&#8221; quote_text_shadow_vertical_length_tablet=&#8221;0px&#8221; quote_text_shadow_blur_strength_tablet=&#8221;1px&#8221; header_text_shadow_horizontal_length_tablet=&#8221;0px&#8221; header_text_shadow_vertical_length_tablet=&#8221;0px&#8221; header_text_shadow_blur_strength_tablet=&#8221;1px&#8221; header_2_text_shadow_horizontal_length_tablet=&#8221;0px&#8221; header_2_text_shadow_vertical_length_tablet=&#8221;0px&#8221; header_2_text_shadow_blur_strength_tablet=&#8221;1px&#8221; header_3_text_shadow_horizontal_length_tablet=&#8221;0px&#8221; header_3_text_shadow_vertical_length_tablet=&#8221;0px&#8221; header_3_text_shadow_blur_strength_tablet=&#8221;1px&#8221; header_4_text_shadow_horizontal_length_tablet=&#8221;0px&#8221; header_4_text_shadow_vertical_length_tablet=&#8221;0px&#8221; header_4_text_shadow_blur_strength_tablet=&#8221;1px&#8221; header_5_text_shadow_horizontal_length_tablet=&#8221;0px&#8221; header_5_text_shadow_vertical_length_tablet=&#8221;0px&#8221; header_5_text_shadow_blur_strength_tablet=&#8221;1px&#8221; header_6_text_shadow_horizontal_length_tablet=&#8221;0px&#8221; header_6_text_shadow_vertical_length_tablet=&#8221;0px&#8221; header_6_text_shadow_blur_strength_tablet=&#8221;1px&#8221; box_shadow_horizontal_tablet=&#8221;0px&#8221; box_shadow_vertical_tablet=&#8221;0px&#8221; box_shadow_blur_tablet=&#8221;40px&#8221; box_shadow_spread_tablet=&#8221;0px&#8221;]<\/p>\n<h2>2\u00ba de ESO<\/h2>\n<p>Los libros de texto est\u00e1n recogidos dentro del <a href=\"https:\/\/www.google.com\/url?sa=t&amp;rct=j&amp;q=&amp;esrc=s&amp;source=web&amp;cd=&amp;ved=2ahUKEwiCuOzKiIrwAhVGSRUIHXJmAPEQFjAAegQIBBAD&amp;url=https%3A%2F%2Fwww.juntadeandalucia.es%2Feducacion%2Fportals%2Fdelegate%2Fcontent%2F9ca44401-927e-484a-9c2e-a29542cc81d8%2FInstrucciones%2520gratuidad_20-21&amp;usg=AOvVaw3PLPooRrTipzTene-SHjXn\">Programa de Gratuidad de Libros de Texto<\/a>. Las familias deber\u00e1n descargar el cheque-libro del punto de recogida electr\u00f3nica en iPasen y gestionarlo en el establecimiento que de su elecci\u00f3n.<\/p>\n<p>Materias y libros asignados a cada una de ellas (las materias sin libro asignado utilizan otros materiales o libros fuera del PGLT):<\/p>\n<table style=\"width: 135.779%;height: 253px\" width=\"1211\">\n<tbody>\n<tr style=\"height: 23px\">\n<td style=\"height: 23px;width: 17.3986%\" width=\"196\">Materia<\/td>\n<td style=\"height: 23px;width: 11.2676%\" width=\"127\">EAN<\/td>\n<td style=\"height: 23px;width: 20.5468%\" width=\"280\">Editorial<\/td>\n<td style=\"height: 23px;width: 40.0166%\" width=\"490\">T\u00edtulo<\/td>\n<td style=\"height: 23px;width: 9.6106%\" width=\"118\">A\u00f1o de Impl.<\/td>\n<\/tr>\n<tr>\n<td style=\"width: 17.3986%\">F\u00edsica y Qu\u00edmica<\/td>\n<td style=\"width: 11.2676%\">&nbsp;<\/td>\n<td style=\"width: 20.5468%\"><span class=\"texto-SNC \">&nbsp;<\/span><\/td>\n<td style=\"width: 40.0166%\"><span class=\"texto-SNC \">&nbsp;<\/span><\/td>\n<td style=\"width: 9.6106%\">&nbsp;<\/td>\n<\/tr>\n<tr style=\"height: 23px\">\n<td style=\"height: 23px;width: 17.3986%\" width=\"196\">Geograf\u00eda e Historia<\/td>\n<td style=\"height: 23px;width: 11.2676%\" width=\"127\">9788468278056<\/td>\n<td style=\"height: 23px;width: 20.5468%\" width=\"280\">Editorial Vicens Vives S.A.<\/td>\n<td style=\"height: 23px;width: 40.0166%\" width=\"490\">Geograf\u00eda e Historia.2\u00ba ESO.GH 2 Andaluc\u00eda en Red.<\/td>\n<td style=\"width: 9.6106%\">2021<\/td>\n<\/tr>\n<tr style=\"height: 46px\">\n<td style=\"height: 46px;width: 17.3986%\" width=\"196\">Lengua Castellana y Literatura<\/td>\n<td style=\"height: 46px;width: 11.2676%\" width=\"127\">9788415721727<\/td>\n<td style=\"height: 46px;width: 20.5468%\" width=\"280\">Sansy Ediciones Sl<\/td>\n<td style=\"height: 46px;width: 40.0166%\" width=\"490\">Lengua castellana y Literatura. 2\u00ba ESO. Lengua castellana y Literatura 2\u00ba ESO Proyecto Icaria.<\/td>\n<td style=\"height: 46px;width: 9.6106%\" width=\"118\">2021<\/td>\n<\/tr>\n<tr style=\"height: 46px\">\n<td style=\"height: 46px;width: 17.3986%\" width=\"196\">Matem\u00e1ticas<\/td>\n<td style=\"height: 46px;width: 11.2676%\" width=\"127\">9788413189994<\/td>\n<td style=\"height: 46px;width: 20.5468%\" width=\"280\"><span class=\"texto-SNC \">Ediciones SM, S.A.<\/span><\/td>\n<td style=\"height: 46px;width: 40.0166%\" width=\"490\"><span class=\"texto-SNC \">Matem\u00e1ticas.2\u00ba&nbsp;ESO.Matem\u00e1ticas.2\u00ba&nbsp;ESO.Savia<br \/>Nueva&nbsp;Generaci\u00f3n.Andaluc\u00eda.<\/span><\/td>\n<td style=\"height: 46px;width: 9.6106%\" width=\"118\">2021<\/td>\n<\/tr>\n<tr style=\"height: 23px\">\n<td style=\"height: 23px;width: 17.3986%\" width=\"196\">Ingl\u00e9s<\/td>\n<td style=\"height: 23px;width: 11.2676%\" width=\"127\">9789925304851<\/td>\n<td style=\"height: 23px;width: 20.5468%\" width=\"280\">Burlington Books, S.A.<\/td>\n<td style=\"height: 23px;width: 40.0166%\" width=\"490\">Ingl\u00e9s.2\u00ba ESO.Network 2\u00ba ESO Andalusia.<\/td>\n<td style=\"height: 46px;width: 9.6106%\" width=\"118\">2021<\/td>\n<\/tr>\n<tr>\n<td style=\"width: 17.3986%\">Educaci\u00f3n F\u00edsica<\/td>\n<td style=\"width: 11.2676%\">&nbsp;<\/td>\n<td style=\"width: 20.5468%\">&nbsp;<\/td>\n<td style=\"width: 40.0166%\">&nbsp;<\/td>\n<td style=\"width: 9.6106%\">&nbsp;<\/td>\n<\/tr>\n<tr style=\"height: 46px\">\n<td style=\"height: 46px;width: 17.3986%\" width=\"196\">Educaci\u00f3n Pl\u00e1stica, Visual y Audiovisual<\/td>\n<td style=\"height: 46px;width: 11.2676%\" width=\"127\">&nbsp;<\/td>\n<td style=\"height: 46px;width: 20.5468%\" width=\"280\">&nbsp;<\/td>\n<td style=\"height: 46px;width: 40.0166%\" width=\"490\">&nbsp;<\/td>\n<td style=\"height: 46px;width: 9.6106%\" width=\"118\">&nbsp;<\/td>\n<\/tr>\n<tr style=\"height: 46px\">\n<td style=\"height: 46px;width: 17.3986%\" width=\"196\">M\u00fasica<\/td>\n<td style=\"height: 46px;width: 11.2676%\" width=\"127\">9788448625047<\/td>\n<td style=\"height: 46px;width: 20.5468%\" width=\"280\">Mcgraw-Hill Interamericana De Espa\u00f1a, Sau<\/td>\n<td style=\"height: 46px;width: 40.0166%\" width=\"490\">M\u00fasica. 2\u00ba, 3\u00ba y 4\u00ba ESO. M\u00fasica clave B ESO Andaluc\u00eda<\/td>\n<td style=\"height: 46px;width: 9.6106%\" width=\"118\">2021<\/td>\n<\/tr>\n<tr style=\"height: 23px\">\n<td style=\"height: 23px;width: 17.3986%\" width=\"196\">Religi\u00f3n Cat\u00f3lica<\/td>\n<td style=\"height: 23px;width: 11.2676%\" width=\"127\">9788413184616<\/td>\n<td style=\"height: 23px;width: 20.5468%\" width=\"280\">Ediciones SM, S.A.<\/td>\n<td style=\"height: 23px;width: 40.0166%\" width=\"490\">Religi\u00f3n Cat\u00f3lica, 2\u00aa ESO.Religi\u00f3n Cat\u00f3lica. 2\u00ba ESO.Silo\u00e9.Andaluc\u00eda.<\/td>\n<td style=\"height: 23px;width: 9.6106%\" width=\"118\">2021<\/td>\n<\/tr>\n<tr style=\"height: 23px\">\n<td style=\"height: 23px;width: 17.3986%\" width=\"196\">Valores \u00c9ticos<\/td>\n<td style=\"height: 23px;width: 11.2676%\" width=\"127\">&nbsp;<\/td>\n<td style=\"height: 23px;width: 20.5468%\" width=\"280\">&nbsp;<\/td>\n<td style=\"height: 23px;width: 40.0166%\" width=\"490\">&nbsp;<\/td>\n<td style=\"height: 23px;width: 9.6106%\" width=\"118\">&nbsp;<\/td>\n<\/tr>\n<tr style=\"height: 23px\">\n<td style=\"height: 23px;width: 17.3986%\" width=\"196\">Tecnolog\u00eda<\/td>\n<td style=\"height: 23px;width: 11.2676%\" width=\"127\">9788491327240<\/td>\n<td style=\"height: 23px;width: 20.5468%\" width=\"280\">Santillana Grazalema, S.L.<\/td>\n<td style=\"height: 23px;width: 40.0166%\" width=\"490\">Tecnolog\u00eda.2\u00ba ESO.Tecnolog\u00eda Inventa 2 Saber Hacer Contigo.<\/td>\n<td style=\"height: 23px;width: 9.6106%\" width=\"118\">2021<\/td>\n<\/tr>\n<tr>\n<td style=\"width: 17.3986%\">Cambios Sociales y de G\u00e9nero<\/td>\n<td style=\"width: 11.2676%\">&nbsp;<\/td>\n<td style=\"width: 20.5468%\">&nbsp;<\/td>\n<td style=\"width: 40.0166%\">&nbsp;<\/td>\n<td style=\"width: 9.6106%\">&nbsp;<\/td>\n<\/tr>\n<tr>\n<td style=\"width: 17.3986%\">Computaci\u00f3n y Rob\u00f3tica<\/td>\n<td style=\"width: 11.2676%\">&nbsp;<\/td>\n<td style=\"width: 20.5468%\">&nbsp;<\/td>\n<td style=\"width: 40.0166%\">&nbsp;<\/td>\n<td style=\"width: 9.6106%\">&nbsp;<\/td>\n<\/tr>\n<tr>\n<td style=\"width: 17.3986%\">Franc\u00e9s<\/td>\n<td style=\"width: 11.2676%\">&nbsp;<\/td>\n<td style=\"width: 20.5468%\">&nbsp;<\/td>\n<td style=\"width: 40.0166%\">&nbsp;<\/td>\n<td style=\"width: 9.6106%\">&nbsp;<\/td>\n<\/tr>\n<\/tbody>\n<\/table>\n<p>[\/et_pb_text][\/et_pb_column][\/et_pb_row][\/et_pb_section]<\/p>\n","protected":false},"excerpt":{"rendered":"<p>2\u00ba de ESO Los libros de texto est\u00e1n recogidos dentro del Programa de Gratuidad de Libros de Texto. Las familias deber\u00e1n descargar el cheque-libro del punto de recogida electr\u00f3nica en iPasen y gestionarlo en el establecimiento que de su elecci\u00f3n. Materias y libros asignados a cada una de ellas (las materias sin libro asignado utilizan [&hellip;]<\/p>\n","protected":false},"author":7051,"featured_media":0,"parent":0,"menu_order":0,"comment_status":"closed","ping_status":"closed","template":"","meta":{"_et_pb_use_builder":"on","_et_pb_old_content":"","_et_gb_content_width":"","ngg_post_thumbnail":0,"footnotes":""},"aioseo_notices":[],"_links":{"self":[{"href":"https:\/\/blogsaverroes.juntadeandalucia.es\/iesvalledelalmanzora\/wp-json\/wp\/v2\/pages\/824"}],"collection":[{"href":"https:\/\/blogsaverroes.juntadeandalucia.es\/iesvalledelalmanzora\/wp-json\/wp\/v2\/pages"}],"about":[{"href":"https:\/\/blogsaverroes.juntadeandalucia.es\/iesvalledelalmanzora\/wp-json\/wp\/v2\/types\/page"}],"author":[{"embeddable":true,"href":"https:\/\/blogsaverroes.juntadeandalucia.es\/iesvalledelalmanzora\/wp-json\/wp\/v2\/users\/7051"}],"replies":[{"embeddable":true,"href":"https:\/\/blogsaverroes.juntadeandalucia.es\/iesvalledelalmanzora\/wp-json\/wp\/v2\/comments?post=824"}],"version-history":[{"count":8,"href":"https:\/\/blogsaverroes.juntadeandalucia.es\/iesvalledelalmanzora\/wp-json\/wp\/v2\/pages\/824\/revisions"}],"predecessor-version":[{"id":1539,"href":"https:\/\/blogsaverroes.juntadeandalucia.es\/iesvalledelalmanzora\/wp-json\/wp\/v2\/pages\/824\/revisions\/1539"}],"wp:attachment":[{"href":"https:\/\/blogsaverroes.juntadeandalucia.es\/iesvalledelalmanzora\/wp-json\/wp\/v2\/media?parent=824"}],"curies":[{"name":"wp","href":"https:\/\/api.w.org\/{rel}","templated":true}]}}