{"id":44,"date":"2015-03-13T08:42:15","date_gmt":"2015-03-13T08:42:15","guid":{"rendered":"http:\/\/blogsaverroes.juntadeandalucia.es\/pre\/ceip\/?page_id=44"},"modified":"2022-03-20T08:21:12","modified_gmt":"2022-03-20T08:21:12","slug":"planes-y-proyectos","status":"publish","type":"page","link":"https:\/\/blogsaverroes.juntadeandalucia.es\/iesvalledelgenal\/planes-y-proyectos\/","title":{"rendered":"Planes y Programas"},"content":{"rendered":"<p>Cada centro personaliza y adapta su Proyecto Educativo adheri\u00e9ndose a diferentes <strong>Planes y <\/strong><strong>Programas<\/strong> promovidos desde la Consejer\u00eda de Educaci\u00f3n, Cultura y Deporte. Estos planes y programas son herramientas de innovaci\u00f3n que favorecen el cambio educativo, con la incorporaci\u00f3n de metodolog\u00edas activas y participativas, apostando por nuevas formas de trabajo y organizaci\u00f3n que dan respuestas a los procesos de cambio que vivimos continuamente.<\/p>\n<p>A continuaci\u00f3n se muestran los Planes y Programas que ese est\u00e1n desarrollando en el centro durante el curso 2021-2022:<\/p>\n<table style=\"height: 248px;width: 100%;border-collapse: collapse;border-style: hidden\">\n<tbody>\n<tr style=\"height: 62px\">\n<td style=\"width: 50%;height: 62px\">\n<table style=\"border-collapse: collapse;width: 89.3884%;height: 26px\">\n<tbody>\n<tr>\n<td style=\"width: 100%;background-color: #f59f9f;border-color: #f59f9f\" scope=\"row\"><a href=\"https:\/\/drive.google.com\/drive\/folders\/1CQ1T0RZIelcfRBVrd6EX5-7XAy5-M8A9?usp=sharing\"><strong>Plan de Actuaci\u00f3n Digital. TDE<\/strong><\/a><\/td>\n<\/tr>\n<\/tbody>\n<\/table>\n<\/td>\n<td style=\"width: 50%;height: 62px;border-style: hidden\">\n<table style=\"border-collapse: collapse;width: 83.9138%\">\n<tbody>\n<tr>\n<td style=\"width: 100%;border-color: #f59f9f;background-color: #f59f9f;border-style: hidden\"><a href=\"https:\/\/drive.google.com\/file\/d\/1qx4j1kGQGaDfDnwLslk2dN65z_3t8rTq\/view?usp=sharing\"><strong>Programa \u00abEscuela Espacio de Paz\u00bb <\/strong><\/a><\/td>\n<\/tr>\n<\/tbody>\n<\/table>\n<\/td>\n<\/tr>\n<tr style=\"height: 62px\">\n<td style=\"width: 50%;height: 62px;border-style: hidden\">\n<table style=\"border-collapse: collapse;width: 89.9839%;height: 12px\">\n<tbody>\n<tr>\n<td style=\"width: 100%;border-color: #f59f9f;background-color: #f59f9f;border-style: dashed\"><a href=\"https:\/\/drive.google.com\/file\/d\/1uuYmPRr5PkNgYfMGk42x34C-7L51Uiqc\/view?usp=sharing\"><strong>Plan \u00abIgualdad<\/strong><\/a><\/td>\n<\/tr>\n<\/tbody>\n<\/table>\n<\/td>\n<td style=\"width: 50%;height: 62px\">\n<table style=\"border-collapse: collapse;width: 82.3681%\">\n<tbody>\n<tr style=\"border-style: inset\">\n<td style=\"width: 100%;border-color: #f59f9f;background-color: #f59f9f\"><a href=\"https:\/\/drive.google.com\/file\/d\/1UWcrbS-R_t3-HPi_FzHZKm8c74aQ_KDz\/view?usp=sharing\"><strong>Programa \u00abAldea\u00bb<\/strong><\/a><\/td>\n<\/tr>\n<\/tbody>\n<\/table>\n<\/td>\n<\/tr>\n<tr style=\"height: 62px\">\n<td style=\"width: 50%;height: 62px\">\n<table style=\"border-collapse: collapse;width: 89.0729%\">\n<tbody>\n<tr>\n<td style=\"width: 100%;border-color: #f59f9f;background-color: #f59f9f;border-style: hidden\"><a href=\"https:\/\/drive.google.com\/file\/d\/1jlJoH6nD-Al4ddAAm-DdJka0ocKqg49u\/view?usp=sharing\"><strong>Programa \u00abComunica\u00bb<\/strong><\/a><\/td>\n<\/tr>\n<\/tbody>\n<\/table>\n<\/td>\n<td style=\"width: 50%;height: 62px;border-style: hidden\">\n<table style=\"border-collapse: collapse;width: 82.3605%;height: 24px\">\n<tbody>\n<tr style=\"height: 24px\">\n<td style=\"width: 100%;border-color: #f59f9f;background-color: #f59f9f;height: 24px\"><a href=\"https:\/\/docs.google.com\/document\/d\/1WPso0OCsTDNI5-SZwKhPUDyKtnqoxEKX\/edit?usp=sharing&amp;ouid=100941721660965663063&amp;rtpof=true&amp;sd=true\"><strong>Programa \u00abInnicia\u00bb<\/strong><\/a><\/td>\n<\/tr>\n<\/tbody>\n<\/table>\n<\/td>\n<\/tr>\n<tr style=\"height: 62px\">\n<td style=\"width: 50%;height: 62px;border-style: hidden\">\n<table style=\"border-collapse: collapse;width: 89.9924%\">\n<tbody>\n<tr>\n<td style=\"width: 100%;border-color: #f59f9f;background-color: #f59f9f;border-style: hidden\"><strong><a href=\"https:\/\/drive.google.com\/file\/d\/1ToUPe60XkUZJShP7rf6Xax1jnZBAPzqp\/view?usp=sharing\"><strong>Programa \u00abForma Joven\u00bb<\/strong><\/a><\/strong><\/td>\n<\/tr>\n<\/tbody>\n<\/table>\n<\/td>\n<\/tr>\n<\/tbody>\n<\/table>\n<p>&nbsp; &nbsp; &nbsp; &nbsp;[googleapps domain=\u00bbdrive\u00bb dir=\u00bbfile\/d\/1XD_T9xUzer9awsEQPvxNPwtZk-4NCP3a\/preview\u00bb query=\u00bb\u00bb width=\u00bb200&#8243; height=\u00bb200&#8243; \/]&nbsp; &nbsp; &nbsp; &nbsp; &nbsp; &nbsp; &nbsp; &nbsp; &nbsp; &nbsp; &nbsp; &nbsp; &nbsp; &nbsp; &nbsp; &nbsp; &nbsp; &nbsp; &nbsp; [googleapps domain=\u00bbdrive\u00bb dir=\u00bbfile\/d\/1XGezhadnCCQCEMDaG2fLjGjPGwWhe-kk\/preview\u00bb query=\u00bb\u00bb width=\u00bb200&#8243; height=\u00bb200&#8243; \/]<\/p>\n<p>&nbsp;<\/p>\n<p>&nbsp;<\/p>\n<p>&nbsp;<\/p>\n","protected":false},"excerpt":{"rendered":"<p>Cada centro personaliza y adapta su Proyecto Educativo adheri\u00e9ndose a diferentes Planes y Programas promovidos desde la Consejer\u00eda de Educaci\u00f3n, Cultura y Deporte. Estos planes y programas son herramientas de innovaci\u00f3n que favorecen el&#46;&#46;&#46;<\/p>\n","protected":false},"author":1,"featured_media":0,"parent":0,"menu_order":0,"comment_status":"open","ping_status":"closed","template":"","meta":{"ngg_post_thumbnail":0,"footnotes":"","_mc_calendar":[]},"aioseo_notices":[],"_links":{"self":[{"href":"https:\/\/blogsaverroes.juntadeandalucia.es\/iesvalledelgenal\/wp-json\/wp\/v2\/pages\/44"}],"collection":[{"href":"https:\/\/blogsaverroes.juntadeandalucia.es\/iesvalledelgenal\/wp-json\/wp\/v2\/pages"}],"about":[{"href":"https:\/\/blogsaverroes.juntadeandalucia.es\/iesvalledelgenal\/wp-json\/wp\/v2\/types\/page"}],"author":[{"embeddable":true,"href":"https:\/\/blogsaverroes.juntadeandalucia.es\/iesvalledelgenal\/wp-json\/wp\/v2\/users\/1"}],"replies":[{"embeddable":true,"href":"https:\/\/blogsaverroes.juntadeandalucia.es\/iesvalledelgenal\/wp-json\/wp\/v2\/comments?post=44"}],"version-history":[{"count":14,"href":"https:\/\/blogsaverroes.juntadeandalucia.es\/iesvalledelgenal\/wp-json\/wp\/v2\/pages\/44\/revisions"}],"predecessor-version":[{"id":2786,"href":"https:\/\/blogsaverroes.juntadeandalucia.es\/iesvalledelgenal\/wp-json\/wp\/v2\/pages\/44\/revisions\/2786"}],"wp:attachment":[{"href":"https:\/\/blogsaverroes.juntadeandalucia.es\/iesvalledelgenal\/wp-json\/wp\/v2\/media?parent=44"}],"curies":[{"name":"wp","href":"https:\/\/api.w.org\/{rel}","templated":true}]}}