{"id":2412,"date":"2019-11-13T08:27:28","date_gmt":"2019-11-13T08:27:28","guid":{"rendered":"https:\/\/blogsaverroes.juntadeandalucia.es\/iesvalleinclan\/?page_id=2412"},"modified":"2024-05-16T11:44:23","modified_gmt":"2024-05-16T11:44:23","slug":"plan-de-centro","status":"publish","type":"page","link":"https:\/\/blogsaverroes.juntadeandalucia.es\/iesvalleinclan\/plan-de-centro\/","title":{"rendered":"Plan de Centro"},"content":{"rendered":"<h1 style=\"text-align: center\">Plan de Centro<\/h1>\n<p style=\"text-align: center\"><a href=\"https:\/\/blogsaverroes.juntadeandalucia.es\/iesvalleinclan\/files\/2015\/03\/colegio1.png\" rel=\"files\/2020\/12\/PLAN-CENTRO-COMPLETO-PE-ROF-PG-PC-TDC.pdf noopener noreferrer\"><img loading=\"lazy\" decoding=\"async\" class=\"alignnone wp-image-578 size-medium\" src=\"https:\/\/blogsaverroes.juntadeandalucia.es\/iesvalleinclan\/files\/2015\/03\/colegio1-300x153.png\" alt=\"\" width=\"300\" height=\"153\" srcset=\"https:\/\/blogsaverroes.juntadeandalucia.es\/iesvalleinclan\/files\/2015\/03\/colegio1-300x153.png 300w, https:\/\/blogsaverroes.juntadeandalucia.es\/iesvalleinclan\/files\/2015\/03\/colegio1-1024x524.png 1024w, https:\/\/blogsaverroes.juntadeandalucia.es\/iesvalleinclan\/files\/2015\/03\/colegio1.png 1280w\" sizes=\"(max-width: 300px) 100vw, 300px\" \/><\/a><\/p>\n<p style=\"text-align: center\">&nbsp;<\/p>\n<p style=\"text-align: center\"><a href=\"https:\/\/blogsaverroes.juntadeandalucia.es\/iesvalleinclan\/files\/2024\/05\/PLAN-DE-CENTRO-COMPLETO.pdf\">PLAN DE CENTRO COMPLETO<\/a><\/p>\n<p style=\"text-align: center\"><a href=\"https:\/\/blogsaverroes.juntadeandalucia.es\/iesvalleinclan\/files\/2021\/02\/PLCVALLEINCLAN.pdf\">Proyecto Ling\u00fc\u00edstico de Centro: PLCVALLEINCLAN<\/a><\/p>\n<p style=\"text-align: center\"><a href=\"https:\/\/blogsaverroes.juntadeandalucia.es\/iesvalleinclan\/files\/2021\/02\/PLAN-LECTOR.pdf\">PLAN LECTOR<\/a><\/p>\n<p style=\"text-align: center\"><a href=\"https:\/\/blogsaverroes.juntadeandalucia.es\/iesvalleinclan\/files\/2021\/02\/CIL-Valle-Incl\u00e1n.pdf\">Curr\u00edculo Integrado de las Lenguas: CIL Valle Incl\u00e1n<\/a><\/p>\n","protected":false},"excerpt":{"rendered":"<p>Plan de Centro &nbsp; PLAN DE CENTRO COMPLETO Proyecto Ling\u00fc\u00edstico de Centro: PLCVALLEINCLAN PLAN LECTOR Curr\u00edculo Integrado de las Lenguas: CIL Valle Incl\u00e1n<\/p>\n","protected":false},"author":7937,"featured_media":0,"parent":0,"menu_order":0,"comment_status":"closed","ping_status":"closed","template":"","meta":{"ngg_post_thumbnail":0,"footnotes":"","_mc_calendar":[]},"aioseo_notices":[],"_links":{"self":[{"href":"https:\/\/blogsaverroes.juntadeandalucia.es\/iesvalleinclan\/wp-json\/wp\/v2\/pages\/2412"}],"collection":[{"href":"https:\/\/blogsaverroes.juntadeandalucia.es\/iesvalleinclan\/wp-json\/wp\/v2\/pages"}],"about":[{"href":"https:\/\/blogsaverroes.juntadeandalucia.es\/iesvalleinclan\/wp-json\/wp\/v2\/types\/page"}],"author":[{"embeddable":true,"href":"https:\/\/blogsaverroes.juntadeandalucia.es\/iesvalleinclan\/wp-json\/wp\/v2\/users\/7937"}],"replies":[{"embeddable":true,"href":"https:\/\/blogsaverroes.juntadeandalucia.es\/iesvalleinclan\/wp-json\/wp\/v2\/comments?post=2412"}],"version-history":[{"count":19,"href":"https:\/\/blogsaverroes.juntadeandalucia.es\/iesvalleinclan\/wp-json\/wp\/v2\/pages\/2412\/revisions"}],"predecessor-version":[{"id":3395,"href":"https:\/\/blogsaverroes.juntadeandalucia.es\/iesvalleinclan\/wp-json\/wp\/v2\/pages\/2412\/revisions\/3395"}],"wp:attachment":[{"href":"https:\/\/blogsaverroes.juntadeandalucia.es\/iesvalleinclan\/wp-json\/wp\/v2\/media?parent=2412"}],"curies":[{"name":"wp","href":"https:\/\/api.w.org\/{rel}","templated":true}]}}