{"id":2414,"date":"2019-11-13T08:27:28","date_gmt":"2019-11-13T08:27:28","guid":{"rendered":"https:\/\/blogsaverroes.juntadeandalucia.es\/iesvalleinclan\/?page_id=2414"},"modified":"2025-12-04T08:53:03","modified_gmt":"2025-12-04T08:53:03","slug":"programaciones-didacticas","status":"publish","type":"page","link":"https:\/\/blogsaverroes.juntadeandalucia.es\/iesvalleinclan\/programaciones-didacticas\/","title":{"rendered":"Programaciones Did\u00e1cticas"},"content":{"rendered":"<p>Programaciones del curso 2025-2026<\/p>\n<p><a href=\"https:\/\/blogsaverroes.juntadeandalucia.es\/iesvalleinclan\/files\/2025\/11\/COEDUCACION.pdf.zip\">COEDUCACI\u00d3N<\/a><\/p>\n<p><a href=\"https:\/\/blogsaverroes.juntadeandalucia.es\/iesvalleinclan\/files\/2025\/11\/PLAN-DE-FORMACION-DEL-CENTRO-25-26.pdf.zip\">PLAN DE FORMACI\u00d3N DEL CENTRO<\/a><\/p>\n<p><a href=\"https:\/\/blogsaverroes.juntadeandalucia.es\/iesvalleinclan\/files\/2025\/12\/PaOAT-25_26-ok.pdf\">PLAN DE ORIENTACI\u00d3N Y ACCI\u00d3N TUTORIAL<\/a><\/p>\n<p><a href=\"https:\/\/blogsaverroes.juntadeandalucia.es\/iesvalleinclan\/files\/2025\/11\/TECNOLOGIA.zip\">DEPARTAMENTO DE TECNOLOG\u00cdA<\/a><\/p>\n<p><a href=\"https:\/\/blogsaverroes.juntadeandalucia.es\/iesvalleinclan\/files\/2025\/11\/RELIGION.zip\">DEPARTAMENTO DE RELIGI\u00d3N<\/a><\/p>\n<p><a href=\"https:\/\/blogsaverroes.juntadeandalucia.es\/iesvalleinclan\/files\/2025\/11\/MUSICA.zip\">DEPARTAMENTO DE M\u00daSICA<\/a><\/p>\n<p><a href=\"https:\/\/blogsaverroes.juntadeandalucia.es\/iesvalleinclan\/files\/2025\/11\/MATEMATICAS.zip\">DEPARTAMENTO DE MATEM\u00c1TICAS<\/a><\/p>\n<p><a href=\"https:\/\/blogsaverroes.juntadeandalucia.es\/iesvalleinclan\/files\/2025\/11\/LENGUA.zip\">DEPARTAMENTO DE LENGUA<\/a><\/p>\n<p><a href=\"https:\/\/blogsaverroes.juntadeandalucia.es\/iesvalleinclan\/files\/2025\/11\/LATIN.zip\">DEPARTAMENTO DE LAT\u00edN<\/a><\/p>\n<p><a href=\"https:\/\/blogsaverroes.juntadeandalucia.es\/iesvalleinclan\/files\/2025\/11\/INGLES.zip\">DEPARTAMENTO DE INGL\u00c9S<\/a><\/p>\n<p><a href=\"https:\/\/blogsaverroes.juntadeandalucia.es\/iesvalleinclan\/files\/2025\/11\/TECNOLOGIA.zip\">DEPARTAMENTO DE <\/a><a href=\"https:\/\/blogsaverroes.juntadeandalucia.es\/iesvalleinclan\/files\/2025\/11\/INFORMATICA.zip\">INFORM\u00c1TICA<\/a><\/p>\n<p><a href=\"https:\/\/blogsaverroes.juntadeandalucia.es\/iesvalleinclan\/files\/2025\/11\/GEOGRAFIA.zip\">DEPARTAMENTO DE GEOGRAF\u00cdA<\/a><\/p>\n<p><a href=\"https:\/\/blogsaverroes.juntadeandalucia.es\/iesvalleinclan\/files\/2025\/11\/FyQ.zip\">DEPARTAMENTO DE F\u00cdSICA Y QU\u00cdMICA<\/a><\/p>\n<p><a href=\"https:\/\/blogsaverroes.juntadeandalucia.es\/iesvalleinclan\/files\/2025\/11\/FRANCES.zip\">DEPARTAMENTO DE FRANC\u00c9S<\/a><\/p>\n<p><a href=\"https:\/\/blogsaverroes.juntadeandalucia.es\/iesvalleinclan\/files\/2025\/11\/FILOSOFIA.zip\">DEPARTAMENTO DE FILOSOF\u00cdA<\/a><\/p>\n<p><a href=\"https:\/\/blogsaverroes.juntadeandalucia.es\/iesvalleinclan\/files\/2025\/11\/FEIE.zip\">DEPARTAMENTO DE FORMACI\u00d3N E INNOVACI\u00d3N<\/a><\/p>\n<p><a href=\"https:\/\/blogsaverroes.juntadeandalucia.es\/iesvalleinclan\/files\/2025\/11\/TECNOLOGIA.zip\">DEPARTAMENTO DE EDUCACI\u00d3N F\u00cdSICA<\/a><\/p>\n<p><a href=\"https:\/\/blogsaverroes.juntadeandalucia.es\/iesvalleinclan\/files\/2025\/11\/ECONOMIA-FOL.zip\">DEPARTAMENTO DE ECONOM\u00cdA-FOL<\/a><\/p>\n<p><a href=\"https:\/\/blogsaverroes.juntadeandalucia.es\/iesvalleinclan\/files\/2025\/11\/DIBUJO.zip\">DEPARTAMENTO DE DIBUJO<\/a><\/p>\n<p><a href=\"https:\/\/blogsaverroes.juntadeandalucia.es\/iesvalleinclan\/files\/2025\/11\/BIOLOGIA.zip\">DEPARTAMENTO DE BIOLOG\u00cdA<\/a><\/p>\n<p><a href=\"https:\/\/blogsaverroes.juntadeandalucia.es\/iesvalleinclan\/files\/2025\/12\/Departamento-de-informatica.zip\">DEPARTAMEMTO DE INFORM\u00c1TICA<\/a><\/p>\n<p><a href=\"https:\/\/blogsaverroes.juntadeandalucia.es\/iesvalleinclan\/files\/2025\/11\/DACE.zip\">DEPARTAMENTO DE ACTIVIDADES COMPLEMENTARIAS Y EXTRAESCOLARES<\/a><\/p>\n<p>&nbsp;<\/p>\n","protected":false},"excerpt":{"rendered":"<p>Programaciones del curso 2025-2026 COEDUCACI\u00d3N PLAN DE FORMACI\u00d3N DEL CENTRO PLAN DE ORIENTACI\u00d3N Y ACCI\u00d3N TUTORIAL DEPARTAMENTO DE TECNOLOG\u00cdA DEPARTAMENTO DE RELIGI\u00d3N DEPARTAMENTO DE M\u00daSICA DEPARTAMENTO DE MATEM\u00c1TICAS DEPARTAMENTO DE LENGUA DEPARTAMENTO DE LAT\u00edN&#46;&#46;&#46;<\/p>\n","protected":false},"author":7937,"featured_media":0,"parent":0,"menu_order":0,"comment_status":"closed","ping_status":"closed","template":"","meta":{"ngg_post_thumbnail":0,"footnotes":"","_mc_calendar":[]},"aioseo_notices":[],"_links":{"self":[{"href":"https:\/\/blogsaverroes.juntadeandalucia.es\/iesvalleinclan\/wp-json\/wp\/v2\/pages\/2414"}],"collection":[{"href":"https:\/\/blogsaverroes.juntadeandalucia.es\/iesvalleinclan\/wp-json\/wp\/v2\/pages"}],"about":[{"href":"https:\/\/blogsaverroes.juntadeandalucia.es\/iesvalleinclan\/wp-json\/wp\/v2\/types\/page"}],"author":[{"embeddable":true,"href":"https:\/\/blogsaverroes.juntadeandalucia.es\/iesvalleinclan\/wp-json\/wp\/v2\/users\/7937"}],"replies":[{"embeddable":true,"href":"https:\/\/blogsaverroes.juntadeandalucia.es\/iesvalleinclan\/wp-json\/wp\/v2\/comments?post=2414"}],"version-history":[{"count":17,"href":"https:\/\/blogsaverroes.juntadeandalucia.es\/iesvalleinclan\/wp-json\/wp\/v2\/pages\/2414\/revisions"}],"predecessor-version":[{"id":3794,"href":"https:\/\/blogsaverroes.juntadeandalucia.es\/iesvalleinclan\/wp-json\/wp\/v2\/pages\/2414\/revisions\/3794"}],"wp:attachment":[{"href":"https:\/\/blogsaverroes.juntadeandalucia.es\/iesvalleinclan\/wp-json\/wp\/v2\/media?parent=2414"}],"curies":[{"name":"wp","href":"https:\/\/api.w.org\/{rel}","templated":true}]}}