{"id":2494,"date":"2019-11-14T11:39:03","date_gmt":"2019-11-14T11:39:03","guid":{"rendered":"https:\/\/blogsaverroes.juntadeandalucia.es\/iesvalleinclan\/?page_id=2494"},"modified":"2024-09-30T07:52:22","modified_gmt":"2024-09-30T07:52:22","slug":"departamento-de-informatica","status":"publish","type":"page","link":"https:\/\/blogsaverroes.juntadeandalucia.es\/iesvalleinclan\/departamento-de-informatica\/","title":{"rendered":"Departamento de Inform\u00e1tica"},"content":{"rendered":"<h1><a href=\"https:\/\/edu.google.com\/intl\/es-419_ALL\/products\/workspace-for-education\/education-fundamentals\/\" rel=\"attachment wp-att-3068\"><img loading=\"lazy\" decoding=\"async\" class=\"aligncenter size-full wp-image-3389\" src=\"https:\/\/blogsaverroes.juntadeandalucia.es\/iesvalleinclan\/files\/2024\/05\/cabecera_dtoINF.png\" alt=\"\" width=\"573\" height=\"159\" srcset=\"https:\/\/blogsaverroes.juntadeandalucia.es\/iesvalleinclan\/files\/2024\/05\/cabecera_dtoINF.png 573w, https:\/\/blogsaverroes.juntadeandalucia.es\/iesvalleinclan\/files\/2024\/05\/cabecera_dtoINF-300x83.png 300w\" sizes=\"(max-width: 573px) 100vw, 573px\" \/><\/a><a href=\"https:\/\/recursos.openwebinars.net\/becasow\/?_ga=2.82753939.469658811.1648152859-567666389.1631553041\" rel=\"attachment wp-att-3070\"><img loading=\"lazy\" decoding=\"async\" class=\"size-full wp-image-3070 alignleft\" src=\"https:\/\/blogsaverroes.juntadeandalucia.es\/iesvalleinclan\/files\/2022\/03\/logo-becasow.jpeg\" alt=\"\" width=\"150\" height=\"40\"><\/a><a href=\"https:\/\/awsacademy.instructure.com\/login\/canvas\" rel=\"attachment wp-att-3067\"><img loading=\"lazy\" decoding=\"async\" class=\" wp-image-3067 alignleft\" src=\"https:\/\/blogsaverroes.juntadeandalucia.es\/iesvalleinclan\/files\/2022\/03\/logo_aws_academy-300x80.jpeg\" alt=\"\" width=\"173\" height=\"46\" srcset=\"https:\/\/blogsaverroes.juntadeandalucia.es\/iesvalleinclan\/files\/2022\/03\/logo_aws_academy-300x80.jpeg 300w, https:\/\/blogsaverroes.juntadeandalucia.es\/iesvalleinclan\/files\/2022\/03\/logo_aws_academy.jpeg 474w\" sizes=\"(max-width: 173px) 100vw, 173px\" \/><\/a><img loading=\"lazy\" decoding=\"async\" class=\"wp-image-3068 alignright\" src=\"https:\/\/blogsaverroes.juntadeandalucia.es\/iesvalleinclan\/files\/2022\/03\/logo_gsuite-300x92.jpeg\" alt=\"\" width=\"181\" height=\"56\" srcset=\"https:\/\/blogsaverroes.juntadeandalucia.es\/iesvalleinclan\/files\/2022\/03\/logo_gsuite-300x92.jpeg 300w, https:\/\/blogsaverroes.juntadeandalucia.es\/iesvalleinclan\/files\/2022\/03\/logo_gsuite.jpeg 474w\" sizes=\"(max-width: 181px) 100vw, 181px\" \/><\/h1>\n<h1>Miembros del Departamento de Inform\u00e1tica<\/h1>\n<p>Jefe de departamento: D. Rafael Manuel Reina Ram\u00edrez.<\/p>\n<ul>\n<li>\n<div class=\"titulo\"><span style=\"color: #ff0000\">Profesores de Secundaria de Inform\u00e1tica.&nbsp;&nbsp;<\/span><\/div>\n<ul>\n<li><span style=\"font-weight: 400;color: #000000\">D\u00f1a. Mar\u00eda Jos\u00e9 Chaves Delgado (Tutora 1\u00ba ESO)<\/span><\/li>\n<li><span style=\"color: #000000\">D. Jacobo L\u00f3pez Villar. (Tutor 2\u00ba GM)<\/span><\/li>\n<li><span style=\"font-weight: 400\">D. \u00d3scar Montero Ca\u00f1ero (Tutor 4\u00ba ESO)<\/span><\/li>\n<li><span style=\"font-weight: 400\">D. Antonio Jos\u00e9 P\u00e1ez Mauri\u00f1o<\/span><\/li>\n<li>\n<div class=\"titulo\"><span style=\"color: #000000\">D\u00f1a. Eva Palomo C\u00e1rcamo.&nbsp; (Tutora 2\u00ba GS)<\/span><\/div>\n<\/li>\n<li>\n<div class=\"titulo\"><span style=\"color: #000000\">D. Jos\u00e9 Lu\u00eds Rodr\u00edguez Rodr\u00edguez. (Tutor FP Dual GS)<\/span><\/div>\n<\/li>\n<li>\n<div class=\"titulo\"><span style=\"font-weight: 400\">D\u00f1a. Camila Reyes Aroca. (Tutora 1\u00ba GM)<\/span><\/div>\n<\/li>\n<li><span style=\"font-weight: 400\">D. Fernando Usero Fuentes (Tutor 1\u00ba GS)<\/span><\/li>\n<\/ul>\n<\/li>\n<li>\n<div class=\"titulo\"><span style=\"color: #339966\">Profesores de Secundaria de Sistemas y Aplicaciones Inform\u00e1ticas.&nbsp;&nbsp;<\/span><\/div>\n<ul>\n<li>\n<div class=\"titulo\"><span style=\"color: #000000\">D. Rafael Manuel Reina Ram\u00edrez (<a style=\"color: #000000\" title=\"Web del Profesor Rafael Reina\" href=\"https:\/\/sites.google.com\/iesvalleinclan.es\/rafaelreina\/\">WEB PERSONAL<\/a>)<\/span><\/div>\n<\/li>\n<li>\n<div class=\"titulo\"><span style=\"color: #000000\">D. Antonia Sanabria Borrego. (Tutora FP Dual GM)<\/span><\/div>\n<\/li>\n<\/ul>\n<\/li>\n<\/ul>\n","protected":false},"excerpt":{"rendered":"<p>Miembros del Departamento de Inform\u00e1tica Jefe de departamento: D. Rafael Manuel Reina Ram\u00edrez. Profesores de Secundaria de Inform\u00e1tica.&nbsp;&nbsp; D\u00f1a. Mar\u00eda Jos\u00e9 Chaves Delgado (Tutora 1\u00ba ESO) D. Jacobo L\u00f3pez Villar. (Tutor 2\u00ba GM) D.&#46;&#46;&#46;<\/p>\n","protected":false},"author":7918,"featured_media":0,"parent":0,"menu_order":0,"comment_status":"closed","ping_status":"closed","template":"","meta":{"ngg_post_thumbnail":0,"footnotes":"","_mc_calendar":[]},"aioseo_notices":[],"_links":{"self":[{"href":"https:\/\/blogsaverroes.juntadeandalucia.es\/iesvalleinclan\/wp-json\/wp\/v2\/pages\/2494"}],"collection":[{"href":"https:\/\/blogsaverroes.juntadeandalucia.es\/iesvalleinclan\/wp-json\/wp\/v2\/pages"}],"about":[{"href":"https:\/\/blogsaverroes.juntadeandalucia.es\/iesvalleinclan\/wp-json\/wp\/v2\/types\/page"}],"author":[{"embeddable":true,"href":"https:\/\/blogsaverroes.juntadeandalucia.es\/iesvalleinclan\/wp-json\/wp\/v2\/users\/7918"}],"replies":[{"embeddable":true,"href":"https:\/\/blogsaverroes.juntadeandalucia.es\/iesvalleinclan\/wp-json\/wp\/v2\/comments?post=2494"}],"version-history":[{"count":13,"href":"https:\/\/blogsaverroes.juntadeandalucia.es\/iesvalleinclan\/wp-json\/wp\/v2\/pages\/2494\/revisions"}],"predecessor-version":[{"id":3543,"href":"https:\/\/blogsaverroes.juntadeandalucia.es\/iesvalleinclan\/wp-json\/wp\/v2\/pages\/2494\/revisions\/3543"}],"wp:attachment":[{"href":"https:\/\/blogsaverroes.juntadeandalucia.es\/iesvalleinclan\/wp-json\/wp\/v2\/media?parent=2494"}],"curies":[{"name":"wp","href":"https:\/\/api.w.org\/{rel}","templated":true}]}}