{"id":2531,"date":"2019-11-18T07:59:44","date_gmt":"2019-11-18T07:59:44","guid":{"rendered":"https:\/\/blogsaverroes.juntadeandalucia.es\/iesvalleinclan\/?page_id=2531"},"modified":"2024-08-22T09:41:40","modified_gmt":"2024-08-22T09:41:40","slug":"proyecto-tic","status":"publish","type":"page","link":"https:\/\/blogsaverroes.juntadeandalucia.es\/iesvalleinclan\/proyecto-tic\/","title":{"rendered":"Proyecto TDE"},"content":{"rendered":"<p><img loading=\"lazy\" decoding=\"async\" class=\"size-medium wp-image-2694 alignleft\" src=\"https:\/\/blogsaverroes.juntadeandalucia.es\/iesvalleinclan\/files\/2020\/11\/LogoJA_Valleinclan-300x65.jpg\" alt=\"\" width=\"300\" height=\"65\" srcset=\"https:\/\/blogsaverroes.juntadeandalucia.es\/iesvalleinclan\/files\/2020\/11\/LogoJA_Valleinclan-300x65.jpg 300w, https:\/\/blogsaverroes.juntadeandalucia.es\/iesvalleinclan\/files\/2020\/11\/LogoJA_Valleinclan-24x5.jpg 24w, https:\/\/blogsaverroes.juntadeandalucia.es\/iesvalleinclan\/files\/2020\/11\/LogoJA_Valleinclan-36x8.jpg 36w, https:\/\/blogsaverroes.juntadeandalucia.es\/iesvalleinclan\/files\/2020\/11\/LogoJA_Valleinclan-48x10.jpg 48w, https:\/\/blogsaverroes.juntadeandalucia.es\/iesvalleinclan\/files\/2020\/11\/LogoJA_Valleinclan.jpg 532w\" sizes=\"(max-width: 300px) 100vw, 300px\" \/><\/p>\n<p>&nbsp;<\/p>\n<p>&nbsp;<\/p>\n<p style=\"text-align: right\"><a href=\"https:\/\/blogsaverroes.juntadeandalucia.es\/iesvalleinclan\/proyecto-tic\/transformacion-digital-de-centros\/\" rel=\"attachment wp-att-2710\">Transformaci\u00f3n Digital de Centros<\/a><\/p>\n<p><span style=\"font-weight: 400\">Las herramientas TIC han hecho posible cambiar de forma m\u00e1s f\u00e1cil y eficiente la metodolog\u00eda docente y acercar el proceso de ense\u00f1anza-aprendizaje hacia los nuevos retos de la sociedad. Hoy en d\u00eda la informaci\u00f3n se encuentra disponible gracias a internet. Los alumnos deben aprender a consumir dicha informaci\u00f3n (buscar, analizar y procesar de manera eficiente dicha informaci\u00f3n) para generar su propio conocimiento.&nbsp;<\/span><\/p>\n<p><span style=\"font-weight: 400\">Una vez adquiridas las competencias b\u00e1sicas (saber leer, saber escribir, saber hablar y adquirir un razonamiento l\u00f3gico-matem\u00e1tico b\u00e1sico), el objetivo principal del proceso de ense\u00f1anza-aprendizaje debe ser la creaci\u00f3n del conocimiento a partir de la informaci\u00f3n disponible mediante el uso de los recursos tecnol\u00f3gicos.<\/span><\/p>\n<p><span style=\"font-weight: 400\">Desde el nacimiento, el ser humano aprende, pero este proceso var\u00eda seg\u00fan la edad. Durante la etapa de beb\u00e9 y preescolar, los ni\u00f1os aprenden imitando. Durante la etapa de primaria (hasta los 10-11 a\u00f1os) los ni\u00f1os deben desarrollar la creatividad y a partir de la adolescencia se debe potenciar el pensamiento cr\u00edtico, la capacidad de crear y adaptarse a los cambios.<\/span><\/p>\n<p><span style=\"font-weight: 400\">Uno de los mayores retos profesionales hoy d\u00eda es la capacidad de adaptaci\u00f3n a perfiles profesionales nuevos, que surgen a diario y para los cuales no existe una formaci\u00f3n espec\u00edfica. Cada persona debe formarse a lo largo de la vida en diferentes aspectos, desde el punto de vista acad\u00e9mico, los perfiles profesionales depender\u00e1 del individuo y no del grado universitario o de formaci\u00f3n profesional que haya cursado. Lo fundamental ser\u00e1 la creatividad y su capacidad de adaptaci\u00f3n.<\/span><\/p>\n<p><span style=\"font-weight: 400\">En este marco, uno de los retos de la ense\u00f1anza es dotar de herramientas que permitan hacer frente a estas situaciones creando un entorno de aprendizaje activo las 24 horas. Por ejemplo, un Community Manager puede ser un titulado en Econom\u00eda experto en redes sociales y un ingeniero en inform\u00e1tica experto en marketing.&nbsp;<\/span><\/p>\n<p><span style=\"font-weight: 400\">Por todo ello, desde la coordinaci\u00f3n TIC os animo a que innov\u00e9is en el proceso de ense\u00f1anza-aprendizaje as\u00ed como en&nbsp; el proceso de evaluaci\u00f3n de los conocimientos y destrezas adquiridas por los alumnos. Para conseguir la transformaci\u00f3n del centro en una organizaci\u00f3n educativa digitalmente competente se debe de actuar en tres \u00e1mbitos b\u00e1sicos: <\/span><b>procesos de ense\u00f1anza-aprendizaje, organizaci\u00f3n del centro, y procesos de comunicaci\u00f3n e informaci\u00f3n<\/b><span style=\"font-weight: 400\">, que permitan renovar la organizaci\u00f3n del centro y las pr\u00e1cticas de aula, en relaci\u00f3n al uso de las tecnolog\u00edas.<\/span><\/p>\n<p>&nbsp;<\/p>\n<p style=\"text-align: right\"><span style=\"font-weight: 400\">El coordinador TIC.<\/span><\/p>\n<table style=\"width: 103.289%\">\n<tbody>\n<tr>\n<td style=\"width: 100%\">\n<p style=\"text-align: center\"><b>Recursos TIC disponibles<\/b><\/p>\n<\/td>\n<\/tr>\n<tr>\n<td style=\"width: 100%\"><span style=\"font-weight: 400\">Networking con Google Suite:<\/span><\/p>\n<p><a href=\"https:\/\/edu.google.com\/intl\/es-419\/products\/gsuite-for-education\/?modal_active=none&amp;zippy-set-single_activeEl=zippy-single-set-7\"><span style=\"font-weight: 400\">https:\/\/edu.google.com\/intl\/es-419\/products\/gsuite-for-education\/?modal_active=none&amp;zippy-set-single_activeEl=zippy-single-set-7<\/span><\/a><span style=\"font-weight: 400\">&nbsp;<\/span><\/td>\n<\/tr>\n<tr>\n<td style=\"width: 100%\"><span style=\"font-weight: 400\">Moodle Centros Sevilla- Junta de Andaluc\u00eda (con el usuario de S\u00e9neca):<\/span><\/p>\n<p><a href=\"https:\/\/educacionadistancia.juntadeandalucia.es\/centros\/sevilla\/login\/index.php\"><span style=\"font-weight: 400\">https:\/\/educacionadistancia.juntadeandalucia.es\/centros\/sevilla\/login\/index.php<\/span><\/a><span style=\"font-weight: 400\">&nbsp;<\/span><\/td>\n<\/tr>\n<tr>\n<td style=\"width: 100%\"><span style=\"font-weight: 400\">Gu\u00eda b\u00e1sica del Docente para uso de Moodle Centros: <a href=\"http:\/\/agrega.juntadeandalucia.es\/\/repositorio\/09122020\/98\/es-an_2020120911_9092449\/rol_profesorado\/index.html\">http:\/\/agrega.juntadeandalucia.es\/\/repositorio\/09122020\/98\/es-an_2020120911_9092449\/rol_profesorado\/index.html<\/a><\/span><\/p>\n<p>Gu\u00eda b\u00e1sica de uso de videoconferencias con Webex:<\/p>\n<p><a href=\"https:\/\/www.juntadeandalucia.es\/educacion\/eaprendizaje\/wp-content\/uploads\/2021\/09\/Guia-rapida-Webex-21-22.pdf\">https:\/\/www.juntadeandalucia.es\/educacion\/eaprendizaje\/wp-content\/uploads\/2021\/09\/Guia-rapida-Webex-21-22.pdf<\/a><\/td>\n<\/tr>\n<\/tbody>\n<\/table>\n","protected":false},"excerpt":{"rendered":"<p>&nbsp; &nbsp; Transformaci\u00f3n Digital de Centros Las herramientas TIC han hecho posible cambiar de forma m\u00e1s f\u00e1cil y eficiente la metodolog\u00eda docente y acercar el proceso de ense\u00f1anza-aprendizaje hacia los nuevos retos de la&#46;&#46;&#46;<\/p>\n","protected":false},"author":7918,"featured_media":0,"parent":0,"menu_order":0,"comment_status":"closed","ping_status":"closed","template":"","meta":{"ngg_post_thumbnail":0,"footnotes":"","_mc_calendar":[]},"aioseo_notices":[],"_links":{"self":[{"href":"https:\/\/blogsaverroes.juntadeandalucia.es\/iesvalleinclan\/wp-json\/wp\/v2\/pages\/2531"}],"collection":[{"href":"https:\/\/blogsaverroes.juntadeandalucia.es\/iesvalleinclan\/wp-json\/wp\/v2\/pages"}],"about":[{"href":"https:\/\/blogsaverroes.juntadeandalucia.es\/iesvalleinclan\/wp-json\/wp\/v2\/types\/page"}],"author":[{"embeddable":true,"href":"https:\/\/blogsaverroes.juntadeandalucia.es\/iesvalleinclan\/wp-json\/wp\/v2\/users\/7918"}],"replies":[{"embeddable":true,"href":"https:\/\/blogsaverroes.juntadeandalucia.es\/iesvalleinclan\/wp-json\/wp\/v2\/comments?post=2531"}],"version-history":[{"count":11,"href":"https:\/\/blogsaverroes.juntadeandalucia.es\/iesvalleinclan\/wp-json\/wp\/v2\/pages\/2531\/revisions"}],"predecessor-version":[{"id":3414,"href":"https:\/\/blogsaverroes.juntadeandalucia.es\/iesvalleinclan\/wp-json\/wp\/v2\/pages\/2531\/revisions\/3414"}],"wp:attachment":[{"href":"https:\/\/blogsaverroes.juntadeandalucia.es\/iesvalleinclan\/wp-json\/wp\/v2\/media?parent=2531"}],"curies":[{"name":"wp","href":"https:\/\/api.w.org\/{rel}","templated":true}]}}