{"id":2547,"date":"2019-11-18T08:53:46","date_gmt":"2019-11-18T08:53:46","guid":{"rendered":"https:\/\/blogsaverroes.juntadeandalucia.es\/iesvalleinclan\/?page_id=2547"},"modified":"2019-11-18T08:53:46","modified_gmt":"2019-11-18T08:53:46","slug":"normas-tic","status":"publish","type":"page","link":"https:\/\/blogsaverroes.juntadeandalucia.es\/iesvalleinclan\/normas-tic\/","title":{"rendered":"Normas TIC"},"content":{"rendered":"<table width=\"510\" border=\"0\">\n<tbody>\n<tr>\n<td align=\"center\"><u><span style=\"font-size: small\"><strong>NORMATIVA DE USO<br \/>\nPARA<br \/>\nLAS AULAS TIC<\/strong><\/span><\/u><\/td>\n<\/tr>\n<\/tbody>\n<\/table>\n<p>1. Queda expresamente prohibido cualquier cambio de lugar de trabajo asignado que no est\u00e9 autorizado por el profesor\/a tutor\/a. Puntualmente y por razones pedag\u00f3gicas el profesor\/a podr\u00e1 modificar la ubicaci\u00f3n de alg\u00fan alumno\/a.<\/p>\n<p>2<span>. La responsabilidad por mal uso de pupitres y equipos inform\u00e1ticos recaer\u00e1 sobre los alumnos o alumnas que los utilizan. Cada reparaci\u00f3n derivada de un desperfecto por mal uso de estos elementos ser\u00e1 por cuenta de los usuarios (seg\u00fan art\u00edculo 35.2c del decreto 85\/1999 de 6 de abril).<\/span><\/p>\n<p>3. Al comenzar la jornada escolar los&nbsp; alumnos\/as realizar\u00e1 un reconocimiento de los elementos de su puesto de trabajo. Si se observara alguna anomal\u00eda deber\u00e1 comunicarse inmediatamente a los alumnos\/as responsables de aula TIC para que la reflejen en una hoja de incidencias destinada a tal fin y la trasladen a la Coordinadora TIC en Jefatura de Estudios.<\/p>\n<p>4. Cualquier manipulaci\u00f3n del equipo inform\u00e1tico deber\u00e1 estar autorizada y supervisada por el profesor\/a. En ning\u00fan caso los alumnos\/as manipular\u00e1n equipos inform\u00e1ticos o elementos que no sean los de su puesto de trabajo.<\/p>\n<p>5<span>. Cualquier conexi\u00f3n a Internet deber\u00e1 estar autorizada y dirigida por el profesor\/a. No se permitir\u00e1 la navegaci\u00f3n libre por Internet.<\/span><\/p>\n<p>6. Todos los documentos que el alumnado necesite para uso del ordenador as\u00ed como la informaci\u00f3n que deba almacenar se colocar\u00e1 en la carpeta de usuario (\/home\/usuario).<\/p>\n<p><span>7. El fondo de pantalla ser\u00e1 para todos los ordenadores el que por defecto presenta Guadalinex. No se podr\u00e1n crear o introducir documentos o informaci\u00f3n de contenido ilegal u ofensivo.<\/span><\/p>\n<p>8. El alumnado mantendr\u00e1 su puesto de trabajo limpio y ordenado.<\/p>\n<p>&nbsp;<\/p>\n","protected":false},"excerpt":{"rendered":"<p>NORMATIVA DE USO PARA LAS AULAS TIC 1. Queda expresamente prohibido cualquier cambio de lugar de trabajo asignado que no est\u00e9 autorizado por el profesor\/a tutor\/a. Puntualmente y por razones pedag\u00f3gicas el profesor\/a podr\u00e1&#46;&#46;&#46;<\/p>\n","protected":false},"author":7918,"featured_media":0,"parent":0,"menu_order":0,"comment_status":"closed","ping_status":"closed","template":"","meta":{"ngg_post_thumbnail":0,"footnotes":"","_mc_calendar":[]},"aioseo_notices":[],"_links":{"self":[{"href":"https:\/\/blogsaverroes.juntadeandalucia.es\/iesvalleinclan\/wp-json\/wp\/v2\/pages\/2547"}],"collection":[{"href":"https:\/\/blogsaverroes.juntadeandalucia.es\/iesvalleinclan\/wp-json\/wp\/v2\/pages"}],"about":[{"href":"https:\/\/blogsaverroes.juntadeandalucia.es\/iesvalleinclan\/wp-json\/wp\/v2\/types\/page"}],"author":[{"embeddable":true,"href":"https:\/\/blogsaverroes.juntadeandalucia.es\/iesvalleinclan\/wp-json\/wp\/v2\/users\/7918"}],"replies":[{"embeddable":true,"href":"https:\/\/blogsaverroes.juntadeandalucia.es\/iesvalleinclan\/wp-json\/wp\/v2\/comments?post=2547"}],"version-history":[{"count":1,"href":"https:\/\/blogsaverroes.juntadeandalucia.es\/iesvalleinclan\/wp-json\/wp\/v2\/pages\/2547\/revisions"}],"predecessor-version":[{"id":2548,"href":"https:\/\/blogsaverroes.juntadeandalucia.es\/iesvalleinclan\/wp-json\/wp\/v2\/pages\/2547\/revisions\/2548"}],"wp:attachment":[{"href":"https:\/\/blogsaverroes.juntadeandalucia.es\/iesvalleinclan\/wp-json\/wp\/v2\/media?parent=2547"}],"curies":[{"name":"wp","href":"https:\/\/api.w.org\/{rel}","templated":true}]}}