{"id":2662,"date":"2020-09-29T17:10:49","date_gmt":"2020-09-29T17:10:49","guid":{"rendered":"https:\/\/blogsaverroes.juntadeandalucia.es\/iesvalleinclan\/?page_id=2662"},"modified":"2021-09-21T06:42:49","modified_gmt":"2021-09-21T06:42:49","slug":"protocolo-covid","status":"publish","type":"page","link":"https:\/\/blogsaverroes.juntadeandalucia.es\/iesvalleinclan\/protocolo-covid\/","title":{"rendered":"Protocolo COVID"},"content":{"rendered":"<p><span style=\"font-weight: 400;color: #008000\">D\u00f1a. Inmaculada Gavira Gonz\u00e1lez (Coordinadora Covid)<\/span><\/p>\n<p>En el siguiente enlace se recoge una gu\u00eda resumen del protocolo Covid desarrollado por el centro:<\/p>\n<p><a href=\"https:\/\/blogsaverroes.juntadeandalucia.es\/iesvalleinclan\/2020\/09\/14\/presentacion-protocolo-de-actuacion-ante-el-covid\/presentacion-protocolo-covid\/\" rel=\"attachment wp-att-2636\">Presentacion<\/a><a href=\"https:\/\/blogsaverroes.juntadeandalucia.es\/iesvalleinclan\/2020\/09\/14\/presentacion-protocolo-de-actuacion-ante-el-covid\/presentacion-protocolo-covid\/\" rel=\"attachment wp-att-2636\"> Protocolo COVID<\/a><\/p>\n<p>Documento p\u00fablico completo del Protocolo COVID:<\/p>\n<p><a href=\"https:\/\/blogsaverroes.juntadeandalucia.es\/iesvalleinclan\/protocolo-covid\/protocolo-covid-actualizacion-rvi-publicable\/\" rel=\"attachment wp-att-2873\">PROTOCOLO COVID ACTUALIZACIO\u0301N RVI PUBLICABLE<\/a><\/p>\n","protected":false},"excerpt":{"rendered":"<p>D\u00f1a. Inmaculada Gavira Gonz\u00e1lez (Coordinadora Covid) En el siguiente enlace se recoge una gu\u00eda resumen del protocolo Covid desarrollado por el centro: Presentacion Protocolo COVID Documento p\u00fablico completo del Protocolo COVID: PROTOCOLO COVID ACTUALIZACIO\u0301N&#46;&#46;&#46;<\/p>\n","protected":false},"author":7918,"featured_media":0,"parent":0,"menu_order":0,"comment_status":"closed","ping_status":"closed","template":"","meta":{"ngg_post_thumbnail":0,"footnotes":"","_mc_calendar":[]},"aioseo_notices":[],"_links":{"self":[{"href":"https:\/\/blogsaverroes.juntadeandalucia.es\/iesvalleinclan\/wp-json\/wp\/v2\/pages\/2662"}],"collection":[{"href":"https:\/\/blogsaverroes.juntadeandalucia.es\/iesvalleinclan\/wp-json\/wp\/v2\/pages"}],"about":[{"href":"https:\/\/blogsaverroes.juntadeandalucia.es\/iesvalleinclan\/wp-json\/wp\/v2\/types\/page"}],"author":[{"embeddable":true,"href":"https:\/\/blogsaverroes.juntadeandalucia.es\/iesvalleinclan\/wp-json\/wp\/v2\/users\/7918"}],"replies":[{"embeddable":true,"href":"https:\/\/blogsaverroes.juntadeandalucia.es\/iesvalleinclan\/wp-json\/wp\/v2\/comments?post=2662"}],"version-history":[{"count":6,"href":"https:\/\/blogsaverroes.juntadeandalucia.es\/iesvalleinclan\/wp-json\/wp\/v2\/pages\/2662\/revisions"}],"predecessor-version":[{"id":2874,"href":"https:\/\/blogsaverroes.juntadeandalucia.es\/iesvalleinclan\/wp-json\/wp\/v2\/pages\/2662\/revisions\/2874"}],"wp:attachment":[{"href":"https:\/\/blogsaverroes.juntadeandalucia.es\/iesvalleinclan\/wp-json\/wp\/v2\/media?parent=2662"}],"curies":[{"name":"wp","href":"https:\/\/api.w.org\/{rel}","templated":true}]}}