{"id":2769,"date":"2021-03-07T11:19:25","date_gmt":"2021-03-07T11:19:25","guid":{"rendered":"https:\/\/blogsaverroes.juntadeandalucia.es\/iesvalleinclan\/?page_id=2769"},"modified":"2022-04-07T18:14:09","modified_gmt":"2022-04-07T18:14:09","slug":"radiovalle","status":"publish","type":"page","link":"https:\/\/blogsaverroes.juntadeandalucia.es\/iesvalleinclan\/radiovalle\/","title":{"rendered":"RadioValle"},"content":{"rendered":"<h1><img loading=\"lazy\" decoding=\"async\" class=\"wp-image-2770 alignleft\" src=\"https:\/\/blogsaverroes.juntadeandalucia.es\/iesvalleinclan\/files\/2021\/03\/icono-radio-300x300.jpg\" alt=\"\" width=\"160\" height=\"160\" srcset=\"https:\/\/blogsaverroes.juntadeandalucia.es\/iesvalleinclan\/files\/2021\/03\/icono-radio-300x300.jpg 300w, https:\/\/blogsaverroes.juntadeandalucia.es\/iesvalleinclan\/files\/2021\/03\/icono-radio.jpg 1024w, https:\/\/blogsaverroes.juntadeandalucia.es\/iesvalleinclan\/files\/2021\/03\/icono-radio-150x150.jpg 150w, https:\/\/blogsaverroes.juntadeandalucia.es\/iesvalleinclan\/files\/2021\/03\/icono-radio-768x768.jpg 768w, https:\/\/blogsaverroes.juntadeandalucia.es\/iesvalleinclan\/files\/2021\/03\/icono-radio-100x100.jpg 100w\" sizes=\"(max-width: 160px) 100vw, 160px\" \/><strong><span style=\"color: #339966\">ValleRadio<\/span><\/strong><\/h1>\n<p>ValleRadio es un proyecto iniciado por los profesores Juan C. L\u00f3pez. ( PT) y Carmen Chac\u00f3n (M\u00fasica) con los siguientes objetivos:<\/p>\n<p>\u25cf Aumentar la motivaci\u00f3n hacia el aprendizaje.<br \/>\n\u25cf Mejorar las competencias comunicativas (ling\u00fc\u00edsticas, sociales y emocionales).<br \/>\n\u25cf Permitir trabajar cualquier contenido curricular desde una perspectiva INCLUSIVA e INNOVADORA.<br \/>\n\u25cf Fortalecer las relaciones entre la comunidad educativa.<br \/>\n\u25cf Favorecer <span style=\"font-size: 1rem\">la inclusi\u00f3n, el di\u00e1logo y previene posibles conflictos de aula.<\/span><\/p>\n<h2><strong>Blog del proyecto.<\/strong><\/h2>\n<p>Este proyecto dispone un blog en la siguiente direcci\u00f3n: <a href=\"https:\/\/valleradio00.blogspot.com\/?m=1\">https:\/\/valleradio00.blogs<\/a><\/p>\n<p>Programaci\u00f3n curso 2021-22<\/p>\n<!--[if lt IE 9]><script>document.createElement('audio');<\/script><![endif]-->\n<audio class=\"wp-audio-shortcode\" id=\"audio-2769-1\" preload=\"none\" style=\"width: 100%;\" controls=\"controls\"><source type=\"audio\/mpeg\" src=\"https:\/\/blogsaverroes.juntadeandalucia.es\/iesvalleinclan\/files\/2021\/12\/3\u00ba-PROGRAMA.mp3?_=1\" \/><a href=\"https:\/\/blogsaverroes.juntadeandalucia.es\/iesvalleinclan\/files\/2021\/12\/3\u00ba-PROGRAMA.mp3\">https:\/\/blogsaverroes.juntadeandalucia.es\/iesvalleinclan\/files\/2021\/12\/3\u00ba-PROGRAMA.mp3<\/a><\/audio>\n<p><a href=\"https:\/\/valleradio00.blogspot.com\/2021\/11\/2-programa-del-curso-2122-25-de.html\">Programa especial 25 N<\/a><\/p>\n<p>Programas curso 2020-21<\/p>\n<p><a href=\"https:\/\/blogsaverroes.juntadeandalucia.es\/iesvalleinclan\/radiovalle\/1o-programa-especial-8-de-marzo-2\/\">1\u00ba PROGRAMA. Especial 8 de Marzo.<\/a><\/p>\n<audio class=\"wp-audio-shortcode\" id=\"audio-2769-2\" preload=\"none\" style=\"width: 100%;\" controls=\"controls\"><source type=\"audio\/mpeg\" src=\"https:\/\/blogsaverroes.juntadeandalucia.es\/iesvalleinclan\/files\/2021\/03\/1\u00ba-PROGRAMA.-Especial-8-de-Marzo.-1.mp3?_=2\" \/><a href=\"https:\/\/blogsaverroes.juntadeandalucia.es\/iesvalleinclan\/files\/2021\/03\/1\u00ba-PROGRAMA.-Especial-8-de-Marzo.-1.mp3\">https:\/\/blogsaverroes.juntadeandalucia.es\/iesvalleinclan\/files\/2021\/03\/1\u00ba-PROGRAMA.-Especial-8-de-Marzo.-1.mp3<\/a><\/audio>\n<p><a href=\"https:\/\/blogsaverroes.juntadeandalucia.es\/iesvalleinclan\/files\/2021\/03\/2\u00ba-PROGRAMA.-DI\u0301A-INTERNACIONAL-DE-LA-POESI\u0301A.mp3\">2\u00ba PROGRAMA. Especial 21 de Marzo.<\/a><\/p>\n<audio class=\"wp-audio-shortcode\" id=\"audio-2769-3\" preload=\"none\" style=\"width: 100%;\" controls=\"controls\"><source type=\"audio\/mpeg\" src=\"https:\/\/blogsaverroes.juntadeandalucia.es\/iesvalleinclan\/files\/2021\/03\/2\u00ba-PROGRAMA.-DI\u0301A-INTERNACIONAL-DE-LA-POESI\u0301A.mp3?_=3\" \/><a href=\"https:\/\/blogsaverroes.juntadeandalucia.es\/iesvalleinclan\/files\/2021\/03\/2\u00ba-PROGRAMA.-DI\u0301A-INTERNACIONAL-DE-LA-POESI\u0301A.mp3\">https:\/\/blogsaverroes.juntadeandalucia.es\/iesvalleinclan\/files\/2021\/03\/2\u00ba-PROGRAMA.-DI\u0301A-INTERNACIONAL-DE-LA-POESI\u0301A.mp3<\/a><\/audio>\n<p><a href=\"https:\/\/blogsaverroes.juntadeandalucia.es\/iesvalleinclan\/files\/2021\/04\/3\u00ba-PROGRAMA.-DI\u0301A-INTERNACIONAL-DEL-LIBRO.mp3\">3\u00ba PROGRAMA. DI\u0301A INTERNACIONAL DEL LIBRO<\/a><\/p>\n<audio class=\"wp-audio-shortcode\" id=\"audio-2769-4\" preload=\"none\" style=\"width: 100%;\" controls=\"controls\"><source type=\"audio\/mpeg\" src=\"https:\/\/blogsaverroes.juntadeandalucia.es\/iesvalleinclan\/files\/2021\/04\/3\u00ba-PROGRAMA.-DI\u0301A-INTERNACIONAL-DEL-LIBRO.mp3?_=4\" \/><a href=\"https:\/\/blogsaverroes.juntadeandalucia.es\/iesvalleinclan\/files\/2021\/04\/3\u00ba-PROGRAMA.-DI\u0301A-INTERNACIONAL-DEL-LIBRO.mp3\">https:\/\/blogsaverroes.juntadeandalucia.es\/iesvalleinclan\/files\/2021\/04\/3\u00ba-PROGRAMA.-DI\u0301A-INTERNACIONAL-DEL-LIBRO.mp3<\/a><\/audio>\n<p><a href=\"https:\/\/drive.google.com\/file\/d\/15LZSgIOZqSR0ctXOWI8e-pDepGhkL8YF\/view?usp=drive_web\">4\u00b0 PROGRAMA 25 aniversario del centro y final del curso<\/a><\/p>\n<p><a href=\"https:\/\/drive.google.com\/file\/d\/1XCCjnPoRciQbuVCVbJSj30gJfNWWh_-j\/view?usp=sharing\">5\u00ba PROGRAMA PAZ en UCRANIA y Recetas de Cocina.<\/a><\/p>\n<p>&nbsp;<\/p>\n","protected":false},"excerpt":{"rendered":"<p>ValleRadio ValleRadio es un proyecto iniciado por los profesores Juan C. L\u00f3pez. ( PT) y Carmen Chac\u00f3n (M\u00fasica) con los siguientes objetivos: \u25cf Aumentar la motivaci\u00f3n hacia el aprendizaje. \u25cf Mejorar las competencias comunicativas&#46;&#46;&#46;<\/p>\n","protected":false},"author":7918,"featured_media":0,"parent":0,"menu_order":0,"comment_status":"closed","ping_status":"closed","template":"","meta":{"ngg_post_thumbnail":0,"footnotes":"","_mc_calendar":[]},"aioseo_notices":[],"_links":{"self":[{"href":"https:\/\/blogsaverroes.juntadeandalucia.es\/iesvalleinclan\/wp-json\/wp\/v2\/pages\/2769"}],"collection":[{"href":"https:\/\/blogsaverroes.juntadeandalucia.es\/iesvalleinclan\/wp-json\/wp\/v2\/pages"}],"about":[{"href":"https:\/\/blogsaverroes.juntadeandalucia.es\/iesvalleinclan\/wp-json\/wp\/v2\/types\/page"}],"author":[{"embeddable":true,"href":"https:\/\/blogsaverroes.juntadeandalucia.es\/iesvalleinclan\/wp-json\/wp\/v2\/users\/7918"}],"replies":[{"embeddable":true,"href":"https:\/\/blogsaverroes.juntadeandalucia.es\/iesvalleinclan\/wp-json\/wp\/v2\/comments?post=2769"}],"version-history":[{"count":18,"href":"https:\/\/blogsaverroes.juntadeandalucia.es\/iesvalleinclan\/wp-json\/wp\/v2\/pages\/2769\/revisions"}],"predecessor-version":[{"id":3074,"href":"https:\/\/blogsaverroes.juntadeandalucia.es\/iesvalleinclan\/wp-json\/wp\/v2\/pages\/2769\/revisions\/3074"}],"wp:attachment":[{"href":"https:\/\/blogsaverroes.juntadeandalucia.es\/iesvalleinclan\/wp-json\/wp\/v2\/media?parent=2769"}],"curies":[{"name":"wp","href":"https:\/\/api.w.org\/{rel}","templated":true}]}}