{"id":2784,"date":"2021-03-10T17:08:32","date_gmt":"2021-03-10T17:08:32","guid":{"rendered":"https:\/\/blogsaverroes.juntadeandalucia.es\/iesvalleinclan\/?page_id=2784"},"modified":"2024-05-19T17:52:41","modified_gmt":"2024-05-19T17:52:41","slug":"puertas-abiertas","status":"publish","type":"page","link":"https:\/\/blogsaverroes.juntadeandalucia.es\/iesvalleinclan\/puertas-abiertas\/","title":{"rendered":"Puertas Abiertas"},"content":{"rendered":"<h1>Bienvenidos a nuestro centro.<\/h1>\n<p><a href=\"https:\/\/drive.google.com\/file\/d\/1RNoGu2371POPt_Imd-K_x-gw-zwWV8R5\/view?usp=sharing\"><span style=\"font-size: 1rem\">V\u00eddeo de puertas abiertas del IES Ram\u00f3n del Valle-Incl\u00e1n.<\/span><\/a><\/p>\n","protected":false},"excerpt":{"rendered":"<p>Bienvenidos a nuestro centro. V\u00eddeo de puertas abiertas del IES Ram\u00f3n del Valle-Incl\u00e1n.<\/p>\n","protected":false},"author":7918,"featured_media":0,"parent":0,"menu_order":0,"comment_status":"closed","ping_status":"closed","template":"","meta":{"ngg_post_thumbnail":0,"footnotes":"","_mc_calendar":[]},"aioseo_notices":[],"_links":{"self":[{"href":"https:\/\/blogsaverroes.juntadeandalucia.es\/iesvalleinclan\/wp-json\/wp\/v2\/pages\/2784"}],"collection":[{"href":"https:\/\/blogsaverroes.juntadeandalucia.es\/iesvalleinclan\/wp-json\/wp\/v2\/pages"}],"about":[{"href":"https:\/\/blogsaverroes.juntadeandalucia.es\/iesvalleinclan\/wp-json\/wp\/v2\/types\/page"}],"author":[{"embeddable":true,"href":"https:\/\/blogsaverroes.juntadeandalucia.es\/iesvalleinclan\/wp-json\/wp\/v2\/users\/7918"}],"replies":[{"embeddable":true,"href":"https:\/\/blogsaverroes.juntadeandalucia.es\/iesvalleinclan\/wp-json\/wp\/v2\/comments?post=2784"}],"version-history":[{"count":4,"href":"https:\/\/blogsaverroes.juntadeandalucia.es\/iesvalleinclan\/wp-json\/wp\/v2\/pages\/2784\/revisions"}],"predecessor-version":[{"id":3407,"href":"https:\/\/blogsaverroes.juntadeandalucia.es\/iesvalleinclan\/wp-json\/wp\/v2\/pages\/2784\/revisions\/3407"}],"wp:attachment":[{"href":"https:\/\/blogsaverroes.juntadeandalucia.es\/iesvalleinclan\/wp-json\/wp\/v2\/media?parent=2784"}],"curies":[{"name":"wp","href":"https:\/\/api.w.org\/{rel}","templated":true}]}}