{"id":2883,"date":"2021-10-14T12:25:41","date_gmt":"2021-10-14T12:25:41","guid":{"rendered":"https:\/\/blogsaverroes.juntadeandalucia.es\/iesvalleinclan\/?page_id=2883"},"modified":"2021-10-14T16:31:53","modified_gmt":"2021-10-14T16:31:53","slug":"proyecto-linguistico-de-centro","status":"publish","type":"page","link":"https:\/\/blogsaverroes.juntadeandalucia.es\/iesvalleinclan\/proyecto-linguistico-de-centro\/","title":{"rendered":"Proyecto Ling\u00fc\u00edstico de Centro"},"content":{"rendered":"<h1><strong><em>Presentaci\u00f3n del Proyecto ling\u00fc\u00edstico de centro del IES Ram\u00f3n del Valle-Incl\u00e1n, de Sevilla.<\/em><\/strong><\/h1>\n<ul>\n<li>Proyecto m\u00ednimo viable primer a\u00f1o, curso 2016\/2017. <a class=\"cm_anchor\" href=\"http:\/\/www.plcvalleinclan.com\/.cm4all\/uproc.php\/0\/pmv%2016-17.pdf?_=168b9f3c879&amp;cdp=a\" target=\"_self\" rel=\"noreferrer noopener\">Descargar<\/a>.<\/li>\n<li>&nbsp;Plan de actuaci\u00f3n segundo a\u00f1o, curso 2017\/2018. <a class=\"cm_anchor\" href=\"http:\/\/www.plcvalleinclan.com\/.cm4all\/uproc.php\/0\/Plansegundocurso%2017-18.pdf?_=168b9f58a8c&amp;cdp=a\" target=\"_self\" rel=\"noreferrer noopener\">Descargar.<\/a><\/li>\n<li>Plan de actuaci\u00f3n tercer a\u00f1o, curso 2018\/2019. <a class=\"cm_anchor\" href=\"http:\/\/www.plcvalleinclan.com\/.cm4all\/uproc.php\/0\/Plan%20de%20Actuaci%C3%B3n%20PLC%20Tercer%20A%C3%B1o-.pdf?_=169346ac926&amp;cdp=a\" target=\"_self\" rel=\"noreferrer noopener\">Descargar.<\/a><\/li>\n<li>Proyecto ling\u00fc\u00edstico definitivo del IES Ram\u00f3n del Valle-Incl\u00e1n. <a href=\"https:\/\/blogsaverroes.juntadeandalucia.es\/iesvalleinclan\/plan-de-centro\/plcvalleinclan-2\/\" rel=\"attachment wp-att-2754\">PLCVALLEINCLAN<\/a>.<\/li>\n<\/ul>\n<hr>\n<h2>Enlaces de inter\u00e9s:<\/h2>\n<p><a class=\"cm_anchor\" href=\"https:\/\/leer.es\/\" target=\"_blank\" rel=\"noreferrer noopener\">https:\/\/leer.es<\/a>&nbsp;<\/p>\n<p><a class=\"cm_anchor\" href=\"https:\/\/proyectolapalabradeldia.blogspot.com\/\" target=\"_blank\" rel=\"noreferrer noopener\">https:\/\/proyectolapalabradeldia.blogspot.com\/<\/a><\/p>\n<p><a class=\"cm_anchor\" href=\"https:\/\/www.juntadeandalucia.es\/educacion\/webportal\/web\/proyecto-linguistico-centro\" target=\"_blank\" rel=\"noreferrer noopener\">https:\/\/www.juntadeandalucia.es\/educacion\/webportal\/web\/proyecto-linguistico-centro<\/a><\/p>\n<p><a class=\"cm_anchor\" href=\"https:\/\/cvc.cervantes.es\/\" target=\"_blank\" rel=\"noreferrer noopener\">https:\/\/cvc.cervantes.es\/<\/a><\/p>\n<p><a class=\"cm_anchor\" href=\"https:\/\/www.rae.es\/\" target=\"_blank\" rel=\"noreferrer noopener\">https:\/\/www.rae.es\/<\/a><\/p>\n<p><a class=\"cm_anchor\" href=\"https:\/\/www.criticoestado.es\/\" target=\"_blank\" rel=\"noreferrer noopener\">https:\/\/www.criticoestado.es\/<\/a><\/p>\n<p><a class=\"cm_anchor\" href=\"https:\/\/fuegoconnieve.blogspot.com\/\" target=\"_blank\" rel=\"noreferrer noopener\">https:\/\/fuegoconnieve.blogspot.com\/<\/a><\/p>\n<p><a class=\"cm_anchor\" href=\"https:\/\/www.elcastellano.org\/\" target=\"_blank\" rel=\"noreferrer noopener\">https:\/\/www.elcastellano.org\/<\/a><\/p>\n<p><a class=\"cm_anchor\" href=\"https:\/\/albordedelalengua.blogspot.com\/\" target=\"_blank\" rel=\"noreferrer noopener\">https:\/\/albordedelalengua.blogspot.com\/<\/a><\/p>\n<p><a class=\"cm_anchor\" href=\"https:\/\/www.agujademarear.com\/\" target=\"_blank\" rel=\"noreferrer noopener\">https:\/\/www.agujademarear.com\/<\/a><\/p>\n<hr>\n<div class=\"content_main_dho cm-template-content__main cm-templates-text cm-container-large cm-container-xlarge cm-container-no-columns-2\" data-cm-hintable=\"yes\">\n<h2><strong>IDEAS INNOVADORAS PARA EL FOMENTO DE LA LECTURA&nbsp;<\/strong><\/h2>\n<p><strong>DESCARGA AQU\u00cd LOS DOCUMENTOS PARA PARTICIPAR<\/strong> <strong><a class=\"cm_anchor\" href=\"http:\/\/fundacionjmlara.es\/ensenamos-a-leer\/\" target=\"_blank\" rel=\"noreferrer noopener\">http:\/\/fundacionjmlara.es\/ ensenamos-a-leer\/<\/a><\/strong> <strong><a class=\"cm_anchor\" href=\"mailto:concursoensenamosaleer@gmail.com\">concursoensenamosaleer@gmail. com<\/a><\/strong><\/p>\n<\/div>\n<hr>\n<h2 data-cm-hintable=\"yes\">COLABORACIONES:<\/h2>\n<div data-cm-hintable=\"yes\">\n<h2>Documento n\u00ba 1: Reyes Mota Alba, \u00abPalabras, palabras, palabras <a href=\"https:\/\/blogsaverroes.juntadeandalucia.es\/iesvalleinclan\/proyecto-linguistico-de-centro\/palabras_palabras_palabras\/\" rel=\"attachment wp-att-2889\">palabras_palabras_palabras<\/a><\/h2>\n<\/div>\n","protected":false},"excerpt":{"rendered":"<p>Presentaci\u00f3n del Proyecto ling\u00fc\u00edstico de centro del IES Ram\u00f3n del Valle-Incl\u00e1n, de Sevilla. Proyecto m\u00ednimo viable primer a\u00f1o, curso 2016\/2017. Descargar. &nbsp;Plan de actuaci\u00f3n segundo a\u00f1o, curso 2017\/2018. Descargar. Plan de actuaci\u00f3n tercer a\u00f1o,&#46;&#46;&#46;<\/p>\n","protected":false},"author":7918,"featured_media":0,"parent":0,"menu_order":0,"comment_status":"closed","ping_status":"closed","template":"","meta":{"ngg_post_thumbnail":0,"footnotes":"","_mc_calendar":[]},"aioseo_notices":[],"_links":{"self":[{"href":"https:\/\/blogsaverroes.juntadeandalucia.es\/iesvalleinclan\/wp-json\/wp\/v2\/pages\/2883"}],"collection":[{"href":"https:\/\/blogsaverroes.juntadeandalucia.es\/iesvalleinclan\/wp-json\/wp\/v2\/pages"}],"about":[{"href":"https:\/\/blogsaverroes.juntadeandalucia.es\/iesvalleinclan\/wp-json\/wp\/v2\/types\/page"}],"author":[{"embeddable":true,"href":"https:\/\/blogsaverroes.juntadeandalucia.es\/iesvalleinclan\/wp-json\/wp\/v2\/users\/7918"}],"replies":[{"embeddable":true,"href":"https:\/\/blogsaverroes.juntadeandalucia.es\/iesvalleinclan\/wp-json\/wp\/v2\/comments?post=2883"}],"version-history":[{"count":8,"href":"https:\/\/blogsaverroes.juntadeandalucia.es\/iesvalleinclan\/wp-json\/wp\/v2\/pages\/2883\/revisions"}],"predecessor-version":[{"id":2887,"href":"https:\/\/blogsaverroes.juntadeandalucia.es\/iesvalleinclan\/wp-json\/wp\/v2\/pages\/2883\/revisions\/2887"}],"wp:attachment":[{"href":"https:\/\/blogsaverroes.juntadeandalucia.es\/iesvalleinclan\/wp-json\/wp\/v2\/media?parent=2883"}],"curies":[{"name":"wp","href":"https:\/\/api.w.org\/{rel}","templated":true}]}}