{"id":3370,"date":"2024-05-01T10:35:48","date_gmt":"2024-05-01T10:35:48","guid":{"rendered":"https:\/\/blogsaverroes.juntadeandalucia.es\/iesvalleinclan\/?page_id=3370"},"modified":"2025-01-23T16:09:34","modified_gmt":"2025-01-23T16:09:34","slug":"formacion-profesional","status":"publish","type":"page","link":"https:\/\/blogsaverroes.juntadeandalucia.es\/iesvalleinclan\/formacion-profesional\/","title":{"rendered":"Formaci\u00f3n Profesional"},"content":{"rendered":"<p>El IES Ram\u00f3n del Valle-Incl\u00e1n oferta, en horario de ma\u00f1ana, el Grado Medio de Sistemas Microinform\u00e1ticos y Redes y el Grado Superior de Desarrollo de Aplicaciones Multiplataforma. Dispone de aulas equipadas exclusivamente para Formaci\u00f3n Profesional, en las que imparte clase el Departamento de Inform\u00e1tica. Puedes consultar informaci\u00f3n sobre las ense\u00f1anzas de Formaci\u00f3n Profesional en nuestro centro <a href=\"https:\/\/www.canva.com\/design\/DAGE1GCjxNM\/TkwohkJ4ZZSMlRnIl5nXSw\/view\">en este enlace<\/a>.<\/p>\n<p><strong>Otros enlaces de inter\u00e9s:<\/strong><\/p>\n<p><a href=\"https:\/\/blogsaverroes.juntadeandalucia.es\/iesvalleinclan\/nueva-fp-y-seguridad-social\/\">Cambios en la nueva Formaci\u00f3n Profesional y Seguridad Social<\/a><\/p>\n<p><a href=\"https:\/\/todofp.es\/inicio.html\">Formaci\u00f3n Profesional en Espa\u00f1a<\/a><\/p>\n<p><a href=\"https:\/\/www.juntadeandalucia.es\/educacion\/portals\/web\/formacion-profesional-andaluza\">Formaci\u00f3n Profesional en Andaluc\u00eda<\/a><\/p>\n<p>&nbsp;<\/p>\n<p>&nbsp;<\/p>\n","protected":false},"excerpt":{"rendered":"<p>El IES Ram\u00f3n del Valle-Incl\u00e1n oferta, en horario de ma\u00f1ana, el Grado Medio de Sistemas Microinform\u00e1ticos y Redes y el Grado Superior de Desarrollo de Aplicaciones Multiplataforma. Dispone de aulas equipadas exclusivamente para Formaci\u00f3n&#46;&#46;&#46;<\/p>\n","protected":false},"author":7918,"featured_media":0,"parent":0,"menu_order":0,"comment_status":"closed","ping_status":"closed","template":"","meta":{"ngg_post_thumbnail":0,"footnotes":"","_mc_calendar":[]},"aioseo_notices":[],"_links":{"self":[{"href":"https:\/\/blogsaverroes.juntadeandalucia.es\/iesvalleinclan\/wp-json\/wp\/v2\/pages\/3370"}],"collection":[{"href":"https:\/\/blogsaverroes.juntadeandalucia.es\/iesvalleinclan\/wp-json\/wp\/v2\/pages"}],"about":[{"href":"https:\/\/blogsaverroes.juntadeandalucia.es\/iesvalleinclan\/wp-json\/wp\/v2\/types\/page"}],"author":[{"embeddable":true,"href":"https:\/\/blogsaverroes.juntadeandalucia.es\/iesvalleinclan\/wp-json\/wp\/v2\/users\/7918"}],"replies":[{"embeddable":true,"href":"https:\/\/blogsaverroes.juntadeandalucia.es\/iesvalleinclan\/wp-json\/wp\/v2\/comments?post=3370"}],"version-history":[{"count":4,"href":"https:\/\/blogsaverroes.juntadeandalucia.es\/iesvalleinclan\/wp-json\/wp\/v2\/pages\/3370\/revisions"}],"predecessor-version":[{"id":3649,"href":"https:\/\/blogsaverroes.juntadeandalucia.es\/iesvalleinclan\/wp-json\/wp\/v2\/pages\/3370\/revisions\/3649"}],"wp:attachment":[{"href":"https:\/\/blogsaverroes.juntadeandalucia.es\/iesvalleinclan\/wp-json\/wp\/v2\/media?parent=3370"}],"curies":[{"name":"wp","href":"https:\/\/api.w.org\/{rel}","templated":true}]}}