{"id":3475,"date":"2024-09-26T13:46:35","date_gmt":"2024-09-26T13:46:35","guid":{"rendered":"https:\/\/blogsaverroes.juntadeandalucia.es\/iesvalleinclan\/?page_id=3475"},"modified":"2025-02-17T08:49:47","modified_gmt":"2025-02-17T08:49:47","slug":"instalaciones","status":"publish","type":"page","link":"https:\/\/blogsaverroes.juntadeandalucia.es\/iesvalleinclan\/instalaciones\/","title":{"rendered":"Instalaciones"},"content":{"rendered":"<p>El centro dispone de una biblioteca, ubicada en la planta baja, habilitada como zona de estudio y con pr\u00e9stamo de libros durante el recreo. En la planta baja tambi\u00e9n se encuentran los dos talleres de tecnolog\u00eda, la cafeter\u00eda y la secretar\u00eda, as\u00ed como el estudio de la radio del centro.<\/p>\n<div id=\"attachment_3693\" style=\"width: 310px\" class=\"wp-caption aligncenter\"><a href=\"https:\/\/blogsaverroes.juntadeandalucia.es\/iesvalleinclan\/files\/2025\/02\/rad.png\"><img loading=\"lazy\" decoding=\"async\" aria-describedby=\"caption-attachment-3693\" class=\"wp-image-3693 size-medium\" src=\"https:\/\/blogsaverroes.juntadeandalucia.es\/iesvalleinclan\/files\/2025\/02\/rad-300x202.png\" alt=\"\" width=\"300\" height=\"202\" srcset=\"https:\/\/blogsaverroes.juntadeandalucia.es\/iesvalleinclan\/files\/2025\/02\/rad-300x202.png 300w, https:\/\/blogsaverroes.juntadeandalucia.es\/iesvalleinclan\/files\/2025\/02\/rad-1024x691.png 1024w, https:\/\/blogsaverroes.juntadeandalucia.es\/iesvalleinclan\/files\/2025\/02\/rad-768x518.png 768w, https:\/\/blogsaverroes.juntadeandalucia.es\/iesvalleinclan\/files\/2025\/02\/rad.png 1536w\" sizes=\"(max-width: 300px) 100vw, 300px\" \/><\/a><p id=\"caption-attachment-3693\" class=\"wp-caption-text\">Estudio de Valle-Radio<\/p><\/div>\n<p>En la segunda planta se encuentran las aulas espec\u00edficas: tres laboratorios (F\u00edsica, Qu\u00edmica y Biolog\u00eda y Geolog\u00eda), aulas de M\u00fasica, Dibujo y Arte y las aulas de inform\u00e1tica en las que se imparten exclusivamente las ense\u00f1anzas de grado medio y superior.<\/p>\n<div id=\"attachment_3691\" style=\"width: 310px\" class=\"wp-caption aligncenter\"><a href=\"https:\/\/blogsaverroes.juntadeandalucia.es\/iesvalleinclan\/files\/2025\/02\/aula_ciclo.jpeg\"><img loading=\"lazy\" decoding=\"async\" aria-describedby=\"caption-attachment-3691\" class=\"wp-image-3691 size-medium\" src=\"https:\/\/blogsaverroes.juntadeandalucia.es\/iesvalleinclan\/files\/2025\/02\/aula_ciclo-300x226.jpeg\" alt=\"\" width=\"300\" height=\"226\" srcset=\"https:\/\/blogsaverroes.juntadeandalucia.es\/iesvalleinclan\/files\/2025\/02\/aula_ciclo-300x226.jpeg 300w, https:\/\/blogsaverroes.juntadeandalucia.es\/iesvalleinclan\/files\/2025\/02\/aula_ciclo-1024x771.jpeg 1024w, https:\/\/blogsaverroes.juntadeandalucia.es\/iesvalleinclan\/files\/2025\/02\/aula_ciclo-768x578.jpeg 768w, https:\/\/blogsaverroes.juntadeandalucia.es\/iesvalleinclan\/files\/2025\/02\/aula_ciclo-1536x1157.jpeg 1536w, https:\/\/blogsaverroes.juntadeandalucia.es\/iesvalleinclan\/files\/2025\/02\/aula_ciclo.jpeg 1600w\" sizes=\"(max-width: 300px) 100vw, 300px\" \/><\/a><p id=\"caption-attachment-3691\" class=\"wp-caption-text\">Aula de Ciclo Formativo<\/p><\/div>\n<p>El centro cuenta tambi\u00e9n con varias aulas de inform\u00e1tica para los grupos de ESO y Bachillerato.<\/p>\n<div id=\"attachment_3681\" style=\"width: 310px\" class=\"wp-caption aligncenter\"><a href=\"https:\/\/blogsaverroes.juntadeandalucia.es\/iesvalleinclan\/files\/2025\/02\/aula-inf.jpeg\"><img loading=\"lazy\" decoding=\"async\" aria-describedby=\"caption-attachment-3681\" class=\"wp-image-3681 size-medium\" src=\"https:\/\/blogsaverroes.juntadeandalucia.es\/iesvalleinclan\/files\/2025\/02\/aula-inf-300x225.jpeg\" alt=\"\" width=\"300\" height=\"225\" srcset=\"https:\/\/blogsaverroes.juntadeandalucia.es\/iesvalleinclan\/files\/2025\/02\/aula-inf-300x225.jpeg 300w, https:\/\/blogsaverroes.juntadeandalucia.es\/iesvalleinclan\/files\/2025\/02\/aula-inf-1024x769.jpeg 1024w, https:\/\/blogsaverroes.juntadeandalucia.es\/iesvalleinclan\/files\/2025\/02\/aula-inf-768x577.jpeg 768w, https:\/\/blogsaverroes.juntadeandalucia.es\/iesvalleinclan\/files\/2025\/02\/aula-inf.jpeg 1228w\" sizes=\"(max-width: 300px) 100vw, 300px\" \/><\/a><p id=\"caption-attachment-3681\" class=\"wp-caption-text\">Aula de inform\u00e1tica<\/p><\/div>\n<p>En el patio trasero se dispone de un gimnasio cubierto, equipado con material deportivo y una pista polideportiva pavimentada.<\/p>\n<div id=\"attachment_3682\" style=\"width: 310px\" class=\"wp-caption aligncenter\"><a href=\"https:\/\/blogsaverroes.juntadeandalucia.es\/iesvalleinclan\/files\/2025\/02\/gimnasio.jpeg\"><img loading=\"lazy\" decoding=\"async\" aria-describedby=\"caption-attachment-3682\" class=\"wp-image-3682 size-medium\" src=\"https:\/\/blogsaverroes.juntadeandalucia.es\/iesvalleinclan\/files\/2025\/02\/gimnasio-300x169.jpeg\" alt=\"\" width=\"300\" height=\"169\" srcset=\"https:\/\/blogsaverroes.juntadeandalucia.es\/iesvalleinclan\/files\/2025\/02\/gimnasio-300x169.jpeg 300w, https:\/\/blogsaverroes.juntadeandalucia.es\/iesvalleinclan\/files\/2025\/02\/gimnasio-1024x576.jpeg 1024w, https:\/\/blogsaverroes.juntadeandalucia.es\/iesvalleinclan\/files\/2025\/02\/gimnasio-768x432.jpeg 768w, https:\/\/blogsaverroes.juntadeandalucia.es\/iesvalleinclan\/files\/2025\/02\/gimnasio-1536x864.jpeg 1536w, https:\/\/blogsaverroes.juntadeandalucia.es\/iesvalleinclan\/files\/2025\/02\/gimnasio.jpeg 1600w\" sizes=\"(max-width: 300px) 100vw, 300px\" \/><\/a><p id=\"caption-attachment-3682\" class=\"wp-caption-text\">Gimnasio<\/p><\/div>\n","protected":false},"excerpt":{"rendered":"<p>El centro dispone de una biblioteca, ubicada en la planta baja, habilitada como zona de estudio y con pr\u00e9stamo de libros durante el recreo. En la planta baja tambi\u00e9n se encuentran los dos talleres&#46;&#46;&#46;<\/p>\n","protected":false},"author":7632,"featured_media":0,"parent":0,"menu_order":0,"comment_status":"closed","ping_status":"closed","template":"","meta":{"ngg_post_thumbnail":0,"footnotes":"","_mc_calendar":[]},"aioseo_notices":[],"_links":{"self":[{"href":"https:\/\/blogsaverroes.juntadeandalucia.es\/iesvalleinclan\/wp-json\/wp\/v2\/pages\/3475"}],"collection":[{"href":"https:\/\/blogsaverroes.juntadeandalucia.es\/iesvalleinclan\/wp-json\/wp\/v2\/pages"}],"about":[{"href":"https:\/\/blogsaverroes.juntadeandalucia.es\/iesvalleinclan\/wp-json\/wp\/v2\/types\/page"}],"author":[{"embeddable":true,"href":"https:\/\/blogsaverroes.juntadeandalucia.es\/iesvalleinclan\/wp-json\/wp\/v2\/users\/7632"}],"replies":[{"embeddable":true,"href":"https:\/\/blogsaverroes.juntadeandalucia.es\/iesvalleinclan\/wp-json\/wp\/v2\/comments?post=3475"}],"version-history":[{"count":6,"href":"https:\/\/blogsaverroes.juntadeandalucia.es\/iesvalleinclan\/wp-json\/wp\/v2\/pages\/3475\/revisions"}],"predecessor-version":[{"id":3694,"href":"https:\/\/blogsaverroes.juntadeandalucia.es\/iesvalleinclan\/wp-json\/wp\/v2\/pages\/3475\/revisions\/3694"}],"wp:attachment":[{"href":"https:\/\/blogsaverroes.juntadeandalucia.es\/iesvalleinclan\/wp-json\/wp\/v2\/media?parent=3475"}],"curies":[{"name":"wp","href":"https:\/\/api.w.org\/{rel}","templated":true}]}}