{"id":3477,"date":"2024-09-26T13:46:35","date_gmt":"2024-09-26T13:46:35","guid":{"rendered":"https:\/\/blogsaverroes.juntadeandalucia.es\/iesvalleinclan\/?page_id=3477"},"modified":"2024-09-26T13:46:35","modified_gmt":"2024-09-26T13:46:35","slug":"eso","status":"publish","type":"page","link":"https:\/\/blogsaverroes.juntadeandalucia.es\/iesvalleinclan\/eso\/","title":{"rendered":"Educaci\u00f3n Secundaria Obligatoria"},"content":{"rendered":"<p>La educaci\u00f3n secundaria obligatoria se imparte en horario de ma\u00f1ana, de 8:15 a 14:45, en la modalidad biling\u00fce de ingl\u00e9s. Tambi\u00e9n se ofrece la posibilidad de estudiar franc\u00e9s como materia optativa. Se ofertan adem\u00e1s otras materias optativas como Computaci\u00f3n y Rob\u00f3tica, Oratoria y Debate, Econom\u00eda, Lat\u00edn, Filosof\u00eda y la materia de dise\u00f1o propio Valle-Radio.<\/p>\n","protected":false},"excerpt":{"rendered":"<p>La educaci\u00f3n secundaria obligatoria se imparte en horario de ma\u00f1ana, de 8:15 a 14:45, en la modalidad biling\u00fce de ingl\u00e9s. Tambi\u00e9n se ofrece la posibilidad de estudiar franc\u00e9s como materia optativa. Se ofertan adem\u00e1s&#46;&#46;&#46;<\/p>\n","protected":false},"author":7632,"featured_media":0,"parent":0,"menu_order":0,"comment_status":"closed","ping_status":"closed","template":"","meta":{"ngg_post_thumbnail":0,"footnotes":"","_mc_calendar":[]},"aioseo_notices":[],"_links":{"self":[{"href":"https:\/\/blogsaverroes.juntadeandalucia.es\/iesvalleinclan\/wp-json\/wp\/v2\/pages\/3477"}],"collection":[{"href":"https:\/\/blogsaverroes.juntadeandalucia.es\/iesvalleinclan\/wp-json\/wp\/v2\/pages"}],"about":[{"href":"https:\/\/blogsaverroes.juntadeandalucia.es\/iesvalleinclan\/wp-json\/wp\/v2\/types\/page"}],"author":[{"embeddable":true,"href":"https:\/\/blogsaverroes.juntadeandalucia.es\/iesvalleinclan\/wp-json\/wp\/v2\/users\/7632"}],"replies":[{"embeddable":true,"href":"https:\/\/blogsaverroes.juntadeandalucia.es\/iesvalleinclan\/wp-json\/wp\/v2\/comments?post=3477"}],"version-history":[{"count":3,"href":"https:\/\/blogsaverroes.juntadeandalucia.es\/iesvalleinclan\/wp-json\/wp\/v2\/pages\/3477\/revisions"}],"predecessor-version":[{"id":3722,"href":"https:\/\/blogsaverroes.juntadeandalucia.es\/iesvalleinclan\/wp-json\/wp\/v2\/pages\/3477\/revisions\/3722"}],"wp:attachment":[{"href":"https:\/\/blogsaverroes.juntadeandalucia.es\/iesvalleinclan\/wp-json\/wp\/v2\/media?parent=3477"}],"curies":[{"name":"wp","href":"https:\/\/api.w.org\/{rel}","templated":true}]}}