{"id":35,"date":"2015-03-13T08:21:43","date_gmt":"2015-03-13T08:21:43","guid":{"rendered":"http:\/\/blogsaverroes.juntadeandalucia.es\/pre\/ceip\/?page_id=35"},"modified":"2025-01-23T15:24:11","modified_gmt":"2025-01-23T15:24:11","slug":"el-centro-2","status":"publish","type":"page","link":"https:\/\/blogsaverroes.juntadeandalucia.es\/iesvalleinclan\/el-centro-2\/","title":{"rendered":"Datos y localizaci\u00f3n"},"content":{"rendered":"<p>El IES Ram\u00f3n del Valle-Incl\u00e1n est\u00e1 situado en la calle Doctor Palomares Garc\u00eda, N\u00ba2, en Sevilla Este, entre la Avenida de las Ciencias y el Parque Infanta Elena, pr\u00f3ximo a la carretera A-92.<\/p>\n<p><iframe loading=\"lazy\" src=\"https:\/\/www.google.com\/maps\/embed?pb=!1m18!1m12!1m3!1d3169.917377418126!2d-5.925248723526702!3d37.391786172084345!2m3!1f0!2f0!3f0!3m2!1i1024!2i768!4f13.1!3m3!1m2!1s0xd126f3a2bb3daf1%3A0xe81da660b823c3d0!2sIES%20Ram%C3%B3n%20del%20Valle%20Incl%C3%A1n!5e0!3m2!1sen!2ses!4v1737635847810!5m2!1sen!2ses\" width=\"600\" height=\"450\"><\/iframe><\/p>\n<p>El horario lectivo del centro es de lunes a viernes de 8:15 a 14:45. Tambi\u00e9n permanece abierto los mi\u00e9rcoles por la tarde para atenci\u00f3n a familias (con cita previa) y reuniones de coordinaci\u00f3n.<\/p>\n<p>El tel\u00e9fono del centro es 955622848 y el n\u00famero de fax es 954407009. La direcci\u00f3n de correo electr\u00f3nico es <a href=\"mailto:41701109.averroes@juntadeandalucia.es\">41701109.edu@juntadeandalucia.es<\/a>.<\/p>\n<p>&nbsp;<\/p>\n","protected":false},"excerpt":{"rendered":"<p>El IES Ram\u00f3n del Valle-Incl\u00e1n est\u00e1 situado en la calle Doctor Palomares Garc\u00eda, N\u00ba2, en Sevilla Este, entre la Avenida de las Ciencias y el Parque Infanta Elena, pr\u00f3ximo a la carretera A-92. El&#46;&#46;&#46;<\/p>\n","protected":false},"author":1,"featured_media":0,"parent":0,"menu_order":0,"comment_status":"open","ping_status":"open","template":"","meta":{"ngg_post_thumbnail":0,"footnotes":"","_mc_calendar":[]},"aioseo_notices":[],"_links":{"self":[{"href":"https:\/\/blogsaverroes.juntadeandalucia.es\/iesvalleinclan\/wp-json\/wp\/v2\/pages\/35"}],"collection":[{"href":"https:\/\/blogsaverroes.juntadeandalucia.es\/iesvalleinclan\/wp-json\/wp\/v2\/pages"}],"about":[{"href":"https:\/\/blogsaverroes.juntadeandalucia.es\/iesvalleinclan\/wp-json\/wp\/v2\/types\/page"}],"author":[{"embeddable":true,"href":"https:\/\/blogsaverroes.juntadeandalucia.es\/iesvalleinclan\/wp-json\/wp\/v2\/users\/1"}],"replies":[{"embeddable":true,"href":"https:\/\/blogsaverroes.juntadeandalucia.es\/iesvalleinclan\/wp-json\/wp\/v2\/comments?post=35"}],"version-history":[{"count":31,"href":"https:\/\/blogsaverroes.juntadeandalucia.es\/iesvalleinclan\/wp-json\/wp\/v2\/pages\/35\/revisions"}],"predecessor-version":[{"id":3637,"href":"https:\/\/blogsaverroes.juntadeandalucia.es\/iesvalleinclan\/wp-json\/wp\/v2\/pages\/35\/revisions\/3637"}],"wp:attachment":[{"href":"https:\/\/blogsaverroes.juntadeandalucia.es\/iesvalleinclan\/wp-json\/wp\/v2\/media?parent=35"}],"curies":[{"name":"wp","href":"https:\/\/api.w.org\/{rel}","templated":true}]}}