{"id":42,"date":"2015-03-13T08:40:47","date_gmt":"2015-03-13T08:40:47","guid":{"rendered":"http:\/\/blogsaverroes.juntadeandalucia.es\/pre\/ceip\/?page_id=42"},"modified":"2025-03-24T09:32:27","modified_gmt":"2025-03-24T09:32:27","slug":"equipo-directivo","status":"publish","type":"page","link":"https:\/\/blogsaverroes.juntadeandalucia.es\/iesvalleinclan\/equipo-directivo\/","title":{"rendered":"Equipo directivo"},"content":{"rendered":"<p><strong>DIRECTOR<\/strong><\/p>\n<p>D. Jos\u00e9 Luis Jaramillo Aguilar<\/p>\n<p><strong>VICEDIRECTORA<\/strong><\/p>\n<p>D\u00f1a. Mar\u00eda Elena Lapuerta Lozano<\/p>\n<p><strong>SECRETARIO<\/strong><\/p>\n<p>D. Antonio Canda Tovar<\/p>\n<p><strong>JEFATURA DE ESTUDIOS<\/strong><\/p>\n<p>D\u00f1a. Mar\u00eda Carmen Chac\u00f3n Linde (JEFA DE ESTUDIOS ADJUNTA)<\/p>\n<p>D\u00f1a. Inmaculada Regla Gavira Gonz\u00e1lez (JEFA DE ESTUDIOS)<\/p>\n","protected":false},"excerpt":{"rendered":"<p>DIRECTOR D. Jos\u00e9 Luis Jaramillo Aguilar VICEDIRECTORA D\u00f1a. Mar\u00eda Elena Lapuerta Lozano SECRETARIO D. Antonio Canda Tovar JEFATURA DE ESTUDIOS D\u00f1a. Mar\u00eda Carmen Chac\u00f3n Linde (JEFA DE ESTUDIOS ADJUNTA) D\u00f1a. Inmaculada Regla Gavira Gonz\u00e1lez&#46;&#46;&#46;<\/p>\n","protected":false},"author":1,"featured_media":0,"parent":0,"menu_order":0,"comment_status":"open","ping_status":"open","template":"","meta":{"ngg_post_thumbnail":0,"footnotes":"","_mc_calendar":[]},"aioseo_notices":[],"_links":{"self":[{"href":"https:\/\/blogsaverroes.juntadeandalucia.es\/iesvalleinclan\/wp-json\/wp\/v2\/pages\/42"}],"collection":[{"href":"https:\/\/blogsaverroes.juntadeandalucia.es\/iesvalleinclan\/wp-json\/wp\/v2\/pages"}],"about":[{"href":"https:\/\/blogsaverroes.juntadeandalucia.es\/iesvalleinclan\/wp-json\/wp\/v2\/types\/page"}],"author":[{"embeddable":true,"href":"https:\/\/blogsaverroes.juntadeandalucia.es\/iesvalleinclan\/wp-json\/wp\/v2\/users\/1"}],"replies":[{"embeddable":true,"href":"https:\/\/blogsaverroes.juntadeandalucia.es\/iesvalleinclan\/wp-json\/wp\/v2\/comments?post=42"}],"version-history":[{"count":14,"href":"https:\/\/blogsaverroes.juntadeandalucia.es\/iesvalleinclan\/wp-json\/wp\/v2\/pages\/42\/revisions"}],"predecessor-version":[{"id":3717,"href":"https:\/\/blogsaverroes.juntadeandalucia.es\/iesvalleinclan\/wp-json\/wp\/v2\/pages\/42\/revisions\/3717"}],"wp:attachment":[{"href":"https:\/\/blogsaverroes.juntadeandalucia.es\/iesvalleinclan\/wp-json\/wp\/v2\/media?parent=42"}],"curies":[{"name":"wp","href":"https:\/\/api.w.org\/{rel}","templated":true}]}}